{"id":2042,"date":"2024-01-29T16:29:35","date_gmt":"2024-01-29T19:29:35","guid":{"rendered":"https:\/\/web.inf.ufpr.br\/vri\/?page_id=2042"},"modified":"2024-02-06T10:16:42","modified_gmt":"2024-02-06T13:16:42","slug":"ufpr-planalto801","status":"publish","type":"page","link":"https:\/\/web.inf.ufpr.br\/vri\/databases\/ufpr-planalto801\/","title":{"rendered":"UFPR-Planalto801"},"content":{"rendered":"\n<p>This dataset, called UFPR-Planalto801, has been introduced in our VISAPP paper\u00a0<a href=\"https:\/\/github.com\/cbacelarufc\/UFPR-Planalto801\/blob\/main\/VISAPP_2024_370.pdf\">[PDF]<\/a>\u00a0and contains images of a real-world surveillance scenario and it is mainly intended for use in the development of security systems, specially regarding people tracking and re-identification. It is composed of videos taken from cameras inside the the Pal\u00e1cio do Planalto, in Brazil, during protesters invasion on January 8, 2023. These videos are part of the footage released to the public by the Brazilian Supreme Court, according to the\u00a0<a href=\"https:\/\/www.gov.br\/gsi\/pt-br\/centrais-de-conteudo\/noticias\/2023-1\/nota-a-imprensa-acesso-as-imagens-do-dia-08-01-2023-do-circuito-interno-de-seguranca-do-palacio-do-planalto\">GSI Note<\/a>\u00a0released to the press on April 23, 2023. (last access: January 15,2024). The complete footage is available for download through this\u00a0<a href=\"https:\/\/drive.presidencia.gov.br\/public\/615ba7\">link<\/a>.<\/p>\n\n\n\n<p>You can find updates on this project at the following link: <a href=\"https:\/\/github.com\/cbacelarufc\/UFPR-Planalto801\" target=\"_blank\" rel=\"noreferrer noopener\">https:\/\/github.com\/cbacelarufc\/UFPR-Planalto801<\/a><\/p>\n\n\n\n<p>The UFPR-Planalto801 dataset contains 14 videos of several lengths, with a resolution of 1920&#215;1080 pixels, and encoded to 24 FPS. There are approximately 6 hours of video, with 518,050 frames and 510,471 annotated detections, as presented in the table below. <\/p>\n\n\n\n<p>The full details and results regarding this dataset are in our&nbsp;<a href=\"https:\/\/github.com\/cbacelarufc\/UFPR-Planalto801\/blob\/main\/VISAPP_2024_370.pdf\">paper<\/a>.<\/p>\n\n\n\n<figure class=\"wp-block-table\"><table><thead><tr><th>Videos<\/th><th>Frames<\/th><th>Duration<\/th><th>Detections<\/th><th>Tracks<\/th><\/tr><\/thead><tbody><tr><td>Video01<\/td><td>24119<\/td><td>0:16:44<\/td><td>7438<\/td><td>28<\/td><\/tr><tr><td>Video02<\/td><td>6743<\/td><td>0:04:40<\/td><td>25686<\/td><td>79<\/td><\/tr><tr><td>Video03<\/td><td>10811<\/td><td>0:07:30<\/td><td>31246<\/td><td>52<\/td><\/tr><tr><td>Video04<\/td><td>41850<\/td><td>0:29:03<\/td><td>42537<\/td><td>68<\/td><\/tr><tr><td>Video05<\/td><td>42361<\/td><td>0:29:25<\/td><td>89531<\/td><td>95<\/td><\/tr><tr><td>Video06<\/td><td>42857<\/td><td>0:29:45<\/td><td>83949<\/td><td>46<\/td><\/tr><tr><td>Video07<\/td><td>38164<\/td><td>0:26:30<\/td><td>33582<\/td><td>28<\/td><\/tr><tr><td>Video08<\/td><td>34313<\/td><td>0:23:49<\/td><td>33191<\/td><td>19<\/td><\/tr><tr><td>Video09<\/td><td>16997<\/td><td>0:11:48<\/td><td>4046<\/td><td>15<\/td><\/tr><tr><td>Video10<\/td><td>81956<\/td><td>0:56:54<\/td><td>104509<\/td><td>167<\/td><\/tr><tr><td>Video11<\/td><td>78907<\/td><td>0:54:47<\/td><td>27686<\/td><td>80<\/td><\/tr><tr><td>Video12<\/td><td>79464<\/td><td>0:55:11<\/td><td>15788<\/td><td>38<\/td><\/tr><tr><td>Video13<\/td><td>560<\/td><td>0:00:23<\/td><td>1025<\/td><td>2<\/td><\/tr><tr><td>Video14<\/td><td>18948<\/td><td>0:13:09<\/td><td>10257<\/td><td>19<\/td><\/tr><tr><td><strong>Total<\/strong><\/td><td><strong>518050<\/strong><\/td><td><strong>5:59:38<\/strong><\/td><td><strong>510471<\/strong><\/td><td><strong>736<\/strong><\/td><\/tr><\/tbody><\/table><\/figure>\n\n\n\n<p>Annotations are in MOTChallenge format (<a href=\"https:\/\/motchallenge.net\/\">https:\/\/motchallenge.net\/<\/a>):<\/p>\n\n\n\n<pre class=\"wp-block-code\"><code>&lt;frame&gt;,&lt;id&gt;,&lt;left&gt;,&lt;top&gt;,&lt;width&gt;,&lt;height&gt;,&lt;conf&gt;,&lt;x&gt;,&lt;y&gt;,&lt;z&gt;<\/code><\/pre>\n\n\n\n<pre class=\"wp-block-code\"><code>UFPR-PLanalto801\n\u251c\u2500\u2500 all\n\u2502&nbsp;&nbsp; \u251c\u2500\u2500 VIDEO-01\n\u2502&nbsp;&nbsp; \u2502&nbsp;&nbsp; \u2502\u2500\u2500 gt\n\u2502&nbsp;&nbsp; \u2502&nbsp;&nbsp; |   \u2514\u2500\u2500 gt.txt\n\u2502&nbsp;&nbsp; \u2502&nbsp;&nbsp; \u2502\u2500\u2500 img1\n\u2502&nbsp;&nbsp; \u2502&nbsp;&nbsp;     \u251c\u2500\u2500 000001.jpg\n\u2502&nbsp;&nbsp; \u2502&nbsp;&nbsp;     \u251c\u2500\u2500 000002.jpg\n\u2502&nbsp;&nbsp; \u2502&nbsp;&nbsp;     \u251c\u2500\u2500 000003.jpg\n\u2502&nbsp;&nbsp; \u2502&nbsp;&nbsp;     \u251c\u2500\u2500 000004.jpg\n...\n\u2502&nbsp;&nbsp; \u251c\u2500\u2500 VIDEO-02\n\u2502&nbsp;&nbsp; \u2502&nbsp;&nbsp; \u2502\u2500\u2500 gt\n\u2502&nbsp;&nbsp; \u2502&nbsp;&nbsp; |   \u2514\u2500\u2500 gt.txt\n\u2502&nbsp;&nbsp; \u2502&nbsp;&nbsp; \u2502\u2500\u2500 img1\n\u2502&nbsp;&nbsp; \u2502&nbsp;&nbsp;     \u251c\u2500\u2500 000001.jpg\n\u2502&nbsp;&nbsp; \u2502&nbsp;&nbsp;     \u251c\u2500\u2500 000002.jpg\n\u2502&nbsp;&nbsp; \u2502&nbsp;&nbsp;     \u251c\u2500\u2500 000003.jpg\n\u2502&nbsp;&nbsp; \u2502&nbsp;&nbsp;     \u251c\u2500\u2500 000004.jpg\n...<\/code><\/pre>\n\n\n\n<p>Here are some frames from the dataset:<br><a href=\"https:\/\/github.com\/cbacelarufc\/UFPR-Planalto801\/blob\/main\/media\/examples.jpg\" target=\"_blank\" rel=\"noreferrer noopener\"><\/a><\/p>\n\n\n\n<p>Here are some examples of people framing from the dataset:<\/p>\n\n\n\n<figure class=\"wp-block-image is-resized\"><a href=\"https:\/\/github.com\/cbacelarufc\/UFPR-Planalto801\/blob\/main\/media\/bodyparts.png\" target=\"_blank\" rel=\"noreferrer noopener\"><img decoding=\"async\" src=\"https:\/\/github.com\/cbacelarufc\/UFPR-Planalto801\/raw\/main\/media\/bodyparts.png\" alt=\"\" style=\"width:503px;height:auto\" \/><\/a><\/figure>\n\n\n\n<p>Here are some examples of tracklets from the dataset:<\/p>\n\n\n\n<table border=\"0\"><tbody><tr>\n<td>\n<figure class=\"wp-block-image is-resized\"><img decoding=\"async\" src=\"https:\/\/github.com\/cbacelarufc\/UFPR-Planalto801\/raw\/main\/media\/49.gif\" alt=\"\" style=\"width:auto;height:200px\"><\/figure>\n<\/td>\n\n<td>\n<figure class=\"wp-block-image is-resized\"><img decoding=\"async\" src=\"https:\/\/github.com\/cbacelarufc\/UFPR-Planalto801\/raw\/main\/media\/57.gif\" alt=\"\" style=\"width:auto;height:200px\"><\/figure>\n<\/td>\n\n<td>\n<figure class=\"wp-block-image is-resized\"><img decoding=\"async\" src=\"https:\/\/github.com\/cbacelarufc\/UFPR-Planalto801\/raw\/main\/media\/59.gif\" alt=\"\" style=\"width:auto;height:200px\"><\/figure>\n<\/td>\n\n<td>\n<figure class=\"wp-block-image is-resized\"><img decoding=\"async\" src=\"https:\/\/github.com\/cbacelarufc\/UFPR-Planalto801\/raw\/main\/media\/24.gif\" alt=\"\" style=\"width:auto;height:200px\"><\/figure>\n<\/td>\n\n<td>\n<figure class=\"wp-block-image is-resized\"><img decoding=\"async\" src=\"https:\/\/github.com\/cbacelarufc\/UFPR-Planalto801\/raw\/main\/media\/4.gif\" alt=\"\" style=\"width:auto;height:200px\"><\/figure>\n<\/td>\n\n<\/tr><\/tbody><\/table>\n\n\n\n<p><\/p>\n\n\n\n<h2 class=\"wp-block-heading\"><a href=\"https:\/\/github.com\/cbacelarufc\/UFPR-Planalto801#how-to-obtain-the-dataset\"><\/a>How to obtain the dataset<\/h2>\n\n\n\n<p><\/p>\n\n\n\n<p>The UFPR-Planalto801 dataset annotations are released for academic research only and is free to researchers from educational or research institutes for&nbsp;<strong>non-commercial purposes<\/strong>.<\/p>\n\n\n\n<p>We extract pieces of a public footage in order to produce the The UFPR-Planalto801 dataset. We annotated the positions of people in frames, since original images have no annotations.<\/p>\n\n\n\n<p>You can access the complete footage through this&nbsp;&nbsp;<a href=\"https:\/\/drive.presidencia.gov.br\/public\/615ba7\">link<\/a>, but before you can download the dataset annotations, we kindly ask you to register by sending an e-mail with the following subject: \u201cUFPR-Planalto801 Dataset\u201d to the first author (cristianobac@ufc.br), so that we can know who is using the provided data and notify you of future updates. Please include your name, affiliation and department in the e-mail. Once you have registered, you will receive a link to download the database. In general, a download link will take 1-3 workdays to issue.<\/p>\n\n\n\n<p><\/p>\n\n\n\n<p><\/p>\n\n\n\n<h2 class=\"wp-block-heading\"><a href=\"https:\/\/github.com\/cbacelarufc\/UFPR-Planalto801#citation\"><\/a>Citation<\/h2>\n\n\n\n<p>If you use the UFPR-Planalto801 dataset in your research, please cite our paper:<\/p>\n\n\n\n<ul class=\"wp-block-list\">\n<li>de Oliveira, C.; Neves, J.; Ribeiro, R. and Menotti, D. (2024). A Multilevel Strategy to Improve People Tracking in a Real-World Scenario. In Proceedings of the 19th International Joint Conference on Computer Vision, Imaging and Computer Graphics Theory and Applications &#8211; Volume 4: VISAPP, ISBN 978-989-758-679-8, ISSN 2184-4321, pages 130-137.<\/li>\n<\/ul>\n\n\n\n<h2 class=\"wp-block-heading\"><a href=\"https:\/\/github.com\/cbacelarufc\/UFPR-Planalto801#related-publications\"><\/a>Related publications<\/h2>\n\n\n\n<pre class=\"wp-block-code\"><code>@InProceedings{OliveiraNeveRibeMeno:2023:PeTrMe,\n               author = \"Oliveira, Cristiano Bacelar de and Neves, Jo{\\~a}o C. and \n                         Ribeiro, Rafael O. and Menotti, David\",\n                title = \"People Tracking Methods Applied to Planalto Palace Security \n                         Videos\",\n            booktitle = \"Proceedings...\",\n                 year = \"2023\",\n               editor = \"Clua, Esteban Walter Gonzalez and K{\\\"o}rting, Thales Sehn and \n                         Paulovich, Fernando Vieira and Feris, Rogerio\",\n         organization = \"Conference on Graphics, Patterns and Images, 36. (SIBGRAPI)\",\n  conference-location = \"Rio Grande, RS\",\n      conference-year = \"Nov. 06-09, 2023\",\n             language = \"en\",\n                  ibi = \"8JMKD3MGPEW34M\/49SPD9L\",\n                  url = \"http:\/\/urlib.net\/ibi\/8JMKD3MGPEW34M\/49SPD9L\",\n           targetfile = \"Sibgrapi_2023___WiP__Camera_Ready_.pdf\",\n        urlaccessdate = \"2024, Jan. 30\"\n}<\/code><\/pre>\n\n\n\n<h2 class=\"wp-block-heading\"><a href=\"https:\/\/github.com\/cbacelarufc\/UFPR-Planalto801#contact\"><\/a>Contact<\/h2>\n\n\n\n<p>Please contact Cristiano B. de Oliveira (<a href=\"mailto:cristianobac@ufc.br\">cristianobac@ufc.br<\/a>) with questions or comments.<\/p>\n\n\n\n<h2 class=\"wp-block-heading\"><a href=\"https:\/\/github.com\/cbacelarufc\/UFPR-Planalto801#acknowledgments\"><\/a>Acknowledgments<\/h2>\n\n\n\n<p>This work was supported in part by the Coordination for the Improvement of Higher Education Personnel (CAPES) (Programa de Coopera\u00e7\u00e3o Acad\u00eamica em Seguran\u00e7a Publica e Ci\u00eancias Forenses # 88881.516265\/2020-01), and in part by the National Council for Scientific and Technological Development(CNPq) (# 308879\/2020-1). We gratefully acknowledge the support of NVIDIA Corporation with the donation of the Quadro RTX 8000 GPU used for this research.<\/p>\n\n\n\n<p>We also would like to thank the Universidade Federal do Paran\u00e1 and the Universidade Federal do Cear\u00e1, in Brazil, for the support provided throughout this project.<\/p>\n\n\n\n<h2 class=\"wp-block-heading\"><a href=\"https:\/\/github.com\/cbacelarufc\/UFPR-Planalto801#disclaimer\"><\/a>Disclaimer<\/h2>\n\n\n\n<p>The construction of this dataset is not motivated by political issues. The main interest in this footage arises from the real-world surveillance scenario it depicts.<\/p>\n","protected":false},"excerpt":{"rendered":"<p>This dataset, called UFPR-Planalto801, has been introduced in our VISAPP paper\u00a0[PDF]\u00a0and contains images of a real-world surveillance scenario and it is mainly intended for use in the development of security systems, specially regarding people tracking and re-identification. It is composed <a href=\"https:\/\/web.inf.ufpr.br\/vri\/databases\/ufpr-planalto801\/\" class=\"read-more\">Read More &#8230;<\/a><\/p>\n","protected":false},"author":55,"featured_media":0,"parent":16,"menu_order":0,"comment_status":"closed","ping_status":"closed","template":"","meta":{"footnotes":""},"class_list":["post-2042","page","type-page","status-publish","hentry"],"_links":{"self":[{"href":"https:\/\/web.inf.ufpr.br\/vri\/wp-json\/wp\/v2\/pages\/2042","targetHints":{"allow":["GET"]}}],"collection":[{"href":"https:\/\/web.inf.ufpr.br\/vri\/wp-json\/wp\/v2\/pages"}],"about":[{"href":"https:\/\/web.inf.ufpr.br\/vri\/wp-json\/wp\/v2\/types\/page"}],"author":[{"embeddable":true,"href":"https:\/\/web.inf.ufpr.br\/vri\/wp-json\/wp\/v2\/users\/55"}],"replies":[{"embeddable":true,"href":"https:\/\/web.inf.ufpr.br\/vri\/wp-json\/wp\/v2\/comments?post=2042"}],"version-history":[{"count":26,"href":"https:\/\/web.inf.ufpr.br\/vri\/wp-json\/wp\/v2\/pages\/2042\/revisions"}],"predecessor-version":[{"id":2085,"href":"https:\/\/web.inf.ufpr.br\/vri\/wp-json\/wp\/v2\/pages\/2042\/revisions\/2085"}],"up":[{"embeddable":true,"href":"https:\/\/web.inf.ufpr.br\/vri\/wp-json\/wp\/v2\/pages\/16"}],"wp:attachment":[{"href":"https:\/\/web.inf.ufpr.br\/vri\/wp-json\/wp\/v2\/media?parent=2042"}],"curies":[{"name":"wp","href":"https:\/\/api.w.org\/{rel}","templated":true}]}}