{"id":14,"date":"2017-06-19T14:55:30","date_gmt":"2017-06-19T17:55:30","guid":{"rendered":"http:\/\/web.inf.ufpr.br\/vri2\/?page_id=14"},"modified":"2020-07-16T18:05:34","modified_gmt":"2020-07-16T21:05:34","slug":"alumni","status":"publish","type":"page","link":"https:\/\/web.inf.ufpr.br\/vri\/alumni\/","title":{"rendered":"Theses &amp; Dissertations"},"content":{"rendered":"<h2>MSc Dissertations<\/h2>\n<ul>\n<li>Caroline Quadros Cordeiro, <a href=\"https:\/\/acervodigital.ufpr.br\/handle\/1884\/66131\" target=\"_blank\" rel=\"noopener noreferrer\">An automatic patch-based approach for Her-2 scoring in immunohistochemical breast cancer images<\/a>, 2019. Advisor: Lucas Ferrari de Oliveira<\/li>\n<li>Alessandra Belezia Araujo, An\u00e1lise de Layout de P\u00e1gina em Jornais Hist\u00f3ricos Germano-Brasileiros<em>, <\/em>2019. Advisor: Daniel Weingaertner.<\/li>\n<li>Rafael Ravedutti Lucio Machado, Profiling Halide DSL with Performance Events for Schedule Optimization, 2019. Advisor: Daniel Weingaertner.<\/li>\n<li>Eduardo Jo\u00e3o Marcondes, <a href=\"https:\/\/hdl.handle.net\/1884\/62080\">Algoritmos Evolutivos com Tratamento de Restri\u00e7\u00f5es aplicados ao Problema de Planejamento do Despacho Hidrot\u00e9rmico<\/a>, 2019. Advisor: Daniel Weingaertner.<\/li>\n<li>Marcelo Pecenin, <a href=\"https:\/\/acervodigital.ufpr.br\/handle\/1884\/60890\">Otimiza\u00e7\u00e3o de escalonamento Halide atrav\u00e9s de aprendizado por refor\u00e7o<\/a>, 2019. Advisor: Daniel Weingaertner.<\/li>\n<li>Aline Dartora, <a href=\"https:\/\/acervodigital.ufpr.br\/handle\/1884\/57977\" target=\"_blank\" rel=\"noopener noreferrer\">Reconhecimento autom\u00e1tico de padr\u00f5es radiol\u00f3gicos utilizando aprendizado profundo<\/a>, 2018. Advisor: Lucas Ferrari de Oliveira<\/li>\n<li>Jo\u00e3o Lopes de Sus, <a href=\"https:\/\/acervodigital.ufpr.br\/handle\/1884\/58511\" target=\"_blank\" rel=\"noopener noreferrer\">Automatic detection for acute lymphoid leukemia images based non local region approach<\/a>, 2018. Advisor: Lucas Ferrari de Oliveira<\/li>\n<li>Gunter Herweg Filho, Diagn\u00f3stico de Imunoensaios de fluxo lateral por meio de reconhecimento de padr\u00f5es. 2018. Advisor: Luiz Eduardo S. Oliveira<\/li>\n<li>Gustavo Matsushita, <a href=\"http:\/\/www.inf.ufpr.br\/lesoliveira\/download\/Matsushita.pdf\">Automatic Identification of Phasic Dopamine Release<\/a>, 2018. Advisor: Luiz Eduardo S. Oliveira<\/li>\n<li>Dennis Carlenossi Furlaneto, <a href=\"http:\/\/www.inf.ufpr.br\/lesoliveira\/download\/DennisMSC.pdf\">An analysis of Ensemble Empirical Mode Decomposition applied to Trend Prediction on Financial Time Series<\/a>, 2017. Advisor: Luiz Eduardo S. Oliveira, Co-advisor: David Menotti.<\/li>\n<li>Fabio Sato, An\u00e1lise Comparativa de Algoritmos de Estimativa de Radia\u00e7\u00e3o Solar Hor\u00e1ria, 2017. Advisor: Luiz Eduardo S. Oliveira, Co-advisor: David Menotti.<\/li>\n<li>Jeovane Hon\u00f3rio Alves, <a class=\"internal-link\" title=\"\" href=\"http:\/\/web.inf.ufpr.br\/vri\/alumni\/jeovane-honorio-alves-msc-2016\/\">A Lung Cancer Detection Approach Based on Shape Index and Curvedness Superpixel Candidate Selection<\/a>, 2016. Advisor: Lucas Ferrari de Oliveira.<\/li>\n<li>Paulo Roberto de Carvalho J\u00fanior, <a class=\"internal-link\" title=\"\" href=\"http:\/\/hdl.handle.net\/1884\/45773\" target=\"_self\" rel=\"noopener noreferrer\">GPU Communication Performance Engineering for the Lattice Boltzmann Method<\/a>, 2016. Advisor: Daniel Weingaertner.<\/li>\n<li>Diego Stiehl, <span class=\"link-external\"><a class=\"external-link\" href=\"http:\/\/www.inf.ufpr.br\/lesoliveira\/download\/DiegoStiehl.pdf\">SignWriting Recognition<\/a><\/span>, 2015. Advisor: Luiz Eduardo S. Oliveira.<\/li>\n<li>Jos\u00e9 Aurimar Sepka J\u00fanior, <span class=\"link-external\"><a class=\"external-link\" href=\"http:\/\/www.inf.ufpr.br\/vri\/alumni\/2015-JoseAurimarSepka\/dissertacao_sepka-final-2015-10-06.pdf\">Extens\u00e3o do Framework waLBerla para uso de GPU em Simula\u00e7\u00f5es do M\u00e9todo Lattice Boltzmann<\/a><\/span>, 2015. Advisor: Daniel Weingaertner.<\/li>\n<li>Luiza Dri Bagesteiro, <a class=\"internal-link\" href=\"http:\/\/web.inf.ufpr.br\/vri\/alumni\/luiza-dri-bagesteiro-msc-2015\/\">Classifica\u00e7\u00e3o de Padr\u00f5es Radiol\u00f3gicos Por Blocos em Imagens N\u00e3o Segmentadas de Tomografia Computadorizada<\/a>, 2015. Advisor: Daniel Weingaertner, Co-advisor: Lucas Ferrari de Oliveira.<\/li>\n<li>Luiz Gustavo Hafemann, <span class=\"link-external\"><a class=\"external-link\" href=\"http:\/\/www.inf.ufpr.br\/lesoliveira\/download\/LGHafemannMSC.pdf\">An Analysis of Deep Neural Networks for Texture Classification<\/a><\/span>, 2014. Advisor: Luiz Eduardo S. Oliveira.<\/li>\n<li>Andres Jess\u00e9 Porfirio, <a class=\"internal-link\" href=\"https:\/\/web.inf.ufpr.br\/vri\/alumni\/andres-jesse-porfirio-msc-2013\">LIBRAS Sign Language Hand Configuration Recognition Based on 3D Meshes<\/a>, 2013. Advisor: Daniel Weingaertner.<\/li>\n<li>Diego Addan Gon\u00e7alves, 3D Avatar for Automatic Synthesis of Brazilian Signal Language (LIBRAS) Signals, 2013. Advisor: Eduardo Todt.<\/li>\n<li>Paulo R. L. Almeida, <span class=\"link-external\"><a class=\"external-link\" href=\"http:\/\/www.inf.ufpr.br\/lesoliveira\/download\/PauloAlmeidaMSC.pdf\">Monitoring Outdoor Parking Lots using Computer Vision<\/a><\/span>, 2013. Advisor: Luiz Eduardo S. Oliveira.<\/li>\n<li>Peter Frank Perroni, <a class=\"internal-link\" href=\"https:\/\/web.inf.ufpr.br\/vri\/alumni\/peter-frank-perroni-msc-2013\">Point Spread Function Estimation of Solar Surface Images with a Cooperative Particle Swarm Optimization on GPUs<\/a>, 2013. Advisor: Daniel Weingaertner.<\/li>\n<li>Tony Alexander Hild, <a class=\"internal-link\" href=\"https:\/\/web.inf.ufpr.br\/vri\/alumni\/tony-alexander-hild-msc-2012\">Optimization of the Insight Segmentation and Registration Toolkit (ITK) using Streaming SIMD Extensions (SSE) and OpenMP<\/a>, 2012. Advisor: Daniel Weingaertner.<\/li>\n<li>Luis Henrique Alves Louren\u00e7o, <a class=\"internal-link\" href=\"https:\/\/web.inf.ufpr.br\/vri\/alumni\/2011-LuisLourenco\">Parallelization of the Canny Edge Detection Filter for the Insight Segmentation and Registration Toolkit (ITK) using CUDA<\/a>, 2011. Advisor: Daniel Weingaertner.<\/li>\n<\/ul>\n<h2>PhD Theses<\/h2>\n<ul>\n<li>Andre Gustavo Hochuli, <a href=\"https:\/\/acervodigital.ufpr.br\/handle\/1884\/59972\" target=\"_blank\" rel=\"noopener noreferrer\">Abordagens Livres de Segmenta\u00e7\u00e3o para Reconhecimento Autom\u00e1tico de Cadeias N\u00famericas Manuscritas Baseadas em Aprendizado Profundo<\/a>, 2019. Advisor: Luiz Eduardo S. Oliveira.<\/li>\n<li>Peter Frank Perroni, <a href=\"https:\/\/hdl.handle.net\/1884\/62517\">Treasure Hunt: a Framework for Cooperative, Distributed Parallel Optimization<\/a>, 2019. Advisor: Daniel Weingaertner. Co-advisor: Myriam Regattieri Delgado.<\/li>\n<li>F\u00e1bio Spanhol, Automatic <a href=\"http:\/\/www.inf.ufpr.br\/lesoliveira\/download\/TeseFabioSpanhol.pdf\">Breast Cancer Classification From Histopathological Images: A Hybrid Approach<\/a>, 2018. Advisor: Luiz Eduardo S. Oliveira.<\/li>\n<li>Paulo Ricardo Lisboa de Almeida,<a href=\"http:\/\/www.inf.ufpr.br\/lesoliveira\/download\/TesePauloAlmeida.pdf\"> Adapting the Dynamic Selection of Classifiers Approach for Concept Drift Scenarios<\/a>, 2017. Advisor: Luiz Eduardo S. Oliveira.<\/li>\n<li>Diego Bertolini Gon\u00e7alves, <span class=\"link-external\"><a class=\"external-link\" href=\"http:\/\/www.inf.ufpr.br\/lesoliveira\/download\/TeseDiego.pdf\">Writer Verification and Identification using Textural Descriptors and Dissimilarity<\/a><\/span>, 2014. Advisor: Luiz Eduardo S. Oliveira.<\/li>\n<li>Jefferson Gustavo Martins, <span class=\"link-external\"><a class=\"external-link\" href=\"http:\/\/www.inf.ufpr.br\/lesoliveira\/download\/TeseJefferson.pdf\">Forest Species Recognition in the Dissimilarity Space<\/a><\/span>, 2014. Advisor: Luiz Eduardo S. Oliveira<\/li>\n<li>Eduardo Sant&#8217;Ana da Silva, Disjoint Path Techniques for Systems-on-chip Routing, 2013. Advisor: Eduardo Todt<\/li>\n<li>Yandre Maldonado e Gomes da Costa, <span class=\"link-external\"><a class=\"external-link\" href=\"http:\/\/www.inf.ufpr.br\/lesoliveira\/download\/TeseYandre.pdf\">Music Genre Recognition<\/a><\/span>, 2013. Advisor: Luiz Eduardo S. Oliveira<\/li>\n<li>Pedro Luiz de Paula Filho, <span class=\"link-external\"><a class=\"external-link\" href=\"http:\/\/www.inf.ufpr.br\/lesoliveira\/download\/TesePedro.pdf\">Forest Species Recognition using Macroscopic Images<\/a><\/span>, 2012. Advisor: Luiz Eduardo S. Oliveira.<\/li>\n<\/ul>\n<div class=\"grammarly-disable-indicator\">\u00a0<\/div>\n\n\n<p><\/p>\n","protected":false},"excerpt":{"rendered":"<p>MSc Dissertations Caroline Quadros Cordeiro, An automatic patch-based approach for Her-2 scoring in immunohistochemical breast cancer images, 2019. Advisor: Lucas Ferrari de Oliveira Alessandra Belezia Araujo, An\u00e1lise de Layout de P\u00e1gina em Jornais Hist\u00f3ricos Germano-Brasileiros, 2019. Advisor: Daniel Weingaertner. Rafael <a href=\"https:\/\/web.inf.ufpr.br\/vri\/alumni\/\" class=\"read-more\">Read More &#8230;<\/a><\/p>\n","protected":false},"author":3,"featured_media":0,"parent":0,"menu_order":0,"comment_status":"closed","ping_status":"closed","template":"","meta":{"footnotes":""},"class_list":["post-14","page","type-page","status-publish","hentry"],"_links":{"self":[{"href":"https:\/\/web.inf.ufpr.br\/vri\/wp-json\/wp\/v2\/pages\/14","targetHints":{"allow":["GET"]}}],"collection":[{"href":"https:\/\/web.inf.ufpr.br\/vri\/wp-json\/wp\/v2\/pages"}],"about":[{"href":"https:\/\/web.inf.ufpr.br\/vri\/wp-json\/wp\/v2\/types\/page"}],"author":[{"embeddable":true,"href":"https:\/\/web.inf.ufpr.br\/vri\/wp-json\/wp\/v2\/users\/3"}],"replies":[{"embeddable":true,"href":"https:\/\/web.inf.ufpr.br\/vri\/wp-json\/wp\/v2\/comments?post=14"}],"version-history":[{"count":22,"href":"https:\/\/web.inf.ufpr.br\/vri\/wp-json\/wp\/v2\/pages\/14\/revisions"}],"predecessor-version":[{"id":1634,"href":"https:\/\/web.inf.ufpr.br\/vri\/wp-json\/wp\/v2\/pages\/14\/revisions\/1634"}],"wp:attachment":[{"href":"https:\/\/web.inf.ufpr.br\/vri\/wp-json\/wp\/v2\/media?parent=14"}],"curies":[{"name":"wp","href":"https:\/\/api.w.org\/{rel}","templated":true}]}}