{"id":308,"date":"2024-01-28T19:54:02","date_gmt":"2024-01-28T22:54:02","guid":{"rendered":"https:\/\/web.inf.ufpr.br\/rpereira\/?page_id=308"},"modified":"2026-02-21T17:30:39","modified_gmt":"2026-02-21T20:30:39","slug":"awards","status":"publish","type":"page","link":"https:\/\/web.inf.ufpr.br\/rpereira\/?page_id=308","title":{"rendered":"Awards"},"content":{"rendered":"\n<p><strong>Distinctions<\/strong><\/p>\n\n\n\n<ol class=\"wp-block-list\">\n<li>Outstanding Performance in HCI Award (in Portuguese: Pr\u00eamio Atua\u00e7\u00e3o de Destaque em IHC), HCI Special Group &#8212; Brazilian Computer Society. 2024.<\/li>\n\n\n\n<li>CNPq Research Productivity Scholarship. Project: Human Values in Interactive Systems Design and Evaluation. 2024.<\/li>\n\n\n\n<li>IHC Most Cited Paper Awards. Paper: Softwares Sociais: uma vis\u00e3o orientada a valores. Certificate for the 25 most cited articles in 25 years of the IHC &#8211; Brazilian Symposium on Human Factors in Computing Systems. 2023. <a href=\"https:\/\/dl.acm.org\/doi\/abs\/10.5555\/1999593.1999610\" target=\"_blank\" rel=\"noreferrer noopener\">https:\/\/dl.acm.org\/doi\/abs\/10.5555\/1999593.1999610<\/a><\/li>\n\n\n\n<li>Outstanding Associate of the Year Award, Brazilian Computer Society (SBC). 2022.<\/li>\n\n\n\n<li>Outstanding Graduates 2005-2020, Institute of Computing &#8211; University of Campinas (UNICAMP). 2021.<\/li>\n\n\n\n<li>Special Recognition for voluntary work with the Scientific Coordination of the Special HCI Commission, Brazilian Computer Society. 2018.<\/li>\n\n\n\n<li>Honors Award recognizing the Academic Work, Unisep &#8211; Education Union of Southwest Paran\u00e1. 2009.<\/li>\n\n\n\n<li>Best Reviewer Awards: Brazilian Symposium on Human Factors in Computing Systems (IHC 2020, 2021, 2022, 2024); Brazilian Conference on Computing Education (Educomp 2021, 2022); Brazilian Symposium on Computers in Education (SBIE 2022); IEEE International Conference on Advanced Learning Technologies (ICALT 2022).<\/li>\n\n\n\n<li>Honored Professor: Bachelor&#8217;s Degree in Computer Science and Bachelor&#8217;s Degree in Biomedical Informatics. Federal University of Paran\u00e1. Honor received from my students in 2017, 2019, and 2020.<\/li>\n<\/ol>\n\n\n\n<p><strong>Thesis and Dissertation Competitions<\/strong><\/p>\n\n\n\n<ol class=\"wp-block-list\">\n<li>CTD-IE 2025: 3\u00ba 1st Place Ph.D.  Alexandre Direne Competition for Theses and Dissertations in Informatics in Education. Advisor of the thesis of:<strong> J\u00falia S. B. Ortiz<\/strong>, Title: Como abordar a Educa\u00e7\u00e3o de Jovens e Adultos para desenvolver Cultura Digital? Refletindo ap\u00f3s 10 anos de pesquisa. <a href=\"https:\/\/doi.org\/10.5753\/cbie_estendido.2025.13893\">https:\/\/doi.org\/10.5753\/cbie_estendido.2025.13893<\/a><\/li>\n\n\n\n<li>CTD-IHC 2024: Honorable Mention &#8211; Master&#8217;s Degree. Advisor of <strong>Luiz A. Baroni<\/strong>. Title: Deceptive Patterns under a Sociotechnical View. <a href=\"https:\/\/doi.org\/10.1145\/3702038.3702081\">https:\/\/doi.org\/10.1145\/3702038.3702081<\/a><\/li>\n\n\n\n<li>CTD-IHC 2024: Honorable Mention &#8211; Undergrad. Advisor of <strong>Eduardo M. de Souza<\/strong>. Title: SIMCAQ: A Sociotechnical Diagnosis. <a href=\"https:\/\/doi.org\/10.1145\/3702038.3702086\">https:\/\/doi.org\/10.1145\/3702038.3702086<\/a><\/li>\n\n\n\n<li>CTD-IE 2022: Honorable Mention &#8211; Master&#8217;s Degree. Alexandre Direne Competition for Theses and Dissertations in Informatics in Education. Dissertation advisor for <strong>Krissia Menezes<\/strong>. Title: MeTA: Um M\u00e9todo para Avalia\u00e7\u00e3o de Tecnologias Educacionais Acess\u00edveis. <a href=\"https:\/\/doi.org\/10.5753\/cbie_estendido.2022.226355\" target=\"_blank\" rel=\"noreferrer noopener\">https:\/\/doi.org\/10.5753\/cbie_estendido.2022.226355<\/a><\/li>\n\n\n\n<li>CTD-IHC 2021: 1st Place Ph.D. Junia Coutinho Anacleto Award for Theses and Dissertations in HCI. Co-advisor of <strong>R\u00fabia E. O. S. Ascari<\/strong>&#8216;s thesis. Title: Methodology based on Computer Vision and Machine Learning to guide the Design of Augmentative and Alternative Communication Systems using Personalized Gestural Interaction. <a href=\"https:\/\/doi.org\/10.1145\/3472301.3484338\" target=\"_blank\" rel=\"noreferrer noopener\">https:\/\/doi.org\/10.1145\/3472301.3484338<\/a><\/li>\n\n\n\n<li>CTD-IE 2020: 1st Place Ph.D. Alexandre Direne Competition for Theses and Dissertations in Informatics in Education. Advisor of the thesis of <strong>Andr\u00e9s J. Porf\u00edrio<\/strong>. Title: Identifying Evidences of Computer Programming Skills Through Automatic Source Code Evaluation. <a href=\"https:\/\/doi.org\/10.5753\/cbie.wcbie.2020.01\" target=\"_blank\" rel=\"noreferrer noopener\">https:\/\/doi.org\/10.5753\/cbie.wcbie.2020.01<\/a><\/li>\n\n\n\n<li>CTD-IE 2020: 1st Place Master&#8217;s Degree. Alexandre Direne Competition for Theses and Dissertations in Informatics in Education. Dissertation advisor for <strong>J\u00falia S. B. Ortiz<\/strong>. Title: Computational Thinking for Youth and Adults Education: Towards a Socially Aware Model. <a href=\"https:\/\/doi.org\/10.5753\/cbie.wcbie.2020.52\" target=\"_blank\" rel=\"noreferrer noopener\">https:\/\/doi.org\/10.5753\/cbie.wcbie.2020.52<\/a><\/li>\n<\/ol>\n\n\n\n<p><strong>Best Paper Awards and Honorable Mentions<\/strong><\/p>\n\n\n\n<ol class=\"wp-block-list\">\n<li>Reviewers Choice AWARD &#8211; INTERACT 2025: Applying the Laws of Simplicity to Redesign an Educational Social Network, IFIP TC13 INTERACT. <a href=\"https:\/\/doi.org\/10.1007\/978-3-032-05002-1_14\">https:\/\/doi.org\/10.1007\/978-3-032-05002-1_14<\/a> <\/li>\n\n\n\n<li>Best Paper Award of IHC 2025 Experience Report track: Design Socialmente Consciente na Pr\u00e1tica: Concebendo uma Solu\u00e7\u00e3o para o Gerenciamento de Campanhas no SUS, CEIHC SBC. <a href=\"https:\/\/doi.org\/10.5753\/ihc.2025.10937\">https:\/\/doi.org\/10.5753\/ihc.2025.10937<\/a> <\/li>\n\n\n\n<li>Best Paper Award of the HCI in Practice track. Paper: &#8220;Diagn\u00f3stico da Plataforma MEC RED: combinando diferentes m\u00e9todos de avalia\u00e7\u00e3o para informar o redesign&#8221;, IHC 2024 &#8211; Brazilian Symposium on Human Factors in Computing Systems. <a href=\"https:\/\/doi.org\/10.5753\/ihc_estendido.2024.243710\">https:\/\/doi.org\/10.5753\/ihc_estendido.2024.243710<\/a><\/li>\n\n\n\n<li>Best Paper Award EduComp 2023. Paper: A Liga do Pensamento Computacional: uma narrativa dist\u00f3pica para gamificar uma disciplina introdut\u00f3ria de computa\u00e7\u00e3o, EduComp 2023 &#8211; Simp\u00f3sio Brasileiro de Educa\u00e7\u00e3o em Computa\u00e7\u00e3o. <a href=\"https:\/\/doi.org\/10.5753\/educomp.2023.228207\" target=\"_blank\" rel=\"noreferrer noopener\">https:\/\/doi.org\/10.5753\/educomp.2023.228207<\/a><\/li>\n\n\n\n<li>Best Paper Award SBGames 2023 &#8211; Arts &amp; Design Track. Paper: Iniciando a aventura em Game Design: relato da experi\u00eancia na concep\u00e7\u00e3o do jogo Honor Keeper, CE-Jogos.<\/li>\n\n\n\n<li>Honorable Mention EduComp 2023. Paper: Coleta de evid\u00eancias do exerc\u00edcio do Pensamento Computacional: um artefato de apoio, EduComp 2023 &#8211; Simp\u00f3sio Brasileiro de Educa\u00e7\u00e3o em Computa\u00e7\u00e3o. <a href=\"https:\/\/doi.org\/10.5753\/educomp.2023.228211\" target=\"_blank\" rel=\"noreferrer noopener\">https:\/\/doi.org\/10.5753\/educomp.2023.228211<\/a> <\/li>\n\n\n\n<li>Best Paper Award WCGE (2nd Place). Paper: Do Social ao T\u00e9cnico &#8211; Uma An\u00e1lise Sociot\u00e9cnica para a Otimiza\u00e7\u00e3o da Log\u00edstica do Programa Nacional do Livro e do Material Did\u00e1tico, WCGE &#8211; CSBC. <a href=\"https:\/\/doi.org\/10.5753\/wcge.2023.230713\" target=\"_blank\" rel=\"noreferrer noopener\">https:\/\/doi.org\/10.5753\/wcge.2023.230713<\/a> <\/li>\n\n\n\n<li>Best Paper Award IHC 2022. Paper: A systematic mapping study on digital game adaptation dimensions, IHC 2022 &#8211; 21st Brazilian Symposium on Human Factors in Computing Systems. <a href=\"https:\/\/doi.org\/10.1145\/3554364.3559122\" target=\"_blank\" rel=\"noreferrer noopener\">https:\/\/doi.org\/10.1145\/3554364.3559122<\/a> <\/li>\n\n\n\n<li>Best Paper Award IHC 2021. Paper: Dark Patterns: Towards a Socio-technical Approach, IHC 2021 &#8211; 20st Brazilian Symposium on Human Factors in Computing Systems &#8212; Innovative Ideas track. <a href=\"https:\/\/doi.org\/10.1145\/3472301.3484336\" target=\"_blank\" rel=\"noreferrer noopener\">https:\/\/doi.org\/10.1145\/3472301.3484336<\/a> <\/li>\n\n\n\n<li>Best Paper Award WIPlay 2019. Paper: Design Socialmente Consciente de Jogos: relato de uma oficina pr\u00e1tica para o entendimento do problema e prospec\u00e7\u00e3o de ideias.  IHC 2019 &#8211; 18th Brazilian Symposium on Human Factors in Computing Systems. <a href=\"https:\/\/doi.org\/10.5753\/wiplay.2019.7835\" target=\"_blank\" rel=\"noreferrer noopener\">https:\/\/doi.org\/10.5753\/wiplay.2019.7835<\/a><\/li>\n\n\n\n<li>Honorable Mention SBIE 2019. Paper: Utiliza\u00e7\u00e3o de Desafios para o Desenvolvimento do Pensamento Computacional no Ensino Superior: Um Relato de Experi\u00eancia.  Brazilian Symposium on Computers in Education. <a href=\"https:\/\/doi.org\/10.5753\/cbie.sbie.2019.2005\" target=\"_blank\" rel=\"noreferrer noopener\">https:\/\/doi.org\/10.5753\/cbie.sbie.2019.2005<\/a> <\/li>\n\n\n\n<li>Honorable Mention WAlgProg 2018. Paper: Aspectos do Contexto Sociocultural dos Alunos est\u00e3o Presentes nas Pesquisas para Ensinar Pensamento Computacional? Workshop at tthe Brazilian Symposium on Computers in Education. <\/li>\n\n\n\n<li>Best Student Paper Award in Human-Computer Interaction. Paper: Keeping Values in Mind: Artifacts for a Value-Oriented and Culturally Informed Design, ICEIS 2012 &#8211; 14th International Conference on Enterprise Information System. <a href=\"https:\/\/doi.org\/10.5220\/0003996800250034\" target=\"_blank\" rel=\"noreferrer noopener\">https:\/\/doi.org\/10.5220\/0003996800250034 <\/a><\/li>\n\n\n\n<li>Best Paper Award at International Conference on Information Society (i-Society 2011). Paper: Interaction Design of Social Software: Clarifying requirements through a culturally aware artifact. Infonomics Society Co-Sponsored by IEEE UK\/RI Computer Chapter. <a href=\"https:\/\/doi.org\/10.1109\/i-Society18435.2011.5978455\">https:\/\/doi.org\/10.1109\/i-Society18435.2011.5978455<\/a><\/li>\n\n\n\n<li>Best Paper Award IHC&#8217;08. Paper: Folksonomias: Uma An\u00e1lise Cr\u00edtica Focada na Intera\u00e7\u00e3o e na Natureza da T\u00e9cnica. IHC&#8217;08 &#8211; VIII Brazilian Symposium on Human Factors in Computing Systems. <a href=\"https:\/\/dl.acm.org\/doi\/abs\/10.5555\/1497470.1497485\" target=\"_blank\" rel=\"noreferrer noopener\">https:\/\/dl.acm.org\/doi\/abs\/10.5555\/1497470.1497485<\/a><\/li>\n<\/ol>\n","protected":false},"excerpt":{"rendered":"<p>Distinctions Thesis and Dissertation Competitions Best Paper Awards and Honorable Mentions<\/p>\n","protected":false},"author":20,"featured_media":0,"parent":0,"menu_order":0,"comment_status":"closed","ping_status":"closed","template":"","meta":{"footnotes":""},"class_list":["post-308","page","type-page","status-publish","hentry"],"_links":{"self":[{"href":"https:\/\/web.inf.ufpr.br\/rpereira\/index.php?rest_route=\/wp\/v2\/pages\/308","targetHints":{"allow":["GET"]}}],"collection":[{"href":"https:\/\/web.inf.ufpr.br\/rpereira\/index.php?rest_route=\/wp\/v2\/pages"}],"about":[{"href":"https:\/\/web.inf.ufpr.br\/rpereira\/index.php?rest_route=\/wp\/v2\/types\/page"}],"author":[{"embeddable":true,"href":"https:\/\/web.inf.ufpr.br\/rpereira\/index.php?rest_route=\/wp\/v2\/users\/20"}],"replies":[{"embeddable":true,"href":"https:\/\/web.inf.ufpr.br\/rpereira\/index.php?rest_route=%2Fwp%2Fv2%2Fcomments&post=308"}],"version-history":[{"count":14,"href":"https:\/\/web.inf.ufpr.br\/rpereira\/index.php?rest_route=\/wp\/v2\/pages\/308\/revisions"}],"predecessor-version":[{"id":469,"href":"https:\/\/web.inf.ufpr.br\/rpereira\/index.php?rest_route=\/wp\/v2\/pages\/308\/revisions\/469"}],"wp:attachment":[{"href":"https:\/\/web.inf.ufpr.br\/rpereira\/index.php?rest_route=%2Fwp%2Fv2%2Fmedia&parent=308"}],"curies":[{"name":"wp","href":"https:\/\/api.w.org\/{rel}","templated":true}]}}