{"id":21,"date":"2018-08-14T16:45:05","date_gmt":"2018-08-14T19:45:05","guid":{"rendered":"http:\/\/web.inf.ufpr.br\/rpereira2\/?page_id=21"},"modified":"2026-03-05T09:48:58","modified_gmt":"2026-03-05T12:48:58","slug":"students","status":"publish","type":"page","link":"https:\/\/web.inf.ufpr.br\/rpereira\/?page_id=21","title":{"rendered":"For Students"},"content":{"rendered":"<div id=\"content-core\">\n<div id=\"parent-fieldname-text-380c28a1a47b4c629d8c02a6e76a46c9\" class=\"\">\n<p><span style=\"color: revert\"><i>If you are looking for a theme for your project, <a href=\"https:\/\/web.inf.ufpr.br\/rpereira\/?p=447\">read this post<\/a>.<\/i><\/span><\/p>\n<p><span style=\"color: revert;font-size: 20px;font-weight: bold\">Candidates<\/span><\/p>\n<\/div>\n<div id=\"parent-fieldname-text-380c28a1a47b4c629d8c02a6e76a46c9\" class=\"\">\n<p><strong class=\" \">Master Degree<\/strong>: please visit the <span class=\"link-external\"><a class=\"external-link\" title=\"\" href=\"http:\/\/www.prppg.ufpr.br\/ppginformatica\/\" target=\"_blank\" rel=\"noopener noreferrer\">Department of Computer Science&#8217;s webpage<\/a><\/span> to see the deadline for the next admission process. The recommendations for PhD candidates are useful for you as well.<br \/><strong>PhD<\/strong>: I understand Human-Computer Interaction (HCI) from a problem-solving perspective, enriched by a socially responsible view. Currently, I am mainly interested in Human Values (<a href=\"https:\/\/www.un.org\/sustainabledevelopment\/sustainable-development-goals\/\" target=\"_blank\" rel=\"noopener noreferrer\">especially those aligned with the UN&#8217;s Sustainable Development Goals<\/a>) in technology design, evaluation and use in different domains, such as:<\/p>\n<ul>\n<li>Agile Methods<\/li>\n<li>Brain-computer Interaction<\/li>\n<li>Computational Thinking<\/li>\n<li>Game Design and Evaluation<\/li>\n<li>Human-Data Interaction<\/li>\n<li>Internet of Things<\/li>\n<li>Organizational Semiotics<\/li>\n<li>Requirements Engineering<\/li>\n<li>Smart Cities<\/li>\n<li>Social Software<\/li>\n<li>UX &#8211; User eXperience<\/li>\n<\/ul>\n<p>I appreciate candidates that enjoy investigating new issues in technology (design, implementation, use, evaluation, adoption, impact), and that want to change the world for better via technology. Participatory Design, eDemocracy, e-Citizenship, Ethics, Culture and Human Values are fields that interest me a lot.\u00a0If that motivates you, we can do a good job together! \ud83d\ude42<\/p>\n<h4>Research Project<\/h4>\n<p><em>Before writing a research project or paper, be sure you have read the material below:<br \/><\/em>&#8211; Method <a href=\"https:\/\/en.wikipedia.org\/wiki\/IMRAD\" target=\"_blank\" rel=\"noopener noreferrer\">IMRAD<\/a><\/p>\n<p class=\" \"><strong>Portuguese only<\/strong>:<br \/><span style=\"font-size: revert\">&#8211; Veja o meu <\/span><a style=\"font-size: revert\" href=\"https:\/\/www.researchgate.net\/publication\/338778600_Guia_de_Primeiros_Socorros_para_Textos_Academicos_e_Tecnicos_seja_voce_o_primeiro_revisor_do_seu_texto\" target=\"_blank\" rel=\"noopener noreferrer\">Guia de Primeiros Socorros:<\/a> <strong style=\"font-size: revert\">S\u00f3 me envie um texto ap\u00f3s passar por esse checklist<\/strong><span style=\"font-size: revert\">.<br \/><\/span><span style=\"font-size: revert\">&#8211; Veja dois v\u00eddeos de apresenta\u00e7\u00f5es minhas no curso de Metodologia de Pesquisa <\/span><em style=\"font-size: revert\">(se voc\u00ea n\u00e3o aguentar ver os dois v\u00eddeos, j\u00e1 \u00e9 um sinal do universo dizendo para voc\u00ea repensar sua escolha \ud83d\ude1b )<\/em><\/p>\n<div id=\"parent-fieldname-text-380c28a1a47b4c629d8c02a6e76a46c9\" class=\"\">\n<ul>\n<li><a href=\"https:\/\/youtu.be\/W0kcg-lHmis\" target=\"_blank\" rel=\"noopener noreferrer\">V\u00eddeo \u2013 Pesquisa como Resolu\u00e7\u00e3o de Problemas (Metodologia)<\/a><\/li>\n<li><a href=\"https:\/\/youtu.be\/qAprWJ0DRZQ\" target=\"_blank\" rel=\"noopener noreferrer\">V\u00eddeo \u2013 Dicas para a Escrita Acad\u00eamica e t\u00e9cnica (Metodologia)<\/a><\/li>\n<\/ul>\n<\/div>\n<p class=\" \">&#8211; Se voc\u00ea est\u00e1 fazendo sua pesquisa em IHC ou est\u00e1 pensando em come\u00e7ar a pesquisar na \u00e1rea, leia a edi\u00e7\u00e3o especial da revista Cadernos de Inform\u00e1tica: <span class=\"link-external\"><a class=\"external-link\" title=\"\" href=\"http:\/\/seer.ufrgs.br\/index.php\/cadernosdeinformatica\/issue\/view\/v9n12016\" target=\"_blank\" rel=\"noopener noreferrer\"><em>Pensando e Reimaginando a Pesquisa em IHC: uma conversa com nossos pesquisadores<\/em><\/a><\/span>. S\u00e3o 8 textos inspiradores.<br \/>&#8211; Veja esse <span class=\"link-external\"><a class=\"external-link\" title=\"\" href=\"https:\/\/blog.even3.com.br\/projeto-de-pesquisa-e-abnt-guia-para-garantir-o-sucesso-da-sua-pesquisa\/\" target=\"_blank\" rel=\"noopener noreferrer\">guia com elementos ABNT para um projeto de pesquis<\/a><\/span>a.<br \/>&#8211; Leia <a href=\"https:\/\/homepages.dcc.ufmg.br\/~mirella\/pdf\/ComoEscreverMonografias.pdf\" target=\"_blank\" rel=\"noopener noreferrer\">cuidadosamente as dicas da Profa. Mirella<\/a><\/p>\n<\/div>\n<\/div>\n\n\n<ul class=\"wp-block-list\">\n<li>Concurso p\u00fablico para docente: frequentemente troco ideias com pessoas que est\u00e3o se preparando para prestar concurso para docente em diferentes institui\u00e7\u00f5es, p\u00fablicas e privadas. Ao longo da troca de experi\u00eancias, acabo <a href=\"https:\/\/drive.google.com\/drive\/folders\/0Bx6-UJ0SWua0MDdGMzlXYjdiRms?resourcekey=0-v06aGC5H5ddZZoKEyyrC_Q&amp;usp=sharing\">compartilhando materiais que produzi<\/a> quando me preparava para meu concurso aqui na UFPR. Se for o que voc\u00ea procura, veja se faz sentido pra voc\u00ea. <\/li>\n<\/ul>\n","protected":false},"excerpt":{"rendered":"<p>If you are looking for a theme for your project, read this post. Candidates Master Degree: please visit the Department of Computer Science&#8217;s webpage to see the deadline for the next admission process. The recommendations for PhD candidates are useful for you as well.PhD: I understand Human-Computer Interaction (HCI) from a problem-solving perspective, enriched by &hellip; <a href=\"https:\/\/web.inf.ufpr.br\/rpereira\/?page_id=21\" class=\"more-link\">Continue reading <span class=\"screen-reader-text\">For Students<\/span><\/a><\/p>\n","protected":false},"author":20,"featured_media":0,"parent":0,"menu_order":2,"comment_status":"closed","ping_status":"closed","template":"","meta":{"footnotes":""},"class_list":["post-21","page","type-page","status-publish","hentry"],"_links":{"self":[{"href":"https:\/\/web.inf.ufpr.br\/rpereira\/index.php?rest_route=\/wp\/v2\/pages\/21","targetHints":{"allow":["GET"]}}],"collection":[{"href":"https:\/\/web.inf.ufpr.br\/rpereira\/index.php?rest_route=\/wp\/v2\/pages"}],"about":[{"href":"https:\/\/web.inf.ufpr.br\/rpereira\/index.php?rest_route=\/wp\/v2\/types\/page"}],"author":[{"embeddable":true,"href":"https:\/\/web.inf.ufpr.br\/rpereira\/index.php?rest_route=\/wp\/v2\/users\/20"}],"replies":[{"embeddable":true,"href":"https:\/\/web.inf.ufpr.br\/rpereira\/index.php?rest_route=%2Fwp%2Fv2%2Fcomments&post=21"}],"version-history":[{"count":31,"href":"https:\/\/web.inf.ufpr.br\/rpereira\/index.php?rest_route=\/wp\/v2\/pages\/21\/revisions"}],"predecessor-version":[{"id":471,"href":"https:\/\/web.inf.ufpr.br\/rpereira\/index.php?rest_route=\/wp\/v2\/pages\/21\/revisions\/471"}],"wp:attachment":[{"href":"https:\/\/web.inf.ufpr.br\/rpereira\/index.php?rest_route=%2Fwp%2Fv2%2Fmedia&parent=21"}],"curies":[{"name":"wp","href":"https:\/\/api.w.org\/{rel}","templated":true}]}}