{"id":830,"date":"2019-04-30T13:23:13","date_gmt":"2019-04-30T16:23:13","guid":{"rendered":"http:\/\/web.inf.ufpr.br\/pet\/?page_id=830"},"modified":"2024-09-13T09:30:21","modified_gmt":"2024-09-13T12:30:21","slug":"farol","status":"publish","type":"page","link":"https:\/\/web.inf.ufpr.br\/pet\/projetos\/farol\/","title":{"rendered":"Farol"},"content":{"rendered":"\t\t<div data-elementor-type=\"wp-post\" data-elementor-id=\"830\" class=\"elementor elementor-830\">\n\t\t\t\t\t\t<section class=\"elementor-section elementor-top-section elementor-element elementor-element-d5070aa elementor-section-boxed elementor-section-height-default elementor-section-height-default\" data-id=\"d5070aa\" data-element_type=\"section\" data-e-type=\"section\">\n\t\t\t\t\t\t<div class=\"elementor-container elementor-column-gap-default\">\n\t\t\t\t\t<div class=\"elementor-column elementor-col-66 elementor-top-column elementor-element elementor-element-170da01\" data-id=\"170da01\" data-element_type=\"column\" data-e-type=\"column\">\n\t\t\t<div class=\"elementor-widget-wrap elementor-element-populated\">\n\t\t\t\t\t\t<div class=\"elementor-element elementor-element-20bd56a elementor-widget elementor-widget-text-editor\" data-id=\"20bd56a\" data-element_type=\"widget\" data-e-type=\"widget\" data-widget_type=\"text-editor.default\">\n\t\t\t\t<div class=\"elementor-widget-container\">\n\t\t\t\t\t\t\t\t\t<p><span style=\"letter-spacing: 0.2px;text-align: justify\">\u00a0<\/span><\/p><p><span style=\"letter-spacing: 0.2px;text-align: justify\">A dificuldade em encontrar maneiras eficazes de estudar pode levar os estudantes a se desmotivarem com seus cursos, resultando na evas\u00e3o universit\u00e1ria. Tendo isso em mente, o grupo PET Computa\u00e7\u00e3o desenvolveu e disponibilizou uma base comum de exerc\u00edcios, oriundos de avalia\u00e7\u00f5es escritas e trabalhos acad\u00eamicos, denominada\u00a0<\/span><strong style=\"letter-spacing: 0.2px;text-align: justify\">FAROL<\/strong><span style=\"letter-spacing: 0.2px;text-align: justify\">. Esta base refere-se apenas \u00e0s disciplinas ministradas nos cursos Ci\u00eancia da Computa\u00e7\u00e3o e Inform\u00e1tica Biom\u00e9dica, do Departamento de Inform\u00e1tica (DInf).<\/span><\/p><p><span style=\"letter-spacing: 0.2px;text-align: justify\">\u00a0<\/span><\/p>\t\t\t\t\t\t\t\t<\/div>\n\t\t\t\t<\/div>\n\t\t\t\t<div class=\"elementor-element elementor-element-a73913f elementor-align-center elementor-widget elementor-widget-button\" data-id=\"a73913f\" data-element_type=\"widget\" data-e-type=\"widget\" data-widget_type=\"button.default\">\n\t\t\t\t<div class=\"elementor-widget-container\">\n\t\t\t\t\t\t\t\t\t<div class=\"elementor-button-wrapper\">\n\t\t\t\t\t<a class=\"elementor-button elementor-button-link elementor-size-sm\" href=\"http:\/\/pet.inf.ufpr.br\/Farol\/\" target=\"_blank\">\n\t\t\t\t\t\t<span class=\"elementor-button-content-wrapper\">\n\t\t\t\t\t\t\t\t\t<span class=\"elementor-button-text\">Acesse J\u00e1!<\/span>\n\t\t\t\t\t<\/span>\n\t\t\t\t\t<\/a>\n\t\t\t\t<\/div>\n\t\t\t\t\t\t\t\t<\/div>\n\t\t\t\t<\/div>\n\t\t\t\t\t<\/div>\n\t\t<\/div>\n\t\t\t\t<div class=\"elementor-column elementor-col-33 elementor-top-column elementor-element elementor-element-243ea0f\" data-id=\"243ea0f\" data-element_type=\"column\" data-e-type=\"column\">\n\t\t\t<div class=\"elementor-widget-wrap elementor-element-populated\">\n\t\t\t\t\t\t<div class=\"elementor-element elementor-element-bc9d507 elementor-widget__width-initial elementor-widget elementor-widget-image\" data-id=\"bc9d507\" data-element_type=\"widget\" data-e-type=\"widget\" data-widget_type=\"image.default\">\n\t\t\t\t<div class=\"elementor-widget-container\">\n\t\t\t\t\t\t\t\t\t\t\t\t\t\t\t\t<a href=\"http:\/\/pet.inf.ufpr.br\/Farol\/\" target=\"_blank\">\n\t\t\t\t\t\t\t<img fetchpriority=\"high\" decoding=\"async\" width=\"1024\" height=\"1024\" src=\"https:\/\/web.inf.ufpr.br\/pet\/wp-content\/uploads\/sites\/17\/2023\/06\/Feirinho-1-1024x1024.png\" class=\"attachment-large size-large wp-image-2923\" alt=\"\" srcset=\"https:\/\/web.inf.ufpr.br\/pet\/wp-content\/uploads\/sites\/17\/2023\/06\/Feirinho-1-1024x1024.png 1024w, https:\/\/web.inf.ufpr.br\/pet\/wp-content\/uploads\/sites\/17\/2023\/06\/Feirinho-1-300x300.png 300w, https:\/\/web.inf.ufpr.br\/pet\/wp-content\/uploads\/sites\/17\/2023\/06\/Feirinho-1-150x150.png 150w, https:\/\/web.inf.ufpr.br\/pet\/wp-content\/uploads\/sites\/17\/2023\/06\/Feirinho-1-768x768.png 768w, https:\/\/web.inf.ufpr.br\/pet\/wp-content\/uploads\/sites\/17\/2023\/06\/Feirinho-1-1080x1080.png 1080w, https:\/\/web.inf.ufpr.br\/pet\/wp-content\/uploads\/sites\/17\/2023\/06\/Feirinho-1.png 1500w\" sizes=\"(max-width: 1024px) 100vw, 1024px\" \/>\t\t\t\t\t\t\t\t<\/a>\n\t\t\t\t\t\t\t\t\t\t\t\t\t\t\t<\/div>\n\t\t\t\t<\/div>\n\t\t\t\t\t<\/div>\n\t\t<\/div>\n\t\t\t\t\t<\/div>\n\t\t<\/section>\n\t\t\t\t<section class=\"elementor-section elementor-top-section elementor-element elementor-element-b444e67 elementor-section-boxed elementor-section-height-default elementor-section-height-default\" data-id=\"b444e67\" data-element_type=\"section\" data-e-type=\"section\">\n\t\t\t\t\t\t<div class=\"elementor-container elementor-column-gap-default\">\n\t\t\t\t\t<div class=\"elementor-column elementor-col-100 elementor-top-column elementor-element elementor-element-29ab0f8\" data-id=\"29ab0f8\" data-element_type=\"column\" data-e-type=\"column\">\n\t\t\t<div class=\"elementor-widget-wrap elementor-element-populated\">\n\t\t\t\t\t\t<div class=\"elementor-element elementor-element-4d9e33a elementor-tabs-view-horizontal elementor-widget elementor-widget-tabs\" data-id=\"4d9e33a\" data-element_type=\"widget\" data-e-type=\"widget\" data-widget_type=\"tabs.default\">\n\t\t\t\t<div class=\"elementor-widget-container\">\n\t\t\t\t\t\t\t<div class=\"elementor-tabs\">\n\t\t\t<div class=\"elementor-tabs-wrapper\" role=\"tablist\" >\n\t\t\t\t\t\t\t\t\t<div id=\"elementor-tab-title-8131\" class=\"elementor-tab-title elementor-tab-desktop-title\" aria-selected=\"true\" data-tab=\"1\" role=\"tab\" tabindex=\"0\" aria-controls=\"elementor-tab-content-8131\" aria-expanded=\"false\">Objetivos<\/div>\n\t\t\t\t\t\t\t\t\t<div id=\"elementor-tab-title-8132\" class=\"elementor-tab-title elementor-tab-desktop-title\" aria-selected=\"false\" data-tab=\"2\" role=\"tab\" tabindex=\"-1\" aria-controls=\"elementor-tab-content-8132\" aria-expanded=\"false\">Metodologia<\/div>\n\t\t\t\t\t\t\t\t\t<div id=\"elementor-tab-title-8133\" class=\"elementor-tab-title elementor-tab-desktop-title\" aria-selected=\"false\" data-tab=\"3\" role=\"tab\" tabindex=\"-1\" aria-controls=\"elementor-tab-content-8133\" aria-expanded=\"false\">Resultados<\/div>\n\t\t\t\t\t\t\t\t\t<div id=\"elementor-tab-title-8134\" class=\"elementor-tab-title elementor-tab-desktop-title\" aria-selected=\"false\" data-tab=\"4\" role=\"tab\" tabindex=\"-1\" aria-controls=\"elementor-tab-content-8134\" aria-expanded=\"false\">Equipe<\/div>\n\t\t\t\t\t\t\t<\/div>\n\t\t\t<div class=\"elementor-tabs-content-wrapper\" role=\"tablist\" aria-orientation=\"vertical\">\n\t\t\t\t\t\t\t\t\t<div class=\"elementor-tab-title elementor-tab-mobile-title\" aria-selected=\"true\" data-tab=\"1\" role=\"tab\" tabindex=\"0\" aria-controls=\"elementor-tab-content-8131\" aria-expanded=\"false\">Objetivos<\/div>\n\t\t\t\t\t<div id=\"elementor-tab-content-8131\" class=\"elementor-tab-content elementor-clearfix\" data-tab=\"1\" role=\"tabpanel\" aria-labelledby=\"elementor-tab-title-8131\" tabindex=\"0\" hidden=\"false\"><ul><li>Facilitar a compreens\u00e3o da metodologia de avalia\u00e7\u00e3o aplicada nos cursos de Ci\u00eancia da Computa\u00e7\u00e3o e Inform\u00e1tica Biom\u00e9dica com base em atividades avaliativas antigas de professores do departamento de inform\u00e1tica;<\/li><li>Redu\u00e7\u00e3o na evas\u00e3o de curso;<\/li><li>Motiva\u00e7\u00e3o do estudo e da busca por materiais de aprendizagem extra-classe.<br><\/li><\/ul><\/div>\n\t\t\t\t\t\t\t\t\t<div class=\"elementor-tab-title elementor-tab-mobile-title\" aria-selected=\"false\" data-tab=\"2\" role=\"tab\" tabindex=\"-1\" aria-controls=\"elementor-tab-content-8132\" aria-expanded=\"false\">Metodologia<\/div>\n\t\t\t\t\t<div id=\"elementor-tab-content-8132\" class=\"elementor-tab-content elementor-clearfix\" data-tab=\"2\" role=\"tabpanel\" aria-labelledby=\"elementor-tab-title-8132\" tabindex=\"0\" hidden=\"hidden\"><p>A coleta de exerc\u00edcios \u00e9 feita por alunos dos cursos de Ci\u00eancia da Computa\u00e7\u00e3o e Inform\u00e1tica Biom\u00e9tica (ao reterem a folha de quest\u00f5es ao sair de uma prova, ou tendo acesso livre \u00e0 listas de exerc\u00edcios, por exemplo), e a inser\u00e7\u00e3o desses na plataforma pode ser efetuada por qualquer um destes que estejam devidamente cadastrados na plataforma.<\/p><p>A curadoria e aprova\u00e7\u00e3o dos documentos que ficar\u00e3o dispon\u00edveis na plataforma \u00e9 realizada pela equipe do projeto FAROL e segue os crit\u00e9rios de:<\/p><ol><li>O documento em quest\u00e3o deve ter a respectiva aprova\u00e7\u00e3o de envio para a plataforma pelo(s) docente(s) que o disponibilizou ao aluno em quest\u00e3o;<\/li><li>O documento em quest\u00e3o deve ter qualidade na resolu\u00e7\u00e3o do material e suas respectivas informa\u00e7\u00f5es.<\/li><\/ol><p><strong>IMPORTANTE &gt;&gt;&gt; Caso fa\u00e7a upload de algum documento, certifique-se de colocar o nome do professor respons\u00e1vel por disponibiliz\u00e1-lo.<\/strong><\/p><\/div>\n\t\t\t\t\t\t\t\t\t<div class=\"elementor-tab-title elementor-tab-mobile-title\" aria-selected=\"false\" data-tab=\"3\" role=\"tab\" tabindex=\"-1\" aria-controls=\"elementor-tab-content-8133\" aria-expanded=\"false\">Resultados<\/div>\n\t\t\t\t\t<div id=\"elementor-tab-content-8133\" class=\"elementor-tab-content elementor-clearfix\" data-tab=\"3\" role=\"tabpanel\" aria-labelledby=\"elementor-tab-title-8133\" tabindex=\"0\" hidden=\"hidden\"><p style=\"text-align: justify\">At\u00e9 este momento, os resultados anteriores do uso desta ferramenta foram compilados informalmente por meio dos pr\u00f3prios usu\u00e1rios e docentes apoiadores do projeto. Atualmente a plataforma abrange unicamente os cursos do Departamento de Inform\u00e1tica da UFPR.<\/p><\/div>\n\t\t\t\t\t\t\t\t\t<div class=\"elementor-tab-title elementor-tab-mobile-title\" aria-selected=\"false\" data-tab=\"4\" role=\"tab\" tabindex=\"-1\" aria-controls=\"elementor-tab-content-8134\" aria-expanded=\"false\">Equipe<\/div>\n\t\t\t\t\t<div id=\"elementor-tab-content-8134\" class=\"elementor-tab-content elementor-clearfix\" data-tab=\"4\" role=\"tabpanel\" aria-labelledby=\"elementor-tab-title-8134\" tabindex=\"0\" hidden=\"hidden\"><ul><li>Alejandro David Nava Nava <b>(l\u00edder)<\/b><\/li><li>Juliana Zambon<\/li><li>Medisson Scheremeta Junior<\/li><\/ul><\/div>\n\t\t\t\t\t\t\t<\/div>\n\t\t<\/div>\n\t\t\t\t\t\t<\/div>\n\t\t\t\t<\/div>\n\t\t\t\t\t<\/div>\n\t\t<\/div>\n\t\t\t\t\t<\/div>\n\t\t<\/section>\n\t\t\t\t<\/div>\n\t\t","protected":false},"excerpt":{"rendered":"<p>\u00a0 A dificuldade em encontrar maneiras eficazes de estudar pode levar os estudantes a se desmotivarem com seus cursos, resultando na evas\u00e3o universit\u00e1ria. Tendo isso em mente, o grupo PET Computa\u00e7\u00e3o desenvolveu e disponibilizou uma base comum de exerc\u00edcios, oriundos de avalia\u00e7\u00f5es escritas e trabalhos acad\u00eamicos, denominada\u00a0FAROL. Esta base refere-se apenas \u00e0s disciplinas ministradas nos&hellip; <br \/> <a class=\"read-more\" href=\"https:\/\/web.inf.ufpr.br\/pet\/projetos\/farol\/\">Leia mais<\/a><\/p>\n","protected":false},"author":26,"featured_media":0,"parent":106,"menu_order":0,"comment_status":"closed","ping_status":"closed","template":"","meta":{"footnotes":""},"class_list":["post-830","page","type-page","status-publish","hentry"],"_links":{"self":[{"href":"https:\/\/web.inf.ufpr.br\/pet\/wp-json\/wp\/v2\/pages\/830","targetHints":{"allow":["GET"]}}],"collection":[{"href":"https:\/\/web.inf.ufpr.br\/pet\/wp-json\/wp\/v2\/pages"}],"about":[{"href":"https:\/\/web.inf.ufpr.br\/pet\/wp-json\/wp\/v2\/types\/page"}],"author":[{"embeddable":true,"href":"https:\/\/web.inf.ufpr.br\/pet\/wp-json\/wp\/v2\/users\/26"}],"replies":[{"embeddable":true,"href":"https:\/\/web.inf.ufpr.br\/pet\/wp-json\/wp\/v2\/comments?post=830"}],"version-history":[{"count":55,"href":"https:\/\/web.inf.ufpr.br\/pet\/wp-json\/wp\/v2\/pages\/830\/revisions"}],"predecessor-version":[{"id":3780,"href":"https:\/\/web.inf.ufpr.br\/pet\/wp-json\/wp\/v2\/pages\/830\/revisions\/3780"}],"up":[{"embeddable":true,"href":"https:\/\/web.inf.ufpr.br\/pet\/wp-json\/wp\/v2\/pages\/106"}],"wp:attachment":[{"href":"https:\/\/web.inf.ufpr.br\/pet\/wp-json\/wp\/v2\/media?parent=830"}],"curies":[{"name":"wp","href":"https:\/\/api.w.org\/{rel}","templated":true}]}}