{"id":784,"date":"2019-04-29T19:11:16","date_gmt":"2019-04-29T22:11:16","guid":{"rendered":"http:\/\/web.inf.ufpr.br\/pet\/?page_id=784"},"modified":"2024-09-13T09:21:34","modified_gmt":"2024-09-13T12:21:34","slug":"pet-nas-escolas","status":"publish","type":"page","link":"https:\/\/web.inf.ufpr.br\/pet\/projetos\/pet-nas-escolas\/","title":{"rendered":"PET Nas Escolas"},"content":{"rendered":"\t\t<div data-elementor-type=\"wp-post\" data-elementor-id=\"784\" class=\"elementor elementor-784\">\n\t\t\t\t\t\t<section class=\"elementor-section elementor-top-section elementor-element elementor-element-d85cccb elementor-section-boxed elementor-section-height-default elementor-section-height-default\" data-id=\"d85cccb\" data-element_type=\"section\" data-e-type=\"section\">\n\t\t\t\t\t\t<div class=\"elementor-container elementor-column-gap-default\">\n\t\t\t\t\t<div class=\"elementor-column elementor-col-100 elementor-top-column elementor-element elementor-element-646aefe\" data-id=\"646aefe\" data-element_type=\"column\" data-e-type=\"column\">\n\t\t\t<div class=\"elementor-widget-wrap elementor-element-populated\">\n\t\t\t\t\t\t<div class=\"elementor-element elementor-element-c3ba708 elementor-widget elementor-widget-text-editor\" data-id=\"c3ba708\" data-element_type=\"widget\" data-e-type=\"widget\" data-widget_type=\"text-editor.default\">\n\t\t\t\t<div class=\"elementor-widget-container\">\n\t\t\t\t\t\t\t\t\t<p><span class=\"translatable-message\">O projeto PET Nas Escolas tem como objetivo principal compartilhar o conhecimento cient\u00edfico adquirido ao longo da gradua\u00e7\u00e3o pelos estudantes dos cursos de Ci\u00eancia da Computa\u00e7\u00e3o e Inform\u00e1tica Biom\u00e9dica com alunos do ensino fundamental e m\u00e9dio em Curitiba e regi\u00e3o. Al\u00e9m disso, visa proporcionar uma introdu\u00e7\u00e3o sucinta aos conceitos de gradua\u00e7\u00e3o e ao ambiente acad\u00eamico das universidades p\u00fablicas, bem como oferecer informa\u00e7\u00f5es sobre oportunidades de perman\u00eancia na universidade, como bolsas de perman\u00eancia, programas de inicia\u00e7\u00e3o cient\u00edfica e de extens\u00e3o, e acesso \u00e0s moradias estudantis.<\/span><\/p>\t\t\t\t\t\t\t\t<\/div>\n\t\t\t\t<\/div>\n\t\t\t\t\t<\/div>\n\t\t<\/div>\n\t\t\t\t\t<\/div>\n\t\t<\/section>\n\t\t\t\t<section class=\"elementor-section elementor-top-section elementor-element elementor-element-68ccb12 elementor-section-boxed elementor-section-height-default elementor-section-height-default\" data-id=\"68ccb12\" data-element_type=\"section\" data-e-type=\"section\">\n\t\t\t\t\t\t<div class=\"elementor-container elementor-column-gap-default\">\n\t\t\t\t\t<div class=\"elementor-column elementor-col-100 elementor-top-column elementor-element elementor-element-6f4441c\" data-id=\"6f4441c\" data-element_type=\"column\" data-e-type=\"column\">\n\t\t\t<div class=\"elementor-widget-wrap elementor-element-populated\">\n\t\t\t\t\t\t<div class=\"elementor-element elementor-element-97a8968 elementor-tabs-view-horizontal elementor-widget elementor-widget-tabs\" data-id=\"97a8968\" data-element_type=\"widget\" data-e-type=\"widget\" data-widget_type=\"tabs.default\">\n\t\t\t\t<div class=\"elementor-widget-container\">\n\t\t\t\t\t\t\t<div class=\"elementor-tabs\">\n\t\t\t<div class=\"elementor-tabs-wrapper\" role=\"tablist\" >\n\t\t\t\t\t\t\t\t\t<div id=\"elementor-tab-title-1591\" class=\"elementor-tab-title elementor-tab-desktop-title\" aria-selected=\"true\" data-tab=\"1\" role=\"tab\" tabindex=\"0\" aria-controls=\"elementor-tab-content-1591\" aria-expanded=\"false\">Objetivos<\/div>\n\t\t\t\t\t\t\t\t\t<div id=\"elementor-tab-title-1592\" class=\"elementor-tab-title elementor-tab-desktop-title\" aria-selected=\"false\" data-tab=\"2\" role=\"tab\" tabindex=\"-1\" aria-controls=\"elementor-tab-content-1592\" aria-expanded=\"false\">Metodologia<\/div>\n\t\t\t\t\t\t\t\t\t<div id=\"elementor-tab-title-1593\" class=\"elementor-tab-title elementor-tab-desktop-title\" aria-selected=\"false\" data-tab=\"3\" role=\"tab\" tabindex=\"-1\" aria-controls=\"elementor-tab-content-1593\" aria-expanded=\"false\">Desenvolvimento<\/div>\n\t\t\t\t\t\t\t\t\t<div id=\"elementor-tab-title-1594\" class=\"elementor-tab-title elementor-tab-desktop-title\" aria-selected=\"false\" data-tab=\"4\" role=\"tab\" tabindex=\"-1\" aria-controls=\"elementor-tab-content-1594\" aria-expanded=\"false\">Material Utilizado<\/div>\n\t\t\t\t\t\t\t\t\t<div id=\"elementor-tab-title-1595\" class=\"elementor-tab-title elementor-tab-desktop-title\" aria-selected=\"false\" data-tab=\"5\" role=\"tab\" tabindex=\"-1\" aria-controls=\"elementor-tab-content-1595\" aria-expanded=\"false\">Equipe<\/div>\n\t\t\t\t\t\t\t<\/div>\n\t\t\t<div class=\"elementor-tabs-content-wrapper\" role=\"tablist\" aria-orientation=\"vertical\">\n\t\t\t\t\t\t\t\t\t<div class=\"elementor-tab-title elementor-tab-mobile-title\" aria-selected=\"true\" data-tab=\"1\" role=\"tab\" tabindex=\"0\" aria-controls=\"elementor-tab-content-1591\" aria-expanded=\"false\">Objetivos<\/div>\n\t\t\t\t\t<div id=\"elementor-tab-content-1591\" class=\"elementor-tab-content elementor-clearfix\" data-tab=\"1\" role=\"tabpanel\" aria-labelledby=\"elementor-tab-title-1591\" tabindex=\"0\" hidden=\"false\"><ul>\n<li><span class=\"translatable-message\">Apoiar os pilares de ensino e extens\u00e3o;<\/span><\/li>\n<li><span class=\"translatable-message\">Transmitir aos alunos das escolas de Curitiba os conceitos dos cursos relacionados ao projeto; <\/span><\/li>\n<li><span class=\"translatable-message\">Desmistificar as ci\u00eancias exatas, demonstrando sua abrang\u00eancia; <\/span><\/li>\n<li><span class=\"translatable-message\">Introduzir a ideia da universidade p\u00fablica para o ensino fundamental e m\u00e9dio; <\/span><\/li>\n<li><span class=\"translatable-message\">Expor as diversas oportunidades dispon\u00edveis na universidade p\u00fablica.<\/span><\/li>\n<\/ul><\/div>\n\t\t\t\t\t\t\t\t\t<div class=\"elementor-tab-title elementor-tab-mobile-title\" aria-selected=\"false\" data-tab=\"2\" role=\"tab\" tabindex=\"-1\" aria-controls=\"elementor-tab-content-1592\" aria-expanded=\"false\">Metodologia<\/div>\n\t\t\t\t\t<div id=\"elementor-tab-content-1592\" class=\"elementor-tab-content elementor-clearfix\" data-tab=\"2\" role=\"tabpanel\" aria-labelledby=\"elementor-tab-title-1592\" tabindex=\"0\" hidden=\"hidden\"><p><span class=\"translatable-message\">A metodologia adotada inicia-se com a identifica\u00e7\u00e3o de escolas interessadas em estabelecer parceria com o projeto. Em seguida, s\u00e3o agendadas reuni\u00f5es com essas institui\u00e7\u00f5es para discutir e definir um cronograma de atividades. Posteriormente, desenvolvemos ou adaptamos atividades din\u00e2micas e adequadas \u00e0 faixa et\u00e1ria dos alunos envolvidos. Por exemplo, ao trabalhar com alunos do ensino fundamental, priorizamos um ambiente mais interativo e participativo. J\u00e1 no ensino m\u00e9dio, nosso foco est\u00e1 em apresentar os cursos que fazem parte do PET Computa\u00e7\u00e3o, assim como a rotina e as oportunidades oferecidas pela universidade p\u00fablica.<\/span><\/p><\/div>\n\t\t\t\t\t\t\t\t\t<div class=\"elementor-tab-title elementor-tab-mobile-title\" aria-selected=\"false\" data-tab=\"3\" role=\"tab\" tabindex=\"-1\" aria-controls=\"elementor-tab-content-1593\" aria-expanded=\"false\">Desenvolvimento<\/div>\n\t\t\t\t\t<div id=\"elementor-tab-content-1593\" class=\"elementor-tab-content elementor-clearfix\" data-tab=\"3\" role=\"tabpanel\" aria-labelledby=\"elementor-tab-title-1593\" tabindex=\"0\" hidden=\"hidden\"><p>Alguns exemplos de atividades j\u00e1 desenvolvidas: \u201cA m\u00e1gica de virar as cartas\u201d e \u201cSeja o mais r\u00e1pido\u201d, ambas adapta\u00e7\u00f5es do livro <i>Computer Science Unppluged<\/i> de Tim Bell, Ian H. Witten e Mike Fellows, 2011. A primeira atividade abordou conceitos de rede de computadores e detec\u00e7\u00e3o e corre\u00e7\u00e3o de erros, correlacionando no\u00e7\u00f5es de c\u00e1lculo, estimativa e \u00e1lgebra e refor\u00e7ando o reconhecimento de n\u00fameros pares e \u00edmpares. A segunda atividade teve como objetivo ilustrar um algoritmo de ordena\u00e7\u00e3o, um problema recorrente na computa\u00e7\u00e3o, relacionando conceitos importantes de compara\u00e7\u00e3o num\u00e9rica (maior que, menor que) e ordena\u00e7\u00e3o.<\/p><\/div>\n\t\t\t\t\t\t\t\t\t<div class=\"elementor-tab-title elementor-tab-mobile-title\" aria-selected=\"false\" data-tab=\"4\" role=\"tab\" tabindex=\"-1\" aria-controls=\"elementor-tab-content-1594\" aria-expanded=\"false\">Material Utilizado<\/div>\n\t\t\t\t\t<div id=\"elementor-tab-content-1594\" class=\"elementor-tab-content elementor-clearfix\" data-tab=\"4\" role=\"tabpanel\" aria-labelledby=\"elementor-tab-title-1594\" tabindex=\"0\" hidden=\"hidden\"><ol>\n<li><i>Computer Science Unppluged<\/i> de Tim Bell, Ian H. Witten e Mike Fellows. <a href=\"https:\/\/classic.csunplugged.org\/books\/\">Dispon\u00edvel Online<\/a><\/li>\n<\/ol><\/div>\n\t\t\t\t\t\t\t\t\t<div class=\"elementor-tab-title elementor-tab-mobile-title\" aria-selected=\"false\" data-tab=\"5\" role=\"tab\" tabindex=\"-1\" aria-controls=\"elementor-tab-content-1595\" aria-expanded=\"false\">Equipe<\/div>\n\t\t\t\t\t<div id=\"elementor-tab-content-1595\" class=\"elementor-tab-content elementor-clearfix\" data-tab=\"5\" role=\"tabpanel\" aria-labelledby=\"elementor-tab-title-1595\" tabindex=\"0\" hidden=\"hidden\"><ul><li>Andrieli Luci Gon\u00e7alves<\/li><li>Alejandro David Nava Nava<\/li><li><span class=\"translatable-message\">Elen Pasqualli Gesser <strong>(l\u00edder)<\/strong> <\/span><\/li><li><span class=\"translatable-message\">Eloisa Nielsen <\/span><\/li><li><span class=\"translatable-message\">Medisson Scheremeta Junior<\/span><\/li><li>Rafael Ribeiro Kluge<\/li><li><span class=\"translatable-message\">Roberto Sprengel Minozzo Tomchak<\/span><\/li><li>Sofia Barbosa Candiotto<\/li><\/ul><\/div>\n\t\t\t\t\t\t\t<\/div>\n\t\t<\/div>\n\t\t\t\t\t\t<\/div>\n\t\t\t\t<\/div>\n\t\t\t\t\t<\/div>\n\t\t<\/div>\n\t\t\t\t\t<\/div>\n\t\t<\/section>\n\t\t\t\t<\/div>\n\t\t","protected":false},"excerpt":{"rendered":"<p>O projeto PET Nas Escolas tem como objetivo principal compartilhar o conhecimento cient\u00edfico adquirido ao longo da gradua\u00e7\u00e3o pelos estudantes dos cursos de Ci\u00eancia da Computa\u00e7\u00e3o e Inform\u00e1tica Biom\u00e9dica com alunos do ensino fundamental e m\u00e9dio em Curitiba e regi\u00e3o. Al\u00e9m disso, visa proporcionar uma introdu\u00e7\u00e3o sucinta aos conceitos de gradua\u00e7\u00e3o e ao ambiente acad\u00eamico&hellip; <br \/> <a class=\"read-more\" href=\"https:\/\/web.inf.ufpr.br\/pet\/projetos\/pet-nas-escolas\/\">Leia mais<\/a><\/p>\n","protected":false},"author":26,"featured_media":0,"parent":106,"menu_order":0,"comment_status":"closed","ping_status":"closed","template":"","meta":{"footnotes":""},"class_list":["post-784","page","type-page","status-publish","hentry"],"_links":{"self":[{"href":"https:\/\/web.inf.ufpr.br\/pet\/wp-json\/wp\/v2\/pages\/784","targetHints":{"allow":["GET"]}}],"collection":[{"href":"https:\/\/web.inf.ufpr.br\/pet\/wp-json\/wp\/v2\/pages"}],"about":[{"href":"https:\/\/web.inf.ufpr.br\/pet\/wp-json\/wp\/v2\/types\/page"}],"author":[{"embeddable":true,"href":"https:\/\/web.inf.ufpr.br\/pet\/wp-json\/wp\/v2\/users\/26"}],"replies":[{"embeddable":true,"href":"https:\/\/web.inf.ufpr.br\/pet\/wp-json\/wp\/v2\/comments?post=784"}],"version-history":[{"count":30,"href":"https:\/\/web.inf.ufpr.br\/pet\/wp-json\/wp\/v2\/pages\/784\/revisions"}],"predecessor-version":[{"id":3768,"href":"https:\/\/web.inf.ufpr.br\/pet\/wp-json\/wp\/v2\/pages\/784\/revisions\/3768"}],"up":[{"embeddable":true,"href":"https:\/\/web.inf.ufpr.br\/pet\/wp-json\/wp\/v2\/pages\/106"}],"wp:attachment":[{"href":"https:\/\/web.inf.ufpr.br\/pet\/wp-json\/wp\/v2\/media?parent=784"}],"curies":[{"name":"wp","href":"https:\/\/api.w.org\/{rel}","templated":true}]}}