{"id":778,"date":"2019-04-29T19:10:43","date_gmt":"2019-04-29T22:10:43","guid":{"rendered":"http:\/\/web.inf.ufpr.br\/pet\/?page_id=778"},"modified":"2025-05-26T15:44:53","modified_gmt":"2025-05-26T18:44:53","slug":"oficina-de-vestibulandos","status":"publish","type":"page","link":"https:\/\/web.inf.ufpr.br\/pet\/projetos\/oficina-de-vestibulandos\/","title":{"rendered":"Oficina de Vestibulandos"},"content":{"rendered":"\t\t<div data-elementor-type=\"wp-page\" data-elementor-id=\"778\" class=\"elementor elementor-778\">\n\t\t\t\t\t\t<section class=\"elementor-section elementor-top-section elementor-element elementor-element-5fa4c99 elementor-section-boxed elementor-section-height-default elementor-section-height-default\" data-id=\"5fa4c99\" data-element_type=\"section\" data-e-type=\"section\">\n\t\t\t\t\t\t<div class=\"elementor-container elementor-column-gap-default\">\n\t\t\t\t\t<div class=\"elementor-column elementor-col-100 elementor-top-column elementor-element elementor-element-933ac2d\" data-id=\"933ac2d\" data-element_type=\"column\" data-e-type=\"column\">\n\t\t\t<div class=\"elementor-widget-wrap elementor-element-populated\">\n\t\t\t\t\t\t<div class=\"elementor-element elementor-element-0d78a0e elementor-widget elementor-widget-text-editor\" data-id=\"0d78a0e\" data-element_type=\"widget\" data-e-type=\"widget\" data-widget_type=\"text-editor.default\">\n\t\t\t\t<div class=\"elementor-widget-container\">\n\t\t\t\t\t\t\t\t\t<p>No projeto Oficina de Vestibulandos s\u00e3o realizadas atividades voltadas a alunos concluintes do ensino m\u00e9dio com interesse em ingressar nos cursos de Ci\u00eancia da Computa\u00e7\u00e3o e Inform\u00e1tica Biom\u00e9dica.<\/p><p><a href=\"https:\/\/forms.gle\/k6YpvyiP9KSYACUPA\"><span style=\"text-decoration: underline\">Clique aqui para acessar o formul\u00e1rio de inscri\u00e7\u00e3o para a Oficina de Vestibulandos 2025.<\/span><\/a><\/p>\t\t\t\t\t\t\t\t<\/div>\n\t\t\t\t<\/div>\n\t\t\t\t\t<\/div>\n\t\t<\/div>\n\t\t\t\t\t<\/div>\n\t\t<\/section>\n\t\t\t\t<section class=\"elementor-section elementor-top-section elementor-element elementor-element-afcfcdd elementor-section-boxed elementor-section-height-default elementor-section-height-default\" data-id=\"afcfcdd\" data-element_type=\"section\" data-e-type=\"section\">\n\t\t\t\t\t\t<div class=\"elementor-container elementor-column-gap-default\">\n\t\t\t\t\t<div class=\"elementor-column elementor-col-100 elementor-top-column elementor-element elementor-element-300367d\" data-id=\"300367d\" data-element_type=\"column\" data-e-type=\"column\">\n\t\t\t<div class=\"elementor-widget-wrap elementor-element-populated\">\n\t\t\t\t\t\t<div class=\"elementor-element elementor-element-f4b12fa elementor-tabs-view-horizontal elementor-widget elementor-widget-tabs\" data-id=\"f4b12fa\" data-element_type=\"widget\" data-e-type=\"widget\" data-widget_type=\"tabs.default\">\n\t\t\t\t<div class=\"elementor-widget-container\">\n\t\t\t\t\t\t\t<div class=\"elementor-tabs\">\n\t\t\t<div class=\"elementor-tabs-wrapper\" role=\"tablist\" >\n\t\t\t\t\t\t\t\t\t<div id=\"elementor-tab-title-2561\" class=\"elementor-tab-title elementor-tab-desktop-title\" aria-selected=\"true\" data-tab=\"1\" role=\"tab\" tabindex=\"0\" aria-controls=\"elementor-tab-content-2561\" aria-expanded=\"false\">Objetivos<\/div>\n\t\t\t\t\t\t\t\t\t<div id=\"elementor-tab-title-2562\" class=\"elementor-tab-title elementor-tab-desktop-title\" aria-selected=\"false\" data-tab=\"2\" role=\"tab\" tabindex=\"-1\" aria-controls=\"elementor-tab-content-2562\" aria-expanded=\"false\">Metodologia<\/div>\n\t\t\t\t\t\t\t\t\t<div id=\"elementor-tab-title-2563\" class=\"elementor-tab-title elementor-tab-desktop-title\" aria-selected=\"false\" data-tab=\"3\" role=\"tab\" tabindex=\"-1\" aria-controls=\"elementor-tab-content-2563\" aria-expanded=\"false\">Equipe<\/div>\n\t\t\t\t\t\t\t<\/div>\n\t\t\t<div class=\"elementor-tabs-content-wrapper\" role=\"tablist\" aria-orientation=\"vertical\">\n\t\t\t\t\t\t\t\t\t<div class=\"elementor-tab-title elementor-tab-mobile-title\" aria-selected=\"true\" data-tab=\"1\" role=\"tab\" tabindex=\"0\" aria-controls=\"elementor-tab-content-2561\" aria-expanded=\"false\">Objetivos<\/div>\n\t\t\t\t\t<div id=\"elementor-tab-content-2561\" class=\"elementor-tab-content elementor-clearfix\" data-tab=\"1\" role=\"tabpanel\" aria-labelledby=\"elementor-tab-title-2561\" tabindex=\"0\" hidden=\"false\"><ul>\n<li>Elaborar e aplicar palestras que descrevem ambos os cursos do Departamento de Inform\u00e1tica da UFPR que s\u00e3o foco do projeto, al\u00e9m de ofertar minicursos com atividades que apresentem os elementos que os baseiam;<\/li>\n<li>Possibilitar que os vestibulandos estejam mais esclarecidos quanto a realidade destes dois cursos de gradua\u00e7\u00e3o e, com isso, seja reduzida a evas\u00e3o de curso gerada por alguma escolha mal fundamentada no momento da inscri\u00e7\u00e3o no vestibular.<\/li>\n<\/ul><\/div>\n\t\t\t\t\t\t\t\t\t<div class=\"elementor-tab-title elementor-tab-mobile-title\" aria-selected=\"false\" data-tab=\"2\" role=\"tab\" tabindex=\"-1\" aria-controls=\"elementor-tab-content-2562\" aria-expanded=\"false\">Metodologia<\/div>\n\t\t\t\t\t<div id=\"elementor-tab-content-2562\" class=\"elementor-tab-content elementor-clearfix\" data-tab=\"2\" role=\"tabpanel\" aria-labelledby=\"elementor-tab-title-2562\" tabindex=\"0\" hidden=\"hidden\"><p id=\"docs-internal-guid-cad2b57d-7fff-cef2-fc18-6f4957c569a8\" dir=\"ltr\">Idealmente, entre a realiza\u00e7\u00e3o da feira de profiss\u00f5es e as inscri\u00e7\u00f5es para o vestibular, ocorre a presente atividade. Tamb\u00e9m \u00e9 poss\u00edvel, como j\u00e1 feito em outros anos, a n\u00e3o-realiza\u00e7\u00e3o da palestra inicial do projeto para que haja a divulga\u00e7\u00e3o da palestra oficial dos coordenadores de curso que ocorre durante a Feira de Cursos e Profiss\u00f5es da UFPR. A prepara\u00e7\u00e3o das atividades inclui a produ\u00e7\u00e3o de material de apoio para o minicurso e de materiais de divulga\u00e7\u00e3o voltado aos cursinhos e grandes col\u00e9gios da regi\u00e3o. A atividade \u00e9 adequada de acordo com as possibilidades, se presencial, remota e\/ou h\u00edbrida.<\/p>\n<p><\/p><\/div>\n\t\t\t\t\t\t\t\t\t<div class=\"elementor-tab-title elementor-tab-mobile-title\" aria-selected=\"false\" data-tab=\"3\" role=\"tab\" tabindex=\"-1\" aria-controls=\"elementor-tab-content-2563\" aria-expanded=\"false\">Equipe<\/div>\n\t\t\t\t\t<div id=\"elementor-tab-content-2563\" class=\"elementor-tab-content elementor-clearfix\" data-tab=\"3\" role=\"tabpanel\" aria-labelledby=\"elementor-tab-title-2563\" tabindex=\"0\" hidden=\"hidden\"><ul><li>Elen Pasqualli Gesser<\/li><li>Medisson Scheremeta Junior<\/li><li>Milena Lagner Mello <b>(l\u00edder)<\/b><\/li><li>Sofia Barbosa Candiotto<b><br \/><\/b><\/li><\/ul><\/div>\n\t\t\t\t\t\t\t<\/div>\n\t\t<\/div>\n\t\t\t\t\t\t<\/div>\n\t\t\t\t<\/div>\n\t\t\t\t\t<\/div>\n\t\t<\/div>\n\t\t\t\t\t<\/div>\n\t\t<\/section>\n\t\t\t\t<\/div>\n\t\t","protected":false},"excerpt":{"rendered":"<p>No projeto Oficina de Vestibulandos s\u00e3o realizadas atividades voltadas a alunos concluintes do ensino m\u00e9dio com interesse em ingressar nos cursos de Ci\u00eancia da Computa\u00e7\u00e3o e Inform\u00e1tica Biom\u00e9dica. Clique aqui para acessar o formul\u00e1rio de inscri\u00e7\u00e3o para a Oficina de Vestibulandos 2025. Objetivos Metodologia Equipe Objetivos Elaborar e aplicar palestras que descrevem ambos os cursos&hellip; <br \/> <a class=\"read-more\" href=\"https:\/\/web.inf.ufpr.br\/pet\/projetos\/oficina-de-vestibulandos\/\">Leia mais<\/a><\/p>\n","protected":false},"author":26,"featured_media":0,"parent":106,"menu_order":0,"comment_status":"closed","ping_status":"closed","template":"","meta":{"footnotes":""},"class_list":["post-778","page","type-page","status-publish","hentry"],"_links":{"self":[{"href":"https:\/\/web.inf.ufpr.br\/pet\/wp-json\/wp\/v2\/pages\/778","targetHints":{"allow":["GET"]}}],"collection":[{"href":"https:\/\/web.inf.ufpr.br\/pet\/wp-json\/wp\/v2\/pages"}],"about":[{"href":"https:\/\/web.inf.ufpr.br\/pet\/wp-json\/wp\/v2\/types\/page"}],"author":[{"embeddable":true,"href":"https:\/\/web.inf.ufpr.br\/pet\/wp-json\/wp\/v2\/users\/26"}],"replies":[{"embeddable":true,"href":"https:\/\/web.inf.ufpr.br\/pet\/wp-json\/wp\/v2\/comments?post=778"}],"version-history":[{"count":19,"href":"https:\/\/web.inf.ufpr.br\/pet\/wp-json\/wp\/v2\/pages\/778\/revisions"}],"predecessor-version":[{"id":4321,"href":"https:\/\/web.inf.ufpr.br\/pet\/wp-json\/wp\/v2\/pages\/778\/revisions\/4321"}],"up":[{"embeddable":true,"href":"https:\/\/web.inf.ufpr.br\/pet\/wp-json\/wp\/v2\/pages\/106"}],"wp:attachment":[{"href":"https:\/\/web.inf.ufpr.br\/pet\/wp-json\/wp\/v2\/media?parent=778"}],"curies":[{"name":"wp","href":"https:\/\/api.w.org\/{rel}","templated":true}]}}