{"id":688,"date":"2019-04-24T09:36:31","date_gmt":"2019-04-24T12:36:31","guid":{"rendered":"http:\/\/web.inf.ufpr.br\/pet\/?page_id=688"},"modified":"2025-11-07T14:55:52","modified_gmt":"2025-11-07T17:55:52","slug":"imigrantes","status":"publish","type":"page","link":"https:\/\/web.inf.ufpr.br\/pet\/projetos\/imigrantes\/","title":{"rendered":"Curso de Capacita\u00e7\u00e3o em Inform\u00e1tica para Imigrantes"},"content":{"rendered":"\t\t<div data-elementor-type=\"wp-post\" data-elementor-id=\"688\" class=\"elementor elementor-688\">\n\t\t\t\t\t\t<section class=\"elementor-section elementor-top-section elementor-element elementor-element-03b10eb elementor-section-boxed elementor-section-height-default elementor-section-height-default\" data-id=\"03b10eb\" data-element_type=\"section\" data-e-type=\"section\">\n\t\t\t\t\t\t<div class=\"elementor-container elementor-column-gap-default\">\n\t\t\t\t\t<div class=\"elementor-column elementor-col-100 elementor-top-column elementor-element elementor-element-2ec2774\" data-id=\"2ec2774\" data-element_type=\"column\" data-e-type=\"column\">\n\t\t\t<div class=\"elementor-widget-wrap elementor-element-populated\">\n\t\t\t\t\t\t<div class=\"elementor-element elementor-element-8ca96a0 elementor-widget elementor-widget-video\" data-id=\"8ca96a0\" data-element_type=\"widget\" data-e-type=\"widget\" data-settings=\"{&quot;youtube_url&quot;:&quot;https:\\\/\\\/www.youtube.com\\\/watch?v=VAXEwXGyLrc&amp;feature=youtu.be&quot;,&quot;video_type&quot;:&quot;youtube&quot;,&quot;controls&quot;:&quot;yes&quot;}\" data-widget_type=\"video.default\">\n\t\t\t\t<div class=\"elementor-widget-container\">\n\t\t\t\t\t\t\t<div class=\"elementor-wrapper elementor-open-inline\">\n\t\t\t<div class=\"elementor-video\"><\/div>\t\t<\/div>\n\t\t\t\t\t\t<\/div>\n\t\t\t\t<\/div>\n\t\t\t\t\t<\/div>\n\t\t<\/div>\n\t\t\t\t\t<\/div>\n\t\t<\/section>\n\t\t\t\t<section class=\"elementor-section elementor-top-section elementor-element elementor-element-2aed4e5 elementor-section-boxed elementor-section-height-default elementor-section-height-default\" data-id=\"2aed4e5\" data-element_type=\"section\" data-e-type=\"section\">\n\t\t\t\t\t\t<div class=\"elementor-container elementor-column-gap-default\">\n\t\t\t\t\t<div class=\"elementor-column elementor-col-100 elementor-top-column elementor-element elementor-element-b065187\" data-id=\"b065187\" data-element_type=\"column\" data-e-type=\"column\">\n\t\t\t<div class=\"elementor-widget-wrap elementor-element-populated\">\n\t\t\t\t\t\t<div class=\"elementor-element elementor-element-b4445fb elementor-widget-divider--view-line elementor-widget elementor-widget-divider\" data-id=\"b4445fb\" data-element_type=\"widget\" data-e-type=\"widget\" data-widget_type=\"divider.default\">\n\t\t\t\t<div class=\"elementor-widget-container\">\n\t\t\t\t\t\t\t<div class=\"elementor-divider\">\n\t\t\t<span class=\"elementor-divider-separator\">\n\t\t\t\t\t\t<\/span>\n\t\t<\/div>\n\t\t\t\t\t\t<\/div>\n\t\t\t\t<\/div>\n\t\t\t\t\t<\/div>\n\t\t<\/div>\n\t\t\t\t\t<\/div>\n\t\t<\/section>\n\t\t\t\t<section class=\"elementor-section elementor-top-section elementor-element elementor-element-bfc80d4 elementor-section-boxed elementor-section-height-default elementor-section-height-default\" data-id=\"bfc80d4\" data-element_type=\"section\" data-e-type=\"section\">\n\t\t\t\t\t\t<div class=\"elementor-container elementor-column-gap-default\">\n\t\t\t\t\t<div class=\"elementor-column elementor-col-100 elementor-top-column elementor-element elementor-element-71e15d5\" data-id=\"71e15d5\" data-element_type=\"column\" data-e-type=\"column\">\n\t\t\t<div class=\"elementor-widget-wrap elementor-element-populated\">\n\t\t\t\t\t\t<div class=\"elementor-element elementor-element-cc93463 elementor-tabs-view-horizontal elementor-widget elementor-widget-tabs\" data-id=\"cc93463\" data-element_type=\"widget\" data-e-type=\"widget\" data-widget_type=\"tabs.default\">\n\t\t\t\t<div class=\"elementor-widget-container\">\n\t\t\t\t\t\t\t<div class=\"elementor-tabs\">\n\t\t\t<div class=\"elementor-tabs-wrapper\" role=\"tablist\" >\n\t\t\t\t\t\t\t\t\t<div id=\"elementor-tab-title-2141\" class=\"elementor-tab-title elementor-tab-desktop-title\" aria-selected=\"true\" data-tab=\"1\" role=\"tab\" tabindex=\"0\" aria-controls=\"elementor-tab-content-2141\" aria-expanded=\"false\">O Curso<\/div>\n\t\t\t\t\t\t\t\t\t<div id=\"elementor-tab-title-2142\" class=\"elementor-tab-title elementor-tab-desktop-title\" aria-selected=\"false\" data-tab=\"2\" role=\"tab\" tabindex=\"-1\" aria-controls=\"elementor-tab-content-2142\" aria-expanded=\"false\">Origem<\/div>\n\t\t\t\t\t\t\t\t\t<div id=\"elementor-tab-title-2143\" class=\"elementor-tab-title elementor-tab-desktop-title\" aria-selected=\"false\" data-tab=\"3\" role=\"tab\" tabindex=\"-1\" aria-controls=\"elementor-tab-content-2143\" aria-expanded=\"false\">Conte\u00fado<\/div>\n\t\t\t\t\t\t\t\t\t<div id=\"elementor-tab-title-2144\" class=\"elementor-tab-title elementor-tab-desktop-title\" aria-selected=\"false\" data-tab=\"4\" role=\"tab\" tabindex=\"-1\" aria-controls=\"elementor-tab-content-2144\" aria-expanded=\"false\">Aulas<\/div>\n\t\t\t\t\t\t\t\t\t<div id=\"elementor-tab-title-2145\" class=\"elementor-tab-title elementor-tab-desktop-title\" aria-selected=\"false\" data-tab=\"5\" role=\"tab\" tabindex=\"-1\" aria-controls=\"elementor-tab-content-2145\" aria-expanded=\"false\">Apostilas<\/div>\n\t\t\t\t\t\t\t\t\t<div id=\"elementor-tab-title-2146\" class=\"elementor-tab-title elementor-tab-desktop-title\" aria-selected=\"false\" data-tab=\"6\" role=\"tab\" tabindex=\"-1\" aria-controls=\"elementor-tab-content-2146\" aria-expanded=\"false\">Nivelamento<\/div>\n\t\t\t\t\t\t\t\t\t<div id=\"elementor-tab-title-2147\" class=\"elementor-tab-title elementor-tab-desktop-title\" aria-selected=\"false\" data-tab=\"7\" role=\"tab\" tabindex=\"-1\" aria-controls=\"elementor-tab-content-2147\" aria-expanded=\"false\">Avalia\u00e7\u00e3o<\/div>\n\t\t\t\t\t\t\t\t\t<div id=\"elementor-tab-title-2148\" class=\"elementor-tab-title elementor-tab-desktop-title\" aria-selected=\"false\" data-tab=\"8\" role=\"tab\" tabindex=\"-1\" aria-controls=\"elementor-tab-content-2148\" aria-expanded=\"false\">Equipe<\/div>\n\t\t\t\t\t\t\t<\/div>\n\t\t\t<div class=\"elementor-tabs-content-wrapper\" role=\"tablist\" aria-orientation=\"vertical\">\n\t\t\t\t\t\t\t\t\t<div class=\"elementor-tab-title elementor-tab-mobile-title\" aria-selected=\"true\" data-tab=\"1\" role=\"tab\" tabindex=\"0\" aria-controls=\"elementor-tab-content-2141\" aria-expanded=\"false\">O Curso<\/div>\n\t\t\t\t\t<div id=\"elementor-tab-content-2141\" class=\"elementor-tab-content elementor-clearfix\" data-tab=\"1\" role=\"tabpanel\" aria-labelledby=\"elementor-tab-title-2141\" tabindex=\"0\" hidden=\"false\"><p>As aulas desse semestre (2025.2) ter\u00e3o<b>\u00a0in\u00edcio dia 23 de agosto<\/b>, das 8h \u00e0s 09:45, com\u00a0<b>conclus\u00e3o prevista para 08 de novembro.<\/b><\/p><p>\u00c9 necess\u00e1rio que o aluno tenha\u00a0<b>conhecimento b\u00e1sico do portugu\u00eas (acima ou igual ao B\u00e1sico 3 do PBMIH)<\/b>\u00a0para participar do curso, pois<b>\u00a0as aulas s\u00e3o ministradas em Portugu\u00eas Brasileiro.<\/b><\/p><p>O curso ser\u00e1 ministrado no Campus Centro da UFPR,\u00a0<b>Rua General Carneiro 460.<br \/><\/b><\/p><p>*****<\/p><p><strong><a href=\"https:\/\/forms.gle\/UdxNHeukxHm2CpuN7\">Inscri\u00e7\u00f5es para 2025\/2 encerradas!<\/a><\/strong><\/p><p>*****<\/p><p>Caso tenha mais d\u00favidas, segue telefone para contato:<\/p><p><b>Andrieli Luci Gon\u00e7alves<\/b>, aluna respons\u00e1vel pelo projeto:\u00a0<strong>+55 41 9 8854-1134<\/strong><\/p><\/div>\n\t\t\t\t\t\t\t\t\t<div class=\"elementor-tab-title elementor-tab-mobile-title\" aria-selected=\"false\" data-tab=\"2\" role=\"tab\" tabindex=\"-1\" aria-controls=\"elementor-tab-content-2142\" aria-expanded=\"false\">Origem<\/div>\n\t\t\t\t\t<div id=\"elementor-tab-content-2142\" class=\"elementor-tab-content elementor-clearfix\" data-tab=\"2\" role=\"tabpanel\" aria-labelledby=\"elementor-tab-title-2142\" tabindex=\"0\" hidden=\"hidden\"><div class=\"level3\"><p>O Haiti depois de passar por uma grave crise econ\u00f4mica em 2003 e sofrer com uma s\u00e9rie de trag\u00e9dias terrestres teve aproximadamente 10% da sua popula\u00e7\u00e3o migrada (mais de um milh\u00e3o de pessoas). Grande n\u00famero desses emigrantes vieram para o Brasil, e na regi\u00e3o de Curitiba s\u00e3o mais de 2 mil pessoas. Com o intuito de auxili\u00e1-los, um grupo de pessoas vinculadas \u00e0 UFPR passou a ofertar aulas de portugu\u00eas para esses imigrantes, e depois contataram o grupo PET Computa\u00e7\u00e3o, convidando-nos a lecionar um curso de inform\u00e1tica. Tal curso foi solicitado pelos pr\u00f3prios alunos que desejam superar barreiras tecnol\u00f3gicas, melhor inser\u00e7\u00e3o no mercado de trabalho e manter contato com parentes e amigos nos pa\u00edses de origem.<\/p><p>Foram montadas duas turmas, uma de n\u00edvel b\u00e1sico e outra de intermedi\u00e1rio.<b> Atualmente o projeto recebe imigrantes em geral, n\u00e3o s\u00f3 do Haiti.<\/b><\/p><\/div><\/div>\n\t\t\t\t\t\t\t\t\t<div class=\"elementor-tab-title elementor-tab-mobile-title\" aria-selected=\"false\" data-tab=\"3\" role=\"tab\" tabindex=\"-1\" aria-controls=\"elementor-tab-content-2143\" aria-expanded=\"false\">Conte\u00fado<\/div>\n\t\t\t\t\t<div id=\"elementor-tab-content-2143\" class=\"elementor-tab-content elementor-clearfix\" data-tab=\"3\" role=\"tabpanel\" aria-labelledby=\"elementor-tab-title-2143\" tabindex=\"0\" hidden=\"hidden\"><h3><strong>B\u00e1sico<\/strong><\/h3><ul><li>Utiliza\u00e7\u00e3o e compreens\u00e3o b\u00e1sica do celular<\/li><li>Componentes b\u00e1sicos do computador<ul><li>Perif\u00e9ricos<\/li><li>Ligar\/Desligar<\/li><\/ul><\/li><li>B\u00e1sico do sistema operacional<ul><li>Pastas \u2013 Navega\u00e7\u00e3o por pastas<\/li><li>Arquivos \u2013 Abrir, movimenta\u00e7\u00e3o e exclus\u00e3o de arquivos<\/li><\/ul><\/li><li>Digita\u00e7\u00e3o<ul><li>Digita\u00e7\u00e3o de textos<\/li><li>Digita\u00e7\u00e3o com formata\u00e7\u00e3o<\/li><\/ul><\/li><li>Navega\u00e7\u00e3o na internet<ul><li>E-mail<\/li><li>Seguran\u00e7a<\/li><\/ul><\/li><\/ul><h3><strong>Intermedi\u00e1rio<\/strong><\/h3><ul><li>Ferramenta de uso utilit\u00e1rio<ul><li>Google Planilhas<\/li><li>Google Documentos<\/li><li>Canva<\/li><\/ul><\/li><li>Hardware e Software<ul><li>Componentes do Computador<\/li><li>L\u00f3gica de Programa\u00e7\u00e3o<\/li><li>Internet<\/li><\/ul><\/li><li>Meio Digital<ul><li>Seguran\u00e7a<\/li><li>Aplica\u00e7\u00f5es<\/li><\/ul><\/li><\/ul><h3><strong>Avan\u00e7ado<\/strong><\/h3><div><ul><li>Introdu\u00e7\u00e3o \u00e0 l\u00f3gica de programa\u00e7\u00e3o<\/li><li>B\u00e1sico da linguagem Python<\/li><\/ul><\/div><\/div>\n\t\t\t\t\t\t\t\t\t<div class=\"elementor-tab-title elementor-tab-mobile-title\" aria-selected=\"false\" data-tab=\"4\" role=\"tab\" tabindex=\"-1\" aria-controls=\"elementor-tab-content-2144\" aria-expanded=\"false\">Aulas<\/div>\n\t\t\t\t\t<div id=\"elementor-tab-content-2144\" class=\"elementor-tab-content elementor-clearfix\" data-tab=\"4\" role=\"tabpanel\" aria-labelledby=\"elementor-tab-title-2144\" tabindex=\"0\" hidden=\"hidden\"><h3>B\u00e1sico<\/h3><ul><li><a href=\"https:\/\/docs.google.com\/presentation\/d\/1ezO1S9Fy4MNAL_hhEjDzrLumonFGp1lEm2HVTkwKJ3c\/edit?usp=drive_link\">Aula 01: Celulas e configura\u00e7\u00f5es b\u00e1sicas<\/a><\/li><li><a href=\"https:\/\/docs.google.com\/presentation\/d\/18LMgl9BTbixKbNNpTZLyR_upU37OuflM\/edit?usp=sharing&amp;ouid=101637234881344415480&amp;rtpof=true&amp;sd=true\">Aula 02: Celular \u2013 organiza\u00e7\u00e3o e layout<\/a><\/li><li><a href=\"https:\/\/docs.google.com\/presentation\/d\/1FtKzJXOfhPWUb02Zo6Po4EQ0c8LB64X2\/edit?usp=sharing&amp;ouid=101637234881344415480&amp;rtpof=true&amp;sd=true\">Aula 03: Introdu\u00e7\u00e3o ao computador<\/a><\/li><li><a href=\"https:\/\/docs.google.com\/presentation\/d\/1kMIB5Hz316gQIOfpQHei2XaHbTKbRNv7\/edit?usp=sharing&amp;ouid=101637234881344415480&amp;rtpof=true&amp;sd=true\">Aula 04: Pastas, arquivos e organiza\u00e7\u00e3o<\/a><\/li><li><a href=\"https:\/\/docs.google.com\/presentation\/d\/1lxaei6meer4-8sCuheeoTufu50KXWmXI\/edit?usp=sharing&amp;ouid=101637234881344415480&amp;rtpof=true&amp;sd=true\">Aula 05: Navega\u00e7\u00e3o na internet e uso da barra de tarefas<\/a><\/li><li><a href=\"https:\/\/docs.google.com\/presentation\/d\/1hLJd_G1uoc_eArxwX67cS5IYCwncHU8PbVC_w8NL8LE\/edit?usp=sharing\">Aula 06: Web seguran\u00e7a<\/a><\/li><li><a href=\"https:\/\/docs.google.com\/presentation\/d\/1auXeDil2VuU6SdE6j0wIWruzqT6K1eB4\/edit?usp=sharing&amp;ouid=101637234881344415480&amp;rtpof=true&amp;sd=true\">Aula 07: Navega\u00e7\u00e3o na internet &amp; e-mail<\/a><\/li><li><a href=\"https:\/\/docs.google.com\/presentation\/d\/11ROqiXsJpPdGE7Xyhybo5W4THrwZe3gR\/edit?usp=sharing&amp;ouid=109625972946711609692&amp;rtpof=true&amp;sd=true\">Aula 08: Fake news e aplicativos de utilidade p\u00fablica<\/a><\/li><li><a href=\"https:\/\/docs.google.com\/presentation\/d\/1_dnPfmnNTCyTmH1z2bI4E4euN37TZqnK\/edit?usp=sharing&amp;ouid=101637234881344415480&amp;rtpof=true&amp;sd=true\">Aula 09: Editores de texto: Google Documentos e Word<\/a><\/li><\/ul><h3>Intermedi\u00e1rio<\/h3><ul><li><a href=\"https:\/\/docs.google.com\/presentation\/d\/1o5mCcTTNd9VTqcLBU1UxckkRhi1RicIwpjmesN3xSKI\/edit?usp=sharing\">Aula 01: Google Documentos e cria\u00e7\u00e3o de curr\u00edculo<\/a><\/li><li><a href=\"https:\/\/docs.google.com\/presentation\/d\/1JswbO1oKN9-9fhr3_ynW7Xp0eC6PBLqF\/edit?usp=sharing&amp;ouid=101637234881344415480&amp;rtpof=true&amp;sd=true\">Aula 02: Introdu\u00e7\u00e3o ao Google Planilhas<\/a><\/li><li><a href=\"https:\/\/docs.google.com\/presentation\/d\/1qe3P7oXdP_AGVYP6xTQN3og8lFm_zMqXpx3mGwb7UHE\/edit?usp=sharing\">Aula 03: F\u00f3rmulas e Gr\u00e1ficos no Google Planilhas<\/a><\/li><li><a href=\"https:\/\/www.canva.com\/design\/DAGyzJHbvlI\/pZsUyKprTM9qEVk79u9mDQ\/edit?utm_content=DAGyzJHbvlI&amp;utm_campaign=designshare&amp;utm_medium=link2&amp;utm_source=sharebutton\">Aula 04: Ferramenta Canva<\/a><ul><li><a href=\"https:\/\/drive.google.com\/drive\/folders\/12zjL-WqhlRG-eRby6oubkzfuscCnwFlC?usp=sharing\">Material da atividade<\/a><\/li><\/ul><\/li><li><a href=\"https:\/\/docs.google.com\/presentation\/d\/1pwfQPr_Z5QXzYvCzx2rJ2Vc7VJwOyxmQ\/edit?usp=sharing&amp;ouid=101637234881344415480&amp;rtpof=true&amp;sd=true\">Aula 05: Hardware \u2013 o que \u00e9 um computador e como ele funciona<\/a><\/li><li><a href=\"https:\/\/docs.google.com\/presentation\/d\/1eSlbwMLWAQKk0u6qupZ1pok8jwUQem-n\/edit?usp=sharing&amp;ouid=101637234881344415480&amp;rtpof=true&amp;sd=true\">Aula 06: Software \u2013 o que \u00e9 e suas principais caracter\u00edsticas<\/a><\/li><li><a href=\"https:\/\/docs.google.com\/presentation\/d\/1C8u2PJ2SJm9_vxtscC2If5cGS534E7R4\/edit?usp=sharing&amp;ouid=101637234881344415480&amp;rtpof=true&amp;sd=true\">Aula 07: Internet \u2013 o que \u00e9, curiosidades e cuidados<\/a><\/li><li><a href=\"https:\/\/docs.google.com\/presentation\/d\/1hcJPz5oA7Ow_GI1IhmcetQRR-L-59fk-\/edit?usp=sharing&amp;ouid=109625972946711609692&amp;rtpof=true&amp;sd=true\">Aula 08: Seguran\u00e7a Digital<\/a><\/li><li><a href=\"https:\/\/docs.google.com\/presentation\/d\/1lpnkuGaZ3cMBhvTwyJj4fGaBZUVmjzmS\/edit?usp=sharing&amp;ouid=101637234881344415480&amp;rtpof=true&amp;sd=true\">Aula 09: Introdu\u00e7\u00e3o \u00e0 L\u00f3gica de Programa\u00e7\u00e3o<\/a><\/li><\/ul><h3>Avan\u00e7ado<\/h3><ul><li><a href=\"https:\/\/docs.google.com\/presentation\/d\/1ib_7xIpctB6h-6UyByL3-aR9QYe9mxCwWKVtvECGp-Q\/edit?usp=sharing\">Aula 01: Algoritmos<\/a><\/li><li><a href=\"https:\/\/docs.google.com\/presentation\/d\/1yQM5sqP8AqqE6KrFP5x2gIQX9oSe1YWm\/edit?usp=sharing&amp;ouid=101637234881344415480&amp;rtpof=true&amp;sd=true\">Aula 02: Vari\u00e1veis e tipos de dados simples<\/a><\/li><li><a href=\"https:\/\/docs.google.com\/presentation\/d\/1QJF63-K1XSc6mw-XfPilkhy2uF3As4SP\/edit?usp=sharing&amp;ouid=101637234881344415480&amp;rtpof=true&amp;sd=true\">Aula 03: Estruturas condicionais<\/a><\/li><li><a href=\"https:\/\/docs.google.com\/presentation\/d\/1qYvGrrmwh5Dj4fLt7k5v1HZV_MbUmnLX\/edit?usp=sharing&amp;ouid=101637234881344415480&amp;rtpof=true&amp;sd=true\">Aula 04: Estruturas de repeti\u00e7\u00e3o<\/a><\/li><li><a href=\"https:\/\/docs.google.com\/presentation\/d\/1zL0wCvXJpmn922xN16EEO_501M3avItU\/edit?usp=sharing&amp;ouid=101637234881344415480&amp;rtpof=true&amp;sd=true\">Aula 05: Listas<\/a><\/li><li><a href=\"https:\/\/docs.google.com\/presentation\/d\/1M1fTXVp-TyA9tFOioKCav04CQTmaHRYg\/edit?usp=sharing&amp;ouid=101637234881344415480&amp;rtpof=true&amp;sd=true\">Aula 06: Dicion\u00e1rios<\/a><\/li><li><a href=\"https:\/\/docs.google.com\/presentation\/d\/1l8sqYYL2aFHNCaQkqJWHB9bZhhfNQPs6\/edit?usp=sharing&amp;ouid=101637234881344415480&amp;rtpof=true&amp;sd=true\">Aula 07: Fun\u00e7\u00f5es<\/a><\/li><li><a href=\"https:\/\/docs.google.com\/presentation\/d\/1tcxa2VmdcsXTVf3ia4qDnAkknNS9SI2n\/edit?usp=sharing&amp;ouid=109625972946711609692&amp;rtpof=true&amp;sd=true\">Aula 08: Mercado de trabalho<\/a><\/li><li><a href=\"https:\/\/docs.google.com\/presentation\/d\/13USHfEMxepk2oz4IOsplqpHm7ppta1lM\/edit?usp=sharing&amp;ouid=101637234881344415480&amp;rtpof=true&amp;sd=true\">Aula 09: Exerc\u00edcios e revis\u00e3o<\/a><\/li><\/ul><\/div>\n\t\t\t\t\t\t\t\t\t<div class=\"elementor-tab-title elementor-tab-mobile-title\" aria-selected=\"false\" data-tab=\"5\" role=\"tab\" tabindex=\"-1\" aria-controls=\"elementor-tab-content-2145\" aria-expanded=\"false\">Apostilas<\/div>\n\t\t\t\t\t<div id=\"elementor-tab-content-2145\" class=\"elementor-tab-content elementor-clearfix\" data-tab=\"5\" role=\"tabpanel\" aria-labelledby=\"elementor-tab-title-2145\" tabindex=\"0\" hidden=\"hidden\"><p>As apostilas do B\u00e1sico, Intermedi\u00e1rio e Avan\u00e7ado podem ser acessadas clicando no link abaixo:<\/p><p><a href=\"https:\/\/drive.google.com\/drive\/folders\/1_xpi7Sk_MWZzO2EilAqea6WX2Lj_Z7ZY?usp=sharing\">Drive com as apostilas do Curso de Inform\u00e1tica<\/a><\/p><\/div>\n\t\t\t\t\t\t\t\t\t<div class=\"elementor-tab-title elementor-tab-mobile-title\" aria-selected=\"false\" data-tab=\"6\" role=\"tab\" tabindex=\"-1\" aria-controls=\"elementor-tab-content-2146\" aria-expanded=\"false\">Nivelamento<\/div>\n\t\t\t\t\t<div id=\"elementor-tab-content-2146\" class=\"elementor-tab-content elementor-clearfix\" data-tab=\"6\" role=\"tabpanel\" aria-labelledby=\"elementor-tab-title-2146\" tabindex=\"0\" hidden=\"hidden\"><h3><strong>Nivelamento<\/strong><\/h3><ul><li><a href=\"https:\/\/docs.google.com\/presentation\/d\/1_TUx1_tXmH4g1l0WThW6chv1FPbpSsLjQgvP3_gNrkM\/edit?usp=sharing\">Slides da apresenta\u00e7\u00e3o<\/a><\/li><\/ul><h4>Atividade<\/h4><ul><li><a href=\"http:\/\/web.inf.ufpr.br\/pet\/wp-content\/uploads\/sites\/17\/2025\/04\/texto1.pdf\">texto1<\/a>\u00a0<\/li><li><a href=\"http:\/\/web.inf.ufpr.br\/pet\/wp-content\/uploads\/sites\/17\/2025\/04\/texto2.pdf\">texto2<\/a><\/li><li><a href=\"https:\/\/docs.google.com\/spreadsheets\/d\/1Yz9M3WGFV3fnc429P02b2Xq6MMHVX5il\/edit?usp=sharing&amp;ouid=109625972946711609692&amp;rtpof=true&amp;sd=true\">exercicio_planilha.xlsx<\/a><\/li><li><a href=\"https:\/\/docs.google.com\/document\/d\/1jk1oHcMUTWySRCjYbZgmhO0lnVHrhlyeNlom1DHHgdk\/edit?usp=sharing\">exercicio_avancado.docx<\/a><\/li><\/ul><\/div>\n\t\t\t\t\t\t\t\t\t<div class=\"elementor-tab-title elementor-tab-mobile-title\" aria-selected=\"false\" data-tab=\"7\" role=\"tab\" tabindex=\"-1\" aria-controls=\"elementor-tab-content-2147\" aria-expanded=\"false\">Avalia\u00e7\u00e3o<\/div>\n\t\t\t\t\t<div id=\"elementor-tab-content-2147\" class=\"elementor-tab-content elementor-clearfix\" data-tab=\"7\" role=\"tabpanel\" aria-labelledby=\"elementor-tab-title-2147\" tabindex=\"0\" hidden=\"hidden\"><p><a href=\"https:\/\/docs.google.com\/presentation\/d\/1IcT02JflEW3ue-dWAP8Xqp20HHMzd_NW4bsDF7Kc1CU\/edit?usp=sharing\">apresenta\u00e7\u00e3o<\/a><\/p><p>provas:<\/p><ul><li><a href=\"https:\/\/docs.google.com\/document\/d\/1oNJe1N-HnZjifnfY7Rqm7p2Axvamgo-r\/edit?usp=sharing&amp;ouid=101637234881344415480&amp;rtpof=true&amp;sd=true\">b\u00e1sico<\/a><\/li><li><a href=\"https:\/\/docs.google.com\/document\/d\/1DW8sN2DdLem9gE2gtyD--qKt4nocsiAi\/edit?usp=sharing&amp;ouid=101637234881344415480&amp;rtpof=true&amp;sd=true\">intermedi\u00e1rio<\/a><\/li><li><a href=\"https:\/\/docs.google.com\/document\/d\/1NfHUu6yIYkBdnbf5XOlKthe979QHZ3tR\/edit?usp=sharing&amp;ouid=101637234881344415480&amp;rtpof=true&amp;sd=true\">avan\u00e7ado<\/a><\/li><\/ul><\/div>\n\t\t\t\t\t\t\t\t\t<div class=\"elementor-tab-title elementor-tab-mobile-title\" aria-selected=\"false\" data-tab=\"8\" role=\"tab\" tabindex=\"-1\" aria-controls=\"elementor-tab-content-2148\" aria-expanded=\"false\">Equipe<\/div>\n\t\t\t\t\t<div id=\"elementor-tab-content-2148\" class=\"elementor-tab-content elementor-clearfix\" data-tab=\"8\" role=\"tabpanel\" aria-labelledby=\"elementor-tab-title-2148\" tabindex=\"0\" hidden=\"hidden\"><ul><li>Andrieli Luci Gon\u00e7alves <b>(l\u00edder)<\/b><\/li><li>Alejandro David Nava Nava<\/li><li>Isabella dos Santos Stuart<\/li><li>Julia Silveira Acras<\/li><li>Laisa Marcelino Santos Rodrigues<\/li><li>Medisson Scheremeta Junior<\/li><li>Rafael Ribeiro Kluge<\/li><li>Vinicius Leon de Paula<\/li><\/ul><\/div>\n\t\t\t\t\t\t\t<\/div>\n\t\t<\/div>\n\t\t\t\t\t\t<\/div>\n\t\t\t\t<\/div>\n\t\t\t\t\t<\/div>\n\t\t<\/div>\n\t\t\t\t\t<\/div>\n\t\t<\/section>\n\t\t\t\t<section class=\"elementor-section elementor-top-section elementor-element elementor-element-c0e1535 elementor-section-boxed elementor-section-height-default elementor-section-height-default\" data-id=\"c0e1535\" data-element_type=\"section\" data-e-type=\"section\">\n\t\t\t\t\t\t<div class=\"elementor-container elementor-column-gap-default\">\n\t\t\t\t\t<div class=\"elementor-column elementor-col-100 elementor-top-column elementor-element elementor-element-60321e3\" data-id=\"60321e3\" data-element_type=\"column\" data-e-type=\"column\">\n\t\t\t<div class=\"elementor-widget-wrap\">\n\t\t\t\t\t\t\t<\/div>\n\t\t<\/div>\n\t\t\t\t\t<\/div>\n\t\t<\/section>\n\t\t\t\t<\/div>\n\t\t","protected":false},"excerpt":{"rendered":"<p>https:\/\/www.youtube.com\/watch?v=VAXEwXGyLrc&#038;feature=youtu.be O Curso Origem Conte\u00fado Aulas Apostilas Nivelamento Avalia\u00e7\u00e3o Equipe O Curso As aulas desse semestre (2025.2) ter\u00e3o\u00a0in\u00edcio dia 23 de agosto, das 8h \u00e0s 09:45, com\u00a0conclus\u00e3o prevista para 08 de novembro. \u00c9 necess\u00e1rio que o aluno tenha\u00a0conhecimento b\u00e1sico do portugu\u00eas (acima ou igual ao B\u00e1sico 3 do PBMIH)\u00a0para participar do curso, pois\u00a0as aulas s\u00e3o&hellip; <br \/> <a class=\"read-more\" href=\"https:\/\/web.inf.ufpr.br\/pet\/projetos\/imigrantes\/\">Leia mais<\/a><\/p>\n","protected":false},"author":26,"featured_media":0,"parent":106,"menu_order":0,"comment_status":"closed","ping_status":"closed","template":"","meta":{"footnotes":""},"class_list":["post-688","page","type-page","status-publish","hentry"],"_links":{"self":[{"href":"https:\/\/web.inf.ufpr.br\/pet\/wp-json\/wp\/v2\/pages\/688","targetHints":{"allow":["GET"]}}],"collection":[{"href":"https:\/\/web.inf.ufpr.br\/pet\/wp-json\/wp\/v2\/pages"}],"about":[{"href":"https:\/\/web.inf.ufpr.br\/pet\/wp-json\/wp\/v2\/types\/page"}],"author":[{"embeddable":true,"href":"https:\/\/web.inf.ufpr.br\/pet\/wp-json\/wp\/v2\/users\/26"}],"replies":[{"embeddable":true,"href":"https:\/\/web.inf.ufpr.br\/pet\/wp-json\/wp\/v2\/comments?post=688"}],"version-history":[{"count":340,"href":"https:\/\/web.inf.ufpr.br\/pet\/wp-json\/wp\/v2\/pages\/688\/revisions"}],"predecessor-version":[{"id":4423,"href":"https:\/\/web.inf.ufpr.br\/pet\/wp-json\/wp\/v2\/pages\/688\/revisions\/4423"}],"up":[{"embeddable":true,"href":"https:\/\/web.inf.ufpr.br\/pet\/wp-json\/wp\/v2\/pages\/106"}],"wp:attachment":[{"href":"https:\/\/web.inf.ufpr.br\/pet\/wp-json\/wp\/v2\/media?parent=688"}],"curies":[{"name":"wp","href":"https:\/\/api.w.org\/{rel}","templated":true}]}}