{"id":4070,"date":"2025-02-26T02:09:44","date_gmt":"2025-02-26T05:09:44","guid":{"rendered":"https:\/\/web.inf.ufpr.br\/pet\/?page_id=4070"},"modified":"2025-02-26T02:12:51","modified_gmt":"2025-02-26T05:12:51","slug":"bcc-50-anos","status":"publish","type":"page","link":"https:\/\/web.inf.ufpr.br\/pet\/projetos\/bcc-50-anos\/","title":{"rendered":"BCC 50 ANOS"},"content":{"rendered":"\t\t<div data-elementor-type=\"wp-page\" data-elementor-id=\"4070\" class=\"elementor elementor-4070\">\n\t\t\t\t\t\t<section class=\"elementor-section elementor-top-section elementor-element elementor-element-9a8fbde elementor-section-boxed elementor-section-height-default elementor-section-height-default\" data-id=\"9a8fbde\" data-element_type=\"section\" data-e-type=\"section\">\n\t\t\t\t\t\t<div class=\"elementor-container elementor-column-gap-default\">\n\t\t\t\t\t<div class=\"elementor-column elementor-col-100 elementor-top-column elementor-element elementor-element-63db7cd\" data-id=\"63db7cd\" data-element_type=\"column\" data-e-type=\"column\">\n\t\t\t<div class=\"elementor-widget-wrap elementor-element-populated\">\n\t\t\t\t\t\t<div class=\"elementor-element elementor-element-e4ad6e3 elementor-widget elementor-widget-text-editor\" data-id=\"e4ad6e3\" data-element_type=\"widget\" data-e-type=\"widget\" data-widget_type=\"text-editor.default\">\n\t\t\t\t<div class=\"elementor-widget-container\">\n\t\t\t\t\t\t\t\t\t<p>Tendo em vista que anivers\u00e1rio de 50 anos do curso de Bacharelado em Ci\u00eancia da Computa\u00e7\u00e3o na UFPR ocorrer\u00e1 neste ano de 2025, foi decidido que os petianos far\u00e3o um levantamento da hist\u00f3ria do curso e confeccionar\u00e3o um livro contando a hist\u00f3ria, curiosidades, evolu\u00e7\u00e3o e etc. do curso de (BCC) ao decorrer desses 50 anos.<\/p>\t\t\t\t\t\t\t\t<\/div>\n\t\t\t\t<\/div>\n\t\t\t\t\t<\/div>\n\t\t<\/div>\n\t\t\t\t\t<\/div>\n\t\t<\/section>\n\t\t\t\t<section class=\"elementor-section elementor-top-section elementor-element elementor-element-4c3126d elementor-section-boxed elementor-section-height-default elementor-section-height-default\" data-id=\"4c3126d\" data-element_type=\"section\" data-e-type=\"section\">\n\t\t\t\t\t\t<div class=\"elementor-container elementor-column-gap-default\">\n\t\t\t\t\t<div class=\"elementor-column elementor-col-100 elementor-top-column elementor-element elementor-element-ccbc58b\" data-id=\"ccbc58b\" data-element_type=\"column\" data-e-type=\"column\">\n\t\t\t<div class=\"elementor-widget-wrap elementor-element-populated\">\n\t\t\t\t\t\t<div class=\"elementor-element elementor-element-f926d0f elementor-tabs-view-horizontal elementor-widget elementor-widget-tabs\" data-id=\"f926d0f\" data-element_type=\"widget\" data-e-type=\"widget\" data-widget_type=\"tabs.default\">\n\t\t\t\t<div class=\"elementor-widget-container\">\n\t\t\t\t\t\t\t<div class=\"elementor-tabs\">\n\t\t\t<div class=\"elementor-tabs-wrapper\" role=\"tablist\" >\n\t\t\t\t\t\t\t\t\t<div id=\"elementor-tab-title-2611\" class=\"elementor-tab-title elementor-tab-desktop-title\" aria-selected=\"true\" data-tab=\"1\" role=\"tab\" tabindex=\"0\" aria-controls=\"elementor-tab-content-2611\" aria-expanded=\"false\">Objetivos<\/div>\n\t\t\t\t\t\t\t\t\t<div id=\"elementor-tab-title-2612\" class=\"elementor-tab-title elementor-tab-desktop-title\" aria-selected=\"false\" data-tab=\"2\" role=\"tab\" tabindex=\"-1\" aria-controls=\"elementor-tab-content-2612\" aria-expanded=\"false\">Metodologia<\/div>\n\t\t\t\t\t\t\t\t\t<div id=\"elementor-tab-title-2613\" class=\"elementor-tab-title elementor-tab-desktop-title\" aria-selected=\"false\" data-tab=\"3\" role=\"tab\" tabindex=\"-1\" aria-controls=\"elementor-tab-content-2613\" aria-expanded=\"false\">Equipe<\/div>\n\t\t\t\t\t\t\t<\/div>\n\t\t\t<div class=\"elementor-tabs-content-wrapper\" role=\"tablist\" aria-orientation=\"vertical\">\n\t\t\t\t\t\t\t\t\t<div class=\"elementor-tab-title elementor-tab-mobile-title\" aria-selected=\"true\" data-tab=\"1\" role=\"tab\" tabindex=\"0\" aria-controls=\"elementor-tab-content-2611\" aria-expanded=\"false\">Objetivos<\/div>\n\t\t\t\t\t<div id=\"elementor-tab-content-2611\" class=\"elementor-tab-content elementor-clearfix\" data-tab=\"1\" role=\"tabpanel\" aria-labelledby=\"elementor-tab-title-2611\" tabindex=\"0\" hidden=\"false\"><ul><li>Levantar o m\u00e1ximo poss\u00edvel do hist\u00f3rico do curso de Ci\u00eancia da Computa\u00e7\u00e3o da UFPR<\/li><li>Fazer os estudos necess\u00e1rios e escrever um livro sobre o curso do BCC ao longo dos 50 anos.<\/li><\/ul><\/div>\n\t\t\t\t\t\t\t\t\t<div class=\"elementor-tab-title elementor-tab-mobile-title\" aria-selected=\"false\" data-tab=\"2\" role=\"tab\" tabindex=\"-1\" aria-controls=\"elementor-tab-content-2612\" aria-expanded=\"false\">Metodologia<\/div>\n\t\t\t\t\t<div id=\"elementor-tab-content-2612\" class=\"elementor-tab-content elementor-clearfix\" data-tab=\"2\" role=\"tabpanel\" aria-labelledby=\"elementor-tab-title-2612\" tabindex=\"0\" hidden=\"hidden\"><p>A metodologia tem 3 etapas principais:<\/p>\n<ol>\n<li>Recolher materiais de estudos de todas as fontes poss\u00edveis que citem o curso de BCC, por exemplo atas de reuni\u00f5es do Setor de Exatas, do Departamento de Inform\u00e1tica e do colegiado do curso, por meio de seus escaneamentos que ser\u00e3o guardados e organizados pelos petianos.<\/li>\n<li>Entrevistar antigos coordenadores e ex-alunos do curso.<\/li>\n<li>Planejar a organiza\u00e7\u00e3o e planejamento de escrita do livro, levando ao in\u00edcio de sua elabora\u00e7\u00e3o.<\/li>\n<\/ol><\/div>\n\t\t\t\t\t\t\t\t\t<div class=\"elementor-tab-title elementor-tab-mobile-title\" aria-selected=\"false\" data-tab=\"3\" role=\"tab\" tabindex=\"-1\" aria-controls=\"elementor-tab-content-2613\" aria-expanded=\"false\">Equipe<\/div>\n\t\t\t\t\t<div id=\"elementor-tab-content-2613\" class=\"elementor-tab-content elementor-clearfix\" data-tab=\"3\" role=\"tabpanel\" aria-labelledby=\"elementor-tab-title-2613\" tabindex=\"0\" hidden=\"hidden\"><ul><li>Alejandro David Nava Nava<\/li><li>Andrieli Luci Gon\u00e7alves<\/li><li>Eloisa Nielsen<\/li><li>Rafael Ribeiro Kluge<\/li><li>Laisa Marcelino Santos Rodrigues<\/li><li>Medisson Scheremeta Junior<\/li><li><span style=\"color: var( --e-global-color-text );font-family: var( --e-global-typography-text-font-family ), Montserrat;font-weight: var( --e-global-typography-text-font-weight );background-color: transparent;letter-spacing: 0.2px\">Phillip Yagyu Moribayashi<\/span><\/li><li>Vinicius Leon Paula<\/li><\/ul><\/div>\n\t\t\t\t\t\t\t<\/div>\n\t\t<\/div>\n\t\t\t\t\t\t<\/div>\n\t\t\t\t<\/div>\n\t\t\t\t\t<\/div>\n\t\t<\/div>\n\t\t\t\t\t<\/div>\n\t\t<\/section>\n\t\t\t\t<\/div>\n\t\t","protected":false},"excerpt":{"rendered":"<p>Tendo em vista que anivers\u00e1rio de 50 anos do curso de Bacharelado em Ci\u00eancia da Computa\u00e7\u00e3o na UFPR ocorrer\u00e1 neste ano de 2025, foi decidido que os petianos far\u00e3o um levantamento da hist\u00f3ria do curso e confeccionar\u00e3o um livro contando a hist\u00f3ria, curiosidades, evolu\u00e7\u00e3o e etc. do curso de (BCC) ao decorrer desses 50 anos.&hellip; <br \/> <a class=\"read-more\" href=\"https:\/\/web.inf.ufpr.br\/pet\/projetos\/bcc-50-anos\/\">Leia mais<\/a><\/p>\n","protected":false},"author":26,"featured_media":0,"parent":106,"menu_order":0,"comment_status":"closed","ping_status":"closed","template":"","meta":{"footnotes":""},"class_list":["post-4070","page","type-page","status-publish","hentry"],"_links":{"self":[{"href":"https:\/\/web.inf.ufpr.br\/pet\/wp-json\/wp\/v2\/pages\/4070","targetHints":{"allow":["GET"]}}],"collection":[{"href":"https:\/\/web.inf.ufpr.br\/pet\/wp-json\/wp\/v2\/pages"}],"about":[{"href":"https:\/\/web.inf.ufpr.br\/pet\/wp-json\/wp\/v2\/types\/page"}],"author":[{"embeddable":true,"href":"https:\/\/web.inf.ufpr.br\/pet\/wp-json\/wp\/v2\/users\/26"}],"replies":[{"embeddable":true,"href":"https:\/\/web.inf.ufpr.br\/pet\/wp-json\/wp\/v2\/comments?post=4070"}],"version-history":[{"count":4,"href":"https:\/\/web.inf.ufpr.br\/pet\/wp-json\/wp\/v2\/pages\/4070\/revisions"}],"predecessor-version":[{"id":4082,"href":"https:\/\/web.inf.ufpr.br\/pet\/wp-json\/wp\/v2\/pages\/4070\/revisions\/4082"}],"up":[{"embeddable":true,"href":"https:\/\/web.inf.ufpr.br\/pet\/wp-json\/wp\/v2\/pages\/106"}],"wp:attachment":[{"href":"https:\/\/web.inf.ufpr.br\/pet\/wp-json\/wp\/v2\/media?parent=4070"}],"curies":[{"name":"wp","href":"https:\/\/api.w.org\/{rel}","templated":true}]}}