{"id":4052,"date":"2025-02-26T01:18:34","date_gmt":"2025-02-26T04:18:34","guid":{"rendered":"https:\/\/web.inf.ufpr.br\/pet\/?page_id=4052"},"modified":"2025-02-26T01:26:24","modified_gmt":"2025-02-26T04:26:24","slug":"react","status":"publish","type":"page","link":"https:\/\/web.inf.ufpr.br\/pet\/projetos\/react\/","title":{"rendered":"REACT &#8211; Recursos Educacionais Abertos de Computa\u00e7\u00e3o e suas Tecnologias"},"content":{"rendered":"\t\t<div data-elementor-type=\"wp-page\" data-elementor-id=\"4052\" class=\"elementor elementor-4052\">\n\t\t\t\t\t\t<section class=\"elementor-section elementor-top-section elementor-element elementor-element-5b07ce4 elementor-section-boxed elementor-section-height-default elementor-section-height-default\" data-id=\"5b07ce4\" data-element_type=\"section\" data-e-type=\"section\">\n\t\t\t\t\t\t<div class=\"elementor-container elementor-column-gap-default\">\n\t\t\t\t\t<div class=\"elementor-column elementor-col-100 elementor-top-column elementor-element elementor-element-c404800\" data-id=\"c404800\" data-element_type=\"column\" data-e-type=\"column\">\n\t\t\t<div class=\"elementor-widget-wrap elementor-element-populated\">\n\t\t\t\t\t\t<div class=\"elementor-element elementor-element-47bb29b elementor-widget elementor-widget-text-editor\" data-id=\"47bb29b\" data-element_type=\"widget\" data-e-type=\"widget\" data-widget_type=\"text-editor.default\">\n\t\t\t\t<div class=\"elementor-widget-container\">\n\t\t\t\t\t\t\t\t\t<p>O REACT \u00e9 um projeto que busca democratizar o acesso ao ensino de Computa\u00e7\u00e3o e o desenvolvimento de compet\u00eancias na \u00e1rea da tecnologia ao\u00a0oferecer recursos e materiais educacionais gratuitos e de f\u00e1cil acesso.<\/p>\t\t\t\t\t\t\t\t<\/div>\n\t\t\t\t<\/div>\n\t\t\t\t\t<\/div>\n\t\t<\/div>\n\t\t\t\t\t<\/div>\n\t\t<\/section>\n\t\t\t\t<section class=\"elementor-section elementor-top-section elementor-element elementor-element-e58a128 elementor-section-boxed elementor-section-height-default elementor-section-height-default\" data-id=\"e58a128\" data-element_type=\"section\" data-e-type=\"section\">\n\t\t\t\t\t\t<div class=\"elementor-container elementor-column-gap-default\">\n\t\t\t\t\t<div class=\"elementor-column elementor-col-100 elementor-top-column elementor-element elementor-element-828c130\" data-id=\"828c130\" data-element_type=\"column\" data-e-type=\"column\">\n\t\t\t<div class=\"elementor-widget-wrap elementor-element-populated\">\n\t\t\t\t\t\t<div class=\"elementor-element elementor-element-aa15119 elementor-tabs-view-horizontal elementor-widget elementor-widget-tabs\" data-id=\"aa15119\" data-element_type=\"widget\" data-e-type=\"widget\" data-widget_type=\"tabs.default\">\n\t\t\t\t<div class=\"elementor-widget-container\">\n\t\t\t\t\t\t\t<div class=\"elementor-tabs\">\n\t\t\t<div class=\"elementor-tabs-wrapper\" role=\"tablist\" >\n\t\t\t\t\t\t\t\t\t<div id=\"elementor-tab-title-1781\" class=\"elementor-tab-title elementor-tab-desktop-title\" aria-selected=\"true\" data-tab=\"1\" role=\"tab\" tabindex=\"0\" aria-controls=\"elementor-tab-content-1781\" aria-expanded=\"false\">Objetivos<\/div>\n\t\t\t\t\t\t\t\t\t<div id=\"elementor-tab-title-1782\" class=\"elementor-tab-title elementor-tab-desktop-title\" aria-selected=\"false\" data-tab=\"2\" role=\"tab\" tabindex=\"-1\" aria-controls=\"elementor-tab-content-1782\" aria-expanded=\"false\">Metodologia<\/div>\n\t\t\t\t\t\t\t\t\t<div id=\"elementor-tab-title-1783\" class=\"elementor-tab-title elementor-tab-desktop-title\" aria-selected=\"false\" data-tab=\"3\" role=\"tab\" tabindex=\"-1\" aria-controls=\"elementor-tab-content-1783\" aria-expanded=\"false\">Equipe<\/div>\n\t\t\t\t\t\t\t<\/div>\n\t\t\t<div class=\"elementor-tabs-content-wrapper\" role=\"tablist\" aria-orientation=\"vertical\">\n\t\t\t\t\t\t\t\t\t<div class=\"elementor-tab-title elementor-tab-mobile-title\" aria-selected=\"true\" data-tab=\"1\" role=\"tab\" tabindex=\"0\" aria-controls=\"elementor-tab-content-1781\" aria-expanded=\"false\">Objetivos<\/div>\n\t\t\t\t\t<div id=\"elementor-tab-content-1781\" class=\"elementor-tab-content elementor-clearfix\" data-tab=\"1\" role=\"tabpanel\" aria-labelledby=\"elementor-tab-title-1781\" tabindex=\"0\" hidden=\"false\"><ul><li>Oferecer recursos e materiais educacionais gratuitos e de f\u00e1cil acesso, beneficiando a comunidade interna e externa da Universidade Federal do Paran\u00e1.<\/li><li>Auxiliar na forma\u00e7\u00e3o acad\u00eamica e profissional dos discentes dos cursos de tecnologia.<\/li><li>Atrair novos estudantes, autodidatas e entusiastas para a \u00e1rea da tecnologia, promovendo a inclus\u00e3o digital e ampliando o acesso ao conhecimento t\u00e9cnico.<\/li><\/ul><\/div>\n\t\t\t\t\t\t\t\t\t<div class=\"elementor-tab-title elementor-tab-mobile-title\" aria-selected=\"false\" data-tab=\"2\" role=\"tab\" tabindex=\"-1\" aria-controls=\"elementor-tab-content-1782\" aria-expanded=\"false\">Metodologia<\/div>\n\t\t\t\t\t<div id=\"elementor-tab-content-1782\" class=\"elementor-tab-content elementor-clearfix\" data-tab=\"2\" role=\"tabpanel\" aria-labelledby=\"elementor-tab-title-1782\" tabindex=\"0\" hidden=\"hidden\"><p>Os recursos ser\u00e3o fornecidos de maneira digital em diversos formatos, principalmente na plataforma web <span style=\"text-decoration: underline\"><a href=\"https:\/\/web.inf.ufpr.br\/pet\/projetos\/farol\/\">Farol<\/a>.<\/span><\/p><p>Al\u00e9m disso, ser\u00e3o feitas videoaulas, disponibilizadas em plataformas como o YouTube, abordando t\u00f3picos como programa\u00e7\u00e3o competitiva, redes de computadores, circuitos digitais, linguagens de programa\u00e7\u00e3o, entre outros.<\/p><\/div>\n\t\t\t\t\t\t\t\t\t<div class=\"elementor-tab-title elementor-tab-mobile-title\" aria-selected=\"false\" data-tab=\"3\" role=\"tab\" tabindex=\"-1\" aria-controls=\"elementor-tab-content-1783\" aria-expanded=\"false\">Equipe<\/div>\n\t\t\t\t\t<div id=\"elementor-tab-content-1783\" class=\"elementor-tab-content elementor-clearfix\" data-tab=\"3\" role=\"tabpanel\" aria-labelledby=\"elementor-tab-title-1783\" tabindex=\"0\" hidden=\"hidden\"><ul><li>Alejandro David Nava Nava<\/li><li>Andrieli Luci Gon\u00e7alves<\/li><li>Eloisa Nielsen<\/li><li>Laisa Marcelino Santos Rodrigues<\/li><li>Medisson Scheremeta Junior<\/li><li>Rafael Ribeiro Kluge<\/li><\/ul><\/div>\n\t\t\t\t\t\t\t<\/div>\n\t\t<\/div>\n\t\t\t\t\t\t<\/div>\n\t\t\t\t<\/div>\n\t\t\t\t\t<\/div>\n\t\t<\/div>\n\t\t\t\t\t<\/div>\n\t\t<\/section>\n\t\t\t\t<\/div>\n\t\t","protected":false},"excerpt":{"rendered":"<p>O REACT \u00e9 um projeto que busca democratizar o acesso ao ensino de Computa\u00e7\u00e3o e o desenvolvimento de compet\u00eancias na \u00e1rea da tecnologia ao\u00a0oferecer recursos e materiais educacionais gratuitos e de f\u00e1cil acesso. Objetivos Metodologia Equipe Objetivos Oferecer recursos e materiais educacionais gratuitos e de f\u00e1cil acesso, beneficiando a comunidade interna e externa da Universidade&hellip; <br \/> <a class=\"read-more\" href=\"https:\/\/web.inf.ufpr.br\/pet\/projetos\/react\/\">Leia mais<\/a><\/p>\n","protected":false},"author":26,"featured_media":0,"parent":106,"menu_order":0,"comment_status":"closed","ping_status":"closed","template":"","meta":{"footnotes":""},"class_list":["post-4052","page","type-page","status-publish","hentry"],"_links":{"self":[{"href":"https:\/\/web.inf.ufpr.br\/pet\/wp-json\/wp\/v2\/pages\/4052","targetHints":{"allow":["GET"]}}],"collection":[{"href":"https:\/\/web.inf.ufpr.br\/pet\/wp-json\/wp\/v2\/pages"}],"about":[{"href":"https:\/\/web.inf.ufpr.br\/pet\/wp-json\/wp\/v2\/types\/page"}],"author":[{"embeddable":true,"href":"https:\/\/web.inf.ufpr.br\/pet\/wp-json\/wp\/v2\/users\/26"}],"replies":[{"embeddable":true,"href":"https:\/\/web.inf.ufpr.br\/pet\/wp-json\/wp\/v2\/comments?post=4052"}],"version-history":[{"count":5,"href":"https:\/\/web.inf.ufpr.br\/pet\/wp-json\/wp\/v2\/pages\/4052\/revisions"}],"predecessor-version":[{"id":4065,"href":"https:\/\/web.inf.ufpr.br\/pet\/wp-json\/wp\/v2\/pages\/4052\/revisions\/4065"}],"up":[{"embeddable":true,"href":"https:\/\/web.inf.ufpr.br\/pet\/wp-json\/wp\/v2\/pages\/106"}],"wp:attachment":[{"href":"https:\/\/web.inf.ufpr.br\/pet\/wp-json\/wp\/v2\/media?parent=4052"}],"curies":[{"name":"wp","href":"https:\/\/api.w.org\/{rel}","templated":true}]}}