{"id":4009,"date":"2025-02-24T20:49:03","date_gmt":"2025-02-24T23:49:03","guid":{"rendered":"https:\/\/web.inf.ufpr.br\/pet\/?page_id=4009"},"modified":"2025-02-26T01:19:44","modified_gmt":"2025-02-26T04:19:44","slug":"stress-training","status":"publish","type":"page","link":"https:\/\/web.inf.ufpr.br\/pet\/projetos\/stress-training\/","title":{"rendered":"Stress Training"},"content":{"rendered":"\t\t<div data-elementor-type=\"wp-page\" data-elementor-id=\"4009\" class=\"elementor elementor-4009\">\n\t\t\t\t\t\t<section class=\"elementor-section elementor-top-section elementor-element elementor-element-469935e elementor-section-boxed elementor-section-height-default elementor-section-height-default\" data-id=\"469935e\" data-element_type=\"section\" data-e-type=\"section\">\n\t\t\t\t\t\t<div class=\"elementor-container elementor-column-gap-default\">\n\t\t\t\t\t<div class=\"elementor-column elementor-col-100 elementor-top-column elementor-element elementor-element-9186c82\" data-id=\"9186c82\" data-element_type=\"column\" data-e-type=\"column\">\n\t\t\t<div class=\"elementor-widget-wrap elementor-element-populated\">\n\t\t\t\t\t\t<div class=\"elementor-element elementor-element-b88278d elementor-widget elementor-widget-text-editor\" data-id=\"b88278d\" data-element_type=\"widget\" data-e-type=\"widget\" data-widget_type=\"text-editor.default\">\n\t\t\t\t<div class=\"elementor-widget-container\">\n\t\t\t\t\t\t\t\t\t<p>O Stress Training \u00e9 um projeto que visa a cria\u00e7\u00e3o de um site que proporcionar\u00e1 ao usu\u00e1rio um treinamento de percep\u00e7\u00e3o com padr\u00f5es acentuais da l\u00edngua inglesa.<\/p>\t\t\t\t\t\t\t\t<\/div>\n\t\t\t\t<\/div>\n\t\t\t\t\t<\/div>\n\t\t<\/div>\n\t\t\t\t\t<\/div>\n\t\t<\/section>\n\t\t\t\t<section class=\"elementor-section elementor-top-section elementor-element elementor-element-f196cae elementor-section-boxed elementor-section-height-default elementor-section-height-default\" data-id=\"f196cae\" data-element_type=\"section\" data-e-type=\"section\">\n\t\t\t\t\t\t<div class=\"elementor-container elementor-column-gap-default\">\n\t\t\t\t\t<div class=\"elementor-column elementor-col-100 elementor-top-column elementor-element elementor-element-ea40625\" data-id=\"ea40625\" data-element_type=\"column\" data-e-type=\"column\">\n\t\t\t<div class=\"elementor-widget-wrap elementor-element-populated\">\n\t\t\t\t\t\t<div class=\"elementor-element elementor-element-739d3ed elementor-tabs-view-horizontal elementor-widget elementor-widget-tabs\" data-id=\"739d3ed\" data-element_type=\"widget\" data-e-type=\"widget\" data-widget_type=\"tabs.default\">\n\t\t\t\t<div class=\"elementor-widget-container\">\n\t\t\t\t\t\t\t<div class=\"elementor-tabs\">\n\t\t\t<div class=\"elementor-tabs-wrapper\" role=\"tablist\" >\n\t\t\t\t\t\t\t\t\t<div id=\"elementor-tab-title-1211\" class=\"elementor-tab-title elementor-tab-desktop-title\" aria-selected=\"true\" data-tab=\"1\" role=\"tab\" tabindex=\"0\" aria-controls=\"elementor-tab-content-1211\" aria-expanded=\"false\">Objetivos<\/div>\n\t\t\t\t\t\t\t\t\t<div id=\"elementor-tab-title-1212\" class=\"elementor-tab-title elementor-tab-desktop-title\" aria-selected=\"false\" data-tab=\"2\" role=\"tab\" tabindex=\"-1\" aria-controls=\"elementor-tab-content-1212\" aria-expanded=\"false\">Metodologia<\/div>\n\t\t\t\t\t\t\t\t\t<div id=\"elementor-tab-title-1213\" class=\"elementor-tab-title elementor-tab-desktop-title\" aria-selected=\"false\" data-tab=\"3\" role=\"tab\" tabindex=\"-1\" aria-controls=\"elementor-tab-content-1213\" aria-expanded=\"false\">Equipe<\/div>\n\t\t\t\t\t\t\t<\/div>\n\t\t\t<div class=\"elementor-tabs-content-wrapper\" role=\"tablist\" aria-orientation=\"vertical\">\n\t\t\t\t\t\t\t\t\t<div class=\"elementor-tab-title elementor-tab-mobile-title\" aria-selected=\"true\" data-tab=\"1\" role=\"tab\" tabindex=\"0\" aria-controls=\"elementor-tab-content-1211\" aria-expanded=\"false\">Objetivos<\/div>\n\t\t\t\t\t<div id=\"elementor-tab-content-1211\" class=\"elementor-tab-content elementor-clearfix\" data-tab=\"1\" role=\"tabpanel\" aria-labelledby=\"elementor-tab-title-1211\" tabindex=\"0\" hidden=\"false\"><ul><li>Criar um site que trabalhe com padr\u00f5es acentuais na l\u00edngua inglesa, focando principalmente no padr\u00e3o pr\u00e9-proparox\u00edtono, inexistente na l\u00edngua portuguesa. Com isso, visa-se a melhora da pron\u00fancia de estudantes brasileiros de palavras inglesas.<\/li><li>Consolidar uma parceria entre os cursos de Ci\u00eancia da Computa\u00e7\u00e3o da UFPR e de Licenciatura em Letras Ingl\u00eas da UTFPR.<\/li><li>Capacitar os petianos na cria\u00e7\u00e3o, manuten\u00e7\u00e3o e hospedagem de sites e tecnologias voltadas para a educa\u00e7\u00e3o.\u00a0<\/li><\/ul><\/div>\n\t\t\t\t\t\t\t\t\t<div class=\"elementor-tab-title elementor-tab-mobile-title\" aria-selected=\"false\" data-tab=\"2\" role=\"tab\" tabindex=\"-1\" aria-controls=\"elementor-tab-content-1212\" aria-expanded=\"false\">Metodologia<\/div>\n\t\t\t\t\t<div id=\"elementor-tab-content-1212\" class=\"elementor-tab-content elementor-clearfix\" data-tab=\"2\" role=\"tabpanel\" aria-labelledby=\"elementor-tab-title-1212\" tabindex=\"0\" hidden=\"hidden\"><p>Os membros do PET devem analisar e decidir t\u00e9cnicas e linguagens tanto para o frontend como para o backend. Al\u00e9m disso, \u00e9 preciso que analisem e decidam todas as poss\u00edveis formas de hospedagem do site.<\/p><\/div>\n\t\t\t\t\t\t\t\t\t<div class=\"elementor-tab-title elementor-tab-mobile-title\" aria-selected=\"false\" data-tab=\"3\" role=\"tab\" tabindex=\"-1\" aria-controls=\"elementor-tab-content-1213\" aria-expanded=\"false\">Equipe<\/div>\n\t\t\t\t\t<div id=\"elementor-tab-content-1213\" class=\"elementor-tab-content elementor-clearfix\" data-tab=\"3\" role=\"tabpanel\" aria-labelledby=\"elementor-tab-title-1213\" tabindex=\"0\" hidden=\"hidden\"><ul><li>Alejandro David Nava Nava<\/li><li>Rafael Ribeiro Kluge<\/li><li>Laisa Marcelino Santos Rodrigues<\/li><li>Medisson Scheremeta Junior<\/li><li><span style=\"color: var( --e-global-color-text );font-family: var( --e-global-typography-text-font-family ), Montserrat;font-weight: var( --e-global-typography-text-font-weight );background-color: transparent;letter-spacing: 0.2px\">Phillip Yagyu Moribayashi<\/span><\/li><li>Vinicius Leon Paula<\/li><\/ul><\/div>\n\t\t\t\t\t\t\t<\/div>\n\t\t<\/div>\n\t\t\t\t\t\t<\/div>\n\t\t\t\t<\/div>\n\t\t\t\t\t<\/div>\n\t\t<\/div>\n\t\t\t\t\t<\/div>\n\t\t<\/section>\n\t\t\t\t<\/div>\n\t\t","protected":false},"excerpt":{"rendered":"<p>O Stress Training \u00e9 um projeto que visa a cria\u00e7\u00e3o de um site que proporcionar\u00e1 ao usu\u00e1rio um treinamento de percep\u00e7\u00e3o com padr\u00f5es acentuais da l\u00edngua inglesa. Objetivos Metodologia Equipe Objetivos Criar um site que trabalhe com padr\u00f5es acentuais na l\u00edngua inglesa, focando principalmente no padr\u00e3o pr\u00e9-proparox\u00edtono, inexistente na l\u00edngua portuguesa. Com isso, visa-se a&hellip; <br \/> <a class=\"read-more\" href=\"https:\/\/web.inf.ufpr.br\/pet\/projetos\/stress-training\/\">Leia mais<\/a><\/p>\n","protected":false},"author":26,"featured_media":0,"parent":106,"menu_order":0,"comment_status":"closed","ping_status":"closed","template":"","meta":{"footnotes":""},"class_list":["post-4009","page","type-page","status-publish","hentry"],"_links":{"self":[{"href":"https:\/\/web.inf.ufpr.br\/pet\/wp-json\/wp\/v2\/pages\/4009","targetHints":{"allow":["GET"]}}],"collection":[{"href":"https:\/\/web.inf.ufpr.br\/pet\/wp-json\/wp\/v2\/pages"}],"about":[{"href":"https:\/\/web.inf.ufpr.br\/pet\/wp-json\/wp\/v2\/types\/page"}],"author":[{"embeddable":true,"href":"https:\/\/web.inf.ufpr.br\/pet\/wp-json\/wp\/v2\/users\/26"}],"replies":[{"embeddable":true,"href":"https:\/\/web.inf.ufpr.br\/pet\/wp-json\/wp\/v2\/comments?post=4009"}],"version-history":[{"count":9,"href":"https:\/\/web.inf.ufpr.br\/pet\/wp-json\/wp\/v2\/pages\/4009\/revisions"}],"predecessor-version":[{"id":4079,"href":"https:\/\/web.inf.ufpr.br\/pet\/wp-json\/wp\/v2\/pages\/4009\/revisions\/4079"}],"up":[{"embeddable":true,"href":"https:\/\/web.inf.ufpr.br\/pet\/wp-json\/wp\/v2\/pages\/106"}],"wp:attachment":[{"href":"https:\/\/web.inf.ufpr.br\/pet\/wp-json\/wp\/v2\/media?parent=4009"}],"curies":[{"name":"wp","href":"https:\/\/api.w.org\/{rel}","templated":true}]}}