{"id":3662,"date":"2024-04-30T18:52:34","date_gmt":"2024-04-30T21:52:34","guid":{"rendered":"https:\/\/web.inf.ufpr.br\/pet\/?page_id=3662"},"modified":"2025-03-11T11:26:03","modified_gmt":"2025-03-11T14:26:03","slug":"jogo-da-feira","status":"publish","type":"page","link":"https:\/\/web.inf.ufpr.br\/pet\/jogo-da-feira\/","title":{"rendered":"Jogo da Feira"},"content":{"rendered":"\t\t<div data-elementor-type=\"wp-post\" data-elementor-id=\"3662\" class=\"elementor elementor-3662\">\n\t\t\t\t\t\t<section class=\"elementor-section elementor-top-section elementor-element elementor-element-6f35567 elementor-section-boxed elementor-section-height-default elementor-section-height-default\" data-id=\"6f35567\" data-element_type=\"section\" data-e-type=\"section\">\n\t\t\t\t\t\t<div class=\"elementor-container elementor-column-gap-default\">\n\t\t\t\t\t<div class=\"elementor-column elementor-col-100 elementor-top-column elementor-element elementor-element-9452c04\" data-id=\"9452c04\" data-element_type=\"column\" data-e-type=\"column\">\n\t\t\t<div class=\"elementor-widget-wrap elementor-element-populated\">\n\t\t\t\t\t\t<div class=\"elementor-element elementor-element-7e03942 elementor-widget elementor-widget-text-editor\" data-id=\"7e03942\" data-element_type=\"widget\" data-e-type=\"widget\" data-widget_type=\"text-editor.default\">\n\t\t\t\t<div class=\"elementor-widget-container\">\n\t\t\t\t\t\t\t\t\t<p>O Jogo da Feira consiste em um aplicativo mobile desenvolvido especialmente para apresenta\u00e7\u00e3o na feira de cursos e profiss\u00f5es da Universidade Federal do Paran\u00e1. A vers\u00e3o atual est\u00e1 sendo constru\u00edda na linguagem Lua (escolhida, dentre outros fatores, por ser uma linguagem brasileira de programa\u00e7\u00e3o) e seu objetivo \u00e9 exp\u00f4r um pouco do trabalho realizado dentro da atua\u00e7\u00e3o em desenvolvimento de jogos no PET Computa\u00e7\u00e3o.\u00a0<\/p><p>O jogo \u00e9 iniciado com um sorteio aleat\u00f3rio de uma personalidade not\u00e1vel da computa\u00e7\u00e3o e exposi\u00e7\u00e3o de sua hist\u00f3ria, caracter\u00edsticas e feitos hist\u00f3ricos para o jogador, visando tamb\u00e9m a conscientiza\u00e7\u00e3o social sobre as \u00e1reas presentes na computa\u00e7\u00e3o.<\/p>\t\t\t\t\t\t\t\t<\/div>\n\t\t\t\t<\/div>\n\t\t\t\t\t<\/div>\n\t\t<\/div>\n\t\t\t\t\t<\/div>\n\t\t<\/section>\n\t\t\t\t<section class=\"elementor-section elementor-top-section elementor-element elementor-element-f1d4694 elementor-section-boxed elementor-section-height-default elementor-section-height-default\" data-id=\"f1d4694\" data-element_type=\"section\" data-e-type=\"section\">\n\t\t\t\t\t\t<div class=\"elementor-container elementor-column-gap-default\">\n\t\t\t\t\t<div class=\"elementor-column elementor-col-100 elementor-top-column elementor-element elementor-element-8635b25\" data-id=\"8635b25\" data-element_type=\"column\" data-e-type=\"column\">\n\t\t\t<div class=\"elementor-widget-wrap elementor-element-populated\">\n\t\t\t\t\t\t<div class=\"elementor-element elementor-element-596bdef elementor-tabs-view-horizontal elementor-widget elementor-widget-tabs\" data-id=\"596bdef\" data-element_type=\"widget\" data-e-type=\"widget\" data-widget_type=\"tabs.default\">\n\t\t\t\t<div class=\"elementor-widget-container\">\n\t\t\t\t\t\t\t<div class=\"elementor-tabs\">\n\t\t\t<div class=\"elementor-tabs-wrapper\" role=\"tablist\" >\n\t\t\t\t\t\t\t\t\t<div id=\"elementor-tab-title-9371\" class=\"elementor-tab-title elementor-tab-desktop-title\" aria-selected=\"true\" data-tab=\"1\" role=\"tab\" tabindex=\"0\" aria-controls=\"elementor-tab-content-9371\" aria-expanded=\"false\">Objetivos<\/div>\n\t\t\t\t\t\t\t\t\t<div id=\"elementor-tab-title-9372\" class=\"elementor-tab-title elementor-tab-desktop-title\" aria-selected=\"false\" data-tab=\"2\" role=\"tab\" tabindex=\"-1\" aria-controls=\"elementor-tab-content-9372\" aria-expanded=\"false\">Desenvolvimento<\/div>\n\t\t\t\t\t\t\t\t\t<div id=\"elementor-tab-title-9373\" class=\"elementor-tab-title elementor-tab-desktop-title\" aria-selected=\"false\" data-tab=\"3\" role=\"tab\" tabindex=\"-1\" aria-controls=\"elementor-tab-content-9373\" aria-expanded=\"false\">Metodologia<\/div>\n\t\t\t\t\t\t\t\t\t<div id=\"elementor-tab-title-9374\" class=\"elementor-tab-title elementor-tab-desktop-title\" aria-selected=\"false\" data-tab=\"4\" role=\"tab\" tabindex=\"-1\" aria-controls=\"elementor-tab-content-9374\" aria-expanded=\"false\">Equipe<\/div>\n\t\t\t\t\t\t\t<\/div>\n\t\t\t<div class=\"elementor-tabs-content-wrapper\" role=\"tablist\" aria-orientation=\"vertical\">\n\t\t\t\t\t\t\t\t\t<div class=\"elementor-tab-title elementor-tab-mobile-title\" aria-selected=\"true\" data-tab=\"1\" role=\"tab\" tabindex=\"0\" aria-controls=\"elementor-tab-content-9371\" aria-expanded=\"false\">Objetivos<\/div>\n\t\t\t\t\t<div id=\"elementor-tab-content-9371\" class=\"elementor-tab-content elementor-clearfix\" data-tab=\"1\" role=\"tabpanel\" aria-labelledby=\"elementor-tab-title-9371\" tabindex=\"0\" hidden=\"false\"><ul>\n<li><span class=\"translatable-message\">Conscientizar a comunidade externa a respeito dos trabalhos realizados pelos alunos dos cursos de Inform\u00e1tica Biom\u00e9dica e Ci\u00eancia da Computa\u00e7\u00e3o dentro do PET Computa\u00e7\u00e3o;\u00a0<\/span><\/li>\n<li><span class=\"translatable-message\">Gerar interesse e conscientiza\u00e7\u00e3o da comunidade pela \u00e1rea de inform\u00e1tica;<\/span><\/li>\n<li><span class=\"translatable-message\">Promover o aprendizado de forma l\u00fadica sobre a programa\u00e7\u00e3o de jogos digitais;<\/span><\/li>\n<li><span class=\"translatable-message\">Promover o uso de m\u00e9todos de programa\u00e7\u00e3o criados no Brasil, pelo uso da linguagem brasileira Lua.<\/span><\/li>\n<\/ul><\/div>\n\t\t\t\t\t\t\t\t\t<div class=\"elementor-tab-title elementor-tab-mobile-title\" aria-selected=\"false\" data-tab=\"2\" role=\"tab\" tabindex=\"-1\" aria-controls=\"elementor-tab-content-9372\" aria-expanded=\"false\">Desenvolvimento<\/div>\n\t\t\t\t\t<div id=\"elementor-tab-content-9372\" class=\"elementor-tab-content elementor-clearfix\" data-tab=\"2\" role=\"tabpanel\" aria-labelledby=\"elementor-tab-title-9372\" tabindex=\"0\" hidden=\"hidden\"><p><span class=\"translatable-message\">O jogo de 2024 est\u00e1 sendo desenvolvido em Lua, linguagem de programa\u00e7\u00e3o criada no Brasil, j\u00e1 a plataforma utilizada \u00e9 a LOVE2D, sendo essa uma ferramenta open source. <\/span><\/p>\n<p><span class=\"translatable-message\">O cronograma de trabalho foi desenvolvido de maneira que o jogo seja finalizado e esteja funcional entre o fim do ano que antecede cada Feira de Cursos e Profiss\u00f5es da UFPR at\u00e9 a sua respectiva data de realiza\u00e7\u00e3o,<br \/><\/span><\/p><\/div>\n\t\t\t\t\t\t\t\t\t<div class=\"elementor-tab-title elementor-tab-mobile-title\" aria-selected=\"false\" data-tab=\"3\" role=\"tab\" tabindex=\"-1\" aria-controls=\"elementor-tab-content-9373\" aria-expanded=\"false\">Metodologia<\/div>\n\t\t\t\t\t<div id=\"elementor-tab-content-9373\" class=\"elementor-tab-content elementor-clearfix\" data-tab=\"3\" role=\"tabpanel\" aria-labelledby=\"elementor-tab-title-9373\" tabindex=\"0\" hidden=\"hidden\"><p><span class=\"translatable-message\">A equipe de desenvolvimento \u00e9 divida em front-end, back-end, pesquisa de imagens e pesquisa hist\u00f3rica e de personalidades. A parte do back-end rege o funcionamento do c\u00f3digo, enquanto o front-end cuida da parte vis\u00edvel. J\u00e1 pesquisa de imagem, por sua vez, busca fotos de dimens\u00f5es adequadas para cada personalidade buscada pela equipe de pesquisa hist\u00f3rica.<\/span><\/p><\/div>\n\t\t\t\t\t\t\t\t\t<div class=\"elementor-tab-title elementor-tab-mobile-title\" aria-selected=\"false\" data-tab=\"4\" role=\"tab\" tabindex=\"-1\" aria-controls=\"elementor-tab-content-9374\" aria-expanded=\"false\">Equipe<\/div>\n\t\t\t\t\t<div id=\"elementor-tab-content-9374\" class=\"elementor-tab-content elementor-clearfix\" data-tab=\"4\" role=\"tabpanel\" aria-labelledby=\"elementor-tab-title-9374\" tabindex=\"0\" hidden=\"hidden\"><ul>\n<li>Andrieli Luci Gon\u00e7alves<span dir=\"ltr\" role=\"presentation\"><\/span><\/li>\n<li><span dir=\"ltr\" role=\"presentation\"><\/span>Alejandro David Nava Nava<\/li>\n<li>Laisa Marcelino Santos Rodrigues<\/li>\n<li>Medisson Scheremeta Junior<\/li>\n<li><span style=\"color: var( --e-global-color-text );font-family: var( --e-global-typography-text-font-family ), Montserrat;font-weight: var( --e-global-typography-text-font-weight );background-color: transparent;letter-spacing: 0.2px\">Phillip Yagyu Moribayashi<\/span><\/li>\n<li><span dir=\"ltr\" role=\"presentation\">Rafael Ribeiro Kluge <\/span><strong>(l\u00edder)<\/strong><\/li>\n<\/ul><\/div>\n\t\t\t\t\t\t\t<\/div>\n\t\t<\/div>\n\t\t\t\t\t\t<\/div>\n\t\t\t\t<\/div>\n\t\t\t\t\t<\/div>\n\t\t<\/div>\n\t\t\t\t\t<\/div>\n\t\t<\/section>\n\t\t\t\t<\/div>\n\t\t","protected":false},"excerpt":{"rendered":"<p>O Jogo da Feira consiste em um aplicativo mobile desenvolvido especialmente para apresenta\u00e7\u00e3o na feira de cursos e profiss\u00f5es da Universidade Federal do Paran\u00e1. A vers\u00e3o atual est\u00e1 sendo constru\u00edda na linguagem Lua (escolhida, dentre outros fatores, por ser uma linguagem brasileira de programa\u00e7\u00e3o) e seu objetivo \u00e9 exp\u00f4r um pouco do trabalho realizado dentro&hellip; <br \/> <a class=\"read-more\" href=\"https:\/\/web.inf.ufpr.br\/pet\/jogo-da-feira\/\">Leia mais<\/a><\/p>\n","protected":false},"author":26,"featured_media":0,"parent":0,"menu_order":0,"comment_status":"closed","ping_status":"closed","template":"","meta":{"footnotes":""},"class_list":["post-3662","page","type-page","status-publish","hentry"],"_links":{"self":[{"href":"https:\/\/web.inf.ufpr.br\/pet\/wp-json\/wp\/v2\/pages\/3662","targetHints":{"allow":["GET"]}}],"collection":[{"href":"https:\/\/web.inf.ufpr.br\/pet\/wp-json\/wp\/v2\/pages"}],"about":[{"href":"https:\/\/web.inf.ufpr.br\/pet\/wp-json\/wp\/v2\/types\/page"}],"author":[{"embeddable":true,"href":"https:\/\/web.inf.ufpr.br\/pet\/wp-json\/wp\/v2\/users\/26"}],"replies":[{"embeddable":true,"href":"https:\/\/web.inf.ufpr.br\/pet\/wp-json\/wp\/v2\/comments?post=3662"}],"version-history":[{"count":13,"href":"https:\/\/web.inf.ufpr.br\/pet\/wp-json\/wp\/v2\/pages\/3662\/revisions"}],"predecessor-version":[{"id":4121,"href":"https:\/\/web.inf.ufpr.br\/pet\/wp-json\/wp\/v2\/pages\/3662\/revisions\/4121"}],"wp:attachment":[{"href":"https:\/\/web.inf.ufpr.br\/pet\/wp-json\/wp\/v2\/media?parent=3662"}],"curies":[{"name":"wp","href":"https:\/\/api.w.org\/{rel}","templated":true}]}}