{"id":3043,"date":"2023-06-14T15:23:24","date_gmt":"2023-06-14T18:23:24","guid":{"rendered":"https:\/\/web.inf.ufpr.br\/pet\/?page_id=3043"},"modified":"2024-04-22T22:33:38","modified_gmt":"2024-04-23T01:33:38","slug":"feirinho-2","status":"publish","type":"page","link":"https:\/\/web.inf.ufpr.br\/pet\/projetos\/feirinho-2\/","title":{"rendered":"Feirinho"},"content":{"rendered":"\t\t<div data-elementor-type=\"wp-page\" data-elementor-id=\"3043\" class=\"elementor elementor-3043\">\n\t\t\t\t\t\t<section class=\"elementor-section elementor-top-section elementor-element elementor-element-e514a80 elementor-section-boxed elementor-section-height-default elementor-section-height-default\" data-id=\"e514a80\" data-element_type=\"section\" data-e-type=\"section\">\n\t\t\t\t\t\t<div class=\"elementor-container elementor-column-gap-default\">\n\t\t\t\t\t<div class=\"elementor-column elementor-col-33 elementor-top-column elementor-element elementor-element-b37ff03\" data-id=\"b37ff03\" data-element_type=\"column\" data-e-type=\"column\">\n\t\t\t<div class=\"elementor-widget-wrap elementor-element-populated\">\n\t\t\t\t\t\t<div class=\"elementor-element elementor-element-4e8143b elementor-widget elementor-widget-text-editor\" data-id=\"4e8143b\" data-element_type=\"widget\" data-e-type=\"widget\" data-widget_type=\"text-editor.default\">\n\t\t\t\t<div class=\"elementor-widget-container\">\n\t\t\t\t\t\t\t\t\t<p><span style=\"letter-spacing: 0.2px\">O Feirinho \u00e9 um projeto que consiste em um jogo para plataformas mobile, com o objetivo de gerar \u201ccursivaras\u201d (avatares de capivaras baseados em cursos da UFPR) aleatoriamente para o jogador quando esse chacoalha o dispositivo. O jogo foi criado dentro do projeto Jogo da Feira, para a feira de cursos da UFPR de 2023 e est\u00e1 dispon\u00edvel para download.<\/span><\/p><p>Clique na Imagem ao lado ou escaneie o QRCode para fazer download e descobrir qual a sua Cursivara!<\/p>\t\t\t\t\t\t\t\t<\/div>\n\t\t\t\t<\/div>\n\t\t\t\t\t<\/div>\n\t\t<\/div>\n\t\t\t\t<div class=\"elementor-column elementor-col-33 elementor-top-column elementor-element elementor-element-2704d00\" data-id=\"2704d00\" data-element_type=\"column\" data-e-type=\"column\">\n\t\t\t<div class=\"elementor-widget-wrap elementor-element-populated\">\n\t\t\t\t\t\t<div class=\"elementor-element elementor-element-a732288 elementor-widget__width-initial elementor-widget elementor-widget-image\" data-id=\"a732288\" data-element_type=\"widget\" data-e-type=\"widget\" data-widget_type=\"image.default\">\n\t\t\t\t<div class=\"elementor-widget-container\">\n\t\t\t\t\t\t\t\t\t\t\t\t\t\t\t<img fetchpriority=\"high\" decoding=\"async\" width=\"300\" height=\"300\" src=\"https:\/\/web.inf.ufpr.br\/pet\/wp-content\/uploads\/sites\/17\/2023\/06\/Feirinho-2-300x300.png\" class=\"attachment-medium size-medium wp-image-3051\" alt=\"\" srcset=\"https:\/\/web.inf.ufpr.br\/pet\/wp-content\/uploads\/sites\/17\/2023\/06\/Feirinho-2-300x300.png 300w, https:\/\/web.inf.ufpr.br\/pet\/wp-content\/uploads\/sites\/17\/2023\/06\/Feirinho-2-1024x1024.png 1024w, https:\/\/web.inf.ufpr.br\/pet\/wp-content\/uploads\/sites\/17\/2023\/06\/Feirinho-2-150x150.png 150w, https:\/\/web.inf.ufpr.br\/pet\/wp-content\/uploads\/sites\/17\/2023\/06\/Feirinho-2-768x768.png 768w, https:\/\/web.inf.ufpr.br\/pet\/wp-content\/uploads\/sites\/17\/2023\/06\/Feirinho-2.png 1080w\" sizes=\"(max-width: 300px) 100vw, 300px\" \/>\t\t\t\t\t\t\t\t\t\t\t\t\t\t\t<\/div>\n\t\t\t\t<\/div>\n\t\t\t\t\t<\/div>\n\t\t<\/div>\n\t\t\t\t<div class=\"elementor-column elementor-col-33 elementor-top-column elementor-element elementor-element-bb4661a\" data-id=\"bb4661a\" data-element_type=\"column\" data-e-type=\"column\">\n\t\t\t<div class=\"elementor-widget-wrap elementor-element-populated\">\n\t\t\t\t\t\t<div class=\"elementor-element elementor-element-7dc3bf8 elementor-widget__width-initial elementor-widget elementor-widget-image\" data-id=\"7dc3bf8\" data-element_type=\"widget\" data-e-type=\"widget\" data-widget_type=\"image.default\">\n\t\t\t\t<div class=\"elementor-widget-container\">\n\t\t\t\t\t\t\t\t\t\t\t\t\t\t\t\t<a href=\"http:\/\/qrco.de\/be2Fpz\" target=\"_blank\">\n\t\t\t\t\t\t\t<img decoding=\"async\" width=\"300\" height=\"300\" src=\"https:\/\/web.inf.ufpr.br\/pet\/wp-content\/uploads\/sites\/17\/2023\/06\/Feirinho-1-1-300x300.png\" class=\"attachment-medium size-medium wp-image-3046\" alt=\"\" srcset=\"https:\/\/web.inf.ufpr.br\/pet\/wp-content\/uploads\/sites\/17\/2023\/06\/Feirinho-1-1-300x300.png 300w, https:\/\/web.inf.ufpr.br\/pet\/wp-content\/uploads\/sites\/17\/2023\/06\/Feirinho-1-1-1024x1024.png 1024w, https:\/\/web.inf.ufpr.br\/pet\/wp-content\/uploads\/sites\/17\/2023\/06\/Feirinho-1-1-150x150.png 150w, https:\/\/web.inf.ufpr.br\/pet\/wp-content\/uploads\/sites\/17\/2023\/06\/Feirinho-1-1-768x768.png 768w, https:\/\/web.inf.ufpr.br\/pet\/wp-content\/uploads\/sites\/17\/2023\/06\/Feirinho-1-1.png 1080w\" sizes=\"(max-width: 300px) 100vw, 300px\" \/>\t\t\t\t\t\t\t\t<\/a>\n\t\t\t\t\t\t\t\t\t\t\t\t\t\t\t<\/div>\n\t\t\t\t<\/div>\n\t\t\t\t\t<\/div>\n\t\t<\/div>\n\t\t\t\t\t<\/div>\n\t\t<\/section>\n\t\t\t\t<section class=\"elementor-section elementor-top-section elementor-element elementor-element-f01d71d elementor-section-boxed elementor-section-height-default elementor-section-height-default\" data-id=\"f01d71d\" data-element_type=\"section\" data-e-type=\"section\">\n\t\t\t\t\t\t<div class=\"elementor-container elementor-column-gap-default\">\n\t\t\t\t\t<div class=\"elementor-column elementor-col-100 elementor-top-column elementor-element elementor-element-4df4665\" data-id=\"4df4665\" data-element_type=\"column\" data-e-type=\"column\">\n\t\t\t<div class=\"elementor-widget-wrap elementor-element-populated\">\n\t\t\t\t\t\t<div class=\"elementor-element elementor-element-c8cd235 elementor-widget elementor-widget-spacer\" data-id=\"c8cd235\" data-element_type=\"widget\" data-e-type=\"widget\" data-widget_type=\"spacer.default\">\n\t\t\t\t<div class=\"elementor-widget-container\">\n\t\t\t\t\t\t\t<div class=\"elementor-spacer\">\n\t\t\t<div class=\"elementor-spacer-inner\"><\/div>\n\t\t<\/div>\n\t\t\t\t\t\t<\/div>\n\t\t\t\t<\/div>\n\t\t\t\t\t<\/div>\n\t\t<\/div>\n\t\t\t\t\t<\/div>\n\t\t<\/section>\n\t\t\t\t<section class=\"elementor-section elementor-top-section elementor-element elementor-element-7428413 elementor-section-boxed elementor-section-height-default elementor-section-height-default\" data-id=\"7428413\" data-element_type=\"section\" data-e-type=\"section\">\n\t\t\t\t\t\t<div class=\"elementor-container elementor-column-gap-default\">\n\t\t\t\t\t<div class=\"elementor-column elementor-col-100 elementor-top-column elementor-element elementor-element-03dd4ab\" data-id=\"03dd4ab\" data-element_type=\"column\" data-e-type=\"column\">\n\t\t\t<div class=\"elementor-widget-wrap elementor-element-populated\">\n\t\t\t\t\t\t<div class=\"elementor-element elementor-element-de5f3d0 elementor-tabs-view-horizontal elementor-widget elementor-widget-tabs\" data-id=\"de5f3d0\" data-element_type=\"widget\" data-e-type=\"widget\" data-widget_type=\"tabs.default\">\n\t\t\t\t<div class=\"elementor-widget-container\">\n\t\t\t\t\t\t\t<div class=\"elementor-tabs\">\n\t\t\t<div class=\"elementor-tabs-wrapper\" role=\"tablist\" >\n\t\t\t\t\t\t\t\t\t<div id=\"elementor-tab-title-2331\" class=\"elementor-tab-title elementor-tab-desktop-title\" aria-selected=\"true\" data-tab=\"1\" role=\"tab\" tabindex=\"0\" aria-controls=\"elementor-tab-content-2331\" aria-expanded=\"false\">Objetivos<\/div>\n\t\t\t\t\t\t\t\t\t<div id=\"elementor-tab-title-2332\" class=\"elementor-tab-title elementor-tab-desktop-title\" aria-selected=\"false\" data-tab=\"2\" role=\"tab\" tabindex=\"-1\" aria-controls=\"elementor-tab-content-2332\" aria-expanded=\"false\">Contibuintes<\/div>\n\t\t\t\t\t\t\t<\/div>\n\t\t\t<div class=\"elementor-tabs-content-wrapper\" role=\"tablist\" aria-orientation=\"vertical\">\n\t\t\t\t\t\t\t\t\t<div class=\"elementor-tab-title elementor-tab-mobile-title\" aria-selected=\"true\" data-tab=\"1\" role=\"tab\" tabindex=\"0\" aria-controls=\"elementor-tab-content-2331\" aria-expanded=\"false\">Objetivos<\/div>\n\t\t\t\t\t<div id=\"elementor-tab-content-2331\" class=\"elementor-tab-content elementor-clearfix\" data-tab=\"1\" role=\"tabpanel\" aria-labelledby=\"elementor-tab-title-2331\" tabindex=\"0\" hidden=\"false\"><ul><li>Desenvolver um jogo funcional para exposi\u00e7\u00e3o na Feira de Cursos e Profiss\u00f5es (2023) da UFPR;<\/li><li>Dar continuidade na manuten\u00e7\u00e3o e aprimoramento do jogo internamente ao projeto Jogo da Feira.<\/li><\/ul><\/div>\n\t\t\t\t\t\t\t\t\t<div class=\"elementor-tab-title elementor-tab-mobile-title\" aria-selected=\"false\" data-tab=\"2\" role=\"tab\" tabindex=\"-1\" aria-controls=\"elementor-tab-content-2332\" aria-expanded=\"false\">Contibuintes<\/div>\n\t\t\t\t\t<div id=\"elementor-tab-content-2332\" class=\"elementor-tab-content elementor-clearfix\" data-tab=\"2\" role=\"tabpanel\" aria-labelledby=\"elementor-tab-title-2332\" tabindex=\"0\" hidden=\"hidden\"><ul><li>Camilla Hollmann<\/li><li>Hendrik Kees Koppe<\/li><li>Maisa Carolina Moreno Girardi<\/li><li>Maria Cec\u00edlia Lino Liberato<\/li><li>Maria Luiza Palacio da Silva<\/li><li>Thales Gabriel Carvalho de Lima<\/li><\/ul><\/div>\n\t\t\t\t\t\t\t<\/div>\n\t\t<\/div>\n\t\t\t\t\t\t<\/div>\n\t\t\t\t<\/div>\n\t\t\t\t\t<\/div>\n\t\t<\/div>\n\t\t\t\t\t<\/div>\n\t\t<\/section>\n\t\t\t\t<\/div>\n\t\t","protected":false},"excerpt":{"rendered":"<p>O Feirinho \u00e9 um projeto que consiste em um jogo para plataformas mobile, com o objetivo de gerar \u201ccursivaras\u201d (avatares de capivaras baseados em cursos da UFPR) aleatoriamente para o jogador quando esse chacoalha o dispositivo. O jogo foi criado dentro do projeto Jogo da Feira, para a feira de cursos da UFPR de 2023&hellip; <br \/> <a class=\"read-more\" href=\"https:\/\/web.inf.ufpr.br\/pet\/projetos\/feirinho-2\/\">Leia mais<\/a><\/p>\n","protected":false},"author":26,"featured_media":0,"parent":106,"menu_order":0,"comment_status":"closed","ping_status":"closed","template":"","meta":{"footnotes":""},"class_list":["post-3043","page","type-page","status-publish","hentry"],"_links":{"self":[{"href":"https:\/\/web.inf.ufpr.br\/pet\/wp-json\/wp\/v2\/pages\/3043","targetHints":{"allow":["GET"]}}],"collection":[{"href":"https:\/\/web.inf.ufpr.br\/pet\/wp-json\/wp\/v2\/pages"}],"about":[{"href":"https:\/\/web.inf.ufpr.br\/pet\/wp-json\/wp\/v2\/types\/page"}],"author":[{"embeddable":true,"href":"https:\/\/web.inf.ufpr.br\/pet\/wp-json\/wp\/v2\/users\/26"}],"replies":[{"embeddable":true,"href":"https:\/\/web.inf.ufpr.br\/pet\/wp-json\/wp\/v2\/comments?post=3043"}],"version-history":[{"count":28,"href":"https:\/\/web.inf.ufpr.br\/pet\/wp-json\/wp\/v2\/pages\/3043\/revisions"}],"predecessor-version":[{"id":3600,"href":"https:\/\/web.inf.ufpr.br\/pet\/wp-json\/wp\/v2\/pages\/3043\/revisions\/3600"}],"up":[{"embeddable":true,"href":"https:\/\/web.inf.ufpr.br\/pet\/wp-json\/wp\/v2\/pages\/106"}],"wp:attachment":[{"href":"https:\/\/web.inf.ufpr.br\/pet\/wp-json\/wp\/v2\/media?parent=3043"}],"curies":[{"name":"wp","href":"https:\/\/api.w.org\/{rel}","templated":true}]}}