{"id":2460,"date":"2023-04-02T17:31:04","date_gmt":"2023-04-02T20:31:04","guid":{"rendered":"https:\/\/web.inf.ufpr.br\/pet\/?page_id=2460"},"modified":"2025-10-24T13:21:33","modified_gmt":"2025-10-24T16:21:33","slug":"divulgacao-universitaria","status":"publish","type":"page","link":"https:\/\/web.inf.ufpr.br\/pet\/projetos\/divulgacao-universitaria\/","title":{"rendered":"Divulga\u00e7\u00e3o Universit\u00e1ria"},"content":{"rendered":"<p dir=\"ltr\">A Divulga\u00e7\u00e3o Universit\u00e1ria \u00e9 um projeto que visa divulgar os projetos e atividades organizadas e realizadas pelo PET Computa\u00e7\u00e3o, al\u00e9m de informar e auxiliar os alunos dos cursos de Ci\u00eancia da Computa\u00e7\u00e3o e Inform\u00e1tica Biom\u00e9dica atrav\u00e9s do compartilhamento de informa\u00e7\u00f5es importantes ao corpo estudantil da Universidade Federal do Paran\u00e1 (UFPR), tais como o calend\u00e1rio dos semestres letivos , detalhes de eventos universit\u00e1rios, avisos relevantes, entre outras.<\/p>\n<p>\t\t\t\t\t\t\t\t\tObjetivos<br \/>\n\t\t\t\t\t\t\t\t\tMetodologia<br \/>\n\t\t\t\t\t\t\t\t\tEquipe<br \/>\n\t\t\t\t\t\t\t\t\tObjetivos<\/p>\n<ul>\n<li>Divulgar e apoiar a divulga\u00e7\u00e3o das atividades de ensino, pesquisa e extens\u00e3o realizadas pelos discentes e docentes do Departamento de Inform\u00e1tica da Universidade Federal do Paran\u00e1;<\/li>\n<li>Conscientizar indiv\u00edduos externos e internos \u00e0 universidade a respeito de sua import\u00e2ncia, papel social e as assist\u00eancias que promove;<\/li>\n<li>Favorecer a integra\u00e7\u00e3o e comunica\u00e7\u00e3o flu\u00edda entre estudantes dos cursos de Ci\u00eancia da Computa\u00e7\u00e3o e Inform\u00e1tica Biom\u00e9dica.&nbsp;<\/li>\n<\/ul>\n<p>\t\t\t\t\t\t\t\t\tMetodologia<\/p>\n<p>Utiliza-se das m\u00eddias sociais do PET Computa\u00e7\u00e3o, como o Instagram, para a divulga\u00e7\u00e3o das atividades de ensino, pesquisa e extens\u00e3o realizadas, tanto pelos integrantes do PET Computa\u00e7\u00e3o, quanto pela comunidade estudantil da UFPR como um todo.<\/p>\n<p>S\u00e3o desenvolvidas publica\u00e7\u00f5es (direcionadas \u00e0s redes sociais) e banners (geralmente impressos para a exposi\u00e7\u00e3o presencial no Departamento de Inform\u00e1tica (DInf)) na plataforma Canva. Essas, por sua vez, carregam cunho informativo e tratam das mais diversas atividades que foram, ou ser\u00e3o realizadas brevemente no ambiente universit\u00e1rio.<\/p>\n<p>\t\t\t\t\t\t\t\t\tEquipe<\/p>\n<ul>\n<li>Elen Pasqualli Gesser<\/li>\n<li>Elisa Rocha Eleot\u00e9rio<\/li>\n<li>Eloisa Nielsen<\/li>\n<li>Juliana Zambon <strong>(l\u00edder)<\/strong><\/li>\n<li>Maria Cec\u00edlia Lino Liberato<\/li>\n<\/ul>\n","protected":false},"excerpt":{"rendered":"<p>A Divulga\u00e7\u00e3o Universit\u00e1ria \u00e9 um projeto que visa divulgar os projetos e atividades organizadas e realizadas pelo PET Computa\u00e7\u00e3o, al\u00e9m de informar e auxiliar os alunos dos cursos de Ci\u00eancia da Computa\u00e7\u00e3o e Inform\u00e1tica Biom\u00e9dica atrav\u00e9s do compartilhamento de informa\u00e7\u00f5es importantes ao corpo estudantil da Universidade Federal do Paran\u00e1 (UFPR), tais como o calend\u00e1rio dos&hellip; <br \/> <a class=\"read-more\" href=\"https:\/\/web.inf.ufpr.br\/pet\/projetos\/divulgacao-universitaria\/\">Leia mais<\/a><\/p>\n","protected":false},"author":26,"featured_media":0,"parent":106,"menu_order":0,"comment_status":"closed","ping_status":"closed","template":"","meta":{"footnotes":""},"class_list":["post-2460","page","type-page","status-publish","hentry"],"_links":{"self":[{"href":"https:\/\/web.inf.ufpr.br\/pet\/wp-json\/wp\/v2\/pages\/2460","targetHints":{"allow":["GET"]}}],"collection":[{"href":"https:\/\/web.inf.ufpr.br\/pet\/wp-json\/wp\/v2\/pages"}],"about":[{"href":"https:\/\/web.inf.ufpr.br\/pet\/wp-json\/wp\/v2\/types\/page"}],"author":[{"embeddable":true,"href":"https:\/\/web.inf.ufpr.br\/pet\/wp-json\/wp\/v2\/users\/26"}],"replies":[{"embeddable":true,"href":"https:\/\/web.inf.ufpr.br\/pet\/wp-json\/wp\/v2\/comments?post=2460"}],"version-history":[{"count":38,"href":"https:\/\/web.inf.ufpr.br\/pet\/wp-json\/wp\/v2\/pages\/2460\/revisions"}],"predecessor-version":[{"id":3783,"href":"https:\/\/web.inf.ufpr.br\/pet\/wp-json\/wp\/v2\/pages\/2460\/revisions\/3783"}],"up":[{"embeddable":true,"href":"https:\/\/web.inf.ufpr.br\/pet\/wp-json\/wp\/v2\/pages\/106"}],"wp:attachment":[{"href":"https:\/\/web.inf.ufpr.br\/pet\/wp-json\/wp\/v2\/media?parent=2460"}],"curies":[{"name":"wp","href":"https:\/\/api.w.org\/{rel}","templated":true}]}}