{"id":2433,"date":"2023-04-02T16:37:36","date_gmt":"2023-04-02T19:37:36","guid":{"rendered":"https:\/\/web.inf.ufpr.br\/pet\/?page_id=2433"},"modified":"2024-04-30T18:39:08","modified_gmt":"2024-04-30T21:39:08","slug":"semana-dos-calouros","status":"publish","type":"page","link":"https:\/\/web.inf.ufpr.br\/pet\/projetos\/semana-dos-calouros\/","title":{"rendered":"Semana de Calouros"},"content":{"rendered":"\t\t<div data-elementor-type=\"wp-page\" data-elementor-id=\"2433\" class=\"elementor elementor-2433\">\n\t\t\t\t\t\t<section class=\"elementor-section elementor-top-section elementor-element elementor-element-4d87853c elementor-section-boxed elementor-section-height-default elementor-section-height-default\" data-id=\"4d87853c\" data-element_type=\"section\" data-e-type=\"section\">\n\t\t\t\t\t\t<div class=\"elementor-container elementor-column-gap-default\">\n\t\t\t\t\t<div class=\"elementor-column elementor-col-100 elementor-top-column elementor-element elementor-element-3c573cc1\" data-id=\"3c573cc1\" data-element_type=\"column\" data-e-type=\"column\">\n\t\t\t<div class=\"elementor-widget-wrap elementor-element-populated\">\n\t\t\t\t\t\t<div class=\"elementor-element elementor-element-287a0bf8 elementor-widget elementor-widget-text-editor\" data-id=\"287a0bf8\" data-element_type=\"widget\" data-e-type=\"widget\" data-widget_type=\"text-editor.default\">\n\t\t\t\t<div class=\"elementor-widget-container\">\n\t\t\t\t\t\t\t\t\t<p><span id=\"docs-internal-guid-fab2585b-7fff-755e-86de-cdaf4f38079b\">A Semana de Calouros \u00e9 um evento que ocorre anualmente, na primeira semana de cada semestre letivo. O projeto \u00e9 especialmente dedicado \u00e0 organiza\u00e7\u00e3o do evento para que sejam ofertados, aos calouros dos cursos de Inform\u00e1tica Biom\u00e9dica e Ci\u00eancia da Computa\u00e7\u00e3o, um conjunto de informa\u00e7\u00f5es necess\u00e1rias para seu in\u00edcio acad\u00eamico na Universidade e no curso, al\u00e9m de din\u00e2micas que promovem a integra\u00e7\u00e3o dos discentes.\u00a0<\/span><\/p><p><span id=\"docs-internal-guid-fab2585b-7fff-755e-86de-cdaf4f38079b\">Ao longo da semana ocorrem<\/span><span id=\"docs-internal-guid-fab2585b-7fff-755e-86de-cdaf4f38079b\"> <\/span><span id=\"docs-internal-guid-fab2585b-7fff-755e-86de-cdaf4f38079b\">palestras<\/span><span id=\"docs-internal-guid-fab2585b-7fff-755e-86de-cdaf4f38079b\"> sobre os cursos, apresenta\u00e7\u00e3o das instala\u00e7\u00f5es do campus em que s\u00e3o ministradas as aulas, conversas sobre vida acad\u00eamica e mercado de trabalho, al\u00e9m de atividades l\u00fadicas para gerar familiaridade, tanto entre os alunos quanto desses com o<\/span><span id=\"docs-internal-guid-fab2585b-7fff-755e-86de-cdaf4f38079b\"> campus.<\/span><\/p>\t\t\t\t\t\t\t\t<\/div>\n\t\t\t\t<\/div>\n\t\t\t\t\t<\/div>\n\t\t<\/div>\n\t\t\t\t\t<\/div>\n\t\t<\/section>\n\t\t\t\t<section class=\"elementor-section elementor-top-section elementor-element elementor-element-ea1d72b elementor-section-boxed elementor-section-height-default elementor-section-height-default\" data-id=\"ea1d72b\" data-element_type=\"section\" data-e-type=\"section\">\n\t\t\t\t\t\t<div class=\"elementor-container elementor-column-gap-default\">\n\t\t\t\t\t<div class=\"elementor-column elementor-col-100 elementor-top-column elementor-element elementor-element-43f5fc7\" data-id=\"43f5fc7\" data-element_type=\"column\" data-e-type=\"column\">\n\t\t\t<div class=\"elementor-widget-wrap elementor-element-populated\">\n\t\t\t\t\t\t<div class=\"elementor-element elementor-element-ca4ddd1 elementor-tabs-view-horizontal elementor-widget elementor-widget-tabs\" data-id=\"ca4ddd1\" data-element_type=\"widget\" data-e-type=\"widget\" data-widget_type=\"tabs.default\">\n\t\t\t\t<div class=\"elementor-widget-container\">\n\t\t\t\t\t\t\t<div class=\"elementor-tabs\">\n\t\t\t<div class=\"elementor-tabs-wrapper\" role=\"tablist\" >\n\t\t\t\t\t\t\t\t\t<div id=\"elementor-tab-title-2121\" class=\"elementor-tab-title elementor-tab-desktop-title\" aria-selected=\"true\" data-tab=\"1\" role=\"tab\" tabindex=\"0\" aria-controls=\"elementor-tab-content-2121\" aria-expanded=\"false\">Objetivos<\/div>\n\t\t\t\t\t\t\t\t\t<div id=\"elementor-tab-title-2122\" class=\"elementor-tab-title elementor-tab-desktop-title\" aria-selected=\"false\" data-tab=\"2\" role=\"tab\" tabindex=\"-1\" aria-controls=\"elementor-tab-content-2122\" aria-expanded=\"false\">Resultados<\/div>\n\t\t\t\t\t\t\t\t\t<div id=\"elementor-tab-title-2123\" class=\"elementor-tab-title elementor-tab-desktop-title\" aria-selected=\"false\" data-tab=\"3\" role=\"tab\" tabindex=\"-1\" aria-controls=\"elementor-tab-content-2123\" aria-expanded=\"false\">Equipe<\/div>\n\t\t\t\t\t\t\t<\/div>\n\t\t\t<div class=\"elementor-tabs-content-wrapper\" role=\"tablist\" aria-orientation=\"vertical\">\n\t\t\t\t\t\t\t\t\t<div class=\"elementor-tab-title elementor-tab-mobile-title\" aria-selected=\"true\" data-tab=\"1\" role=\"tab\" tabindex=\"0\" aria-controls=\"elementor-tab-content-2121\" aria-expanded=\"false\">Objetivos<\/div>\n\t\t\t\t\t<div id=\"elementor-tab-content-2121\" class=\"elementor-tab-content elementor-clearfix\" data-tab=\"1\" role=\"tabpanel\" aria-labelledby=\"elementor-tab-title-2121\" tabindex=\"0\" hidden=\"false\"><ul>\n<li>Apresentar as redes de apoio existentes na UFPR;<\/li><li>Promover integra\u00e7\u00e3o e fraternidade entre os calouros dos cursos de Ci\u00eancia da Computa\u00e7\u00e3o e Inform\u00e1tica Biom\u00e9dica, al\u00e9m de familiaridade desses com os veteranos;<\/li>\n<li>Colaborar para a redu\u00e7\u00e3o de evas\u00e3o dos cursos por falta de amparo ao ingressar na faculdade;<\/li>\n<li><span style=\"font-weight: 400\">Apresenta\u00e7\u00e3o das estruturas administrativas da Universidade como os departamentos, os setores, os professores, a vida acad\u00eamica e a rotina de um estudante, grupos dentro da universidade, projetos extra-classe, entre outros;<\/span><\/li>\n<li>Introduzir aos calouros as oportunidades e possibilidades de suas respectivas \u00e1reas de estudo no Mercado de Trabalho;<\/li>\n<li><span style=\"font-weight: 400\">Discorrer sobre as poss\u00edveis atividades \u00e0 disposi\u00e7\u00e3o dos alunos, tanto para ingresso quanto para presta\u00e7\u00e3o de aux\u00edlio, tais como o PET Computa\u00e7\u00e3o, Grupos de Pesquisa e Inicia\u00e7\u00e3o Cient\u00edfica (ICs), grupo da Maratona de Programa\u00e7\u00e3o (CAPIMARA), Empresas J\u00fanior, Centros Acad\u00eamicos, entre outras;<\/span><\/li>\n<li><span style=\"font-weight: 400\">Oferecer uma base de conhecimento no uso introdut\u00f3rio de m\u00e1quinas com Sistemas Operacionais Linux e as respectivas ferramentas que s\u00e3o comumente utilizadas no decorrer dos cursos.<\/span><\/li>\n<\/ul><\/div>\n\t\t\t\t\t\t\t\t\t<div class=\"elementor-tab-title elementor-tab-mobile-title\" aria-selected=\"false\" data-tab=\"2\" role=\"tab\" tabindex=\"-1\" aria-controls=\"elementor-tab-content-2122\" aria-expanded=\"false\">Resultados<\/div>\n\t\t\t\t\t<div id=\"elementor-tab-content-2122\" class=\"elementor-tab-content elementor-clearfix\" data-tab=\"2\" role=\"tabpanel\" aria-labelledby=\"elementor-tab-title-2122\" tabindex=\"0\" hidden=\"hidden\"><p><span style=\"font-weight: 400\">Na Semana de Calouros 2022, foram gerados 82 certificados de participa\u00e7\u00e3o na Semana de Recep\u00e7\u00e3o dos Calouros <\/span><span style=\"font-weight: 400\">2022,<\/span><span style=\"font-weight: 400\"> para um aluno receber um certificado \u00e9 necess\u00e1ria participa\u00e7\u00e3o em 4 dos 5 dias de atividades, ou seja 82 alunos participaram ativamente das palestras e cursos ofertados. <br><\/span><\/p><p><span style=\"font-weight: 400\">De acordo com o <\/span><i><span style=\"font-weight: 400\">feedback <\/span><\/i><span style=\"font-weight: 400\">coletado durante as atividades, foi poss\u00edvel observar uma resposta positiva dos calouros em rela\u00e7\u00e3o ao projeto e seu prop\u00f3sito de integrar o aluno \u00e0 universidade.<\/span><\/p><\/div>\n\t\t\t\t\t\t\t\t\t<div class=\"elementor-tab-title elementor-tab-mobile-title\" aria-selected=\"false\" data-tab=\"3\" role=\"tab\" tabindex=\"-1\" aria-controls=\"elementor-tab-content-2123\" aria-expanded=\"false\">Equipe<\/div>\n\t\t\t\t\t<div id=\"elementor-tab-content-2123\" class=\"elementor-tab-content elementor-clearfix\" data-tab=\"3\" role=\"tabpanel\" aria-labelledby=\"elementor-tab-title-2123\" tabindex=\"0\" hidden=\"hidden\"><p>Todos os integrantes do PET Computa\u00e7\u00e3o UFPR participam ativamente na organiza\u00e7\u00e3o e na realiza\u00e7\u00e3o da Semana dos Calouros.<\/p><\/div>\n\t\t\t\t\t\t\t<\/div>\n\t\t<\/div>\n\t\t\t\t\t\t<\/div>\n\t\t\t\t<\/div>\n\t\t\t\t\t<\/div>\n\t\t<\/div>\n\t\t\t\t\t<\/div>\n\t\t<\/section>\n\t\t\t\t<\/div>\n\t\t","protected":false},"excerpt":{"rendered":"<p>A Semana de Calouros \u00e9 um evento que ocorre anualmente, na primeira semana de cada semestre letivo. O projeto \u00e9 especialmente dedicado \u00e0 organiza\u00e7\u00e3o do evento para que sejam ofertados, aos calouros dos cursos de Inform\u00e1tica Biom\u00e9dica e Ci\u00eancia da Computa\u00e7\u00e3o, um conjunto de informa\u00e7\u00f5es necess\u00e1rias para seu in\u00edcio acad\u00eamico na Universidade e no curso,&hellip; <br \/> <a class=\"read-more\" href=\"https:\/\/web.inf.ufpr.br\/pet\/projetos\/semana-dos-calouros\/\">Leia mais<\/a><\/p>\n","protected":false},"author":26,"featured_media":0,"parent":106,"menu_order":0,"comment_status":"closed","ping_status":"closed","template":"","meta":{"footnotes":""},"class_list":["post-2433","page","type-page","status-publish","hentry"],"_links":{"self":[{"href":"https:\/\/web.inf.ufpr.br\/pet\/wp-json\/wp\/v2\/pages\/2433","targetHints":{"allow":["GET"]}}],"collection":[{"href":"https:\/\/web.inf.ufpr.br\/pet\/wp-json\/wp\/v2\/pages"}],"about":[{"href":"https:\/\/web.inf.ufpr.br\/pet\/wp-json\/wp\/v2\/types\/page"}],"author":[{"embeddable":true,"href":"https:\/\/web.inf.ufpr.br\/pet\/wp-json\/wp\/v2\/users\/26"}],"replies":[{"embeddable":true,"href":"https:\/\/web.inf.ufpr.br\/pet\/wp-json\/wp\/v2\/comments?post=2433"}],"version-history":[{"count":23,"href":"https:\/\/web.inf.ufpr.br\/pet\/wp-json\/wp\/v2\/pages\/2433\/revisions"}],"predecessor-version":[{"id":3661,"href":"https:\/\/web.inf.ufpr.br\/pet\/wp-json\/wp\/v2\/pages\/2433\/revisions\/3661"}],"up":[{"embeddable":true,"href":"https:\/\/web.inf.ufpr.br\/pet\/wp-json\/wp\/v2\/pages\/106"}],"wp:attachment":[{"href":"https:\/\/web.inf.ufpr.br\/pet\/wp-json\/wp\/v2\/media?parent=2433"}],"curies":[{"name":"wp","href":"https:\/\/api.w.org\/{rel}","templated":true}]}}