{"id":2244,"date":"2023-04-01T18:12:28","date_gmt":"2023-04-01T21:12:28","guid":{"rendered":"https:\/\/web.inf.ufpr.br\/pet\/?page_id=2244"},"modified":"2025-02-24T19:52:28","modified_gmt":"2025-02-24T22:52:28","slug":"incentivo-a-programacao-competitiva","status":"publish","type":"page","link":"https:\/\/web.inf.ufpr.br\/pet\/projetos\/incentivo-a-programacao-competitiva\/","title":{"rendered":"Incentivo \u00c0 Programa\u00e7\u00e3o Competitiva"},"content":{"rendered":"\t\t<div data-elementor-type=\"wp-page\" data-elementor-id=\"2244\" class=\"elementor elementor-2244\">\n\t\t\t\t\t\t<section class=\"elementor-section elementor-top-section elementor-element elementor-element-d8a776e elementor-section-boxed elementor-section-height-default elementor-section-height-default\" data-id=\"d8a776e\" data-element_type=\"section\" data-e-type=\"section\">\n\t\t\t\t\t\t<div class=\"elementor-container elementor-column-gap-default\">\n\t\t\t\t\t<div class=\"elementor-column elementor-col-100 elementor-top-column elementor-element elementor-element-098a96a\" data-id=\"098a96a\" data-element_type=\"column\" data-e-type=\"column\">\n\t\t\t<div class=\"elementor-widget-wrap elementor-element-populated\">\n\t\t\t\t\t\t<div class=\"elementor-element elementor-element-e7fe73a elementor-widget elementor-widget-text-editor\" data-id=\"e7fe73a\" data-element_type=\"widget\" data-e-type=\"widget\" data-widget_type=\"text-editor.default\">\n\t\t\t\t<div class=\"elementor-widget-container\">\n\t\t\t\t\t\t\t\t\t<p><span style=\"letter-spacing: 0.2px;color: var( --e-global-color-text );font-family: var( --e-global-typography-text-font-family ), Montserrat;font-weight: var( --e-global-typography-text-font-weight );background-color: transparent\">O projeto \u201cIncentivo \u00c0 Programa\u00e7\u00e3o Competitiva\u201d foi criado pelo\u00a0<\/span><span style=\"color: var( --e-global-color-text );font-family: var( --e-global-typography-text-font-family ), Montserrat;font-weight: var( --e-global-typography-text-font-weight );background-color: transparent;letter-spacing: 0.2px\">PET Computa\u00e7\u00e3o UFPR em conjunto com o grupo CAPIMARA UFPR (Competidores(as) Pirados em Maratona!). Atualmente, apesar de n\u00e3o incluir mais a participa\u00e7\u00e3o dos membros do PET Computa\u00e7\u00e3o em seu desenvolvimento, o projeto ainda segue ativo com o CAPIMARA.<\/span><\/p><p><span style=\"color: var( --e-global-color-text );font-family: var( --e-global-typography-text-font-family ), Montserrat;font-weight: var( --e-global-typography-text-font-weight );background-color: transparent;letter-spacing: 0.2px\">O projeto visa divulgar maratonas de programa\u00e7\u00e3o e realizar treinamentos semanais para alunos dos cursos de Ci\u00eancia da Computa\u00e7\u00e3o e Inform\u00e1tica Biom\u00e9dica que desejem aprimorar os seus conhecimentos em programa\u00e7\u00e3o, a fim de participarem das maratonas de programa\u00e7\u00e3o, utilizando linguagens de programa\u00e7\u00e3o como Python e C++.<\/span><span style=\"color: var( --e-global-color-text );font-family: var( --e-global-typography-text-font-family ), Montserrat;font-weight: var( --e-global-typography-text-font-weight );background-color: transparent;letter-spacing: 0.2px\"> Para tanto, membros do CAPIMARA ministram aulas e treinos nos laborat\u00f3rios do DInf (anteriormente com aux\u00edlio do PET), sobre C++ e como a maratona e seus contests funcionam.<\/span><\/p>\t\t\t\t\t\t\t\t<\/div>\n\t\t\t\t<\/div>\n\t\t\t\t<div class=\"elementor-element elementor-element-bd8e6b1 elementor-tabs-view-horizontal elementor-widget elementor-widget-tabs\" data-id=\"bd8e6b1\" data-element_type=\"widget\" data-e-type=\"widget\" data-widget_type=\"tabs.default\">\n\t\t\t\t<div class=\"elementor-widget-container\">\n\t\t\t\t\t\t\t<div class=\"elementor-tabs\">\n\t\t\t<div class=\"elementor-tabs-wrapper\" role=\"tablist\" >\n\t\t\t\t\t\t\t\t\t<div id=\"elementor-tab-title-1981\" class=\"elementor-tab-title elementor-tab-desktop-title\" aria-selected=\"true\" data-tab=\"1\" role=\"tab\" tabindex=\"0\" aria-controls=\"elementor-tab-content-1981\" aria-expanded=\"false\">Objetivos<\/div>\n\t\t\t\t\t\t\t\t\t<div id=\"elementor-tab-title-1982\" class=\"elementor-tab-title elementor-tab-desktop-title\" aria-selected=\"false\" data-tab=\"2\" role=\"tab\" tabindex=\"-1\" aria-controls=\"elementor-tab-content-1982\" aria-expanded=\"false\">Links<\/div>\n\t\t\t\t\t\t\t\t\t<div id=\"elementor-tab-title-1983\" class=\"elementor-tab-title elementor-tab-desktop-title\" aria-selected=\"false\" data-tab=\"3\" role=\"tab\" tabindex=\"-1\" aria-controls=\"elementor-tab-content-1983\" aria-expanded=\"false\">Membros CAPIMARA<\/div>\n\t\t\t\t\t\t\t<\/div>\n\t\t\t<div class=\"elementor-tabs-content-wrapper\" role=\"tablist\" aria-orientation=\"vertical\">\n\t\t\t\t\t\t\t\t\t<div class=\"elementor-tab-title elementor-tab-mobile-title\" aria-selected=\"true\" data-tab=\"1\" role=\"tab\" tabindex=\"0\" aria-controls=\"elementor-tab-content-1981\" aria-expanded=\"false\">Objetivos<\/div>\n\t\t\t\t\t<div id=\"elementor-tab-content-1981\" class=\"elementor-tab-content elementor-clearfix\" data-tab=\"1\" role=\"tabpanel\" aria-labelledby=\"elementor-tab-title-1981\" tabindex=\"0\" hidden=\"false\"><ul><li><span class=\"translatable-message\">Introduzir os conceitos de Programa\u00e7\u00e3o Competitiva para alunos dos cursos de Ci\u00eancia da Computa\u00e7\u00e3o e Inform\u00e1tica Biom\u00e9dica da Universidade Federal do Paran\u00e1;<\/span><\/li><li><span class=\"translatable-message\">Preparar os discentes que participam do projeto para o in\u00edcio de sua trajet\u00f3ria nas competi\u00e7\u00f5es de programa\u00e7\u00e3o;<\/span><\/li><li><span class=\"translatable-message\">Divulgar as principais maratonas de programa\u00e7\u00e3o para que os alunos da Universidade Federal do Paran\u00e1 participem.<\/span><\/li><\/ul><\/div>\n\t\t\t\t\t\t\t\t\t<div class=\"elementor-tab-title elementor-tab-mobile-title\" aria-selected=\"false\" data-tab=\"2\" role=\"tab\" tabindex=\"-1\" aria-controls=\"elementor-tab-content-1982\" aria-expanded=\"false\">Links<\/div>\n\t\t\t\t\t<div id=\"elementor-tab-content-1982\" class=\"elementor-tab-content elementor-clearfix\" data-tab=\"2\" role=\"tabpanel\" aria-labelledby=\"elementor-tab-title-1982\" tabindex=\"0\" hidden=\"hidden\"><ul><li><a href=\"https:\/\/maratona.sbc.org.br\" target=\"_blank\" rel=\"noopener noreferrer\">Maratona SBC: https:\/\/maratona.sbc.org.br<\/a><\/li><li><a href=\"https:\/\/olimpiada.ic.unicamp.br\" target=\"_blank\" rel=\"noopener noreferrer\">Olimp\u00edada Unicamp: https:\/\/olimpiada.ic.unicamp.br<\/a><\/li><li><a href=\"https:\/\/www.inf.ufpr.br\/maratona\/\" target=\"_blank\" rel=\"noopener noreferrer\">CAPIMARA: https:\/\/www.inf.ufpr.br\/maratona\/<\/a><\/li><li><a href=\"https:\/\/codeforces.com\/\">Codeforces: https:\/\/codeforces.com\/<\/a><\/li><\/ul><\/div>\n\t\t\t\t\t\t\t\t\t<div class=\"elementor-tab-title elementor-tab-mobile-title\" aria-selected=\"false\" data-tab=\"3\" role=\"tab\" tabindex=\"-1\" aria-controls=\"elementor-tab-content-1983\" aria-expanded=\"false\">Membros CAPIMARA<\/div>\n\t\t\t\t\t<div id=\"elementor-tab-content-1983\" class=\"elementor-tab-content elementor-clearfix\" data-tab=\"3\" role=\"tabpanel\" aria-labelledby=\"elementor-tab-title-1983\" tabindex=\"0\" hidden=\"hidden\"><ul><li><span style=\"color: var( --e-global-color-text );font-family: var( --e-global-typography-text-font-family ), Montserrat;font-weight: var( --e-global-typography-text-font-weight );background-color: transparent;letter-spacing: 0.2px\">Fernando Kiotheka<\/span><\/li><li><span style=\"color: var( --e-global-color-text );font-family: var( --e-global-typography-text-font-family ), Montserrat;font-weight: var( --e-global-typography-text-font-weight );background-color: transparent;letter-spacing: 0.2px\">Raul Almeida <\/span><\/li><li><span style=\"color: var( --e-global-color-text );font-family: var( --e-global-typography-text-font-family ), Montserrat;font-weight: var( --e-global-typography-text-font-weight );background-color: transparent;letter-spacing: 0.2px\">Vinicius Tikara<\/span><\/li><\/ul><\/div>\n\t\t\t\t\t\t\t<\/div>\n\t\t<\/div>\n\t\t\t\t\t\t<\/div>\n\t\t\t\t<\/div>\n\t\t\t\t\t<\/div>\n\t\t<\/div>\n\t\t\t\t\t<\/div>\n\t\t<\/section>\n\t\t\t\t<\/div>\n\t\t","protected":false},"excerpt":{"rendered":"<p>O projeto \u201cIncentivo \u00c0 Programa\u00e7\u00e3o Competitiva\u201d foi criado pelo\u00a0PET Computa\u00e7\u00e3o UFPR em conjunto com o grupo CAPIMARA UFPR (Competidores(as) Pirados em Maratona!). Atualmente, apesar de n\u00e3o incluir mais a participa\u00e7\u00e3o dos membros do PET Computa\u00e7\u00e3o em seu desenvolvimento, o projeto ainda segue ativo com o CAPIMARA. O projeto visa divulgar maratonas de programa\u00e7\u00e3o e realizar&hellip; <br \/> <a class=\"read-more\" href=\"https:\/\/web.inf.ufpr.br\/pet\/projetos\/incentivo-a-programacao-competitiva\/\">Leia mais<\/a><\/p>\n","protected":false},"author":26,"featured_media":0,"parent":106,"menu_order":0,"comment_status":"closed","ping_status":"closed","template":"","meta":{"footnotes":""},"class_list":["post-2244","page","type-page","status-publish","hentry"],"_links":{"self":[{"href":"https:\/\/web.inf.ufpr.br\/pet\/wp-json\/wp\/v2\/pages\/2244","targetHints":{"allow":["GET"]}}],"collection":[{"href":"https:\/\/web.inf.ufpr.br\/pet\/wp-json\/wp\/v2\/pages"}],"about":[{"href":"https:\/\/web.inf.ufpr.br\/pet\/wp-json\/wp\/v2\/types\/page"}],"author":[{"embeddable":true,"href":"https:\/\/web.inf.ufpr.br\/pet\/wp-json\/wp\/v2\/users\/26"}],"replies":[{"embeddable":true,"href":"https:\/\/web.inf.ufpr.br\/pet\/wp-json\/wp\/v2\/comments?post=2244"}],"version-history":[{"count":49,"href":"https:\/\/web.inf.ufpr.br\/pet\/wp-json\/wp\/v2\/pages\/2244\/revisions"}],"predecessor-version":[{"id":4008,"href":"https:\/\/web.inf.ufpr.br\/pet\/wp-json\/wp\/v2\/pages\/2244\/revisions\/4008"}],"up":[{"embeddable":true,"href":"https:\/\/web.inf.ufpr.br\/pet\/wp-json\/wp\/v2\/pages\/106"}],"wp:attachment":[{"href":"https:\/\/web.inf.ufpr.br\/pet\/wp-json\/wp\/v2\/media?parent=2244"}],"curies":[{"name":"wp","href":"https:\/\/api.w.org\/{rel}","templated":true}]}}