{"id":1828,"date":"2022-02-03T14:30:50","date_gmt":"2022-02-03T17:30:50","guid":{"rendered":"https:\/\/web.inf.ufpr.br\/pet\/mesmerize\/"},"modified":"2026-03-07T16:31:37","modified_gmt":"2026-03-07T19:31:37","slug":"mesmerize","status":"publish","type":"page","link":"https:\/\/web.inf.ufpr.br\/pet\/","title":{"rendered":""},"content":{"rendered":"\t\t<div data-elementor-type=\"wp-page\" data-elementor-id=\"1828\" class=\"elementor elementor-1828\">\n\t\t\t\t\t\t<section class=\"elementor-section elementor-top-section elementor-element elementor-element-e26db30 elementor-section-boxed elementor-section-height-default elementor-section-height-default\" data-id=\"e26db30\" data-element_type=\"section\" data-e-type=\"section\">\n\t\t\t\t\t\t<div class=\"elementor-container elementor-column-gap-default\">\n\t\t\t\t\t<div class=\"elementor-column elementor-col-100 elementor-top-column elementor-element elementor-element-f688d1a\" data-id=\"f688d1a\" data-element_type=\"column\" data-e-type=\"column\">\n\t\t\t<div class=\"elementor-widget-wrap elementor-element-populated\">\n\t\t\t\t\t\t<div class=\"elementor-element elementor-element-febb851 elementor-widget elementor-widget-spacer\" data-id=\"febb851\" data-element_type=\"widget\" data-e-type=\"widget\" data-widget_type=\"spacer.default\">\n\t\t\t\t<div class=\"elementor-widget-container\">\n\t\t\t\t\t\t\t<div class=\"elementor-spacer\">\n\t\t\t<div class=\"elementor-spacer-inner\"><\/div>\n\t\t<\/div>\n\t\t\t\t\t\t<\/div>\n\t\t\t\t<\/div>\n\t\t\t\t<div class=\"elementor-element elementor-element-96c3783 elementor-widget elementor-widget-heading\" data-id=\"96c3783\" data-element_type=\"widget\" data-e-type=\"widget\" data-widget_type=\"heading.default\">\n\t\t\t\t<div class=\"elementor-widget-container\">\n\t\t\t\t\t<h2 class=\"elementor-heading-title elementor-size-default\"><a href=\"https:\/\/petcomp.ufpr.br\/\">Link para o novo site : https:\/\/petcomp.ufpr.br\/<\/a><\/h2>\t\t\t\t<\/div>\n\t\t\t\t<\/div>\n\t\t\t\t\t<\/div>\n\t\t<\/div>\n\t\t\t\t\t<\/div>\n\t\t<\/section>\n\t\t\t\t<section class=\"elementor-section elementor-top-section elementor-element elementor-element-ca36961 elementor-section-boxed elementor-section-height-default elementor-section-height-default\" data-id=\"ca36961\" data-element_type=\"section\" data-e-type=\"section\">\n\t\t\t\t\t\t<div class=\"elementor-container elementor-column-gap-default\">\n\t\t\t\t\t<div class=\"elementor-column elementor-col-100 elementor-top-column elementor-element elementor-element-32f7bbf\" data-id=\"32f7bbf\" data-element_type=\"column\" data-e-type=\"column\">\n\t\t\t<div class=\"elementor-widget-wrap elementor-element-populated\">\n\t\t\t\t\t\t<div class=\"elementor-element elementor-element-d22bacf elementor-widget elementor-widget-spacer\" data-id=\"d22bacf\" data-element_type=\"widget\" data-e-type=\"widget\" data-widget_type=\"spacer.default\">\n\t\t\t\t<div class=\"elementor-widget-container\">\n\t\t\t\t\t\t\t<div class=\"elementor-spacer\">\n\t\t\t<div class=\"elementor-spacer-inner\"><\/div>\n\t\t<\/div>\n\t\t\t\t\t\t<\/div>\n\t\t\t\t<\/div>\n\t\t\t\t\t<\/div>\n\t\t<\/div>\n\t\t\t\t\t<\/div>\n\t\t<\/section>\n\t\t\t\t<section class=\"elementor-section elementor-top-section elementor-element elementor-element-8c56814 elementor-section-boxed elementor-section-height-default elementor-section-height-default\" data-id=\"8c56814\" data-element_type=\"section\" data-e-type=\"section\">\n\t\t\t\t\t\t<div class=\"elementor-container elementor-column-gap-default\">\n\t\t\t\t\t<div class=\"elementor-column elementor-col-33 elementor-top-column elementor-element elementor-element-863e670\" data-id=\"863e670\" data-element_type=\"column\" data-e-type=\"column\">\n\t\t\t<div class=\"elementor-widget-wrap elementor-element-populated\">\n\t\t\t\t\t\t<div class=\"elementor-element elementor-element-e822805 elementor-position-top elementor-widget elementor-widget-image-box\" data-id=\"e822805\" data-element_type=\"widget\" data-e-type=\"widget\" data-widget_type=\"image-box.default\">\n\t\t\t\t<div class=\"elementor-widget-container\">\n\t\t\t\t\t<div class=\"elementor-image-box-wrapper\"><figure class=\"elementor-image-box-img\"><a href=\"https:\/\/web.inf.ufpr.br\/pet\/projetos\/oficina-de-vestibulandos\/\" target=\"_blank\" tabindex=\"-1\"><img decoding=\"async\" src=\"https:\/\/web.inf.ufpr.br\/pet\/wp-content\/uploads\/sites\/17\/2025\/05\/site-Oficina-de-Vestibulandos-2025.png\" title=\"(site) Oficina de Vestibulandos 2025\" alt=\"(site) Oficina de Vestibulandos 2025\" class=\"elementor-animation-grow\" loading=\"lazy\" \/><\/a><\/figure><div class=\"elementor-image-box-content\"><h3 class=\"elementor-image-box-title\"><a href=\"https:\/\/web.inf.ufpr.br\/pet\/projetos\/oficina-de-vestibulandos\/\" target=\"_blank\">Oficina de Vestibulandos 2025<\/a><\/h3><p class=\"elementor-image-box-description\">No projeto Oficina de Vestibulandos s\u00e3o realizadas atividades voltadas a alunos concluintes do ensino m\u00e9dio com interesse em ingressar nos cursos de Ci\u00eancia da Computa\u00e7\u00e3o e Inform\u00e1tica Biom\u00e9dica. [...]<\/p><\/div><\/div>\t\t\t\t<\/div>\n\t\t\t\t<\/div>\n\t\t\t\t\t<\/div>\n\t\t<\/div>\n\t\t\t\t<div class=\"elementor-column elementor-col-33 elementor-top-column elementor-element elementor-element-2db483f\" data-id=\"2db483f\" data-element_type=\"column\" data-e-type=\"column\">\n\t\t\t<div class=\"elementor-widget-wrap elementor-element-populated\">\n\t\t\t\t\t\t<div class=\"elementor-element elementor-element-82d3104 elementor-position-top elementor-widget elementor-widget-image-box\" data-id=\"82d3104\" data-element_type=\"widget\" data-e-type=\"widget\" data-widget_type=\"image-box.default\">\n\t\t\t\t<div class=\"elementor-widget-container\">\n\t\t\t\t\t<div class=\"elementor-image-box-wrapper\"><figure class=\"elementor-image-box-img\"><a href=\"https:\/\/web.inf.ufpr.br\/pet\/2025\/03\/28\/resultado-processo-seletivo-2025-1\/\" target=\"_blank\" tabindex=\"-1\"><img decoding=\"async\" src=\"https:\/\/web.inf.ufpr.br\/pet\/wp-content\/uploads\/sites\/17\/2025\/03\/post-Aprovados-no-PS-2025.1.png\" title=\"(post) Aprovados no PS 2025.1\" alt=\"(post) Aprovados no PS 2025.1\" class=\"elementor-animation-grow\" loading=\"lazy\" \/><\/a><\/figure><div class=\"elementor-image-box-content\"><h3 class=\"elementor-image-box-title\"><a href=\"https:\/\/web.inf.ufpr.br\/pet\/2025\/03\/28\/resultado-processo-seletivo-2025-1\/\" target=\"_blank\">Resultado Processo Seletivo 2025\/1<\/a><\/h3><p class=\"elementor-image-box-description\">O resultado do Processo Seletivo 2025\/1 est\u00e1 disposto na tabela a seguir.\n Foram classificados os candidatos com nota final superior a 70 e foram \nadmitidos os seguintes candidatos para integrar o PET Computa\u00e7\u00e3o a \npartir do m\u00eas de abril de 2025 [...]<\/p><\/div><\/div>\t\t\t\t<\/div>\n\t\t\t\t<\/div>\n\t\t\t\t\t<\/div>\n\t\t<\/div>\n\t\t\t\t<div class=\"elementor-column elementor-col-33 elementor-top-column elementor-element elementor-element-25a6106\" data-id=\"25a6106\" data-element_type=\"column\" data-e-type=\"column\">\n\t\t\t<div class=\"elementor-widget-wrap elementor-element-populated\">\n\t\t\t\t\t\t<div class=\"elementor-element elementor-element-3edff1f elementor-position-top elementor-widget elementor-widget-image-box\" data-id=\"3edff1f\" data-element_type=\"widget\" data-e-type=\"widget\" data-widget_type=\"image-box.default\">\n\t\t\t\t<div class=\"elementor-widget-container\">\n\t\t\t\t\t<div class=\"elementor-image-box-wrapper\"><figure class=\"elementor-image-box-img\"><img decoding=\"async\" src=\"https:\/\/web.inf.ufpr.br\/pet\/wp-content\/uploads\/sites\/17\/2024\/04\/post-Processo-Seletivo-2024.png\" title=\"(post) Processo Seletivo 2024\" alt=\"(post) Processo Seletivo 2024\" class=\"elementor-animation-grow\" loading=\"lazy\" \/><\/figure><div class=\"elementor-image-box-content\"><h3 class=\"elementor-image-box-title\">Processo <br>Seletivo 2024\/1<\/h3><p class=\"elementor-image-box-description\">Inscri\u00e7\u00f5es abertas para o Processo Seletivo do grupo PET Computa\u00e7\u00e3o 2024\/1!\nEst\u00e3o dispon\u00edveis at\u00e9 5 vagas para n\u00e3o bolsistas, sendo 3  para concorr\u00eancia geral e 2 para a\u00e7\u00f5es afirmativas. Confira o edital do processo para mais informa\u00e7\u00f5es [...]<\/p><\/div><\/div>\t\t\t\t<\/div>\n\t\t\t\t<\/div>\n\t\t\t\t\t<\/div>\n\t\t<\/div>\n\t\t\t\t\t<\/div>\n\t\t<\/section>\n\t\t\t\t<section class=\"elementor-section elementor-top-section elementor-element elementor-element-1a4b07e elementor-section-boxed elementor-section-height-default elementor-section-height-default\" data-id=\"1a4b07e\" data-element_type=\"section\" data-e-type=\"section\">\n\t\t\t\t\t\t<div class=\"elementor-container elementor-column-gap-default\">\n\t\t\t\t\t<div class=\"elementor-column elementor-col-100 elementor-top-column elementor-element elementor-element-d981c6f\" data-id=\"d981c6f\" data-element_type=\"column\" data-e-type=\"column\">\n\t\t\t<div class=\"elementor-widget-wrap elementor-element-populated\">\n\t\t\t\t\t\t<div class=\"elementor-element elementor-element-e063f90 elementor-align-center elementor-widget elementor-widget-button\" data-id=\"e063f90\" data-element_type=\"widget\" data-e-type=\"widget\" data-widget_type=\"button.default\">\n\t\t\t\t<div class=\"elementor-widget-container\">\n\t\t\t\t\t\t\t\t\t<div class=\"elementor-button-wrapper\">\n\t\t\t\t\t<a class=\"elementor-button elementor-button-link elementor-size-sm elementor-animation-grow\" href=\"https:\/\/web.inf.ufpr.br\/pet\/blog\/\" target=\"_blank\">\n\t\t\t\t\t\t<span class=\"elementor-button-content-wrapper\">\n\t\t\t\t\t\t\t\t\t<span class=\"elementor-button-text\">Ver Mais<\/span>\n\t\t\t\t\t<\/span>\n\t\t\t\t\t<\/a>\n\t\t\t\t<\/div>\n\t\t\t\t\t\t\t\t<\/div>\n\t\t\t\t<\/div>\n\t\t\t\t<div class=\"elementor-element elementor-element-1c3f4f3 elementor-widget elementor-widget-spacer\" data-id=\"1c3f4f3\" data-element_type=\"widget\" data-e-type=\"widget\" data-widget_type=\"spacer.default\">\n\t\t\t\t<div class=\"elementor-widget-container\">\n\t\t\t\t\t\t\t<div class=\"elementor-spacer\">\n\t\t\t<div class=\"elementor-spacer-inner\"><\/div>\n\t\t<\/div>\n\t\t\t\t\t\t<\/div>\n\t\t\t\t<\/div>\n\t\t\t\t\t<\/div>\n\t\t<\/div>\n\t\t\t\t\t<\/div>\n\t\t<\/section>\n\t\t\t\t<section class=\"elementor-section elementor-top-section elementor-element elementor-element-65c52ef elementor-section-boxed elementor-section-height-default elementor-section-height-default\" data-id=\"65c52ef\" data-element_type=\"section\" data-e-type=\"section\">\n\t\t\t\t\t\t<div class=\"elementor-container elementor-column-gap-default\">\n\t\t\t\t\t<div class=\"elementor-column elementor-col-50 elementor-top-column elementor-element elementor-element-1d4651d\" data-id=\"1d4651d\" data-element_type=\"column\" data-e-type=\"column\">\n\t\t\t<div class=\"elementor-widget-wrap elementor-element-populated\">\n\t\t\t\t\t\t<div class=\"elementor-element elementor-element-0b9beed elementor-widget elementor-widget-testimonial\" data-id=\"0b9beed\" data-element_type=\"widget\" data-e-type=\"widget\" data-widget_type=\"testimonial.default\">\n\t\t\t\t<div class=\"elementor-widget-container\">\n\t\t\t\t\t\t\t<div class=\"elementor-testimonial-wrapper\">\n\t\t\t\t\t\t\t<div class=\"elementor-testimonial-content\">\"Entrei no PET no meu primeiro semestre na faculdade e, com certeza, foi o maior respons\u00e1vel pela minha integra\u00e7\u00e3o dentro da universidade, me apresentando diversas coisas dentro do ambiente acad\u00eamico que eu n\u00e3o teria contato t\u00e3o facilmente por conta pr\u00f3pria. Participar do PET tamb\u00e9m me ajudou a conseguir um est\u00e1gio na \u00e1rea, por ser um programa conhecido nacionalmente, dando a oportunidade de organizar e participar de projetos com grande impacto dentro e fora da UFPR.\"<\/div>\n\t\t\t\n\t\t\t\t\t\t<div class=\"elementor-testimonial-meta elementor-has-image elementor-testimonial-image-position-aside\">\n\t\t\t\t<div class=\"elementor-testimonial-meta-inner\">\n\t\t\t\t\t\t\t\t\t\t\t<div class=\"elementor-testimonial-image\">\n\t\t\t\t\t\t\t<img fetchpriority=\"high\" decoding=\"async\" width=\"500\" height=\"500\" src=\"https:\/\/web.inf.ufpr.br\/pet\/wp-content\/uploads\/sites\/17\/2023\/06\/Avatar13.png\" class=\"attachment-full size-full wp-image-3111\" alt=\"\" srcset=\"https:\/\/web.inf.ufpr.br\/pet\/wp-content\/uploads\/sites\/17\/2023\/06\/Avatar13.png 500w, https:\/\/web.inf.ufpr.br\/pet\/wp-content\/uploads\/sites\/17\/2023\/06\/Avatar13-300x300.png 300w, https:\/\/web.inf.ufpr.br\/pet\/wp-content\/uploads\/sites\/17\/2023\/06\/Avatar13-150x150.png 150w\" sizes=\"(max-width: 500px) 100vw, 500px\" \/>\t\t\t\t\t\t<\/div>\n\t\t\t\t\t\n\t\t\t\t\t\t\t\t\t\t<div class=\"elementor-testimonial-details\">\n\t\t\t\t\t\t\t\t\t\t\t\t\t\t<div class=\"elementor-testimonial-name\">Inai\u00ea Moscal<\/div>\n\t\t\t\t\t\t\t\t\t\t\t\t\t\t\t\t\t\t\t\t\t\t<div class=\"elementor-testimonial-job\">Ex-PETiana<\/div>\n\t\t\t\t\t\t\t\t\t\t\t\t\t<\/div>\n\t\t\t\t\t\t\t\t\t<\/div>\n\t\t\t<\/div>\n\t\t\t\t\t<\/div>\n\t\t\t\t\t\t<\/div>\n\t\t\t\t<\/div>\n\t\t\t\t\t<\/div>\n\t\t<\/div>\n\t\t\t\t<div class=\"elementor-column elementor-col-50 elementor-top-column elementor-element elementor-element-6b08d72\" data-id=\"6b08d72\" data-element_type=\"column\" data-e-type=\"column\">\n\t\t\t<div class=\"elementor-widget-wrap elementor-element-populated\">\n\t\t\t\t\t\t<div class=\"elementor-element elementor-element-2736b58 elementor-widget elementor-widget-testimonial\" data-id=\"2736b58\" data-element_type=\"widget\" data-e-type=\"widget\" data-widget_type=\"testimonial.default\">\n\t\t\t\t<div class=\"elementor-widget-container\">\n\t\t\t\t\t\t\t<div class=\"elementor-testimonial-wrapper\">\n\t\t\t\t\t\t\t<div class=\"elementor-testimonial-content\">\"O PET me deu a oportunidade de trabalhar em projetos que impactam os alunos dos cursos do DINF e da comunidade externa. \nL\u00e1 dentro, todos tem a mesma voz, independente de ser tutor, bolsista ou volunt\u00e1rio e os petianos s\u00e3o acolhedores e se ajudam.\n\n O PET Computa\u00e7\u00e3o UFPR se tornou, de fato, uma segunda casa para mim dentro da faculdade. \u00c9 o lugar que mais amo e que pude contar e estar presente por muito tempo. Indico a todos que tenham vontade de colaborar com a comunidade acad\u00eamica dentro e fora da UFPR e se encontrar na universidade.\"<\/div>\n\t\t\t\n\t\t\t\t\t\t<div class=\"elementor-testimonial-meta elementor-has-image elementor-testimonial-image-position-aside\">\n\t\t\t\t<div class=\"elementor-testimonial-meta-inner\">\n\t\t\t\t\t\t\t\t\t\t\t<div class=\"elementor-testimonial-image\">\n\t\t\t\t\t\t\t<img decoding=\"async\" width=\"500\" height=\"500\" src=\"https:\/\/web.inf.ufpr.br\/pet\/wp-content\/uploads\/sites\/17\/2023\/06\/Avatar3.png\" class=\"attachment-full size-full wp-image-3101\" alt=\"\" srcset=\"https:\/\/web.inf.ufpr.br\/pet\/wp-content\/uploads\/sites\/17\/2023\/06\/Avatar3.png 500w, https:\/\/web.inf.ufpr.br\/pet\/wp-content\/uploads\/sites\/17\/2023\/06\/Avatar3-300x300.png 300w, https:\/\/web.inf.ufpr.br\/pet\/wp-content\/uploads\/sites\/17\/2023\/06\/Avatar3-150x150.png 150w\" sizes=\"(max-width: 500px) 100vw, 500px\" \/>\t\t\t\t\t\t<\/div>\n\t\t\t\t\t\n\t\t\t\t\t\t\t\t\t\t<div class=\"elementor-testimonial-details\">\n\t\t\t\t\t\t\t\t\t\t\t\t\t\t<div class=\"elementor-testimonial-name\"><span style=\"font-weight: 700;font-style: normal\">Gustavo Paulino<\/span><\/div>\n\t\t\t\t\t\t\t\t\t\t\t\t\t\t\t\t\t\t\t\t\t\t<div class=\"elementor-testimonial-job\">Ex-PETiano<\/div>\n\t\t\t\t\t\t\t\t\t\t\t\t\t<\/div>\n\t\t\t\t\t\t\t\t\t<\/div>\n\t\t\t<\/div>\n\t\t\t\t\t<\/div>\n\t\t\t\t\t\t<\/div>\n\t\t\t\t<\/div>\n\t\t\t\t\t<\/div>\n\t\t<\/div>\n\t\t\t\t\t<\/div>\n\t\t<\/section>\n\t\t\t\t<section class=\"elementor-section elementor-top-section elementor-element elementor-element-1489696 elementor-section-boxed elementor-section-height-default elementor-section-height-default\" data-id=\"1489696\" data-element_type=\"section\" data-e-type=\"section\">\n\t\t\t\t\t\t<div class=\"elementor-container elementor-column-gap-default\">\n\t\t\t\t\t<div class=\"elementor-column elementor-col-100 elementor-top-column elementor-element elementor-element-6c92e62\" data-id=\"6c92e62\" data-element_type=\"column\" data-e-type=\"column\">\n\t\t\t<div class=\"elementor-widget-wrap elementor-element-populated\">\n\t\t\t\t\t\t<div class=\"elementor-element elementor-element-6839d57 elementor-widget elementor-widget-spacer\" data-id=\"6839d57\" data-element_type=\"widget\" data-e-type=\"widget\" data-widget_type=\"spacer.default\">\n\t\t\t\t<div class=\"elementor-widget-container\">\n\t\t\t\t\t\t\t<div class=\"elementor-spacer\">\n\t\t\t<div class=\"elementor-spacer-inner\"><\/div>\n\t\t<\/div>\n\t\t\t\t\t\t<\/div>\n\t\t\t\t<\/div>\n\t\t\t\t\t<\/div>\n\t\t<\/div>\n\t\t\t\t\t<\/div>\n\t\t<\/section>\n\t\t\t\t<section class=\"elementor-section elementor-top-section elementor-element elementor-element-328b12b elementor-section-boxed elementor-section-height-default elementor-section-height-default\" data-id=\"328b12b\" data-element_type=\"section\" data-e-type=\"section\">\n\t\t\t\t\t\t<div class=\"elementor-container elementor-column-gap-default\">\n\t\t\t\t\t<div class=\"elementor-column elementor-col-25 elementor-top-column elementor-element elementor-element-bf6aead\" data-id=\"bf6aead\" data-element_type=\"column\" data-e-type=\"column\">\n\t\t\t<div class=\"elementor-widget-wrap elementor-element-populated\">\n\t\t\t\t\t\t<div class=\"elementor-element elementor-element-1a23e69 elementor-view-default elementor-widget elementor-widget-icon\" data-id=\"1a23e69\" data-element_type=\"widget\" data-e-type=\"widget\" data-widget_type=\"icon.default\">\n\t\t\t\t<div class=\"elementor-widget-container\">\n\t\t\t\t\t\t\t<div class=\"elementor-icon-wrapper\">\n\t\t\t<a class=\"elementor-icon elementor-animation-grow\" href=\"https:\/\/open.spotify.com\/user\/317bt3qmxvc56hhzuxd5xtwp7t5q?si=fcf145f5617543d0\">\n\t\t\t<i aria-hidden=\"true\" class=\"fab fa-spotify\"><\/i>\t\t\t<\/a>\n\t\t<\/div>\n\t\t\t\t\t\t<\/div>\n\t\t\t\t<\/div>\n\t\t\t\t\t<\/div>\n\t\t<\/div>\n\t\t\t\t<div class=\"elementor-column elementor-col-25 elementor-top-column elementor-element elementor-element-ccfc0f1\" data-id=\"ccfc0f1\" data-element_type=\"column\" data-e-type=\"column\">\n\t\t\t<div class=\"elementor-widget-wrap elementor-element-populated\">\n\t\t\t\t\t\t<div class=\"elementor-element elementor-element-df71122 elementor-view-default elementor-widget elementor-widget-icon\" data-id=\"df71122\" data-element_type=\"widget\" data-e-type=\"widget\" data-widget_type=\"icon.default\">\n\t\t\t\t<div class=\"elementor-widget-container\">\n\t\t\t\t\t\t\t<div class=\"elementor-icon-wrapper\">\n\t\t\t<a class=\"elementor-icon elementor-animation-grow\" href=\"https:\/\/www.instagram.com\/petcompufpr\/\">\n\t\t\t<i aria-hidden=\"true\" class=\"fab fa-instagram\"><\/i>\t\t\t<\/a>\n\t\t<\/div>\n\t\t\t\t\t\t<\/div>\n\t\t\t\t<\/div>\n\t\t\t\t\t<\/div>\n\t\t<\/div>\n\t\t\t\t<div class=\"elementor-column elementor-col-25 elementor-top-column elementor-element elementor-element-cfa1b68\" data-id=\"cfa1b68\" data-element_type=\"column\" data-e-type=\"column\">\n\t\t\t<div class=\"elementor-widget-wrap elementor-element-populated\">\n\t\t\t\t\t\t<div class=\"elementor-element elementor-element-5d5ef6d elementor-view-default elementor-widget elementor-widget-icon\" data-id=\"5d5ef6d\" data-element_type=\"widget\" data-e-type=\"widget\" data-widget_type=\"icon.default\">\n\t\t\t\t<div class=\"elementor-widget-container\">\n\t\t\t\t\t\t\t<div class=\"elementor-icon-wrapper\">\n\t\t\t<a class=\"elementor-icon elementor-animation-grow\" href=\"https:\/\/github.com\/PETComputacaoUFPR\">\n\t\t\t<i aria-hidden=\"true\" class=\"fab fa-github\"><\/i>\t\t\t<\/a>\n\t\t<\/div>\n\t\t\t\t\t\t<\/div>\n\t\t\t\t<\/div>\n\t\t\t\t\t<\/div>\n\t\t<\/div>\n\t\t\t\t<div class=\"elementor-column elementor-col-25 elementor-top-column elementor-element elementor-element-ba1b207\" data-id=\"ba1b207\" data-element_type=\"column\" data-e-type=\"column\">\n\t\t\t<div class=\"elementor-widget-wrap elementor-element-populated\">\n\t\t\t\t\t\t<div class=\"elementor-element elementor-element-b850e25 elementor-view-default elementor-widget elementor-widget-icon\" data-id=\"b850e25\" data-element_type=\"widget\" data-e-type=\"widget\" data-settings=\"{&quot;_animation&quot;:&quot;none&quot;}\" data-widget_type=\"icon.default\">\n\t\t\t\t<div class=\"elementor-widget-container\">\n\t\t\t\t\t\t\t<div class=\"elementor-icon-wrapper\">\n\t\t\t<a class=\"elementor-icon elementor-animation-grow\" href=\"https:\/\/www.linkedin.com\/company\/petcomputacaoufpr\/mycompany\/\">\n\t\t\t<i aria-hidden=\"true\" class=\"fab fa-linkedin-in\"><\/i>\t\t\t<\/a>\n\t\t<\/div>\n\t\t\t\t\t\t<\/div>\n\t\t\t\t<\/div>\n\t\t\t\t\t<\/div>\n\t\t<\/div>\n\t\t\t\t\t<\/div>\n\t\t<\/section>\n\t\t\t\t<\/div>\n\t\t","protected":false},"excerpt":{"rendered":"<p>Link para o novo site : https:\/\/petcomp.ufpr.br\/ Oficina de Vestibulandos 2025 No projeto Oficina de Vestibulandos s\u00e3o realizadas atividades voltadas a alunos concluintes do ensino m\u00e9dio com interesse em ingressar nos cursos de Ci\u00eancia da Computa\u00e7\u00e3o e Inform\u00e1tica Biom\u00e9dica. [&#8230;] Resultado Processo Seletivo 2025\/1 O resultado do Processo Seletivo 2025\/1 est\u00e1 disposto na tabela a&hellip; <br \/> <a class=\"read-more\" href=\"https:\/\/web.inf.ufpr.br\/pet\/\">Leia mais<\/a><\/p>\n","protected":false},"author":26,"featured_media":2311,"parent":0,"menu_order":0,"comment_status":"closed","ping_status":"closed","template":"","meta":{"footnotes":""},"class_list":["post-1828","page","type-page","status-publish","has-post-thumbnail","hentry"],"_links":{"self":[{"href":"https:\/\/web.inf.ufpr.br\/pet\/wp-json\/wp\/v2\/pages\/1828","targetHints":{"allow":["GET"]}}],"collection":[{"href":"https:\/\/web.inf.ufpr.br\/pet\/wp-json\/wp\/v2\/pages"}],"about":[{"href":"https:\/\/web.inf.ufpr.br\/pet\/wp-json\/wp\/v2\/types\/page"}],"author":[{"embeddable":true,"href":"https:\/\/web.inf.ufpr.br\/pet\/wp-json\/wp\/v2\/users\/26"}],"replies":[{"embeddable":true,"href":"https:\/\/web.inf.ufpr.br\/pet\/wp-json\/wp\/v2\/comments?post=1828"}],"version-history":[{"count":150,"href":"https:\/\/web.inf.ufpr.br\/pet\/wp-json\/wp\/v2\/pages\/1828\/revisions"}],"predecessor-version":[{"id":4429,"href":"https:\/\/web.inf.ufpr.br\/pet\/wp-json\/wp\/v2\/pages\/1828\/revisions\/4429"}],"wp:featuredmedia":[{"embeddable":true,"href":"https:\/\/web.inf.ufpr.br\/pet\/wp-json\/wp\/v2\/media\/2311"}],"wp:attachment":[{"href":"https:\/\/web.inf.ufpr.br\/pet\/wp-json\/wp\/v2\/media?parent=1828"}],"curies":[{"name":"wp","href":"https:\/\/api.w.org\/{rel}","templated":true}]}}