{"id":1825,"date":"2022-02-03T14:29:46","date_gmt":"2022-02-03T17:29:46","guid":{"rendered":"https:\/\/web.inf.ufpr.br\/pet\/?page_id=1825"},"modified":"2025-05-13T11:31:37","modified_gmt":"2025-05-13T14:31:37","slug":"certificados","status":"publish","type":"page","link":"https:\/\/web.inf.ufpr.br\/pet\/certificados\/","title":{"rendered":"Certificados"},"content":{"rendered":"\t\t<div data-elementor-type=\"wp-page\" data-elementor-id=\"1825\" class=\"elementor elementor-1825\">\n\t\t\t\t\t\t<section class=\"elementor-section elementor-top-section elementor-element elementor-element-5e605c7 elementor-section-boxed elementor-section-height-default elementor-section-height-default\" data-id=\"5e605c7\" data-element_type=\"section\" data-e-type=\"section\">\n\t\t\t\t\t\t<div class=\"elementor-container elementor-column-gap-default\">\n\t\t\t\t\t<div class=\"elementor-column elementor-col-50 elementor-top-column elementor-element elementor-element-7c2032b\" data-id=\"7c2032b\" data-element_type=\"column\" data-e-type=\"column\">\n\t\t\t<div class=\"elementor-widget-wrap elementor-element-populated\">\n\t\t\t\t\t\t<div class=\"elementor-element elementor-element-8d2cb12 elementor-widget__width-initial elementor-widget elementor-widget-heading\" data-id=\"8d2cb12\" data-element_type=\"widget\" data-e-type=\"widget\" data-widget_type=\"heading.default\">\n\t\t\t\t<div class=\"elementor-widget-container\">\n\t\t\t\t\t<h2 class=\"elementor-heading-title elementor-size-default\">2025<\/h2>\t\t\t\t<\/div>\n\t\t\t\t<\/div>\n\t\t\t\t\t<\/div>\n\t\t<\/div>\n\t\t\t\t<div class=\"elementor-column elementor-col-50 elementor-top-column elementor-element elementor-element-209a8b0\" data-id=\"209a8b0\" data-element_type=\"column\" data-e-type=\"column\">\n\t\t\t<div class=\"elementor-widget-wrap elementor-element-populated\">\n\t\t\t\t\t\t<div class=\"elementor-element elementor-element-1bcc8b8 elementor-widget__width-initial elementor-widget elementor-widget-text-editor\" data-id=\"1bcc8b8\" data-element_type=\"widget\" data-e-type=\"widget\" data-widget_type=\"text-editor.default\">\n\t\t\t\t<div class=\"elementor-widget-container\">\n\t\t\t\t\t\t\t\t\t<ul><li><a href=\"https:\/\/drive.google.com\/drive\/folders\/1KNcrYYZsQ59b-0qpqrUZBf54NCA4I4tP?usp=drive_link\">Semana de Calouros<\/a><\/li><\/ul>\t\t\t\t\t\t\t\t<\/div>\n\t\t\t\t<\/div>\n\t\t\t\t\t<\/div>\n\t\t<\/div>\n\t\t\t\t\t<\/div>\n\t\t<\/section>\n\t\t\t\t<section class=\"elementor-section elementor-top-section elementor-element elementor-element-08b0d64 elementor-section-boxed elementor-section-height-default elementor-section-height-default\" data-id=\"08b0d64\" data-element_type=\"section\" data-e-type=\"section\">\n\t\t\t\t\t\t<div class=\"elementor-container elementor-column-gap-default\">\n\t\t\t\t\t<div class=\"elementor-column elementor-col-33 elementor-top-column elementor-element elementor-element-d15a214\" data-id=\"d15a214\" data-element_type=\"column\" data-e-type=\"column\">\n\t\t\t<div class=\"elementor-widget-wrap elementor-element-populated\">\n\t\t\t\t\t\t<div class=\"elementor-element elementor-element-41a2fa6 elementor-widget__width-initial elementor-widget elementor-widget-heading\" data-id=\"41a2fa6\" data-element_type=\"widget\" data-e-type=\"widget\" data-widget_type=\"heading.default\">\n\t\t\t\t<div class=\"elementor-widget-container\">\n\t\t\t\t\t<h2 class=\"elementor-heading-title elementor-size-default\">2024<\/h2>\t\t\t\t<\/div>\n\t\t\t\t<\/div>\n\t\t\t\t\t<\/div>\n\t\t<\/div>\n\t\t\t\t<div class=\"elementor-column elementor-col-66 elementor-top-column elementor-element elementor-element-558a676\" data-id=\"558a676\" data-element_type=\"column\" data-e-type=\"column\">\n\t\t\t<div class=\"elementor-widget-wrap elementor-element-populated\">\n\t\t\t\t\t\t<div class=\"elementor-element elementor-element-c086d7a elementor-widget__width-initial elementor-widget elementor-widget-text-editor\" data-id=\"c086d7a\" data-element_type=\"widget\" data-e-type=\"widget\" data-widget_type=\"text-editor.default\">\n\t\t\t\t<div class=\"elementor-widget-container\">\n\t\t\t\t\t\t\t\t\t<ul style=\"color: #6a1559;letter-spacing: 0.2px\"><li>Caf\u00e9 do DINF<br \/><ul style=\"color: #6a1559;letter-spacing: 0.2px\"><li><a href=\"https:\/\/drive.google.com\/drive\/folders\/1-7rMGuY1no-qvqiYUGlE9TqF2Udw-oVo?usp=sharing\">Mar\u00e7o<\/a><\/li><li><a href=\"https:\/\/drive.google.com\/drive\/folders\/1zqvBVXwYsOLhzS1HA9kN9LjaROkyttWX?usp=drive_link\" target=\"_blank\" rel=\"noopener\">Junho (Caf\u00e9 com Castilho)<\/a><\/li><\/ul><\/li><li><a href=\"https:\/\/drive.google.com\/drive\/folders\/12N1ZaovfzWWXuhtQsrv7Uo7VjyHp7AQC?usp=sharing\">Semana de Calouros<\/a><\/li><li>SACI 2024<br \/><ul style=\"color: #6a1559;letter-spacing: 0.2px\"><li><a href=\"https:\/\/drive.google.com\/drive\/folders\/1lvTyQWbS7Ma6jZz5jx-ncjqEejaZG3ky?usp=drive_link\">Participantes<\/a><\/li><li><a href=\"https:\/\/drive.google.com\/drive\/folders\/1yHMtT3tfjh45LqHW9bmbrGtXnSeofU5i?usp=drive_link\">Organizadores<\/a><\/li><li><a href=\"https:\/\/drive.google.com\/drive\/folders\/1CAzdGTHZBIzzH48RMwZu3wbKCWUiSqXp?usp=drive_link\">Palestrantes<\/a><\/li><\/ul><\/li><\/ul>\t\t\t\t\t\t\t\t<\/div>\n\t\t\t\t<\/div>\n\t\t\t\t\t<\/div>\n\t\t<\/div>\n\t\t\t\t\t<\/div>\n\t\t<\/section>\n\t\t\t\t<section class=\"elementor-section elementor-top-section elementor-element elementor-element-52d49f1 elementor-section-boxed elementor-section-height-default elementor-section-height-default\" data-id=\"52d49f1\" data-element_type=\"section\" data-e-type=\"section\">\n\t\t\t\t\t\t<div class=\"elementor-container elementor-column-gap-default\">\n\t\t\t\t\t<div class=\"elementor-column elementor-col-100 elementor-top-column elementor-element elementor-element-5b29020\" data-id=\"5b29020\" data-element_type=\"column\" data-e-type=\"column\">\n\t\t\t<div class=\"elementor-widget-wrap elementor-element-populated\">\n\t\t\t\t\t\t<div class=\"elementor-element elementor-element-7c84365 elementor-widget-divider--view-line_icon elementor-view-default elementor-widget-divider--element-align-center elementor-widget elementor-widget-divider\" data-id=\"7c84365\" data-element_type=\"widget\" data-e-type=\"widget\" data-widget_type=\"divider.default\">\n\t\t\t\t<div class=\"elementor-widget-container\">\n\t\t\t\t\t\t\t<div class=\"elementor-divider\">\n\t\t\t<span class=\"elementor-divider-separator\">\n\t\t\t\t\t\t\t<div class=\"elementor-icon elementor-divider__element\">\n\t\t\t\t\t<svg xmlns=\"http:\/\/www.w3.org\/2000\/svg\" xmlns:xlink=\"http:\/\/www.w3.org\/1999\/xlink\" width=\"500\" viewBox=\"0 0 375 374.999991\" height=\"500\" preserveAspectRatio=\"xMidYMid meet\"><path fill=\"#981062\" d=\"M 187.5 0 C 169.226562 154.410156 154.410156 169.226562 0 187.5 C 0.320312 187.539062 0.636719 187.574219 0.957031 187.613281 L 0.960938 187.617188 L 0.964844 187.613281 C 154.46875 205.835938 169.265625 220.910156 187.5 375 C 205.773438 220.589844 220.589844 205.773438 375 187.5 C 220.589844 169.226562 205.773438 154.410156 187.5 0 Z M 187.5 0 \" fill-opacity=\"1\" fill-rule=\"nonzero\"><\/path><\/svg><\/div>\n\t\t\t\t\t\t<\/span>\n\t\t<\/div>\n\t\t\t\t\t\t<\/div>\n\t\t\t\t<\/div>\n\t\t\t\t\t<\/div>\n\t\t<\/div>\n\t\t\t\t\t<\/div>\n\t\t<\/section>\n\t\t\t\t<section class=\"elementor-section elementor-top-section elementor-element elementor-element-cd43c26 elementor-section-boxed elementor-section-height-default elementor-section-height-default\" data-id=\"cd43c26\" data-element_type=\"section\" data-e-type=\"section\">\n\t\t\t\t\t\t<div class=\"elementor-container elementor-column-gap-default\">\n\t\t\t\t\t<div class=\"elementor-column elementor-col-33 elementor-top-column elementor-element elementor-element-a30d79b\" data-id=\"a30d79b\" data-element_type=\"column\" data-e-type=\"column\">\n\t\t\t<div class=\"elementor-widget-wrap elementor-element-populated\">\n\t\t\t\t\t\t<div class=\"elementor-element elementor-element-50e6496 elementor-widget__width-initial elementor-widget elementor-widget-heading\" data-id=\"50e6496\" data-element_type=\"widget\" data-e-type=\"widget\" data-widget_type=\"heading.default\">\n\t\t\t\t<div class=\"elementor-widget-container\">\n\t\t\t\t\t<h2 class=\"elementor-heading-title elementor-size-default\">2023<\/h2>\t\t\t\t<\/div>\n\t\t\t\t<\/div>\n\t\t\t\t\t<\/div>\n\t\t<\/div>\n\t\t\t\t<div class=\"elementor-column elementor-col-66 elementor-top-column elementor-element elementor-element-df80b06\" data-id=\"df80b06\" data-element_type=\"column\" data-e-type=\"column\">\n\t\t\t<div class=\"elementor-widget-wrap elementor-element-populated\">\n\t\t\t\t\t\t<div class=\"elementor-element elementor-element-920f90d elementor-widget__width-initial elementor-widget elementor-widget-text-editor\" data-id=\"920f90d\" data-element_type=\"widget\" data-e-type=\"widget\" data-widget_type=\"text-editor.default\">\n\t\t\t\t<div class=\"elementor-widget-container\">\n\t\t\t\t\t\t\t\t\t<ul style=\"color: #6a1559;letter-spacing: 0.2px\"><li><a href=\"https:\/\/drive.google.com\/drive\/folders\/1ZSP4hFKiS8ssOGmWAud602aTJGQ7obe7?usp=sharing\">Feira de Profiss\u00f5es 2023<\/a><\/li><li>SABER 2023<br \/><ul style=\"color: #6a1559;letter-spacing: 0.2px\"><li><a href=\"https:\/\/drive.google.com\/drive\/folders\/1C8HN_Na1MATMMfljSqsZqGUbegHbYGTD\" target=\"_blank\" rel=\"noopener\">Organizadores<\/a><\/li><li><a href=\"https:\/\/drive.google.com\/drive\/folders\/1g8F8J8ZmgodueiAhZO9p96r17tm3RO83\" target=\"_blank\" rel=\"noopener\">Palestrantes<\/a><\/li><li><a href=\"https:\/\/drive.google.com\/drive\/folders\/1f62WRajveq51lwIQvnaV-VqgMJzwFeXW?usp=sharing\" target=\"_blank\" rel=\"noopener\">Participantes<\/a><\/li><\/ul><\/li><li><a style=\"font-family: var( --e-global-typography-accent-font-family ), Montserrat;font-weight: var( --e-global-typography-accent-font-weight )\" href=\"https:\/\/drive.google.com\/drive\/folders\/1GF_cqv-FHWL3_yZX959zHopaeEjoelWu?usp=sharing\">Semana dos Calouros<\/a><\/li><li>Ciclo de Oficinas<br \/><ul style=\"color: #6a1559;letter-spacing: 0.2px\"><li><a href=\"https:\/\/drive.google.com\/drive\/folders\/1pOhthLZmH4-_YHSxg_5QvtGDf1zbHSmh?usp=sharing\">VIM 14\/04<\/a><\/li><li><a href=\"https:\/\/drive.google.com\/drive\/folders\/1sOuzTk9oOQWR5LFZZsP2o78PH4pDZ4Wj?usp=sharing\">GIT 28, 29 e 30 de agosto<\/a><\/li><\/ul><\/li><li>Caf\u00e9 do DINF<ul style=\"color: #6a1559;letter-spacing: 0.2px\"><li><a href=\"https:\/\/drive.google.com\/drive\/folders\/1aUxySuufFPCYxUhheN5OYD8H_sjytONN?usp=sharing\">Outubro<\/a><\/li><\/ul><\/li><\/ul>\t\t\t\t\t\t\t\t<\/div>\n\t\t\t\t<\/div>\n\t\t\t\t\t<\/div>\n\t\t<\/div>\n\t\t\t\t\t<\/div>\n\t\t<\/section>\n\t\t\t\t<section class=\"elementor-section elementor-top-section elementor-element elementor-element-561270c elementor-section-boxed elementor-section-height-default elementor-section-height-default\" data-id=\"561270c\" data-element_type=\"section\" data-e-type=\"section\">\n\t\t\t\t\t\t<div class=\"elementor-container elementor-column-gap-default\">\n\t\t\t\t\t<div class=\"elementor-column elementor-col-100 elementor-top-column elementor-element elementor-element-49cba62\" data-id=\"49cba62\" data-element_type=\"column\" data-e-type=\"column\">\n\t\t\t<div class=\"elementor-widget-wrap elementor-element-populated\">\n\t\t\t\t\t\t<div class=\"elementor-element elementor-element-637ad6f elementor-widget-divider--view-line_icon elementor-view-default elementor-widget-divider--element-align-center elementor-widget elementor-widget-divider\" data-id=\"637ad6f\" data-element_type=\"widget\" data-e-type=\"widget\" data-widget_type=\"divider.default\">\n\t\t\t\t<div class=\"elementor-widget-container\">\n\t\t\t\t\t\t\t<div class=\"elementor-divider\">\n\t\t\t<span class=\"elementor-divider-separator\">\n\t\t\t\t\t\t\t<div class=\"elementor-icon elementor-divider__element\">\n\t\t\t\t\t<svg xmlns=\"http:\/\/www.w3.org\/2000\/svg\" xmlns:xlink=\"http:\/\/www.w3.org\/1999\/xlink\" width=\"500\" viewBox=\"0 0 375 374.999991\" height=\"500\" preserveAspectRatio=\"xMidYMid meet\"><path fill=\"#981062\" d=\"M 187.5 0 C 169.226562 154.410156 154.410156 169.226562 0 187.5 C 0.320312 187.539062 0.636719 187.574219 0.957031 187.613281 L 0.960938 187.617188 L 0.964844 187.613281 C 154.46875 205.835938 169.265625 220.910156 187.5 375 C 205.773438 220.589844 220.589844 205.773438 375 187.5 C 220.589844 169.226562 205.773438 154.410156 187.5 0 Z M 187.5 0 \" fill-opacity=\"1\" fill-rule=\"nonzero\"><\/path><\/svg><\/div>\n\t\t\t\t\t\t<\/span>\n\t\t<\/div>\n\t\t\t\t\t\t<\/div>\n\t\t\t\t<\/div>\n\t\t\t\t\t<\/div>\n\t\t<\/div>\n\t\t\t\t\t<\/div>\n\t\t<\/section>\n\t\t\t\t<section class=\"elementor-section elementor-top-section elementor-element elementor-element-27bcbee elementor-section-boxed elementor-section-height-default elementor-section-height-default\" data-id=\"27bcbee\" data-element_type=\"section\" data-e-type=\"section\">\n\t\t\t\t\t\t<div class=\"elementor-container elementor-column-gap-default\">\n\t\t\t\t\t<div class=\"elementor-column elementor-col-33 elementor-top-column elementor-element elementor-element-729f6c2\" data-id=\"729f6c2\" data-element_type=\"column\" data-e-type=\"column\">\n\t\t\t<div class=\"elementor-widget-wrap elementor-element-populated\">\n\t\t\t\t\t\t<div class=\"elementor-element elementor-element-f101294 elementor-widget__width-initial elementor-widget elementor-widget-heading\" data-id=\"f101294\" data-element_type=\"widget\" data-e-type=\"widget\" data-widget_type=\"heading.default\">\n\t\t\t\t<div class=\"elementor-widget-container\">\n\t\t\t\t\t<h2 class=\"elementor-heading-title elementor-size-default\">2021<\/h2>\t\t\t\t<\/div>\n\t\t\t\t<\/div>\n\t\t\t\t\t<\/div>\n\t\t<\/div>\n\t\t\t\t<div class=\"elementor-column elementor-col-66 elementor-top-column elementor-element elementor-element-4be46d9\" data-id=\"4be46d9\" data-element_type=\"column\" data-e-type=\"column\">\n\t\t\t<div class=\"elementor-widget-wrap elementor-element-populated\">\n\t\t\t\t\t\t<div class=\"elementor-element elementor-element-a047c23 elementor-widget__width-initial elementor-widget elementor-widget-text-editor\" data-id=\"a047c23\" data-element_type=\"widget\" data-e-type=\"widget\" data-widget_type=\"text-editor.default\">\n\t\t\t\t<div class=\"elementor-widget-container\">\n\t\t\t\t\t\t\t\t\t<ul style=\"color: #6a1559;letter-spacing: 0.2px\"><li><a style=\"font-family: var( --e-global-typography-accent-font-family ), Montserrat;font-weight: var( --e-global-typography-accent-font-weight )\" href=\"https:\/\/drive.google.com\/drive\/folders\/1g88haDw5MgdbCwES486IYZspXq2rr-6W?usp=sharing\">SABER 2021<\/a><\/li><li><a style=\"font-family: var( --e-global-typography-accent-font-family ), Montserrat;font-weight: var( --e-global-typography-accent-font-weight )\" href=\"https:\/\/drive.google.com\/drive\/folders\/1GoK4fn3DOdBat3XY_RYdU55RSsPgnKcP?usp=sharing\">Ciclo de Oficinas 2021<\/a><\/li><\/ul><p><\/p>\t\t\t\t\t\t\t\t<\/div>\n\t\t\t\t<\/div>\n\t\t\t\t\t<\/div>\n\t\t<\/div>\n\t\t\t\t\t<\/div>\n\t\t<\/section>\n\t\t\t\t<section class=\"elementor-section elementor-top-section elementor-element elementor-element-5e48dd7 elementor-section-boxed elementor-section-height-default elementor-section-height-default\" data-id=\"5e48dd7\" data-element_type=\"section\" data-e-type=\"section\">\n\t\t\t\t\t\t<div class=\"elementor-container elementor-column-gap-default\">\n\t\t\t\t\t<div class=\"elementor-column elementor-col-100 elementor-top-column elementor-element elementor-element-16247e1\" data-id=\"16247e1\" data-element_type=\"column\" data-e-type=\"column\">\n\t\t\t<div class=\"elementor-widget-wrap elementor-element-populated\">\n\t\t\t\t\t\t<div class=\"elementor-element elementor-element-7a0d3ef elementor-widget-divider--view-line_icon elementor-view-default elementor-widget-divider--element-align-center elementor-widget elementor-widget-divider\" data-id=\"7a0d3ef\" data-element_type=\"widget\" data-e-type=\"widget\" data-widget_type=\"divider.default\">\n\t\t\t\t<div class=\"elementor-widget-container\">\n\t\t\t\t\t\t\t<div class=\"elementor-divider\">\n\t\t\t<span class=\"elementor-divider-separator\">\n\t\t\t\t\t\t\t<div class=\"elementor-icon elementor-divider__element\">\n\t\t\t\t\t<svg xmlns=\"http:\/\/www.w3.org\/2000\/svg\" xmlns:xlink=\"http:\/\/www.w3.org\/1999\/xlink\" width=\"500\" viewBox=\"0 0 375 374.999991\" height=\"500\" preserveAspectRatio=\"xMidYMid meet\"><path fill=\"#981062\" d=\"M 187.5 0 C 169.226562 154.410156 154.410156 169.226562 0 187.5 C 0.320312 187.539062 0.636719 187.574219 0.957031 187.613281 L 0.960938 187.617188 L 0.964844 187.613281 C 154.46875 205.835938 169.265625 220.910156 187.5 375 C 205.773438 220.589844 220.589844 205.773438 375 187.5 C 220.589844 169.226562 205.773438 154.410156 187.5 0 Z M 187.5 0 \" fill-opacity=\"1\" fill-rule=\"nonzero\"><\/path><\/svg><\/div>\n\t\t\t\t\t\t<\/span>\n\t\t<\/div>\n\t\t\t\t\t\t<\/div>\n\t\t\t\t<\/div>\n\t\t\t\t\t<\/div>\n\t\t<\/div>\n\t\t\t\t\t<\/div>\n\t\t<\/section>\n\t\t\t\t<section class=\"elementor-section elementor-top-section elementor-element elementor-element-b27b31e elementor-section-boxed elementor-section-height-default elementor-section-height-default\" data-id=\"b27b31e\" data-element_type=\"section\" data-e-type=\"section\">\n\t\t\t\t\t\t<div class=\"elementor-container elementor-column-gap-default\">\n\t\t\t\t\t<div class=\"elementor-column elementor-col-33 elementor-top-column elementor-element elementor-element-b117495\" data-id=\"b117495\" data-element_type=\"column\" data-e-type=\"column\">\n\t\t\t<div class=\"elementor-widget-wrap elementor-element-populated\">\n\t\t\t\t\t\t<div class=\"elementor-element elementor-element-32c38c6 elementor-widget__width-initial elementor-widget elementor-widget-heading\" data-id=\"32c38c6\" data-element_type=\"widget\" data-e-type=\"widget\" data-widget_type=\"heading.default\">\n\t\t\t\t<div class=\"elementor-widget-container\">\n\t\t\t\t\t<h2 class=\"elementor-heading-title elementor-size-default\">2020<\/h2>\t\t\t\t<\/div>\n\t\t\t\t<\/div>\n\t\t\t\t\t<\/div>\n\t\t<\/div>\n\t\t\t\t<div class=\"elementor-column elementor-col-66 elementor-top-column elementor-element elementor-element-ca71029\" data-id=\"ca71029\" data-element_type=\"column\" data-e-type=\"column\">\n\t\t\t<div class=\"elementor-widget-wrap elementor-element-populated\">\n\t\t\t\t\t\t<div class=\"elementor-element elementor-element-6410c73 elementor-widget__width-initial elementor-widget elementor-widget-text-editor\" data-id=\"6410c73\" data-element_type=\"widget\" data-e-type=\"widget\" data-widget_type=\"text-editor.default\">\n\t\t\t\t<div class=\"elementor-widget-container\">\n\t\t\t\t\t\t\t\t\t<ul style=\"color: #6a1559;letter-spacing: 0.2px\"><li><a style=\"font-family: var( --e-global-typography-accent-font-family ), Montserrat;font-weight: var( --e-global-typography-accent-font-weight )\" href=\"https:\/\/drive.google.com\/drive\/folders\/1WunHlykiJG2loAD1T0p_eomqTpzDzvQh?usp=sharing\">Semana de Calouros 2020<\/a><\/li><li><a style=\"font-family: var( --e-global-typography-accent-font-family ), Montserrat;font-weight: var( --e-global-typography-accent-font-weight )\" href=\"https:\/\/drive.google.com\/drive\/folders\/1XYAIeB9kyxjiWNVJx768Z-j5Ew6QxPzj\">SABER 2020<\/a><\/li><\/ul>\t\t\t\t\t\t\t\t<\/div>\n\t\t\t\t<\/div>\n\t\t\t\t\t<\/div>\n\t\t<\/div>\n\t\t\t\t\t<\/div>\n\t\t<\/section>\n\t\t\t\t<section class=\"elementor-section elementor-top-section elementor-element elementor-element-0799c14 elementor-section-boxed elementor-section-height-default elementor-section-height-default\" data-id=\"0799c14\" data-element_type=\"section\" data-e-type=\"section\">\n\t\t\t\t\t\t<div class=\"elementor-container elementor-column-gap-default\">\n\t\t\t\t\t<div class=\"elementor-column elementor-col-100 elementor-top-column elementor-element elementor-element-a1b2dcf\" data-id=\"a1b2dcf\" data-element_type=\"column\" data-e-type=\"column\">\n\t\t\t<div class=\"elementor-widget-wrap elementor-element-populated\">\n\t\t\t\t\t\t<div class=\"elementor-element elementor-element-13ae8f8 elementor-widget-divider--view-line_icon elementor-view-default elementor-widget-divider--element-align-center elementor-widget elementor-widget-divider\" data-id=\"13ae8f8\" data-element_type=\"widget\" data-e-type=\"widget\" data-widget_type=\"divider.default\">\n\t\t\t\t<div class=\"elementor-widget-container\">\n\t\t\t\t\t\t\t<div class=\"elementor-divider\">\n\t\t\t<span class=\"elementor-divider-separator\">\n\t\t\t\t\t\t\t<div class=\"elementor-icon elementor-divider__element\">\n\t\t\t\t\t<svg xmlns=\"http:\/\/www.w3.org\/2000\/svg\" xmlns:xlink=\"http:\/\/www.w3.org\/1999\/xlink\" width=\"500\" viewBox=\"0 0 375 374.999991\" height=\"500\" preserveAspectRatio=\"xMidYMid meet\"><path fill=\"#981062\" d=\"M 187.5 0 C 169.226562 154.410156 154.410156 169.226562 0 187.5 C 0.320312 187.539062 0.636719 187.574219 0.957031 187.613281 L 0.960938 187.617188 L 0.964844 187.613281 C 154.46875 205.835938 169.265625 220.910156 187.5 375 C 205.773438 220.589844 220.589844 205.773438 375 187.5 C 220.589844 169.226562 205.773438 154.410156 187.5 0 Z M 187.5 0 \" fill-opacity=\"1\" fill-rule=\"nonzero\"><\/path><\/svg><\/div>\n\t\t\t\t\t\t<\/span>\n\t\t<\/div>\n\t\t\t\t\t\t<\/div>\n\t\t\t\t<\/div>\n\t\t\t\t\t<\/div>\n\t\t<\/div>\n\t\t\t\t\t<\/div>\n\t\t<\/section>\n\t\t\t\t<section class=\"elementor-section elementor-top-section elementor-element elementor-element-5779d20 elementor-section-boxed elementor-section-height-default elementor-section-height-default\" data-id=\"5779d20\" data-element_type=\"section\" data-e-type=\"section\">\n\t\t\t\t\t\t<div class=\"elementor-container elementor-column-gap-default\">\n\t\t\t\t\t<div class=\"elementor-column elementor-col-33 elementor-top-column elementor-element elementor-element-3718fbe\" data-id=\"3718fbe\" data-element_type=\"column\" data-e-type=\"column\">\n\t\t\t<div class=\"elementor-widget-wrap elementor-element-populated\">\n\t\t\t\t\t\t<div class=\"elementor-element elementor-element-5bbcf07 elementor-widget__width-initial elementor-widget elementor-widget-heading\" data-id=\"5bbcf07\" data-element_type=\"widget\" data-e-type=\"widget\" data-widget_type=\"heading.default\">\n\t\t\t\t<div class=\"elementor-widget-container\">\n\t\t\t\t\t<h2 class=\"elementor-heading-title elementor-size-default\">2019<\/h2>\t\t\t\t<\/div>\n\t\t\t\t<\/div>\n\t\t\t\t\t<\/div>\n\t\t<\/div>\n\t\t\t\t<div class=\"elementor-column elementor-col-66 elementor-top-column elementor-element elementor-element-bb4a29a\" data-id=\"bb4a29a\" data-element_type=\"column\" data-e-type=\"column\">\n\t\t\t<div class=\"elementor-widget-wrap elementor-element-populated\">\n\t\t\t\t\t\t<div class=\"elementor-element elementor-element-efc2721 elementor-widget__width-initial elementor-widget elementor-widget-text-editor\" data-id=\"efc2721\" data-element_type=\"widget\" data-e-type=\"widget\" data-widget_type=\"text-editor.default\">\n\t\t\t\t<div class=\"elementor-widget-container\">\n\t\t\t\t\t\t\t\t\t<ul style=\"color: #6a1559;letter-spacing: 0.2px\"><li><a style=\"font-family: var( --e-global-typography-accent-font-family ), Montserrat;font-weight: var( --e-global-typography-accent-font-weight )\" href=\"https:\/\/drive.google.com\/drive\/folders\/1LGq1mAHlE3gOFlIGprtF2WOvOBbGn5CK?usp=sharing\">Ciclo de Oficinas 2019<\/a><\/li><\/ul>\t\t\t\t\t\t\t\t<\/div>\n\t\t\t\t<\/div>\n\t\t\t\t\t<\/div>\n\t\t<\/div>\n\t\t\t\t\t<\/div>\n\t\t<\/section>\n\t\t\t\t<section class=\"elementor-section elementor-top-section elementor-element elementor-element-1e187d5 elementor-section-boxed elementor-section-height-default elementor-section-height-default\" data-id=\"1e187d5\" data-element_type=\"section\" data-e-type=\"section\">\n\t\t\t\t\t\t<div class=\"elementor-container elementor-column-gap-default\">\n\t\t\t\t\t<div class=\"elementor-column elementor-col-100 elementor-top-column elementor-element elementor-element-3cf59e0\" data-id=\"3cf59e0\" data-element_type=\"column\" data-e-type=\"column\">\n\t\t\t<div class=\"elementor-widget-wrap\">\n\t\t\t\t\t\t\t<\/div>\n\t\t<\/div>\n\t\t\t\t\t<\/div>\n\t\t<\/section>\n\t\t\t\t<section class=\"elementor-section elementor-top-section elementor-element elementor-element-4aaec8d elementor-section-boxed elementor-section-height-default elementor-section-height-default\" data-id=\"4aaec8d\" data-element_type=\"section\" data-e-type=\"section\">\n\t\t\t\t\t\t<div class=\"elementor-container elementor-column-gap-default\">\n\t\t\t\t\t<div class=\"elementor-column elementor-col-100 elementor-top-column elementor-element elementor-element-ec73226\" data-id=\"ec73226\" data-element_type=\"column\" data-e-type=\"column\">\n\t\t\t<div class=\"elementor-widget-wrap elementor-element-populated\">\n\t\t\t\t\t\t<section class=\"elementor-section elementor-inner-section elementor-element elementor-element-84df981 elementor-section-boxed elementor-section-height-default elementor-section-height-default\" data-id=\"84df981\" data-element_type=\"section\" data-e-type=\"section\">\n\t\t\t\t\t\t<div class=\"elementor-container elementor-column-gap-default\">\n\t\t\t\t\t<div class=\"elementor-column elementor-col-50 elementor-inner-column elementor-element elementor-element-ce1f356\" data-id=\"ce1f356\" data-element_type=\"column\" data-e-type=\"column\">\n\t\t\t<div class=\"elementor-widget-wrap\">\n\t\t\t\t\t\t\t<\/div>\n\t\t<\/div>\n\t\t\t\t<div class=\"elementor-column elementor-col-50 elementor-inner-column elementor-element elementor-element-fb40ad7\" data-id=\"fb40ad7\" data-element_type=\"column\" data-e-type=\"column\">\n\t\t\t<div class=\"elementor-widget-wrap\">\n\t\t\t\t\t\t\t<\/div>\n\t\t<\/div>\n\t\t\t\t\t<\/div>\n\t\t<\/section>\n\t\t\t\t\t<\/div>\n\t\t<\/div>\n\t\t\t\t\t<\/div>\n\t\t<\/section>\n\t\t\t\t<\/div>\n\t\t","protected":false},"excerpt":{"rendered":"<p>2025 Semana de Calouros 2024 Caf\u00e9 do DINF Mar\u00e7o Junho (Caf\u00e9 com Castilho) Semana de Calouros SACI 2024 Participantes Organizadores Palestrantes 2023 Feira de Profiss\u00f5es 2023 SABER 2023 Organizadores Palestrantes Participantes Semana dos Calouros Ciclo de Oficinas VIM 14\/04 GIT 28, 29 e 30 de agosto Caf\u00e9 do DINF Outubro 2021 SABER 2021 Ciclo de&hellip; <br \/> <a class=\"read-more\" href=\"https:\/\/web.inf.ufpr.br\/pet\/certificados\/\">Leia mais<\/a><\/p>\n","protected":false},"author":26,"featured_media":2314,"parent":0,"menu_order":0,"comment_status":"closed","ping_status":"closed","template":"","meta":{"footnotes":""},"class_list":["post-1825","page","type-page","status-publish","has-post-thumbnail","hentry"],"_links":{"self":[{"href":"https:\/\/web.inf.ufpr.br\/pet\/wp-json\/wp\/v2\/pages\/1825","targetHints":{"allow":["GET"]}}],"collection":[{"href":"https:\/\/web.inf.ufpr.br\/pet\/wp-json\/wp\/v2\/pages"}],"about":[{"href":"https:\/\/web.inf.ufpr.br\/pet\/wp-json\/wp\/v2\/types\/page"}],"author":[{"embeddable":true,"href":"https:\/\/web.inf.ufpr.br\/pet\/wp-json\/wp\/v2\/users\/26"}],"replies":[{"embeddable":true,"href":"https:\/\/web.inf.ufpr.br\/pet\/wp-json\/wp\/v2\/comments?post=1825"}],"version-history":[{"count":87,"href":"https:\/\/web.inf.ufpr.br\/pet\/wp-json\/wp\/v2\/pages\/1825\/revisions"}],"predecessor-version":[{"id":4303,"href":"https:\/\/web.inf.ufpr.br\/pet\/wp-json\/wp\/v2\/pages\/1825\/revisions\/4303"}],"wp:featuredmedia":[{"embeddable":true,"href":"https:\/\/web.inf.ufpr.br\/pet\/wp-json\/wp\/v2\/media\/2314"}],"wp:attachment":[{"href":"https:\/\/web.inf.ufpr.br\/pet\/wp-json\/wp\/v2\/media?parent=1825"}],"curies":[{"name":"wp","href":"https:\/\/api.w.org\/{rel}","templated":true}]}}