{"id":1274,"date":"2023-04-01T18:05:32","date_gmt":"2023-04-01T21:05:32","guid":{"rendered":"http:\/\/web.inf.ufpr.br\/pet\/?page_id=1274"},"modified":"2025-02-24T20:05:45","modified_gmt":"2025-02-24T23:05:45","slug":"tradutor-de-libras","status":"publish","type":"page","link":"https:\/\/web.inf.ufpr.br\/pet\/projetos\/tradutor-de-libras\/","title":{"rendered":"Tradutor de Libras"},"content":{"rendered":"\t\t<div data-elementor-type=\"wp-post\" data-elementor-id=\"1274\" class=\"elementor elementor-1274\">\n\t\t\t\t\t\t<section class=\"elementor-section elementor-top-section elementor-element elementor-element-a8d99fa elementor-section-boxed elementor-section-height-default elementor-section-height-default\" data-id=\"a8d99fa\" data-element_type=\"section\" data-e-type=\"section\">\n\t\t\t\t\t\t<div class=\"elementor-container elementor-column-gap-default\">\n\t\t\t\t\t<div class=\"elementor-column elementor-col-100 elementor-top-column elementor-element elementor-element-6829117\" data-id=\"6829117\" data-element_type=\"column\" data-e-type=\"column\">\n\t\t\t<div class=\"elementor-widget-wrap elementor-element-populated\">\n\t\t\t\t\t\t<div class=\"elementor-element elementor-element-89f1095 elementor-widget elementor-widget-text-editor\" data-id=\"89f1095\" data-element_type=\"widget\" data-e-type=\"widget\" data-widget_type=\"text-editor.default\">\n\t\t\t\t<div class=\"elementor-widget-container\">\n\t\t\t\t\t\t\t\t\t<p><span class=\"translatable-message\">Devido aos cursos de Ci\u00eancia da Computa\u00e7\u00e3o e Inform\u00e1tica Biom\u00e9dica n\u00e3o oferecerem uma mat\u00e9ria que envolva a manipula\u00e7\u00e3o de componentes eletr\u00f4nicos, foi iniciado o projeto Rob\u00f4PET. Este tem como intuito capacitar os PETianos nos campos te\u00f3rico e pr\u00e1tico das \u00e1reas de eletr\u00f4nica e rob\u00f3tica. Com os conhecimentos adquiridos, os membros do PET Computa\u00e7\u00e3o poder\u00e3o utiliz\u00e1-los em outros projetos de ensino e extens\u00e3o, ampliando assim a gama do programa como um todo. Al\u00e9m disso, buscando integrar o projeto \u00e0 sociedade, escolhemos a comunidade surda brasileira como meio, com foco no desenvolvimento de um rob\u00f4 integrado a um sistema capaz de reconhecer os sinais da L\u00edngua Brasileira de Sinais (LIBRAS). Assim, iniciamos uma jornada de pesquisa e desenvolvimento intensa, tanto ligada \u00e0 nossa proposta base quanto ao desenvolvimento de um sistema computacional mais complexo que possa nos ajudar a alcan\u00e7ar nosso objetivo.<\/span><\/p>\t\t\t\t\t\t\t\t<\/div>\n\t\t\t\t<\/div>\n\t\t\t\t\t<\/div>\n\t\t<\/div>\n\t\t\t\t\t<\/div>\n\t\t<\/section>\n\t\t\t\t<section class=\"elementor-section elementor-top-section elementor-element elementor-element-e159373 elementor-section-boxed elementor-section-height-default elementor-section-height-default\" data-id=\"e159373\" data-element_type=\"section\" data-e-type=\"section\">\n\t\t\t\t\t\t<div class=\"elementor-container elementor-column-gap-default\">\n\t\t\t\t\t<div class=\"elementor-column elementor-col-100 elementor-top-column elementor-element elementor-element-83e8259\" data-id=\"83e8259\" data-element_type=\"column\" data-e-type=\"column\">\n\t\t\t<div class=\"elementor-widget-wrap elementor-element-populated\">\n\t\t\t\t\t\t<div class=\"elementor-element elementor-element-afce3da elementor-tabs-view-horizontal elementor-widget elementor-widget-tabs\" data-id=\"afce3da\" data-element_type=\"widget\" data-e-type=\"widget\" data-widget_type=\"tabs.default\">\n\t\t\t\t<div class=\"elementor-widget-container\">\n\t\t\t\t\t\t\t<div class=\"elementor-tabs\">\n\t\t\t<div class=\"elementor-tabs-wrapper\" role=\"tablist\" >\n\t\t\t\t\t\t\t\t\t<div id=\"elementor-tab-title-1841\" class=\"elementor-tab-title elementor-tab-desktop-title\" aria-selected=\"true\" data-tab=\"1\" role=\"tab\" tabindex=\"0\" aria-controls=\"elementor-tab-content-1841\" aria-expanded=\"false\">Objetivos<\/div>\n\t\t\t\t\t\t\t\t\t<div id=\"elementor-tab-title-1842\" class=\"elementor-tab-title elementor-tab-desktop-title\" aria-selected=\"false\" data-tab=\"2\" role=\"tab\" tabindex=\"-1\" aria-controls=\"elementor-tab-content-1842\" aria-expanded=\"false\">Metodologia<\/div>\n\t\t\t\t\t\t\t\t\t<div id=\"elementor-tab-title-1843\" class=\"elementor-tab-title elementor-tab-desktop-title\" aria-selected=\"false\" data-tab=\"3\" role=\"tab\" tabindex=\"-1\" aria-controls=\"elementor-tab-content-1843\" aria-expanded=\"false\">Reposit\u00f3rio<\/div>\n\t\t\t\t\t\t\t\t\t<div id=\"elementor-tab-title-1844\" class=\"elementor-tab-title elementor-tab-desktop-title\" aria-selected=\"false\" data-tab=\"4\" role=\"tab\" tabindex=\"-1\" aria-controls=\"elementor-tab-content-1844\" aria-expanded=\"false\">Equipe<\/div>\n\t\t\t\t\t\t\t<\/div>\n\t\t\t<div class=\"elementor-tabs-content-wrapper\" role=\"tablist\" aria-orientation=\"vertical\">\n\t\t\t\t\t\t\t\t\t<div class=\"elementor-tab-title elementor-tab-mobile-title\" aria-selected=\"true\" data-tab=\"1\" role=\"tab\" tabindex=\"0\" aria-controls=\"elementor-tab-content-1841\" aria-expanded=\"false\">Objetivos<\/div>\n\t\t\t\t\t<div id=\"elementor-tab-content-1841\" class=\"elementor-tab-content elementor-clearfix\" data-tab=\"1\" role=\"tabpanel\" aria-labelledby=\"elementor-tab-title-1841\" tabindex=\"0\" hidden=\"false\"><ul><li><span class=\"translatable-message\">Transmitir conhecimentos de eletr\u00f4nica b\u00e1sica, solda, microprocessadores e modelagem 3D para os membros do PET Computa\u00e7\u00e3o, para que possam ter autonomia no desenvolvimento de circuitos e carca\u00e7as;<\/span><\/li><li><span class=\"translatable-message\">Tamb\u00e9m buscamos construir uma interface com alto \u00edndice de intera\u00e7\u00e3o entre a parte f\u00edsica do rob\u00f4 e o sistema de tradu\u00e7\u00e3o de LIBRAS. Ao integrar os meios, buscamos aplicar a utilidade do projeto para auxiliar na integra\u00e7\u00e3o de surdos falantes de LIBRAS em ambientes do dia a dia onde n\u00e3o se encontram formas f\u00e1ceis de proporcionar essa acessibilidade, como, por exemplo, centros comunit\u00e1rios carentes, unidades de sa\u00fade e escolas;<\/span><\/li><li><span class=\"translatable-message\">Atrav\u00e9s dos t\u00f3picos de aprendizado de m\u00e1quina e intelig\u00eancia artificial, buscamos desenvolver um sistema cada vez melhor para a detec\u00e7\u00e3o de sinais em LIBRAS. Atualmente, temos um sistema capaz de reconhecer sinais est\u00e1ticos do alfabeto, mas j\u00e1 come\u00e7amos a desenvolver as funcionalidades para sinais do alfabeto em movimento, introduzindo agora o uso de redes neurais; <br \/><\/span><\/li><li><span class=\"translatable-message\">Coletar dados para possibilitar a produ\u00e7\u00e3o de um artigo cient\u00edfico, podendo ser nos pilares de aprendizado de m\u00e1quina, intera\u00e7\u00e3o humano-computador ou da rob\u00f3tica do projeto.<\/span><\/li><\/ul><\/div>\n\t\t\t\t\t\t\t\t\t<div class=\"elementor-tab-title elementor-tab-mobile-title\" aria-selected=\"false\" data-tab=\"2\" role=\"tab\" tabindex=\"-1\" aria-controls=\"elementor-tab-content-1842\" aria-expanded=\"false\">Metodologia<\/div>\n\t\t\t\t\t<div id=\"elementor-tab-content-1842\" class=\"elementor-tab-content elementor-clearfix\" data-tab=\"2\" role=\"tabpanel\" aria-labelledby=\"elementor-tab-title-1842\" tabindex=\"0\" hidden=\"hidden\"><p><span class=\"translatable-message\">Ao integrar \u00e1reas externas a computa\u00e7\u00e3o, \u00e9 necess\u00e1rio que tenhamos o material adequado. Tendo em vista a participa\u00e7\u00e3o de membros em projetos de extens\u00e3o, como equipes de rob\u00f3ticas, esses ser\u00e3o respons\u00e1veis pela cria\u00e7\u00e3o de um material de apoio, que ir\u00e1 conter v\u00eddeos, documentos e acervos de livros, nos seguintes t\u00f3picos: el\u00e9trica b\u00e1sica, eletr\u00f4nica de pot\u00eancia, hardware de microprocessadores, microcontroladores, mec\u00e2nica b\u00e1sica e modelagem 3D. Assim, o PET Computa\u00e7\u00e3o ter\u00e1 a possibilidade de manter o projeto vivo e atuante nos setores que miramos a utiliza\u00e7\u00e3o deste. Em rela\u00e7\u00e3o ao desenvolvimento do software do projeto, iremos documentar o c\u00f3digo e faremos reuni\u00f5es explicativas de tudo que for desenvolvido a cada 3 meses, para que os membros sempre estejam alinhados, e gravaremos essas reuni\u00f5es para termos um hist\u00f3rico de evolu\u00e7\u00e3o desse pilar do projeto.<\/span><\/p><\/div>\n\t\t\t\t\t\t\t\t\t<div class=\"elementor-tab-title elementor-tab-mobile-title\" aria-selected=\"false\" data-tab=\"3\" role=\"tab\" tabindex=\"-1\" aria-controls=\"elementor-tab-content-1843\" aria-expanded=\"false\">Reposit\u00f3rio<\/div>\n\t\t\t\t\t<div id=\"elementor-tab-content-1843\" class=\"elementor-tab-content elementor-clearfix\" data-tab=\"3\" role=\"tabpanel\" aria-labelledby=\"elementor-tab-title-1843\" tabindex=\"0\" hidden=\"hidden\"><p><a href=\"https:\/\/github.com\/PETComputacaoUFPR\/tradutor_libras\">Clique aqui e acesse ao reposit\u00f3rio do Rob\u00f4PET para visualizar os nossos projetos em andamento \ud83d\ude42<\/a><\/p><\/div>\n\t\t\t\t\t\t\t\t\t<div class=\"elementor-tab-title elementor-tab-mobile-title\" aria-selected=\"false\" data-tab=\"4\" role=\"tab\" tabindex=\"-1\" aria-controls=\"elementor-tab-content-1844\" aria-expanded=\"false\">Equipe<\/div>\n\t\t\t\t\t<div id=\"elementor-tab-content-1844\" class=\"elementor-tab-content elementor-clearfix\" data-tab=\"4\" role=\"tabpanel\" aria-labelledby=\"elementor-tab-title-1844\" tabindex=\"0\" hidden=\"hidden\"><ul><li>Andrieli Luci Gon\u00e7alves<\/li><li><span style=\"color: var( --e-global-color-text );font-family: var( --e-global-typography-text-font-family ), Montserrat;font-weight: var( --e-global-typography-text-font-weight );background-color: transparent;letter-spacing: 0.2px\">Eloisa Nielsen\u00a0<\/span><strong style=\"color: var( --e-global-color-text );font-family: var( --e-global-typography-text-font-family ), Montserrat;background-color: transparent;letter-spacing: 0.2px\">(l\u00edder)<\/strong><\/li><li><span style=\"color: var( --e-global-color-text );font-family: var( --e-global-typography-text-font-family ), Montserrat;font-weight: var( --e-global-typography-text-font-weight );background-color: transparent;letter-spacing: 0.2px\">Phillip Yagyu Moribayashi<\/span><\/li><li>Vinicius Leon Paula<\/li><\/ul><\/div>\n\t\t\t\t\t\t\t<\/div>\n\t\t<\/div>\n\t\t\t\t\t\t<\/div>\n\t\t\t\t<\/div>\n\t\t\t\t\t<\/div>\n\t\t<\/div>\n\t\t\t\t\t<\/div>\n\t\t<\/section>\n\t\t\t\t<\/div>\n\t\t","protected":false},"excerpt":{"rendered":"<p>Devido aos cursos de Ci\u00eancia da Computa\u00e7\u00e3o e Inform\u00e1tica Biom\u00e9dica n\u00e3o oferecerem uma mat\u00e9ria que envolva a manipula\u00e7\u00e3o de componentes eletr\u00f4nicos, foi iniciado o projeto Rob\u00f4PET. Este tem como intuito capacitar os PETianos nos campos te\u00f3rico e pr\u00e1tico das \u00e1reas de eletr\u00f4nica e rob\u00f3tica. Com os conhecimentos adquiridos, os membros do PET Computa\u00e7\u00e3o poder\u00e3o utiliz\u00e1-los&hellip; <br \/> <a class=\"read-more\" href=\"https:\/\/web.inf.ufpr.br\/pet\/projetos\/tradutor-de-libras\/\">Leia mais<\/a><\/p>\n","protected":false},"author":26,"featured_media":0,"parent":106,"menu_order":0,"comment_status":"closed","ping_status":"closed","template":"","meta":{"footnotes":""},"class_list":["post-1274","page","type-page","status-publish","hentry"],"_links":{"self":[{"href":"https:\/\/web.inf.ufpr.br\/pet\/wp-json\/wp\/v2\/pages\/1274","targetHints":{"allow":["GET"]}}],"collection":[{"href":"https:\/\/web.inf.ufpr.br\/pet\/wp-json\/wp\/v2\/pages"}],"about":[{"href":"https:\/\/web.inf.ufpr.br\/pet\/wp-json\/wp\/v2\/types\/page"}],"author":[{"embeddable":true,"href":"https:\/\/web.inf.ufpr.br\/pet\/wp-json\/wp\/v2\/users\/26"}],"replies":[{"embeddable":true,"href":"https:\/\/web.inf.ufpr.br\/pet\/wp-json\/wp\/v2\/comments?post=1274"}],"version-history":[{"count":48,"href":"https:\/\/web.inf.ufpr.br\/pet\/wp-json\/wp\/v2\/pages\/1274\/revisions"}],"predecessor-version":[{"id":4015,"href":"https:\/\/web.inf.ufpr.br\/pet\/wp-json\/wp\/v2\/pages\/1274\/revisions\/4015"}],"up":[{"embeddable":true,"href":"https:\/\/web.inf.ufpr.br\/pet\/wp-json\/wp\/v2\/pages\/106"}],"wp:attachment":[{"href":"https:\/\/web.inf.ufpr.br\/pet\/wp-json\/wp\/v2\/media?parent=1274"}],"curies":[{"name":"wp","href":"https:\/\/api.w.org\/{rel}","templated":true}]}}