{"id":1121,"date":"2019-06-05T09:57:06","date_gmt":"2019-06-05T12:57:06","guid":{"rendered":"http:\/\/web.inf.ufpr.br\/pet\/?page_id=1121"},"modified":"2023-04-01T18:07:23","modified_gmt":"2023-04-01T21:07:23","slug":"stroop-2","status":"publish","type":"page","link":"https:\/\/web.inf.ufpr.br\/pet\/projetos\/stroop-2\/","title":{"rendered":"STROOP"},"content":{"rendered":"\t\t<div data-elementor-type=\"wp-post\" data-elementor-id=\"1121\" class=\"elementor elementor-1121\">\n\t\t\t\t\t\t<section class=\"elementor-section elementor-top-section elementor-element elementor-element-ff98982 elementor-section-boxed elementor-section-height-default elementor-section-height-default\" data-id=\"ff98982\" data-element_type=\"section\" data-e-type=\"section\">\n\t\t\t\t\t\t<div class=\"elementor-container elementor-column-gap-default\">\n\t\t\t\t\t<div class=\"elementor-column elementor-col-100 elementor-top-column elementor-element elementor-element-3ee7d0a\" data-id=\"3ee7d0a\" data-element_type=\"column\" data-e-type=\"column\">\n\t\t\t<div class=\"elementor-widget-wrap elementor-element-populated\">\n\t\t\t\t\t\t<div class=\"elementor-element elementor-element-42e65c0 elementor-widget elementor-widget-text-editor\" data-id=\"42e65c0\" data-element_type=\"widget\" data-e-type=\"widget\" data-widget_type=\"text-editor.default\">\n\t\t\t\t<div class=\"elementor-widget-container\">\n\t\t\t\t\t\t\t\t\t<p style=\"text-align: justify;\">O teste <strong>Stroop<\/strong> tem como objetivo avaliar a capacidade cognitiva de indiv\u00edduos. Esse teste \u00e9 utilizado em diversos estudos por apresentar uma avalia\u00e7\u00e3o quantitativa de respostas neurol\u00f3gicas e \u00e9 usado em muitas metodologias de forma manual sem o uso de nenhum recurso tecnol\u00f3gico. Este trabalho prop\u00f5e o desenvolvimento de um <em>software<\/em> que automatize e informatize o teste <strong>Stroop<\/strong> e tamb\u00e9m forne\u00e7a ferramentas para a an\u00e1lise dos resultados coletados com o teste.<\/p><p style=\"text-align: justify;\">A implementa\u00e7\u00e3o do software foi feita utilizando tecnologias web (CSS, Javascript e HTML), o que possibilita sua execu\u00e7\u00e3o em diferentes plataformas como celulares e computadores <em>desktop<\/em>. O teste est\u00e1 na forma de uma s\u00e9rie de perguntas onde se deve dizer a cor que uma determinada palavra est\u00e1 escrita, onde essas palavras s\u00e3o nomes de cores. A aplica\u00e7\u00e3o pode armazenar v\u00e1rios testes e fazer an\u00e1lises globais e individuais dos mesmos. Essas an\u00e1lises est\u00e3o presentes no software como gr\u00e1ficos de compara\u00e7\u00f5es e visualiza\u00e7\u00e3o de testes individuais.<\/p>\t\t\t\t\t\t\t\t<\/div>\n\t\t\t\t<\/div>\n\t\t\t\t<div class=\"elementor-element elementor-element-292f509 elementor-tabs-view-horizontal elementor-widget elementor-widget-tabs\" data-id=\"292f509\" data-element_type=\"widget\" data-e-type=\"widget\" data-widget_type=\"tabs.default\">\n\t\t\t\t<div class=\"elementor-widget-container\">\n\t\t\t\t\t\t\t<div class=\"elementor-tabs\">\n\t\t\t<div class=\"elementor-tabs-wrapper\" role=\"tablist\" >\n\t\t\t\t\t\t\t\t\t<div id=\"elementor-tab-title-4311\" class=\"elementor-tab-title elementor-tab-desktop-title\" aria-selected=\"true\" data-tab=\"1\" role=\"tab\" tabindex=\"0\" aria-controls=\"elementor-tab-content-4311\" aria-expanded=\"false\">Objetivos<\/div>\n\t\t\t\t\t\t\t\t\t<div id=\"elementor-tab-title-4312\" class=\"elementor-tab-title elementor-tab-desktop-title\" aria-selected=\"false\" data-tab=\"2\" role=\"tab\" tabindex=\"-1\" aria-controls=\"elementor-tab-content-4312\" aria-expanded=\"false\">Contribui\u00e7\u00f5es<\/div>\n\t\t\t\t\t\t\t\t\t<div id=\"elementor-tab-title-4313\" class=\"elementor-tab-title elementor-tab-desktop-title\" aria-selected=\"false\" data-tab=\"3\" role=\"tab\" tabindex=\"-1\" aria-controls=\"elementor-tab-content-4313\" aria-expanded=\"false\">Resultados<\/div>\n\t\t\t\t\t\t\t<\/div>\n\t\t\t<div class=\"elementor-tabs-content-wrapper\" role=\"tablist\" aria-orientation=\"vertical\">\n\t\t\t\t\t\t\t\t\t<div class=\"elementor-tab-title elementor-tab-mobile-title\" aria-selected=\"true\" data-tab=\"1\" role=\"tab\" tabindex=\"0\" aria-controls=\"elementor-tab-content-4311\" aria-expanded=\"false\">Objetivos<\/div>\n\t\t\t\t\t<div id=\"elementor-tab-content-4311\" class=\"elementor-tab-content elementor-clearfix\" data-tab=\"1\" role=\"tabpanel\" aria-labelledby=\"elementor-tab-title-4311\" tabindex=\"0\" hidden=\"false\"><ul><li>Desenvolver um aplicativo para plataformas <em>mobile<\/em> e <em>desktop<\/em>, gratuito e <em>open source<\/em> que realize o teste Stroop.<\/li><li>Fazer todo o sistema de administra\u00e7\u00e3o e gerenciamento de testes em cima do aplicativo.<\/li><li>Al\u00e9m do sistema de administra\u00e7\u00e3o, fazer um sistema que trabalhe com os dados gerados pelo teste para gerar gr\u00e1ficos que auxiliem no estudo dos mesmos.<\/li><\/ul><\/div>\n\t\t\t\t\t\t\t\t\t<div class=\"elementor-tab-title elementor-tab-mobile-title\" aria-selected=\"false\" data-tab=\"2\" role=\"tab\" tabindex=\"-1\" aria-controls=\"elementor-tab-content-4312\" aria-expanded=\"false\">Contribui\u00e7\u00f5es<\/div>\n\t\t\t\t\t<div id=\"elementor-tab-content-4312\" class=\"elementor-tab-content elementor-clearfix\" data-tab=\"2\" role=\"tabpanel\" aria-labelledby=\"elementor-tab-title-4312\" tabindex=\"0\" hidden=\"hidden\"><ul><li>Anita Nishiyama<\/li><li>Bruno Henrique Meyer<\/li><li>Gabriel Olescki<\/li><li>Helena Zanella<\/li><li>Mariana Carmin<\/li><li>Pedro Demarchi Gomes<\/li><\/ul><\/div>\n\t\t\t\t\t\t\t\t\t<div class=\"elementor-tab-title elementor-tab-mobile-title\" aria-selected=\"false\" data-tab=\"3\" role=\"tab\" tabindex=\"-1\" aria-controls=\"elementor-tab-content-4313\" aria-expanded=\"false\">Resultados<\/div>\n\t\t\t\t\t<div id=\"elementor-tab-content-4313\" class=\"elementor-tab-content elementor-clearfix\" data-tab=\"3\" role=\"tabpanel\" aria-labelledby=\"elementor-tab-title-4313\" tabindex=\"0\" hidden=\"hidden\"><p>O teste est\u00e1 dispon\u00edvel <a href=\"http:\/\/pet.inf.ufpr.br\/stroop\/\" target=\"_blank\" rel=\"noopener\">aqui<\/a>.<\/p><p>O manual da aplica\u00e7\u00e3o Stroop est\u00e1 dispon\u00edvel <a href=\"http:\/\/web.inf.ufpr.br\/pet\/wp-content\/uploads\/sites\/17\/2019\/07\/Manual_STROOP.pdf\" target=\"_blank\" rel=\"noopener\">aqui.<\/a><\/p><\/div>\n\t\t\t\t\t\t\t<\/div>\n\t\t<\/div>\n\t\t\t\t\t\t<\/div>\n\t\t\t\t<\/div>\n\t\t\t\t\t<\/div>\n\t\t<\/div>\n\t\t\t\t\t<\/div>\n\t\t<\/section>\n\t\t\t\t<\/div>\n\t\t","protected":false},"excerpt":{"rendered":"<p>O teste Stroop tem como objetivo avaliar a capacidade cognitiva de indiv\u00edduos. Esse teste \u00e9 utilizado em diversos estudos por apresentar uma avalia\u00e7\u00e3o quantitativa de respostas neurol\u00f3gicas e \u00e9 usado em muitas metodologias de forma manual sem o uso de nenhum recurso tecnol\u00f3gico. Este trabalho prop\u00f5e o desenvolvimento de um software que automatize e informatize&hellip; <br \/> <a class=\"read-more\" href=\"https:\/\/web.inf.ufpr.br\/pet\/projetos\/stroop-2\/\">Leia mais<\/a><\/p>\n","protected":false},"author":26,"featured_media":0,"parent":106,"menu_order":0,"comment_status":"closed","ping_status":"closed","template":"","meta":{"footnotes":""},"class_list":["post-1121","page","type-page","status-publish","hentry"],"_links":{"self":[{"href":"https:\/\/web.inf.ufpr.br\/pet\/wp-json\/wp\/v2\/pages\/1121","targetHints":{"allow":["GET"]}}],"collection":[{"href":"https:\/\/web.inf.ufpr.br\/pet\/wp-json\/wp\/v2\/pages"}],"about":[{"href":"https:\/\/web.inf.ufpr.br\/pet\/wp-json\/wp\/v2\/types\/page"}],"author":[{"embeddable":true,"href":"https:\/\/web.inf.ufpr.br\/pet\/wp-json\/wp\/v2\/users\/26"}],"replies":[{"embeddable":true,"href":"https:\/\/web.inf.ufpr.br\/pet\/wp-json\/wp\/v2\/comments?post=1121"}],"version-history":[{"count":16,"href":"https:\/\/web.inf.ufpr.br\/pet\/wp-json\/wp\/v2\/pages\/1121\/revisions"}],"predecessor-version":[{"id":1346,"href":"https:\/\/web.inf.ufpr.br\/pet\/wp-json\/wp\/v2\/pages\/1121\/revisions\/1346"}],"up":[{"embeddable":true,"href":"https:\/\/web.inf.ufpr.br\/pet\/wp-json\/wp\/v2\/pages\/106"}],"wp:attachment":[{"href":"https:\/\/web.inf.ufpr.br\/pet\/wp-json\/wp\/v2\/media?parent=1121"}],"curies":[{"name":"wp","href":"https:\/\/api.w.org\/{rel}","templated":true}]}}