{"id":110,"date":"2018-06-27T10:08:48","date_gmt":"2018-06-27T13:08:48","guid":{"rendered":"http:\/\/web.inf.ufpr.br\/pet\/?page_id=110"},"modified":"2023-04-02T12:35:47","modified_gmt":"2023-04-02T15:35:47","slug":"downloads","status":"publish","type":"page","link":"https:\/\/web.inf.ufpr.br\/pet\/downloads\/","title":{"rendered":"Downloads"},"content":{"rendered":"\t\t<div data-elementor-type=\"wp-post\" data-elementor-id=\"110\" class=\"elementor elementor-110\">\n\t\t\t\t\t\t<section class=\"elementor-section elementor-top-section elementor-element elementor-element-f740083 elementor-section-boxed elementor-section-height-default elementor-section-height-default\" data-id=\"f740083\" data-element_type=\"section\" data-e-type=\"section\">\n\t\t\t\t\t\t<div class=\"elementor-container elementor-column-gap-default\">\n\t\t\t\t\t<div class=\"elementor-column elementor-col-100 elementor-top-column elementor-element elementor-element-fedd877\" data-id=\"fedd877\" data-element_type=\"column\" data-e-type=\"column\">\n\t\t\t<div class=\"elementor-widget-wrap elementor-element-populated\">\n\t\t\t\t\t\t<div class=\"elementor-element elementor-element-2005115 elementor-widget elementor-widget-accordion\" data-id=\"2005115\" data-element_type=\"widget\" data-e-type=\"widget\" data-widget_type=\"accordion.default\">\n\t\t\t\t<div class=\"elementor-widget-container\">\n\t\t\t\t\t\t\t<div class=\"elementor-accordion\">\n\t\t\t\t\t\t\t<div class=\"elementor-accordion-item\">\n\t\t\t\t\t<div id=\"elementor-tab-title-3351\" class=\"elementor-tab-title\" data-tab=\"1\" role=\"button\" aria-controls=\"elementor-tab-content-3351\" aria-expanded=\"false\">\n\t\t\t\t\t\t\t\t\t\t\t\t\t<span class=\"elementor-accordion-icon elementor-accordion-icon-left\" aria-hidden=\"true\">\n\t\t\t\t\t\t\t\t\t\t\t\t\t\t\t<span class=\"elementor-accordion-icon-closed\"><i class=\"fas fa-plus\"><\/i><\/span>\n\t\t\t\t\t\t\t\t<span class=\"elementor-accordion-icon-opened\"><i class=\"fas fa-minus\"><\/i><\/span>\n\t\t\t\t\t\t\t\t\t\t\t\t\t\t<\/span>\n\t\t\t\t\t\t\t\t\t\t\t\t<a class=\"elementor-accordion-title\" tabindex=\"0\">Apostilas<\/a>\n\t\t\t\t\t<\/div>\n\t\t\t\t\t<div id=\"elementor-tab-content-3351\" class=\"elementor-tab-content elementor-clearfix\" data-tab=\"1\" role=\"region\" aria-labelledby=\"elementor-tab-title-3351\"><p><a href=\"http:\/\/web.inf.ufpr.br\/pet\/wp-content\/uploads\/sites\/17\/2019\/05\/apostila-linux.pdf\" target=\"_blank\" rel=\"noopener\">Apostila de Linux<\/a><\/p>\n<p><a href=\"http:\/\/web.inf.ufpr.br\/pet\/wp-content\/uploads\/sites\/17\/2019\/05\/apostila-latex.pdf\" target=\"_blank\" rel=\"noopener\">Apostila de LaTeX<\/a><\/p>\n<p><a href=\"http:\/\/web.inf.ufpr.br\/pet\/wp-content\/uploads\/sites\/17\/2019\/05\/apostila-compacta-linux.pdf\" target=\"_blank\" rel=\"noopener\">Apostila compacta de Linux<\/a><\/p>\n<p><a href=\"http:\/\/web.inf.ufpr.br\/pet\/wp-content\/uploads\/sites\/17\/2019\/05\/apostila-python-2013.pdf\" target=\"_blank\" rel=\"noopener\">Apostila de Python<\/a><\/p>\n<p><a href=\"http:\/\/web.inf.ufpr.br\/pet\/wp-content\/uploads\/sites\/17\/2019\/05\/apostila-shell.pdf\" target=\"_blank\" rel=\"noopener\">Apostila de Shell<\/a><\/p><\/div>\n\t\t\t\t<\/div>\n\t\t\t\t\t\t\t<div class=\"elementor-accordion-item\">\n\t\t\t\t\t<div id=\"elementor-tab-title-3352\" class=\"elementor-tab-title\" data-tab=\"2\" role=\"button\" aria-controls=\"elementor-tab-content-3352\" aria-expanded=\"false\">\n\t\t\t\t\t\t\t\t\t\t\t\t\t<span class=\"elementor-accordion-icon elementor-accordion-icon-left\" aria-hidden=\"true\">\n\t\t\t\t\t\t\t\t\t\t\t\t\t\t\t<span class=\"elementor-accordion-icon-closed\"><i class=\"fas fa-plus\"><\/i><\/span>\n\t\t\t\t\t\t\t\t<span class=\"elementor-accordion-icon-opened\"><i class=\"fas fa-minus\"><\/i><\/span>\n\t\t\t\t\t\t\t\t\t\t\t\t\t\t<\/span>\n\t\t\t\t\t\t\t\t\t\t\t\t<a class=\"elementor-accordion-title\" tabindex=\"0\">Manuais<\/a>\n\t\t\t\t\t<\/div>\n\t\t\t\t\t<div id=\"elementor-tab-content-3352\" class=\"elementor-tab-content elementor-clearfix\" data-tab=\"2\" role=\"region\" aria-labelledby=\"elementor-tab-title-3352\"><p><a href=\"http:\/\/web.inf.ufpr.br\/pet\/wp-content\/uploads\/sites\/17\/2019\/06\/Manual-Stroop-2019.pdf\" target=\"_blank\" rel=\"noopener\">Manual da aplica\u00e7\u00e3o STROOP<\/a><\/p><\/div>\n\t\t\t\t<\/div>\n\t\t\t\t\t\t\t<div class=\"elementor-accordion-item\">\n\t\t\t\t\t<div id=\"elementor-tab-title-3353\" class=\"elementor-tab-title\" data-tab=\"3\" role=\"button\" aria-controls=\"elementor-tab-content-3353\" aria-expanded=\"false\">\n\t\t\t\t\t\t\t\t\t\t\t\t\t<span class=\"elementor-accordion-icon elementor-accordion-icon-left\" aria-hidden=\"true\">\n\t\t\t\t\t\t\t\t\t\t\t\t\t\t\t<span class=\"elementor-accordion-icon-closed\"><i class=\"fas fa-plus\"><\/i><\/span>\n\t\t\t\t\t\t\t\t<span class=\"elementor-accordion-icon-opened\"><i class=\"fas fa-minus\"><\/i><\/span>\n\t\t\t\t\t\t\t\t\t\t\t\t\t\t<\/span>\n\t\t\t\t\t\t\t\t\t\t\t\t<a class=\"elementor-accordion-title\" tabindex=\"0\">Oficinas<\/a>\n\t\t\t\t\t<\/div>\n\t\t\t\t\t<div id=\"elementor-tab-content-3353\" class=\"elementor-tab-content elementor-clearfix\" data-tab=\"3\" role=\"region\" aria-labelledby=\"elementor-tab-title-3353\"><p><a href=\"http:\/\/web.inf.ufpr.br\/pet\/wp-content\/uploads\/sites\/17\/2023\/04\/curso_de_linux_2023.pdf\">Curso de Linux 2023<\/a><\/p><p><a href=\"http:\/\/web.inf.ufpr.br\/pet\/wp-content\/uploads\/sites\/17\/2019\/05\/curso-linux-2019.pdf\" target=\"_blank\" rel=\"noopener\">Curso de Linux 2019<\/a><\/p><p><a title=\"https:\/\/gitlab.c3sl.ufpr.br\/pet\/Ciclo-Oficinas\/raw\/master\/javascript\/OficinaJavascript-04-2016.tar\" href=\"https:\/\/gitlab.c3sl.ufpr.br\/pet\/Ciclo-Oficinas\/raw\/master\/javascript\/OficinaJavascript-04-2016.tar\" rel=\"nofollow noopener\">Material &#8211; Oficina Javascript 2016<\/a><\/p><\/div>\n\t\t\t\t<\/div>\n\t\t\t\t\t\t\t<div class=\"elementor-accordion-item\">\n\t\t\t\t\t<div id=\"elementor-tab-title-3354\" class=\"elementor-tab-title\" data-tab=\"4\" role=\"button\" aria-controls=\"elementor-tab-content-3354\" aria-expanded=\"false\">\n\t\t\t\t\t\t\t\t\t\t\t\t\t<span class=\"elementor-accordion-icon elementor-accordion-icon-left\" aria-hidden=\"true\">\n\t\t\t\t\t\t\t\t\t\t\t\t\t\t\t<span class=\"elementor-accordion-icon-closed\"><i class=\"fas fa-plus\"><\/i><\/span>\n\t\t\t\t\t\t\t\t<span class=\"elementor-accordion-icon-opened\"><i class=\"fas fa-minus\"><\/i><\/span>\n\t\t\t\t\t\t\t\t\t\t\t\t\t\t<\/span>\n\t\t\t\t\t\t\t\t\t\t\t\t<a class=\"elementor-accordion-title\" tabindex=\"0\">Regulamenta\u00e7\u00e3o PET<\/a>\n\t\t\t\t\t<\/div>\n\t\t\t\t\t<div id=\"elementor-tab-content-3354\" class=\"elementor-tab-content elementor-clearfix\" data-tab=\"4\" role=\"region\" aria-labelledby=\"elementor-tab-title-3354\"><p><a href=\"http:\/\/sigpet.mec.gov.br\/docs\/Portaria_976_2010.pdf\" target=\"_blank\" rel=\"noopener\">Portaria n\u00ba 976, de 27 de julho de 2010<\/a><\/p><p><a href=\"http:\/\/sigpet.mec.gov.br\/docs\/Portaria_343_2013.pdf\" target=\"_blank\" rel=\"noopener\">Portaria n\u00b0 343, de 24 de abril de 2013<\/a><\/p><p><\/p><\/div>\n\t\t\t\t<\/div>\n\t\t\t\t\t\t\t<div class=\"elementor-accordion-item\">\n\t\t\t\t\t<div id=\"elementor-tab-title-3355\" class=\"elementor-tab-title\" data-tab=\"5\" role=\"button\" aria-controls=\"elementor-tab-content-3355\" aria-expanded=\"false\">\n\t\t\t\t\t\t\t\t\t\t\t\t\t<span class=\"elementor-accordion-icon elementor-accordion-icon-left\" aria-hidden=\"true\">\n\t\t\t\t\t\t\t\t\t\t\t\t\t\t\t<span class=\"elementor-accordion-icon-closed\"><i class=\"fas fa-plus\"><\/i><\/span>\n\t\t\t\t\t\t\t\t<span class=\"elementor-accordion-icon-opened\"><i class=\"fas fa-minus\"><\/i><\/span>\n\t\t\t\t\t\t\t\t\t\t\t\t\t\t<\/span>\n\t\t\t\t\t\t\t\t\t\t\t\t<a class=\"elementor-accordion-title\" tabindex=\"0\">Relat\u00f3rios de Planejamento<\/a>\n\t\t\t\t\t<\/div>\n\t\t\t\t\t<div id=\"elementor-tab-content-3355\" class=\"elementor-tab-content elementor-clearfix\" data-tab=\"5\" role=\"region\" aria-labelledby=\"elementor-tab-title-3355\"><p><a href=\"http:\/\/web.inf.ufpr.br\/pet\/wp-content\/uploads\/sites\/17\/2019\/05\/planejamento-2015.pdf\" target=\"_blank\" rel=\"noopener\">Planejamento 2015<\/a><\/p><p><a href=\"http:\/\/web.inf.ufpr.br\/pet\/wp-content\/uploads\/sites\/17\/2019\/05\/planejamento-2016.pdf\" target=\"_blank\" rel=\"noopener\">Planejamento 2016<\/a><\/p><p><a href=\"http:\/\/web.inf.ufpr.br\/pet\/wp-content\/uploads\/sites\/17\/2019\/05\/planejamento-2017.pdf\" target=\"_blank\" rel=\"noopener\">Planejamento 2017<\/a><\/p><p><a href=\"http:\/\/web.inf.ufpr.br\/pet\/wp-content\/uploads\/sites\/17\/2019\/05\/planejamento-2018.pdf\" target=\"_blank\" rel=\"noopener\">Planejamento 2018<\/a><\/p><p><a href=\"http:\/\/web.inf.ufpr.br\/pet\/wp-content\/uploads\/sites\/17\/2019\/05\/planejamento-2019.pdf\" target=\"_blank\" rel=\"noopener\">Planejamento 2019<\/a><\/p><p><a href=\"http:\/\/web.inf.ufpr.br\/pet\/wp-content\/uploads\/sites\/17\/2020\/05\/planejamento-2020.pdf\" target=\"_blank\" rel=\"noopener\">Planejamento 2020<\/a><\/p><p><a href=\"http:\/\/web.inf.ufpr.br\/pet\/wp-content\/uploads\/sites\/17\/2021\/05\/planejamento2021.pdf\" target=\"_blank\" rel=\"noopener\">Planejamento 2021<\/a><\/p><p><\/p><\/div>\n\t\t\t\t<\/div>\n\t\t\t\t\t\t\t\t<\/div>\n\t\t\t\t\t\t<\/div>\n\t\t\t\t<\/div>\n\t\t\t\t\t<\/div>\n\t\t<\/div>\n\t\t\t\t\t<\/div>\n\t\t<\/section>\n\t\t\t\t<\/div>\n\t\t","protected":false},"excerpt":{"rendered":"<p>Apostilas Apostila de Linux Apostila de LaTeX Apostila compacta de Linux Apostila de Python Apostila de Shell Manuais Manual da aplica\u00e7\u00e3o STROOP Oficinas Curso de Linux 2023 Curso de Linux 2019 Material &#8211; Oficina Javascript 2016 Regulamenta\u00e7\u00e3o PET Portaria n\u00ba 976, de 27 de julho de 2010 Portaria n\u00b0 343, de 24 de abril de&hellip; <br \/> <a class=\"read-more\" href=\"https:\/\/web.inf.ufpr.br\/pet\/downloads\/\">Leia mais<\/a><\/p>\n","protected":false},"author":26,"featured_media":2314,"parent":0,"menu_order":0,"comment_status":"closed","ping_status":"closed","template":"","meta":{"footnotes":""},"class_list":["post-110","page","type-page","status-publish","has-post-thumbnail","hentry"],"_links":{"self":[{"href":"https:\/\/web.inf.ufpr.br\/pet\/wp-json\/wp\/v2\/pages\/110","targetHints":{"allow":["GET"]}}],"collection":[{"href":"https:\/\/web.inf.ufpr.br\/pet\/wp-json\/wp\/v2\/pages"}],"about":[{"href":"https:\/\/web.inf.ufpr.br\/pet\/wp-json\/wp\/v2\/types\/page"}],"author":[{"embeddable":true,"href":"https:\/\/web.inf.ufpr.br\/pet\/wp-json\/wp\/v2\/users\/26"}],"replies":[{"embeddable":true,"href":"https:\/\/web.inf.ufpr.br\/pet\/wp-json\/wp\/v2\/comments?post=110"}],"version-history":[{"count":67,"href":"https:\/\/web.inf.ufpr.br\/pet\/wp-json\/wp\/v2\/pages\/110\/revisions"}],"predecessor-version":[{"id":2643,"href":"https:\/\/web.inf.ufpr.br\/pet\/wp-json\/wp\/v2\/pages\/110\/revisions\/2643"}],"wp:featuredmedia":[{"embeddable":true,"href":"https:\/\/web.inf.ufpr.br\/pet\/wp-json\/wp\/v2\/media\/2314"}],"wp:attachment":[{"href":"https:\/\/web.inf.ufpr.br\/pet\/wp-json\/wp\/v2\/media?parent=110"}],"curies":[{"name":"wp","href":"https:\/\/api.w.org\/{rel}","templated":true}]}}