{"id":106,"date":"2018-06-27T10:08:48","date_gmt":"2018-06-27T13:08:48","guid":{"rendered":"http:\/\/web.inf.ufpr.br\/pet\/?page_id=106"},"modified":"2025-10-24T10:22:53","modified_gmt":"2025-10-24T13:22:53","slug":"projetos","status":"publish","type":"page","link":"https:\/\/web.inf.ufpr.br\/pet\/projetos\/","title":{"rendered":"Projetos"},"content":{"rendered":"<h2>Projetos em Desenvolvimento<\/h2>\n<figure><a href=\"https:\/\/web.inf.ufpr.br\/pet\/projetos\/adega\/\" target=\"_blank\"><img fetchpriority=\"high\" decoding=\"async\" width=\"1563\" height=\"1563\" src=\"http:\/\/web.inf.ufpr.br\/pet\/wp-content\/uploads\/sites\/17\/2023\/06\/ADEGA.png\" alt=\"\" \/><\/a><\/figure>\n<h3><a href=\"https:\/\/web.inf.ufpr.br\/pet\/projetos\/adega\/\" target=\"_blank\">ADEGA<\/a><\/h3>\n<figure><a href=\"https:\/\/web.inf.ufpr.br\/pet\/projetos\/localizador-de-salas\" target=\"_blank\"><img decoding=\"async\" width=\"1563\" height=\"1563\" src=\"http:\/\/web.inf.ufpr.br\/pet\/wp-content\/uploads\/sites\/17\/2025\/02\/Localizador.png\" alt=\"\" \/><\/a><\/figure>\n<h3><a href=\"https:\/\/web.inf.ufpr.br\/pet\/projetos\/localizador-de-salas\" target=\"_blank\">Localizador de Salas<\/a><\/h3>\n<figure><a href=\"https:\/\/web.inf.ufpr.br\/pet\/projetos\/tradutor-de-libras\/\" target=\"_blank\"><img decoding=\"async\" width=\"1563\" height=\"1563\" src=\"http:\/\/web.inf.ufpr.br\/pet\/wp-content\/uploads\/sites\/17\/2025\/02\/Libras-Icone-4-3.png\" alt=\"\" \/><\/a><\/figure>\n<h3><a href=\"https:\/\/web.inf.ufpr.br\/pet\/projetos\/tradutor-de-libras\/\" target=\"_blank\">Tradutor de Libras<\/a><\/h3>\n<figure><a href=\"https:\/\/web.inf.ufpr.br\/pet\/bcc-50-anos\/\" target=\"_blank\"><img loading=\"lazy\" decoding=\"async\" width=\"1563\" height=\"1563\" src=\"http:\/\/web.inf.ufpr.br\/pet\/wp-content\/uploads\/sites\/17\/2025\/02\/BCC50.png\" alt=\"\" \/><\/a><\/figure>\n<h3><a href=\"https:\/\/web.inf.ufpr.br\/pet\/bcc-50-anos\/\" target=\"_blank\">BCC 50 Anos<\/a><\/h3>\n<figure><a href=\"https:\/\/web.inf.ufpr.br\/pet\/projetos\/stress-training\/\" target=\"_blank\"><img loading=\"lazy\" decoding=\"async\" width=\"1563\" height=\"1563\" src=\"http:\/\/web.inf.ufpr.br\/pet\/wp-content\/uploads\/sites\/17\/2025\/02\/Stres-Trainingg-icon.png\" alt=\"\" \/><\/a><\/figure>\n<h3><a href=\"https:\/\/web.inf.ufpr.br\/pet\/projetos\/stress-training\/\" target=\"_blank\">Stress Training<\/a><\/h3>\n<figure><a href=\"https:\/\/web.inf.ufpr.br\/pet\/projetos\/react\" target=\"_blank\"><img loading=\"lazy\" decoding=\"async\" width=\"1563\" height=\"1563\" src=\"http:\/\/web.inf.ufpr.br\/pet\/wp-content\/uploads\/sites\/17\/2025\/02\/REACT.png\" alt=\"\" \/><\/a><\/figure>\n<h3><a href=\"https:\/\/web.inf.ufpr.br\/pet\/projetos\/react\" target=\"_blank\">REACT<\/a><\/h3>\n<h2>Projetos Cont\u00ednuos<\/h2>\n<figure><a href=\"https:\/\/web.inf.ufpr.br\/pet\/projetos\/pet-nas-escolas\/\" target=\"_blank\"><img loading=\"lazy\" decoding=\"async\" width=\"1563\" height=\"1563\" src=\"http:\/\/web.inf.ufpr.br\/pet\/wp-content\/uploads\/sites\/17\/2023\/06\/PET-nas-escolas.png\" alt=\"\" \/><\/a><\/figure>\n<h3><a href=\"https:\/\/web.inf.ufpr.br\/pet\/projetos\/pet-nas-escolas\/\" target=\"_blank\">PET Nas Escolas<\/a><\/h3>\n<figure><a href=\"https:\/\/web.inf.ufpr.br\/pet\/oficina-de-vestibulandos\/\" target=\"_blank\"><img loading=\"lazy\" decoding=\"async\" width=\"1563\" height=\"1563\" src=\"http:\/\/web.inf.ufpr.br\/pet\/wp-content\/uploads\/sites\/17\/2023\/06\/Oficina-de-Vestibulandos.png\" alt=\"\" \/><\/a><\/figure>\n<h3><a href=\"https:\/\/web.inf.ufpr.br\/pet\/oficina-de-vestibulandos\/\" target=\"_blank\">Oficina de Vestibulandos<\/a><\/h3>\n<figure><a href=\"https:\/\/web.inf.ufpr.br\/pet\/projetos\/imigrantes\/\" target=\"_blank\"><img loading=\"lazy\" decoding=\"async\" width=\"1563\" height=\"1563\" src=\"http:\/\/web.inf.ufpr.br\/pet\/wp-content\/uploads\/sites\/17\/2023\/06\/Informatica-para-Imigrantes.png\" alt=\"\" \/><\/a><\/figure>\n<h3><a href=\"https:\/\/web.inf.ufpr.br\/pet\/projetos\/imigrantes\/\" target=\"_blank\">Inform\u00e1tica Para Imigrantes<\/a><\/h3>\n<figure><a href=\"https:\/\/web.inf.ufpr.br\/pet\/projetos\/oficinas-e-grupo-de-estudos\/\" target=\"_blank\"><img loading=\"lazy\" decoding=\"async\" width=\"1563\" height=\"1563\" src=\"http:\/\/web.inf.ufpr.br\/pet\/wp-content\/uploads\/sites\/17\/2025\/02\/Ciclo-de-Oficinas.png\" alt=\"\" \/><\/a><\/figure>\n<h3><a href=\"https:\/\/web.inf.ufpr.br\/pet\/projetos\/oficinas-e-grupo-de-estudos\/\" target=\"_blank\">Oficinas e Grupo De Estudos<\/a><\/h3>\n<figure><a href=\"https:\/\/web.inf.ufpr.br\/pet\/projetos\/farol\/\" target=\"_blank\"><img loading=\"lazy\" decoding=\"async\" width=\"1563\" height=\"1563\" src=\"http:\/\/web.inf.ufpr.br\/pet\/wp-content\/uploads\/sites\/17\/2023\/06\/FAROL.png\" alt=\"\" \/><\/a><\/figure>\n<h3><a href=\"https:\/\/web.inf.ufpr.br\/pet\/projetos\/farol\/\" target=\"_blank\">FAROL<\/a><\/h3>\n<figure><a href=\"https:\/\/web.inf.ufpr.br\/pet\/projetos\/divulgacao-universitaria\/\" target=\"_blank\"><img loading=\"lazy\" decoding=\"async\" width=\"1563\" height=\"1563\" src=\"http:\/\/web.inf.ufpr.br\/pet\/wp-content\/uploads\/sites\/17\/2023\/06\/Divulgacao-Universitaria.png\" alt=\"\" \/><\/a><\/figure>\n<h3><a href=\"https:\/\/web.inf.ufpr.br\/pet\/projetos\/divulgacao-universitaria\/\" target=\"_blank\">Divulga\u00e7\u00e3o Universit\u00e1ria<\/a><\/h3>\n<figure><a href=\"https:\/\/web.inf.ufpr.br\/pet\/projetos\/semana-dos-calouros\/\" target=\"_blank\"><img loading=\"lazy\" decoding=\"async\" width=\"1563\" height=\"1563\" src=\"http:\/\/web.inf.ufpr.br\/pet\/wp-content\/uploads\/sites\/17\/2023\/06\/Semana-de-Calouros.png\" alt=\"\" \/><\/a><\/figure>\n<h3><a href=\"https:\/\/web.inf.ufpr.br\/pet\/projetos\/semana-dos-calouros\/\" target=\"_blank\">Semana de Calouros<\/a><\/h3>\n<figure><a href=\"https:\/\/web.inf.ufpr.br\/pet\/semana-acacemica-de-computacao-e-informatica\/\" target=\"_blank\"><img loading=\"lazy\" decoding=\"async\" width=\"1562\" height=\"1562\" src=\"http:\/\/web.inf.ufpr.br\/pet\/wp-content\/uploads\/sites\/17\/2025\/02\/imagem_2025-02-26_015121843.png\" alt=\"\" \/><\/a><\/figure>\n<h3><a href=\"https:\/\/web.inf.ufpr.br\/pet\/semana-acacemica-de-computacao-e-informatica\/\" target=\"_blank\">SACI<\/a><\/h3>\n<figure><a href=\"https:\/\/web.inf.ufpr.br\/pet\/jogo-da-feira\/\" target=\"_blank\"><img loading=\"lazy\" decoding=\"async\" width=\"1250\" height=\"1250\" src=\"http:\/\/web.inf.ufpr.br\/pet\/wp-content\/uploads\/sites\/17\/2023\/06\/Jogo-da-Feira-1.png\" alt=\"\" \/><\/a><\/figure>\n<h3><a href=\"https:\/\/web.inf.ufpr.br\/pet\/jogo-da-feira\/\" target=\"_blank\">Jogo da Feira<\/a><\/h3>\n<h2>Projetos Conclu\u00eddos<\/h2>\n<ul>\n<li>\n\t\t\t\t\t\t\t\t\t\tJ.A.R.V.I.S\n\t\t\t\t\t\t\t\t\t<\/li>\n<li>\n\t\t\t\t\t\t\t\t\t\tJAPA\n\t\t\t\t\t\t\t\t\t<\/li>\n<li>\n\t\t\t\t\t\t\t\t\t\tNUTRI\u00c7\u00c3O\n\t\t\t\t\t\t\t\t\t<\/li>\n<li>\n\t\t\t\t\t\t\t\t\t\tPROJETO DE DISCRETA\n\t\t\t\t\t\t\t\t\t<\/li>\n<li>\n\t\t\t\t\t\t\t\t\t\tSIMCELL\n\t\t\t\t\t\t\t\t\t<\/li>\n<li>\n\t\t\t\t\t\t\t\t\t\tREMEMBER PET\n\t\t\t\t\t\t\t\t\t<\/li>\n<li>\n\t\t\t\t\t\t\t\t\t\tSTROOP\n\t\t\t\t\t\t\t\t\t<\/li>\n<\/ul>\n<figure><a href=\"https:\/\/web.inf.ufpr.br\/pet\/projetos\/incentivo-a-programacao-competitiva\/\" target=\"_blank\"><img loading=\"lazy\" decoding=\"async\" width=\"1563\" height=\"1563\" src=\"http:\/\/web.inf.ufpr.br\/pet\/wp-content\/uploads\/sites\/17\/2023\/06\/Programacao-Competitiva.png\" alt=\"\" \/><\/a><\/figure>\n<h3><a href=\"https:\/\/web.inf.ufpr.br\/pet\/projetos\/incentivo-a-programacao-competitiva\/\" target=\"_blank\">Incentivo \u00c0 Programa\u00e7\u00e3o Competitiva<\/a><\/h3>\n<figure><a href=\"https:\/\/web.inf.ufpr.br\/pet\/projetos\/feirinho-2\" target=\"_blank\"><img loading=\"lazy\" decoding=\"async\" width=\"1250\" height=\"1250\" src=\"http:\/\/web.inf.ufpr.br\/pet\/wp-content\/uploads\/sites\/17\/2023\/06\/Feirinho.png\" alt=\"\" \/><\/a><\/figure>\n<h3><a href=\"https:\/\/web.inf.ufpr.br\/pet\/projetos\/feirinho-2\" target=\"_blank\">Feirinho<\/a><\/h3>\n","protected":false},"excerpt":{"rendered":"<p>Projetos em Desenvolvimento ADEGA Localizador de Salas Tradutor de Libras BCC 50 Anos Stress Training REACT Projetos Cont\u00ednuos PET Nas Escolas Oficina de Vestibulandos Inform\u00e1tica Para Imigrantes Oficinas e Grupo De Estudos FAROL Divulga\u00e7\u00e3o Universit\u00e1ria Semana de Calouros SACI Jogo da Feira Projetos Conclu\u00eddos J.A.R.V.I.S JAPA NUTRI\u00c7\u00c3O PROJETO DE DISCRETA SIMCELL REMEMBER PET STROOP Incentivo&hellip; <br \/> <a class=\"read-more\" href=\"https:\/\/web.inf.ufpr.br\/pet\/projetos\/\">Leia mais<\/a><\/p>\n","protected":false},"author":26,"featured_media":2314,"parent":0,"menu_order":0,"comment_status":"closed","ping_status":"closed","template":"","meta":{"footnotes":""},"class_list":["post-106","page","type-page","status-publish","has-post-thumbnail","hentry"],"_links":{"self":[{"href":"https:\/\/web.inf.ufpr.br\/pet\/wp-json\/wp\/v2\/pages\/106","targetHints":{"allow":["GET"]}}],"collection":[{"href":"https:\/\/web.inf.ufpr.br\/pet\/wp-json\/wp\/v2\/pages"}],"about":[{"href":"https:\/\/web.inf.ufpr.br\/pet\/wp-json\/wp\/v2\/types\/page"}],"author":[{"embeddable":true,"href":"https:\/\/web.inf.ufpr.br\/pet\/wp-json\/wp\/v2\/users\/26"}],"replies":[{"embeddable":true,"href":"https:\/\/web.inf.ufpr.br\/pet\/wp-json\/wp\/v2\/comments?post=106"}],"version-history":[{"count":324,"href":"https:\/\/web.inf.ufpr.br\/pet\/wp-json\/wp\/v2\/pages\/106\/revisions"}],"predecessor-version":[{"id":4384,"href":"https:\/\/web.inf.ufpr.br\/pet\/wp-json\/wp\/v2\/pages\/106\/revisions\/4384"}],"wp:featuredmedia":[{"embeddable":true,"href":"https:\/\/web.inf.ufpr.br\/pet\/wp-json\/wp\/v2\/media\/2314"}],"wp:attachment":[{"href":"https:\/\/web.inf.ufpr.br\/pet\/wp-json\/wp\/v2\/media?parent=106"}],"curies":[{"name":"wp","href":"https:\/\/api.w.org\/{rel}","templated":true}]}}