{"id":34,"date":"2019-09-29T18:53:13","date_gmt":"2019-09-29T21:53:13","guid":{"rendered":"http:\/\/web.inf.ufpr.br\/menotti2\/?page_id=34"},"modified":"2026-02-09T16:36:34","modified_gmt":"2026-02-09T19:36:34","slug":"teaching","status":"publish","type":"page","link":"https:\/\/web.inf.ufpr.br\/menotti\/teaching\/","title":{"rendered":"Teaching"},"content":{"rendered":"\n<p>2026-1<\/p>\n\n\n\n<ul class=\"wp-block-list\">\n<li><a href=\"http:\/\/www.inf.ufpr.br\/menotti\/ci1027-261\">Introdu\u00e7\u00e3o \u00e0 Pesquisa em Ci\u00eancia da Computa\u00e7\u00e3o &#8211; CI1027-BCC1\/IBM1 &amp; INFO7070-PPGInf<\/a> <\/li>\n\n\n\n<li><a href=\"http:\/\/www.inf.ufpr.br\/menotti\/ci1237-261\">Matem\u00e1tica Discreta &#8211; CI1237-BCC1<\/a><\/li>\n<\/ul>\n\n\n\n<p>2025-2<\/p>\n\n\n\n<ul class=\"wp-block-list\">\n<li><a href=\"http:\/\/www.inf.ufpr.br\/menotti\/ci1027-252\">Introdu\u00e7\u00e3o \u00e0 Pesquisa em Ci\u00eancia da Computa\u00e7\u00e3o &#8211; CI1027-BCC1\/IBM1<\/a><\/li>\n\n\n\n<li><a href=\"http:\/\/www.inf.ufpr.br\/menotti\/info7019-252\">Metodologia da Pesquisa Cient\u00edfica &#8211; INFO7019<\/a><\/li>\n<\/ul>\n\n\n\n<p>2025-1<\/p>\n\n\n\n<ul class=\"wp-block-list\">\n<li><a href=\"http:\/\/www.inf.ufpr.br\/menotti\/ci1002-251\">Programa\u00e7\u00e3o 2 &#8211; CI1002-BCC3<\/a><\/li>\n\n\n\n<li><a href=\"http:\/\/www.inf.ufpr.br\/menotti\/ci1237-251\">Matem\u00e1tica Discreta &#8211; CI1237-BCC1<\/a><\/li>\n<\/ul>\n\n\n\n<p>2024-2<\/p>\n\n\n\n<ul class=\"wp-block-list\">\n<li><a href=\"http:\/\/www.inf.ufpr.br\/menotti\/ci1001-242\">Programa\u00e7\u00e3o 1 &#8211; CI1001-BCC2\/IBM2<\/a><\/li>\n\n\n\n<li><a href=\"http:\/\/www.inf.ufpr.br\/menotti\/ci1237-242\">Matem\u00e1tica Discreta &#8211; CI1237-BCC1<\/a><\/li>\n<\/ul>\n\n\n\n<p>2024-1<\/p>\n\n\n\n<ul class=\"wp-block-list\">\n<li><a href=\"http:\/\/www.inf.ufpr.br\/menotti\/ci1002-241\">Programa\u00e7\u00e3o 2 &#8211; CI1002-BCC1\/IBM1<\/a><\/li>\n\n\n\n<li><a href=\"http:\/\/www.inf.ufpr.br\/menotti\/ci1237-241\">Matem\u00e1tica Discreta &#8211; CI1237-BCC1<\/a> <\/li>\n\n\n\n<li><a href=\"http:\/\/www.inf.ufpr.br\/menotti\/am-231\">Aprendizado de M\u00e1quinas &#8211; Turma 20231<\/a><\/li>\n<\/ul>\n\n\n\n<p>2023-2<\/p>\n\n\n\n<ul class=\"wp-block-list\">\n<li><a href=\"http:\/\/www.inf.ufpr.br\/menotti\/ci1002-232\">Programa\u00e7\u00e3o 2 &#8211; CI1002-BCC2<\/a><\/li>\n\n\n\n<li><a href=\"http:\/\/www.inf.ufpr.br\/menotti\/ci1237-232\">Matem\u00e1tica Discreta &#8211; CI1237-BCC2<\/a> <\/li>\n<\/ul>\n\n\n\n<p>2023-1<\/p>\n\n\n\n<ul class=\"wp-block-list\">\n<li><a href=\"http:\/\/www.inf.ufpr.br\/menotti\/ci1176-231\">T\u00f3picos em Vis\u00e3o Computacional &#8211; CI1176<\/a><\/li>\n\n\n\n<li><a href=\"http:\/\/www.inf.ufpr.br\/menotti\/ci1237-231\">Matem\u00e1tica Discreta &#8211; CI1237-BCC1<\/a> <\/li>\n<\/ul>\n\n\n\n<p>2022-2<\/p>\n\n\n\n<ul class=\"wp-block-list\">\n<li><a href=\"http:\/\/www.inf.ufpr.br\/menotti\/ci1056-201\"><\/a><a href=\"http:\/\/www.inf.ufpr.br\/menotti\/ci1002-222\">Programa\u00e7\u00e3o 2 &#8211; CI1002-BCC1<\/a><\/li>\n\n\n\n<li><a href=\"http:\/\/www.inf.ufpr.br\/menotti\/ci1237-222\">Matem\u00e1tica Discreta &#8211; CI1237-BCC1<\/a> <\/li>\n\n\n\n<li><a href=\"http:\/\/www.inf.ufpr.br\/menotti\/am-221\">Aprendizado de M\u00e1quinas &#8211; Turma 20221<\/a><\/li>\n<\/ul>\n\n\n\n<p>2022-1<\/p>\n\n\n\n<ul class=\"wp-block-list\">\n<li><a href=\"http:\/\/www.inf.ufpr.br\/menotti\/ci1056-201\"><\/a><a href=\"http:\/\/www.inf.ufpr.br\/menotti\/ci1002-221\">Programa\u00e7\u00e3o 2 &#8211; CI1002-BCC1<\/a><\/li>\n\n\n\n<li><a href=\"http:\/\/www.inf.ufpr.br\/menotti\/ci1237-221\">Matem\u00e1tica Discreta &#8211; CI1237-BCC1<\/a><\/li>\n\n\n\n<li><a href=\"http:\/\/www.inf.ufpr.br\/menotti\/am-211\">Aprendizado de M\u00e1quinas &#8211; Turma 20211<\/a><\/li>\n\n\n\n<li><a href=\"http:\/\/www.inf.ufpr.br\/menotti\/am-202\">Aprendizado de M\u00e1quinas &#8211; Turma 20202<\/a> <\/li>\n<\/ul>\n\n\n\n<p>2021-2<\/p>\n\n\n\n<ul class=\"wp-block-list\">\n<li><a href=\"http:\/\/www.inf.ufpr.br\/menotti\/ci1002-212\">Programa\u00e7\u00e3o 2 &#8211; CI1002-BCC1<\/a><\/li>\n\n\n\n<li><a href=\"http:\/\/www.inf.ufpr.br\/menotti\/ci180-212\">Programa\u00e7\u00e3o de Computadores &#8211; CI180-ELTB<\/a> <\/li>\n<\/ul>\n\n\n\n<p>2021-1<\/p>\n\n\n\n<ul class=\"wp-block-list\">\n<li><a href=\"http:\/\/www.inf.ufpr.br\/menotti\/ci1237-211\">Matem\u00e1tica Discreta &#8211; CI1237-b<\/a><\/li>\n\n\n\n<li><a href=\"http:\/\/www.inf.ufpr.br\/menotti\/ci1055-211\">Algoritmos e Estruturas de Dados I &#8211; CI1055-e<\/a><\/li>\n\n\n\n<li><a href=\"http:\/\/www.inf.ufpr.br\/menotti\/\">M\u00e9todos Num\u00e9ricos &#8211; CI202-EQU-EBP<\/a> <\/li>\n\n\n\n<li><a href=\"http:\/\/www.inf.ufpr.br\/menotti\/am-201\">Aprendizado de M\u00e1quinas &#8211; Turma 20201<\/a><\/li>\n\n\n\n<li><a href=\"http:\/\/www.inf.ufpr.br\/menotti\/am-192\">Aprendizado de M\u00e1quinas &#8211; Turma 20192<\/a><\/li>\n<\/ul>\n\n\n\n<p>2020-2<\/p>\n\n\n\n<ul class=\"wp-block-list\">\n<li><a href=\"http:\/\/www.inf.ufpr.br\/menotti\/ci1237-211x\">Matem\u00e1tica Discreta &#8211; CI1237-b<\/a> <\/li>\n<\/ul>\n\n\n\n<p>2020-2ere<\/p>\n\n\n\n<ul class=\"wp-block-list\">\n<li><a href=\"http:\/\/www.inf.ufpr.br\/menotti\/ci1237-202x\">Matem\u00e1tica Discreta &#8211; CI1237-{a,b,c}<\/a> <\/li>\n<\/ul>\n\n\n\n<p>2020-1<\/p>\n\n\n\n<ul class=\"wp-block-list\">\n<li><a href=\"http:\/\/www.inf.ufpr.br\/menotti\/ci1237-201\">Matem\u00e1tica Discreta &#8211; CI1237-a<\/a><\/li>\n\n\n\n<li><a href=\"http:\/\/www.inf.ufpr.br\/menotti\/ci1056-201\">Algoritmos e Estruturas de Dados II &#8211; CI1056-b<\/a><\/li>\n<\/ul>\n\n\n\n<p>2019-2<\/p>\n\n\n\n<ul class=\"wp-block-list\">\n<li><a href=\"http:\/\/www.inf.ufpr.br\/menotti\/ci1237-192\">Matem\u00e1tica Discreta &#8211; CI1237<\/a><\/li>\n\n\n\n<li><a href=\"http:\/\/www.inf.ufpr.br\/menotti\/ci202-192\">M\u00e9todos Num\u00e9ricos &#8211; CI202<\/a><\/li>\n\n\n\n<li><a href=\"http:\/\/www.inf.ufpr.br\/menotti\/am-191\">Aprendizado de M\u00e1quinas &#8211; Turma 20191<\/a><\/li>\n<\/ul>\n\n\n\n<p>2019-1<\/p>\n\n\n\n<ul class=\"wp-block-list\">\n<li><a href=\"http:\/\/www.inf.ufpr.br\/menotti\/ci1237-191\">Matem\u00e1tica Discreta &#8211; CI1237<\/a><\/li>\n\n\n\n<li><a href=\"http:\/\/www.inf.ufpr.br\/menotti\/ci1028-191\">T\u00f3picos em Vis\u00e3o Computacional &#8211; CI1028<\/a><\/li>\n\n\n\n<li><a href=\"http:\/\/www.inf.ufpr.br\/menotti\/am-18b\">Aprendizado de M\u00e1quina<\/a><a href=\"http:\/\/www.inf.ufpr.br\/menotti\/am-18a\">s &#8211; Turma 2018a<\/a><\/li>\n\n\n\n<li><a href=\"http:\/\/www.inf.ufpr.br\/menotti\/am-182\">Aprendizado de M\u00e1quinas &#8211; Turma 20182<\/a><\/li>\n<\/ul>\n\n\n\n<p>2018-2<\/p>\n\n\n\n<ul class=\"wp-block-list\">\n<li><a href=\"http:\/\/www.inf.ufpr.br\/menotti\/ci171-182\">Aprendizado de M\u00e1quinas &#8211; CI171<\/a><\/li>\n\n\n\n<li><a href=\"http:\/\/www.inf.ufpr.br\/menotti\/ci066-182\">Oficina de Programa\u00e7\u00e3o &#8211; CI066<\/a><\/li>\n\n\n\n<li><a href=\"http:\/\/www.inf.ufpr.br\/menotti\/am-17\/\">Aprendizado de M\u00e1quinas &#8211; Turma 20172<\/a><\/li>\n\n\n\n<li><a href=\"http:\/\/www.inf.ufpr.br\/menotti\/am-18b\">Aprendizado de M\u00e1quinas &#8211; Turma 2018b<\/a><\/li>\n<\/ul>\n\n\n\n<p>2018-1<\/p>\n\n\n\n<ul class=\"wp-block-list\">\n<li><a href=\"http:\/\/www.inf.ufpr.br\/menotti\/ci237-181\">Matem\u00e1tica <\/a><a href=\"http:\/\/www.inf.ufpr.br\/menotti\/ci237-172\">Discreta<\/a><a href=\"http:\/\/www.inf.ufpr.br\/menotti\/ci237-181\"> &#8211; CI237<\/a><\/li>\n\n\n\n<li><a href=\"http:\/\/www.inf.ufpr.br\/menotti\/ci396-181\">T\u00f3picos em Vis\u00e3o Computacional &#8211; CI396\/CI852<\/a><\/li>\n<\/ul>\n\n\n\n<p>2017-2<\/p>\n\n\n\n<ul class=\"wp-block-list\">\n<li><a href=\"http:\/\/www.inf.ufpr.br\/menotti\/ci237-171\">Matem\u00e1tica <\/a><a href=\"http:\/\/www.inf.ufpr.br\/menotti\/ci237-172\">Discreta<\/a><a href=\"http:\/\/www.inf.ufpr.br\/menotti\/ci237-171\"> &#8211; CI237<\/a><\/li>\n\n\n\n<li><a href=\"http:\/\/www.inf.ufpr.br\/menotti\/ci055-172\">Algoritmos e Estruturas de Dados I &#8211; CI055<\/a><\/li>\n<\/ul>\n\n\n\n<p>2017-1<\/p>\n\n\n\n<ul class=\"wp-block-list\">\n<li><a href=\"http:\/\/www.inf.ufpr.br\/menotti\/ci237-171\">Matem\u00e1tica Discreta &#8211; CI237<\/a><\/li>\n\n\n\n<li><a href=\"http:\/\/www.inf.ufpr.br\/menotti\/ci056-171\">Algoritmos e Estruturas de Dados II &#8211; CI056<\/a><\/li>\n<\/ul>\n\n\n\n<p>2016-2<\/p>\n\n\n\n<ul class=\"wp-block-list\">\n<li><a href=\"http:\/\/www.inf.ufpr.br\/menotti\/ci237-162\">Matem\u00e1tica Discreta &#8211; CI237<\/a><\/li>\n\n\n\n<li><a href=\"http:\/\/www.inf.ufpr.br\/menotti\/ci396-162\">T\u00f3picos em Vis\u00e3o Computacional &#8211; CI396\/CI852<\/a><\/li>\n<\/ul>\n\n\n\n<p>2016-1<\/p>\n\n\n\n<ul class=\"wp-block-list\">\n<li><a href=\"http:\/\/www.inf.ufpr.br\/menotti\/ci237-161\">Matem\u00e1tica Discreta &#8211; CI237<\/a><a href=\"https:\/\/web.inf.ufpr.br\/menotti\/ci237-2016-1\"><\/a><\/li>\n\n\n\n<li><a href=\"https:\/\/www.inf.ufpr.br\/menotti\/ci056-161\">Algoritmos e Estruturas de Dados II &#8211; CI056 (a ser restaurado do plone)<\/a><\/li>\n<\/ul>\n\n\n\n<p>2015-2<\/p>\n\n\n\n<ul class=\"wp-block-list\">\n<li><a href=\"https:\/\/www.inf.ufpr.br\/menotti\/ci056-152\">Algoritmos e Estruturas de Dados II &#8211; CI056 (a ser restaurado do plone)<\/a><\/li>\n\n\n\n<li><a href=\"https:\/\/www.inf.ufpr.br\/menotti\/ci171-152\">Aprendizado de M\u00e1quinas &#8211; CI171 (a ser restaurado do plone)<\/a><\/li>\n<\/ul>\n","protected":false},"excerpt":{"rendered":"<p>2026-1 2025-2 2025-1 2024-2 2024-1 2023-2 2023-1 2022-2 2022-1 2021-2 2021-1 2020-2 2020-2ere 2020-1 2019-2 2019-1 2018-2 2018-1 2017-2 2017-1 2016-2 2016-1 2015-2<\/p>\n","protected":false},"author":16,"featured_media":0,"parent":0,"menu_order":0,"comment_status":"closed","ping_status":"closed","template":"","meta":{"footnotes":""},"class_list":["post-34","page","type-page","status-publish","hentry"],"_links":{"self":[{"href":"https:\/\/web.inf.ufpr.br\/menotti\/wp-json\/wp\/v2\/pages\/34","targetHints":{"allow":["GET"]}}],"collection":[{"href":"https:\/\/web.inf.ufpr.br\/menotti\/wp-json\/wp\/v2\/pages"}],"about":[{"href":"https:\/\/web.inf.ufpr.br\/menotti\/wp-json\/wp\/v2\/types\/page"}],"author":[{"embeddable":true,"href":"https:\/\/web.inf.ufpr.br\/menotti\/wp-json\/wp\/v2\/users\/16"}],"replies":[{"embeddable":true,"href":"https:\/\/web.inf.ufpr.br\/menotti\/wp-json\/wp\/v2\/comments?post=34"}],"version-history":[{"count":45,"href":"https:\/\/web.inf.ufpr.br\/menotti\/wp-json\/wp\/v2\/pages\/34\/revisions"}],"predecessor-version":[{"id":233,"href":"https:\/\/web.inf.ufpr.br\/menotti\/wp-json\/wp\/v2\/pages\/34\/revisions\/233"}],"wp:attachment":[{"href":"https:\/\/web.inf.ufpr.br\/menotti\/wp-json\/wp\/v2\/media?parent=34"}],"curies":[{"name":"wp","href":"https:\/\/api.w.org\/{rel}","templated":true}]}}