{"id":187,"date":"2023-10-26T09:49:11","date_gmt":"2023-10-26T12:49:11","guid":{"rendered":"https:\/\/web.inf.ufpr.br\/menotti\/?page_id=187"},"modified":"2023-10-26T10:04:58","modified_gmt":"2023-10-26T13:04:58","slug":"pva-ufpr-liveness","status":"publish","type":"page","link":"https:\/\/web.inf.ufpr.br\/menotti\/pva-ufpr-liveness\/","title":{"rendered":"Programa Voluntariado Acad\u00eamico &#8211; Liveness &#8211; 2023"},"content":{"rendered":"\n<h3 class=\"wp-block-heading\">Vetores de Multiplica\u00e7\u00e3o de Pesquisa &#8211; Liveness &#8211; 2023<\/h3>\n\n\n\n<h3 class=\"wp-block-heading\">UFPR-Liveness: A constru\u00e7\u00e3o da base de v\u00eddeos de vivacidade ativa<\/h3>\n\n\n\n<figure class=\"wp-block-image\"><img decoding=\"async\" src=\"https:\/\/bovifocr.github.io\/assets\/images\/aplicativo\/app-header.png\" alt=\"\" class=\"wp-image-91\" \/><\/figure>\n\n\n\n<p>Caros Alunos da comunidade acad\u00eamica da UFPR,<br><br>Gostar\u00edamos de convid\u00e1-los para participar do&nbsp;<strong>Programa Voluntariado Acad\u00eamico<\/strong>&nbsp;(PVA) que estamos promovendo.<br><br>Mais informa\u00e7\u00f5es sobre o projeto de pesquisa est\u00e3o nas pr\u00f3ximas se\u00e7\u00f5es desta p\u00e1gina, e tamb\u00e9m apresentamos um trabalho publicado recentemente de nossa autoria que est\u00e1 bem relacionado com esta pesquisa.<br><br>A dura\u00e7\u00e3o do PVA ser\u00e1 de 20 horas (5 horas por semana \u2013 1 m\u00eas) com certificado emitido pela PROGRAD que poder\u00e1 ser utilizado como atividade formativa.<br><br>\u00c9 necess\u00e1rio se inscrever preenchendo um&nbsp;<a href=\"https:\/\/forms.gle\/FZHCL2dttif16ihu6\"><strong>formul\u00e1rio<\/strong><\/a>&nbsp;(posteriormente um Termo de Ades\u00e3o dever\u00e1 ser assinado eletronicamente no&nbsp;<a href=\"http:\/\/sei.ufpr.br\/\">SEI<\/a>). Ao final do PVA, o aluno deve preencher o&nbsp;<strong><a href=\"https:\/\/forms.gle\/GmX27pbTmMLSDc3s5\">Relat\u00f3rio final<\/a><\/strong>&nbsp;e enviar os comprovantes de participa\u00e7\u00e3o por&nbsp;<strong><a href=\"https:\/\/forms.gle\/ZXSLFRyTmJKQfE4v6\">aqui<\/a><\/strong>.<br><br>Temos um v\u00eddeo-aula sobre a palestra gravado e dispon\u00edvel no&nbsp;<strong><a rel=\"noreferrer noopener\" href=\"https:\/\/youtu.be\/OxE03i6psqo\" target=\"_blank\">YouTube<\/a><\/strong>.<br>Ficamos a disposi\u00e7\u00e3o para maiores esclarecimentos. (&nbsp;<a rel=\"noreferrer noopener\" href=\"mailto:ufpr.liveness@gmail.com\" target=\"_blank\">ufpr.liveness@gmail.com<\/a>&nbsp;)<br><br>Cordialmente,<br>Bruno Henrique Kamarowski de Carvalho, Mestrando em Ci\u00eancia da Computa\u00e7\u00e3o<br>Raul Gomes Pimentel de Almeida, Mestrando em Ci\u00eancia da Computa\u00e7\u00e3o<br>Bernardo Janko Gon\u00e7alves Biesseck, Doutorando em Ci\u00eancia da Computa\u00e7\u00e3o<br>David Menotti, Professor Associado, Departamento de Inform\u00e1tica<\/p>\n\n\n\n<h3 class=\"wp-block-heading\">Sobre o projeto de pesquisa<\/h3>\n\n\n\n<p>N\u00f3s do BOVIFOCR do Departamento de Inform\u00e1tica (DInf) da Universidade Federal do Paran\u00e1 (UFPR) desenvolvemos um aplicativo para smartphone para a cria\u00e7\u00e3o de uma base de dados de v\u00eddeos de desafios de vivacidade que ser\u00e3o utilizadas para fins de pesquisa em segmentos associados a biometria.<br><br>O aplicativo foi desenvolvido pelos mestrandos Bruno Henrique Kamarowski de Carvalho e Raul Gomes Pimentel de Almeida. O projeto \u00e9 coordenado pelo Prof. David Menotti e foi aprovado pelo&nbsp;<a rel=\"noreferrer noopener\" href=\"https:\/\/docs.google.com\/document\/d\/1JGI09jcPjYnj89PWeMhSQOrWaJmB_Ov0Qu3V61lTSvI\/edit?usp=sharing\" target=\"_blank\">comit\u00ea de \u00e9tica da UFPR<\/a>.<br><br><img fetchpriority=\"high\" decoding=\"async\" width=\"720\" height=\"1280\" src=\"https:\/\/bovifocr.github.io\/assets\/images\/dataset1.png\" alt=\"\"><br><img decoding=\"async\" width=\"720\" height=\"1280\" src=\"https:\/\/bovifocr.github.io\/assets\/images\/dataset2.png\" alt=\"\"><br><br>Os v\u00eddeos coletados s\u00e3o armazenados em servidor da universidade e a identidade dos participantes n\u00e3o \u00e9 associada aos dados coletados, zelando pela privacidade dos participantes.<br>Nosso objetivo \u00e9 coletar v\u00eddeos de 1000 participantes, contamos com a sua colabora\u00e7\u00e3o.<\/p>\n\n\n\n<p>O aplicativo est\u00e1 dispon\u00edvel na&nbsp;<a href=\"https:\/\/play.google.com\/store\/apps\/details?id=com.ufpr_vivacidade_facial\">Google Play<\/a>&nbsp;(Android) e na&nbsp;<a href=\"https:\/\/apps.apple.com\/app\/id6457022194\">Apple Store<\/a>&nbsp;(iOS)<\/p>\n\n\n\n<figure class=\"wp-block-image\"><img decoding=\"async\" src=\"https:\/\/bovifocr.github.io\/assets\/images\/dataset_qr.png\" alt=\"\" class=\"wp-image-117\" \/><\/figure>\n\n\n\n<h3 class=\"wp-block-heading\">Artigos cient\u00edficos sobre o projeto<\/h3>\n\n\n\n<ul class=\"wp-block-list\">\n<li>[<a href=\"https:\/\/bovifocr.github.io\/assets\/images\/papers\/2023_SIBGRAPI_WIP_Multi_challenge_database_for_active_liveness-final.pdf\" target=\"_blank\" rel=\"noreferrer noopener\">pdf<\/a>] B. H. Kamarowski,&nbsp; R. G. P. de Almeida,&nbsp; B. J. G. Biesseck,&nbsp;R. Granada,&nbsp;G Fuhr,&nbsp; D. Menotti,&nbsp;<em><a>&nbsp;\u201cMulti-challenge database for active liveness\u201d<\/a><\/em>&nbsp;, Works in progress in Conference on Graphics,&nbsp; Patterns and Images (SIBGRAPI),&nbsp; 2023&nbsp;.<\/li>\n<\/ul>\n","protected":false},"excerpt":{"rendered":"<p>Vetores de Multiplica\u00e7\u00e3o de Pesquisa &#8211; Liveness &#8211; 2023 UFPR-Liveness: A constru\u00e7\u00e3o da base de v\u00eddeos de vivacidade ativa Caros Alunos da comunidade acad\u00eamica da UFPR, Gostar\u00edamos de convid\u00e1-los para participar do&nbsp;Programa Voluntariado Acad\u00eamico&nbsp;(PVA) que estamos promovendo. Mais informa\u00e7\u00f5es sobre <a href=\"https:\/\/web.inf.ufpr.br\/menotti\/pva-ufpr-liveness\/\" class=\"read-more\">Read More &#8230;<\/a><\/p>\n","protected":false},"author":16,"featured_media":0,"parent":0,"menu_order":0,"comment_status":"closed","ping_status":"closed","template":"","meta":{"footnotes":""},"class_list":["post-187","page","type-page","status-publish","hentry"],"_links":{"self":[{"href":"https:\/\/web.inf.ufpr.br\/menotti\/wp-json\/wp\/v2\/pages\/187","targetHints":{"allow":["GET"]}}],"collection":[{"href":"https:\/\/web.inf.ufpr.br\/menotti\/wp-json\/wp\/v2\/pages"}],"about":[{"href":"https:\/\/web.inf.ufpr.br\/menotti\/wp-json\/wp\/v2\/types\/page"}],"author":[{"embeddable":true,"href":"https:\/\/web.inf.ufpr.br\/menotti\/wp-json\/wp\/v2\/users\/16"}],"replies":[{"embeddable":true,"href":"https:\/\/web.inf.ufpr.br\/menotti\/wp-json\/wp\/v2\/comments?post=187"}],"version-history":[{"count":3,"href":"https:\/\/web.inf.ufpr.br\/menotti\/wp-json\/wp\/v2\/pages\/187\/revisions"}],"predecessor-version":[{"id":191,"href":"https:\/\/web.inf.ufpr.br\/menotti\/wp-json\/wp\/v2\/pages\/187\/revisions\/191"}],"wp:attachment":[{"href":"https:\/\/web.inf.ufpr.br\/menotti\/wp-json\/wp\/v2\/media?parent=187"}],"curies":[{"name":"wp","href":"https:\/\/api.w.org\/{rel}","templated":true}]}}