{"id":105,"date":"2019-10-08T18:18:34","date_gmt":"2019-10-08T21:18:34","guid":{"rendered":"http:\/\/web.inf.ufpr.br\/menotti\/?page_id=105"},"modified":"2023-10-24T12:11:55","modified_gmt":"2023-10-24T15:11:55","slug":"pva-ufpr-periocular","status":"publish","type":"page","link":"https:\/\/web.inf.ufpr.br\/menotti\/pva-ufpr-periocular\/","title":{"rendered":"Programa Voluntariado Acad\u00eamico &#8211; Periocular &#8211; 2019"},"content":{"rendered":"\n<h3 class=\"wp-block-heading\">Vetores de Multiplica\u00e7\u00e3o de Pesquisa &#8211; Periocular &#8211; 2019<\/h3>\n\n\n\n<h3 class=\"wp-block-heading\">UFPR-Periocular: A constru\u00e7\u00e3o da base de imagens biom\u00e9tricas da regi\u00e3o Periocular<\/h3>\n\n\n\n<figure class=\"wp-block-image\"><img fetchpriority=\"high\" decoding=\"async\" width=\"820\" height=\"360\" src=\"http:\/\/web.inf.ufpr.br\/menotti\/wp-content\/uploads\/sites\/8\/2019\/10\/fbcover.png\" alt=\"\" class=\"wp-image-91\" srcset=\"https:\/\/web.inf.ufpr.br\/menotti\/wp-content\/uploads\/sites\/8\/2019\/10\/fbcover.png 820w, https:\/\/web.inf.ufpr.br\/menotti\/wp-content\/uploads\/sites\/8\/2019\/10\/fbcover-300x132.png 300w, https:\/\/web.inf.ufpr.br\/menotti\/wp-content\/uploads\/sites\/8\/2019\/10\/fbcover-768x337.png 768w, https:\/\/web.inf.ufpr.br\/menotti\/wp-content\/uploads\/sites\/8\/2019\/10\/fbcover-360x158.png 360w\" sizes=\"(max-width: 820px) 100vw, 820px\" \/><\/figure>\n\n\n\n<p>Caros Alunos da comunidade acad\u00eamica da UFPR,<br><br>Gostar\u00edamos de convid\u00e1-los para participar do&nbsp;<strong>Programa Voluntariado Acad\u00eamico<\/strong>&nbsp;(PVA) que estamos promovendo.<br><br>Mais informa\u00e7\u00f5es sobre o projeto de pesquisa est\u00e3o nas pr\u00f3ximas se\u00e7\u00f5es desta p\u00e1gina, e tamb\u00e9m apresentamos  4 artigos cient\u00edficos \/ trabalhos publicados recentemente de nossa autoria que est\u00e3o bem relacionados com esta pesquisa.<br><br>A dura\u00e7\u00e3o do PVA ser\u00e1 de 20 horas (5 horas por semana &#8211; 1 m\u00eas) com certificado emitido pela PROGRAD que poder\u00e1 ser utilizado como atividade formativa.<br><br>\u00c9 necess\u00e1rio se inscrever preenchendo um <a href=\"https:\/\/forms.gle\/gWxbpwFYtPZEYT9S9\"><strong>formul\u00e1rio<\/strong><\/a> (posteriormente um Termo de Ades\u00e3o dever\u00e1 ser assinado eletronicamente no <a href=\"http:\/\/sei.ufpr.br\">SEI<\/a>) e ao final do PVA preencher o <strong><a href=\"https:\/\/forms.gle\/3bUtqyx4f1dVDwqE7\">Relat\u00f3rio final<\/a><\/strong>. <br><br>Palestras (<a href=\"https:\/\/docs.google.com\/presentation\/d\/1sB6mPl2gG0KfNcMyqjMpDZUkctTe_7xO7C_GUAc_jew\/edit?usp=sharing\">slides<\/a>) sobre o PVA e as atividades burocr\u00e1ticas s\u00e3o realizadas regularmente (nos dias 07\/10\/19, 09\/10\/19, 10\/10\/19 e 11\/10\/19) no audit\u00f3rio do Departamento de Inform\u00e1tica, sempre das 13:00 at\u00e9 as 13:30.<br>A participa\u00e7\u00e3o na palestra&nbsp;<strong>n\u00e3o \u00e9 obrigat\u00f3ria<\/strong>,&nbsp;temos um v\u00eddeo-aula sobre a palestra gravado e dispon\u00edvel no <strong><a rel=\"noreferrer noopener\" href=\"https:\/\/youtu.be\/28f25MAz8vA\" target=\"_blank\">YouTube<\/a><\/strong>.<br>Ficamos a disposi\u00e7\u00e3o para maiores esclarecimentos. (&nbsp;<a rel=\"noreferrer noopener\" href=\"mailto:ufpr.periocular@gmail.com\" target=\"_blank\">ufpr.periocular@gmail.com<\/a>&nbsp;)<br><br>Cordialmente,<br>Luiz Antonio Zanlorensi Junior, Doutorando em Ci\u00eancia da Computa\u00e7\u00e3o<br>Lucas Roman\u00f3, Bacharel em Ci\u00eancia da Computa\u00e7\u00e3o<br>David Menotti, Professor Associado, Departamento de Inform\u00e1tica<\/p>\n\n\n\n<h3 class=\"wp-block-heading\">Sobre o projeto de pesquisa<\/h3>\n\n\n\n<p>N\u00f3s do VRI (Laborat\u00f3rio Vis\u00e3o, Rob\u00f3tica e Imagens) do Departamento de Inform\u00e1tica (DInf) da Universidade Federal do Paran\u00e1 (UFPR) desenvolvemos um aplicativo para smartphone para a cria\u00e7\u00e3o de uma base de dados de imagens oculares que ser\u00e3o utilizadas para fins de pesquisa em biometria.<br><br>O aplicativo foi desenvolvido pelo doutorando Luiz Antonio Zanlorensi e bacharel Lucas Roman\u00f3. O projeto \u00e9 coordenado pelo Prof. David Menotti e foi aprovado pelo&nbsp;<a rel=\"noreferrer noopener\" href=\"http:\/\/www.inf.ufpr.br\/lazjunior\/ppolicy.html\" target=\"_blank\">comit\u00ea de \u00e9tica da UFPR<\/a>.<br><br><img decoding=\"async\" width=\"720\" height=\"1280\" class=\"wp-image-97\" style=\"width: 150px\" src=\"http:\/\/web.inf.ufpr.br\/menotti\/wp-content\/uploads\/sites\/8\/2019\/10\/gplay-1.jpg\" alt=\"\" srcset=\"https:\/\/web.inf.ufpr.br\/menotti\/wp-content\/uploads\/sites\/8\/2019\/10\/gplay-1.jpg 720w, https:\/\/web.inf.ufpr.br\/menotti\/wp-content\/uploads\/sites\/8\/2019\/10\/gplay-1-169x300.jpg 169w, https:\/\/web.inf.ufpr.br\/menotti\/wp-content\/uploads\/sites\/8\/2019\/10\/gplay-1-576x1024.jpg 576w, https:\/\/web.inf.ufpr.br\/menotti\/wp-content\/uploads\/sites\/8\/2019\/10\/gplay-1-152x270.jpg 152w\" sizes=\"(max-width: 720px) 100vw, 720px\" \/><img decoding=\"async\" width=\"266\" height=\"491\" class=\"wp-image-96\" style=\"width: 150px\" src=\"http:\/\/web.inf.ufpr.br\/menotti\/wp-content\/uploads\/sites\/8\/2019\/10\/appstore.png\" alt=\"\" srcset=\"https:\/\/web.inf.ufpr.br\/menotti\/wp-content\/uploads\/sites\/8\/2019\/10\/appstore.png 266w, https:\/\/web.inf.ufpr.br\/menotti\/wp-content\/uploads\/sites\/8\/2019\/10\/appstore-163x300.png 163w, https:\/\/web.inf.ufpr.br\/menotti\/wp-content\/uploads\/sites\/8\/2019\/10\/appstore-146x270.png 146w\" sizes=\"(max-width: 266px) 100vw, 266px\" \/><img loading=\"lazy\" decoding=\"async\" width=\"750\" height=\"1334\" class=\"wp-image-122\" style=\"width: 150px\" src=\"http:\/\/web.inf.ufpr.br\/menotti\/wp-content\/uploads\/sites\/8\/2019\/10\/step1.png\" alt=\"\" srcset=\"https:\/\/web.inf.ufpr.br\/menotti\/wp-content\/uploads\/sites\/8\/2019\/10\/step1.png 750w, https:\/\/web.inf.ufpr.br\/menotti\/wp-content\/uploads\/sites\/8\/2019\/10\/step1-169x300.png 169w, https:\/\/web.inf.ufpr.br\/menotti\/wp-content\/uploads\/sites\/8\/2019\/10\/step1-576x1024.png 576w, https:\/\/web.inf.ufpr.br\/menotti\/wp-content\/uploads\/sites\/8\/2019\/10\/step1-152x270.png 152w\" sizes=\"(max-width: 750px) 100vw, 750px\" \/><img loading=\"lazy\" decoding=\"async\" width=\"750\" height=\"1334\" class=\"wp-image-125\" style=\"width: 150px\" src=\"http:\/\/web.inf.ufpr.br\/menotti\/wp-content\/uploads\/sites\/8\/2019\/10\/step2.png\" alt=\"\" srcset=\"https:\/\/web.inf.ufpr.br\/menotti\/wp-content\/uploads\/sites\/8\/2019\/10\/step2.png 750w, https:\/\/web.inf.ufpr.br\/menotti\/wp-content\/uploads\/sites\/8\/2019\/10\/step2-169x300.png 169w, https:\/\/web.inf.ufpr.br\/menotti\/wp-content\/uploads\/sites\/8\/2019\/10\/step2-576x1024.png 576w, https:\/\/web.inf.ufpr.br\/menotti\/wp-content\/uploads\/sites\/8\/2019\/10\/step2-152x270.png 152w\" sizes=\"(max-width: 750px) 100vw, 750px\" \/><br><img loading=\"lazy\" decoding=\"async\" width=\"720\" height=\"1280\" class=\"wp-image-98\" style=\"width: 150px\" src=\"http:\/\/web.inf.ufpr.br\/menotti\/wp-content\/uploads\/sites\/8\/2019\/10\/step3-1.jpg\" alt=\"\" srcset=\"https:\/\/web.inf.ufpr.br\/menotti\/wp-content\/uploads\/sites\/8\/2019\/10\/step3-1.jpg 720w, https:\/\/web.inf.ufpr.br\/menotti\/wp-content\/uploads\/sites\/8\/2019\/10\/step3-1-169x300.jpg 169w, https:\/\/web.inf.ufpr.br\/menotti\/wp-content\/uploads\/sites\/8\/2019\/10\/step3-1-576x1024.jpg 576w, https:\/\/web.inf.ufpr.br\/menotti\/wp-content\/uploads\/sites\/8\/2019\/10\/step3-1-152x270.jpg 152w\" sizes=\"(max-width: 720px) 100vw, 720px\" \/><img loading=\"lazy\" decoding=\"async\" width=\"720\" height=\"1280\" class=\"wp-image-99\" style=\"width: 150px\" src=\"http:\/\/web.inf.ufpr.br\/menotti\/wp-content\/uploads\/sites\/8\/2019\/10\/step4-1.jpg\" alt=\"\" srcset=\"https:\/\/web.inf.ufpr.br\/menotti\/wp-content\/uploads\/sites\/8\/2019\/10\/step4-1.jpg 720w, https:\/\/web.inf.ufpr.br\/menotti\/wp-content\/uploads\/sites\/8\/2019\/10\/step4-1-169x300.jpg 169w, https:\/\/web.inf.ufpr.br\/menotti\/wp-content\/uploads\/sites\/8\/2019\/10\/step4-1-576x1024.jpg 576w, https:\/\/web.inf.ufpr.br\/menotti\/wp-content\/uploads\/sites\/8\/2019\/10\/step4-1-152x270.jpg 152w\" sizes=\"(max-width: 720px) 100vw, 720px\" \/><img loading=\"lazy\" decoding=\"async\" width=\"750\" height=\"1334\" class=\"wp-image-123\" style=\"width: 150px\" src=\"http:\/\/web.inf.ufpr.br\/menotti\/wp-content\/uploads\/sites\/8\/2019\/10\/step5.png\" alt=\"\" srcset=\"https:\/\/web.inf.ufpr.br\/menotti\/wp-content\/uploads\/sites\/8\/2019\/10\/step5.png 750w, https:\/\/web.inf.ufpr.br\/menotti\/wp-content\/uploads\/sites\/8\/2019\/10\/step5-169x300.png 169w, https:\/\/web.inf.ufpr.br\/menotti\/wp-content\/uploads\/sites\/8\/2019\/10\/step5-576x1024.png 576w, https:\/\/web.inf.ufpr.br\/menotti\/wp-content\/uploads\/sites\/8\/2019\/10\/step5-152x270.png 152w\" sizes=\"(max-width: 750px) 100vw, 750px\" \/><img loading=\"lazy\" decoding=\"async\" width=\"218\" height=\"389\" class=\"wp-image-127\" style=\"width: 150px\" src=\"http:\/\/web.inf.ufpr.br\/menotti\/wp-content\/uploads\/sites\/8\/2019\/10\/step6.png\" alt=\"\" srcset=\"https:\/\/web.inf.ufpr.br\/menotti\/wp-content\/uploads\/sites\/8\/2019\/10\/step6.png 218w, https:\/\/web.inf.ufpr.br\/menotti\/wp-content\/uploads\/sites\/8\/2019\/10\/step6-168x300.png 168w, https:\/\/web.inf.ufpr.br\/menotti\/wp-content\/uploads\/sites\/8\/2019\/10\/step6-151x270.png 151w\" sizes=\"(max-width: 218px) 100vw, 218px\" \/><br><br>As imagens coletadas s\u00e3o armazenadas em servidor da universidade e anonimizadas para prote\u00e7\u00e3o da identidade dos participantes.<br>J\u00e1 temos quase 1000 participantes, nosso objetivo \u00e9 coletar imagens de 2000 participantes, contamos com a sua colabora\u00e7\u00e3o.<\/p>\n\n\n\n<h3 class=\"wp-block-heading\">O aplicativo est\u00e1 dispon\u00edvel no <a href=\"https:\/\/play.google.com\/store\/apps\/details?id=br.ufpr.inf\">Google Play<\/a> (Android) e na <a href=\"https:\/\/apps.apple.com\/il\/app\/ufpr-periocular\/id1473062700\">Apple Store<\/a> (iOS)<\/h3>\n\n\n\n<p><img loading=\"lazy\" decoding=\"async\" width=\"993\" height=\"368\" class=\"wp-image-117\" style=\"width: 600px\" src=\"http:\/\/web.inf.ufpr.br\/menotti\/wp-content\/uploads\/sites\/8\/2019\/10\/download.png\" alt=\"\" srcset=\"https:\/\/web.inf.ufpr.br\/menotti\/wp-content\/uploads\/sites\/8\/2019\/10\/download.png 993w, https:\/\/web.inf.ufpr.br\/menotti\/wp-content\/uploads\/sites\/8\/2019\/10\/download-300x111.png 300w, https:\/\/web.inf.ufpr.br\/menotti\/wp-content\/uploads\/sites\/8\/2019\/10\/download-768x285.png 768w, https:\/\/web.inf.ufpr.br\/menotti\/wp-content\/uploads\/sites\/8\/2019\/10\/download-360x133.png 360w\" sizes=\"(max-width: 993px) 100vw, 993px\" \/><\/p>\n\n\n\n<h3 class=\"wp-block-heading\">UFPR-Periocular na M\u00eddia<\/h3>\n\n\n\n<ul class=\"wp-block-list\">\n<li><a href=\"https:\/\/www.facebook.com\/UFPRPeriocular\/\">Facebook<\/a><\/li>\n\n\n\n<li><a href=\"https:\/\/www.ufpr.br\/portalufpr\/noticias\/laboratorio-de-informatica-recruta-participantes-para-investigar-o-uso-de-tracos-oculares-como-biometria\/\">Portal UFPR<\/a><\/li>\n\n\n\n<li><a href=\"https:\/\/www.youtube.com\/watch?v=gQbqujIK0BQ\">UFPR-TV<\/a><\/li>\n<\/ul>\n\n\n\n<h3 class=\"wp-block-heading\">Artigos cient\u00edficos sobre o projeto<\/h3>\n\n\n\n<ul class=\"wp-block-list\">\n<li>[<a href=\"http:\/\/www.inf.ufpr.br\/menotti\/downloads\/2019-SIBGRAPI-PRDDetection.pdf\" target=\"_blank\" rel=\"noopener noreferrer\">pdf<\/a>] D. R. Lucio,&nbsp;R. Laroca,&nbsp;L. A. Zanlorensi,&nbsp;G. Moreira,&nbsp;D. Menotti,&nbsp;<em><a>\u201cSimultaneous Iris and Periocular Region Detection Using Coarse Annotations,\u201d<\/a><\/em>&nbsp;in Conference on Graphics, Patterns and&nbsp;Images (SIBGRAPI),&nbsp;Oct 2019,&nbsp;pp. 1-8.<\/li>\n\n\n\n<li>[<a rel=\"noreferrer noopener\" aria-label=\" (opens in a new tab)\" href=\"http:\/\/www.inf.ufpr.br\/menotti\/downloads\/2018-SIBGRAPI-IrisRec.pdf\" target=\"_blank\">pdf<\/a>] L. A. Zanlorensi,&nbsp;E. Luz,&nbsp;R. Laroca,&nbsp;A. S. Britto Jr.,&nbsp;L. S. Oliveira,&nbsp;D. Menotti,&nbsp;<em><a>\u201cThe Impact of Preprocessing on Deep Representations for Iris Recognition on Unconstrained Environments,\u201d<\/a><\/em>&nbsp;in Conference on Graphics, Patterns and&nbsp;Images (SIBGRAPI),&nbsp;Oct 2018,&nbsp;pp. 289-296.<\/li>\n\n\n\n<li>[<a rel=\"noreferrer noopener\" href=\"http:\/\/www.inf.ufpr.br\/menotti\/downloads\/2018-IJCNN-IrisLoc.pdf\" target=\"_blank\">pdf]<\/a> E. Severo,&nbsp;R. Laroca,&nbsp;C. S. Bezerra,&nbsp;L. A. Zanlorensi,&nbsp;D. Weingaertner,&nbsp;G. Moreira,&nbsp;D. Menotti,&nbsp;<em><a>\u201cA Benchmark for Iris Location and a Deep Learning Detector Evaluation,\u201d<\/a><\/em>&nbsp;in International Joint Conference on Neural&nbsp;Networks (IJCNN),&nbsp;July 2018,&nbsp;pp. 1\u20137.<\/li>\n\n\n\n<li>[<a href=\"http:\/\/www.inf.ufpr.br\/menotti\/downloads\/2018-PRL-PeriocularRec.pdf\" target=\"_blank\" rel=\"noreferrer noopener\" aria-label=\" (opens in a new tab)\">pdf<\/a>] E. Luz, G. J. P. Moreira, L. A. Zanlorensi, D. Menotti, <em><a>\u201cDeep periocular representation aiming video surveillance,\u201d<\/a><\/em> Pattern Recognition Letters, v. 114, p 2-12, 2018.<\/li>\n<\/ul>\n","protected":false},"excerpt":{"rendered":"<p>Vetores de Multiplica\u00e7\u00e3o de Pesquisa &#8211; Periocular &#8211; 2019 UFPR-Periocular: A constru\u00e7\u00e3o da base de imagens biom\u00e9tricas da regi\u00e3o Periocular Caros Alunos da comunidade acad\u00eamica da UFPR, Gostar\u00edamos de convid\u00e1-los para participar do&nbsp;Programa Voluntariado Acad\u00eamico&nbsp;(PVA) que estamos promovendo. Mais informa\u00e7\u00f5es <a href=\"https:\/\/web.inf.ufpr.br\/menotti\/pva-ufpr-periocular\/\" class=\"read-more\">Read More &#8230;<\/a><\/p>\n","protected":false},"author":16,"featured_media":0,"parent":0,"menu_order":0,"comment_status":"closed","ping_status":"closed","template":"","meta":{"footnotes":""},"class_list":["post-105","page","type-page","status-publish","hentry"],"_links":{"self":[{"href":"https:\/\/web.inf.ufpr.br\/menotti\/wp-json\/wp\/v2\/pages\/105","targetHints":{"allow":["GET"]}}],"collection":[{"href":"https:\/\/web.inf.ufpr.br\/menotti\/wp-json\/wp\/v2\/pages"}],"about":[{"href":"https:\/\/web.inf.ufpr.br\/menotti\/wp-json\/wp\/v2\/types\/page"}],"author":[{"embeddable":true,"href":"https:\/\/web.inf.ufpr.br\/menotti\/wp-json\/wp\/v2\/users\/16"}],"replies":[{"embeddable":true,"href":"https:\/\/web.inf.ufpr.br\/menotti\/wp-json\/wp\/v2\/comments?post=105"}],"version-history":[{"count":26,"href":"https:\/\/web.inf.ufpr.br\/menotti\/wp-json\/wp\/v2\/pages\/105\/revisions"}],"predecessor-version":[{"id":186,"href":"https:\/\/web.inf.ufpr.br\/menotti\/wp-json\/wp\/v2\/pages\/105\/revisions\/186"}],"wp:attachment":[{"href":"https:\/\/web.inf.ufpr.br\/menotti\/wp-json\/wp\/v2\/media?parent=105"}],"curies":[{"name":"wp","href":"https:\/\/api.w.org\/{rel}","templated":true}]}}