{"id":75,"date":"2025-11-02T21:46:59","date_gmt":"2025-11-03T00:46:59","guid":{"rendered":"https:\/\/web.inf.ufpr.br\/mba-dsbd\/?page_id=75"},"modified":"2025-11-02T22:28:29","modified_gmt":"2025-11-03T01:28:29","slug":"disciplinas","status":"publish","type":"page","link":"https:\/\/web.inf.ufpr.br\/mba-dsbd\/disciplinas\/","title":{"rendered":"Disciplinas"},"content":{"rendered":"\t\t<div data-elementor-type=\"wp-page\" data-elementor-id=\"75\" class=\"elementor elementor-75\">\n\t\t\t\t<div class=\"elementor-element elementor-element-d3d3a87 e-flex e-con-boxed e-con e-parent\" data-id=\"d3d3a87\" data-element_type=\"container\" data-e-type=\"container\" data-settings=\"{&quot;background_background&quot;:&quot;classic&quot;}\">\n\t\t\t\t\t<div class=\"e-con-inner\">\n\t\t\t\t<div class=\"elementor-element elementor-element-3e63b3a elementor-widget elementor-widget-heading\" data-id=\"3e63b3a\" data-element_type=\"widget\" data-e-type=\"widget\" data-widget_type=\"heading.default\">\n\t\t\t\t\t<h2 class=\"elementor-heading-title elementor-size-default\">\nM\u00f3dulos\n<\/h2>\t\t\t\t<\/div>\n\t\t\t\t\t<\/div>\n\t\t\t\t<\/div>\n\t\t<div class=\"elementor-element elementor-element-386d544 e-flex e-con-boxed e-con e-parent\" data-id=\"386d544\" data-element_type=\"container\" data-e-type=\"container\">\n\t\t\t\t\t<div class=\"e-con-inner\">\n\t\t<div class=\"elementor-element elementor-element-c31fb41 e-con-full e-flex e-con e-child\" data-id=\"c31fb41\" data-element_type=\"container\" data-e-type=\"container\">\n\t\t\t\t<div class=\"elementor-element elementor-element-f1466a1 elementor-widget elementor-widget-heading\" data-id=\"f1466a1\" data-element_type=\"widget\" data-e-type=\"widget\" data-widget_type=\"heading.default\">\n\t\t\t\t\t<h2 class=\"elementor-heading-title elementor-size-default\">Vis\u00e3o geral<\/h2>\t\t\t\t<\/div>\n\t\t\t\t<div class=\"elementor-element elementor-element-1fef3ac elementor-widget elementor-widget-text-editor\" data-id=\"1fef3ac\" data-element_type=\"widget\" data-e-type=\"widget\" data-widget_type=\"text-editor.default\">\n\t\t\t\t\t\t\t\t\t<p>A imagem abaixo fornece uma vis\u00e3o geral e integrada do conte\u00fado visto no Curso de Especializa\u00e7\u00e3o em Data Science &amp; Big Data. As 6 disciplinas de 60 horas est\u00e3o exibidas com as ramifica\u00e7\u00f5es em m\u00f3dulos e t\u00f3picos. Somando-se a estas, tem-se a disciplina de Metodologia de Pesquisa. As 7 disciplinas s\u00e3o detalhadas nas pr\u00f3ximas sess\u00f5es.<\/p>\t\t\t\t\t\t\t\t<\/div>\n\t\t\t\t<\/div>\n\t\t<div class=\"elementor-element elementor-element-2172dcf e-con-full e-flex e-con e-child\" data-id=\"2172dcf\" data-element_type=\"container\" data-e-type=\"container\">\n\t\t\t\t<div class=\"elementor-element elementor-element-555d1a7 elementor-widget elementor-widget-image\" data-id=\"555d1a7\" data-element_type=\"widget\" data-e-type=\"widget\" data-widget_type=\"image.default\">\n\t\t\t\t\t\t\t\t\t\t\t\t\t\t\t<img fetchpriority=\"high\" decoding=\"async\" width=\"1024\" height=\"765\" src=\"https:\/\/web.inf.ufpr.br\/mba-dsbd\/wp-content\/uploads\/sites\/44\/2025\/11\/mindmap-dsbd-1024x765.png\" class=\"attachment-large size-large wp-image-77\" alt=\"\" srcset=\"https:\/\/web.inf.ufpr.br\/mba-dsbd\/wp-content\/uploads\/sites\/44\/2025\/11\/mindmap-dsbd-1024x765.png 1024w, https:\/\/web.inf.ufpr.br\/mba-dsbd\/wp-content\/uploads\/sites\/44\/2025\/11\/mindmap-dsbd-300x224.png 300w, https:\/\/web.inf.ufpr.br\/mba-dsbd\/wp-content\/uploads\/sites\/44\/2025\/11\/mindmap-dsbd-768x574.png 768w, https:\/\/web.inf.ufpr.br\/mba-dsbd\/wp-content\/uploads\/sites\/44\/2025\/11\/mindmap-dsbd.png 1388w\" sizes=\"(max-width: 1024px) 100vw, 1024px\" \/>\t\t\t\t\t\t\t\t\t\t\t\t\t\t\t<\/div>\n\t\t\t\t<\/div>\n\t\t<div class=\"elementor-element elementor-element-24a85ee e-con-full e-flex e-con e-child\" data-id=\"24a85ee\" data-element_type=\"container\" data-e-type=\"container\">\n\t\t\t\t<div class=\"elementor-element elementor-element-d1ea9f6 elementor-widget elementor-widget-heading\" data-id=\"d1ea9f6\" data-element_type=\"widget\" data-e-type=\"widget\" data-widget_type=\"heading.default\">\n\t\t\t\t\t<h2 class=\"elementor-heading-title elementor-size-default\">M\u00f3dulo I - Fundamentos para Data Science e Big Data<\/h2>\t\t\t\t<\/div>\n\t\t\t\t<\/div>\n\t\t<div class=\"elementor-element elementor-element-fe1b73a e-con-full e-flex e-con e-child\" data-id=\"fe1b73a\" data-element_type=\"container\" data-e-type=\"container\">\n\t\t\t\t<div class=\"elementor-element elementor-element-c86c4bc elementor-widget elementor-widget-heading\" data-id=\"c86c4bc\" data-element_type=\"widget\" data-e-type=\"widget\" data-widget_type=\"heading.default\">\n\t\t\t\t\t<h2 class=\"elementor-heading-title elementor-size-default\">Infraestrutura Computational (60 hrs)<\/h2>\t\t\t\t<\/div>\n\t\t\t\t<div class=\"elementor-element elementor-element-686aaeb elementor-widget elementor-widget-text-editor\" data-id=\"686aaeb\" data-element_type=\"widget\" data-e-type=\"widget\" data-widget_type=\"text-editor.default\">\n\t\t\t\t\t\t\t\t\t<ol><li>Infraestrutura de software.<ul><li>Shell script para automatizar tarefas.<\/li><li>Estrutura de sistemas operacionais.<\/li><li>Fundamentos de Engenharia de Software para Data Science.<\/li><\/ul><\/li><li>Infraestrutura de comunica\u00e7\u00e3o.<ul><li>Conceitos de aplica\u00e7\u00e3o de redes.<\/li><li>Protocolos web.<\/li><li>Nuvem computacional.<\/li><\/ul><\/li><li>Infraestrutura de alto desempenho.<ul><li>Paralelismo e distribui\u00e7\u00e3o.<\/li><li>Clusters computacionais.<\/li><li>Submiss\u00e3o e controle de tarefas em clusters.<\/li><\/ul><\/li><\/ol>\t\t\t\t\t\t\t\t<\/div>\n\t\t\t\t<\/div>\n\t\t<div class=\"elementor-element elementor-element-27da9ae e-con-full e-flex e-con e-child\" data-id=\"27da9ae\" data-element_type=\"container\" data-e-type=\"container\">\n\t\t\t\t<div class=\"elementor-element elementor-element-f030158 elementor-widget elementor-widget-heading\" data-id=\"f030158\" data-element_type=\"widget\" data-e-type=\"widget\" data-widget_type=\"heading.default\">\n\t\t\t\t\t<h2 class=\"elementor-heading-title elementor-size-default\">Infer\u00eancia estat\u00edstica para ci\u00eancia de dados (60 hrs)<\/h2>\t\t\t\t<\/div>\n\t\t\t\t<div class=\"elementor-element elementor-element-3617bd5 elementor-widget elementor-widget-text-editor\" data-id=\"3617bd5\" data-element_type=\"widget\" data-e-type=\"widget\" data-widget_type=\"text-editor.default\">\n\t\t\t\t\t\t\t\t\t<ol><li>Introdu\u00e7\u00e3o ao C\u00e1lculo diferencial Integral.<ul><li>Fun\u00e7\u00f5es, limites e continuidade.<\/li><li>Derivadas e Integrais.<\/li><\/ul><\/li><li>\u00c1lgebra linear aplicada.<ul><li>Vetores e Matrizes.<\/li><li>Solu\u00e7\u00e3o de sistemas lineares.<\/li><li>Solu\u00e7\u00e3o de sistemas n\u00e3o-lineares.<\/li><\/ul><\/li><li>Otimiza\u00e7\u00e3o.<ul><li>Programa\u00e7\u00e3o linear.<\/li><li>Programa\u00e7\u00e3o quadr\u00e1tica.<\/li><li>Programa\u00e7\u00e3o n\u00e3o-linear.<\/li><\/ul><\/li><li>Introdu\u00e7\u00e3o \u00e0 probabilidade e vari\u00e1veis aleat\u00f3rias.<ul><li>Distribui\u00e7\u00f5es de probabilidade.<\/li><li>Esperan\u00e7a, vari\u00e2ncia e covari\u00e2ncia.<\/li><li>Resultados assint\u00f3ticos e suas aplica\u00e7\u00f5es.<\/li><\/ul><\/li><li>Paradigmas e elementos de infer\u00eancia estat\u00edstica.<ul><li>Estima\u00e7\u00e3o e fun\u00e7\u00f5es de evid\u00eancia.<\/li><li>Intervalos de confian\u00e7a e testes de hip\u00f3teses.<\/li><li>Infer\u00eancia baseada em simula\u00e7\u00e3o.<\/li><\/ul><\/li><\/ol>\t\t\t\t\t\t\t\t<\/div>\n\t\t\t\t<\/div>\n\t\t<div class=\"elementor-element elementor-element-f8963a4 e-con-full e-flex e-con e-child\" data-id=\"f8963a4\" data-element_type=\"container\" data-e-type=\"container\">\n\t\t\t\t<div class=\"elementor-element elementor-element-5e314ad elementor-widget elementor-widget-heading\" data-id=\"5e314ad\" data-element_type=\"widget\" data-e-type=\"widget\" data-widget_type=\"heading.default\">\n\t\t\t\t\t<h2 class=\"elementor-heading-title elementor-size-default\">Linguagens de programa\u00e7\u00e3o para ci\u00eancia de dados (60 hrs)<\/h2>\t\t\t\t<\/div>\n\t\t\t\t<div class=\"elementor-element elementor-element-8257228 elementor-widget elementor-widget-text-editor\" data-id=\"8257228\" data-element_type=\"widget\" data-e-type=\"widget\" data-widget_type=\"text-editor.default\">\n\t\t\t\t\t\t\t\t\t<ol><li>Introdu\u00e7\u00e3o e configura\u00e7\u00e3o do ambiente de programa\u00e7\u00e3o (R e python).<ul><li>Opera\u00e7\u00f5es aritm\u00e9ticas e l\u00f3gicas. Estruturas de controle e repeti\u00e7\u00f5es.<\/li><li>Programa\u00e7\u00e3o orientada \u00e0 objetos e fun\u00e7\u00f5es.<\/li><li>Introdu\u00e7\u00e3o ao pair programing.<\/li><\/ul><\/li><li>Leitura e manipula\u00e7\u00e3o de dados.<ul><li>Acessando base de dados.<\/li><li>Aquisi\u00e7\u00e3o de dados pela internet (<em>web scrapping<\/em>).<\/li><\/ul><\/li><li>An\u00e1lise explorat\u00f3ria e visualiza\u00e7\u00e3o interativa de dados.<\/li><\/ol>\t\t\t\t\t\t\t\t<\/div>\n\t\t\t\t<\/div>\n\t\t<div class=\"elementor-element elementor-element-76110e0 e-con-full e-flex e-con e-child\" data-id=\"76110e0\" data-element_type=\"container\" data-e-type=\"container\">\n\t\t\t\t<div class=\"elementor-element elementor-element-e2b9342 elementor-widget elementor-widget-heading\" data-id=\"e2b9342\" data-element_type=\"widget\" data-e-type=\"widget\" data-widget_type=\"heading.default\">\n\t\t\t\t\t<h2 class=\"elementor-heading-title elementor-size-default\">M\u00f3dulo II - M\u00e9todos contempor\u00e2neos em Data Science e Big Data<\/h2>\t\t\t\t<\/div>\n\t\t\t\t<\/div>\n\t\t<div class=\"elementor-element elementor-element-2caad34 e-con-full e-flex e-con e-child\" data-id=\"2caad34\" data-element_type=\"container\" data-e-type=\"container\">\n\t\t\t\t<div class=\"elementor-element elementor-element-2687227 elementor-widget elementor-widget-heading\" data-id=\"2687227\" data-element_type=\"widget\" data-e-type=\"widget\" data-widget_type=\"heading.default\">\n\t\t\t\t\t<h2 class=\"elementor-heading-title elementor-size-default\">Processamento de Big Data<\/h2>\t\t\t\t<\/div>\n\t\t\t\t<div class=\"elementor-element elementor-element-812b7eb elementor-widget elementor-widget-text-editor\" data-id=\"812b7eb\" data-element_type=\"widget\" data-e-type=\"widget\" data-widget_type=\"text-editor.default\">\n\t\t\t\t\t\t\t\t\t<ol><li>Introdu\u00e7\u00e3o ao Big Data.<ul><li>Organiza\u00e7\u00e3o f\u00edsica e l\u00f3gica.<\/li><li>M\u00e9todos de acesso.<\/li><\/ul><\/li><li>Armanezamento de Big Data<ul><li>SQL, NoSQL e NewSQL.<\/li><li>Data warehouse, data cleaning e Integra\u00e7\u00e3o.<\/li><li>Plataformas distribu\u00eddas (programa\u00e7\u00e3o MapReduce, Hadoop e Spark).<\/li><\/ul><\/li><\/ol>\t\t\t\t\t\t\t\t<\/div>\n\t\t\t\t<\/div>\n\t\t<div class=\"elementor-element elementor-element-a4b58df e-con-full e-flex e-con e-child\" data-id=\"a4b58df\" data-element_type=\"container\" data-e-type=\"container\">\n\t\t\t\t<div class=\"elementor-element elementor-element-5b5135e elementor-widget elementor-widget-heading\" data-id=\"5b5135e\" data-element_type=\"widget\" data-e-type=\"widget\" data-widget_type=\"heading.default\">\n\t\t\t\t\t<h2 class=\"elementor-heading-title elementor-size-default\">Modelos estat\u00edsticos<\/h2>\t\t\t\t<\/div>\n\t\t\t\t<div class=\"elementor-element elementor-element-acf0261 elementor-widget elementor-widget-text-editor\" data-id=\"acf0261\" data-element_type=\"widget\" data-e-type=\"widget\" data-widget_type=\"text-editor.default\">\n\t\t\t\t\t\t\t\t\t<ol><li>Modelos lineares<ul><li>Modelos lineares generalizados.<\/li><li>Modelos aditivos generalizados.<\/li><li>Sele\u00e7\u00e3o de modelos e penaliza\u00e7\u00e3o.<\/li><\/ul><\/li><li>\u00c1rvores de classifica\u00e7\u00e3o e regress\u00e3o.<\/li><li>Regress\u00e3o multivariada.<\/li><li>Introdu\u00e7\u00e3o \u00e0 Infer\u00eancia Causal.<\/li><li>S\u00e9ries temporais.<\/li><\/ol>\t\t\t\t\t\t\t\t<\/div>\n\t\t\t\t<\/div>\n\t\t<div class=\"elementor-element elementor-element-68bc4d5 e-con-full e-flex e-con e-child\" data-id=\"68bc4d5\" data-element_type=\"container\" data-e-type=\"container\">\n\t\t\t\t<div class=\"elementor-element elementor-element-3bc9135 elementor-widget elementor-widget-heading\" data-id=\"3bc9135\" data-element_type=\"widget\" data-e-type=\"widget\" data-widget_type=\"heading.default\">\n\t\t\t\t\t<h2 class=\"elementor-heading-title elementor-size-default\">Minera\u00e7\u00e3o de dados e aprendizagem de m\u00e1quina<\/h2>\t\t\t\t<\/div>\n\t\t\t\t<div class=\"elementor-element elementor-element-1daabd0 elementor-widget elementor-widget-text-editor\" data-id=\"1daabd0\" data-element_type=\"widget\" data-e-type=\"widget\" data-widget_type=\"text-editor.default\">\n\t\t\t\t\t\t\t\t\t<ol><li>Introdu\u00e7\u00e3o ao <em>machine learning<\/em>.<ul><li>Representa\u00e7\u00e3o de dados e engenharia de caracter\u00edsticas.<\/li><li>Aprendizagem supervisionada.<\/li><li>Aprendizagem n\u00e3o-supervisionada.<\/li><li>Redu\u00e7\u00e3o de dados\/dimens\u00e3o.<\/li><li>Avalia\u00e7\u00e3o e melhoria de modelos.<\/li><\/ul><\/li><li>Introdu\u00e7\u00e3o ao Grandes Modelos de Linguagem (Large Language Models).<\/li><\/ol><p>Permeando aos m\u00f3dulos I e II ser\u00e1 apresentado a disciplina de M\u00e9todos de Pesquisa que visa preparar o aluno para o desenvolvimento do projeto final, bem como, para programas avan\u00e7ados como mestrado e doutorado nas \u00e1reas de estat\u00edstica e ci\u00eancia da computa\u00e7\u00e3o.<\/p>\t\t\t\t\t\t\t\t<\/div>\n\t\t\t\t<\/div>\n\t\t<div class=\"elementor-element elementor-element-c46e959 e-con-full e-flex e-con e-child\" data-id=\"c46e959\" data-element_type=\"container\" data-e-type=\"container\">\n\t\t\t\t<div class=\"elementor-element elementor-element-bb891c7 elementor-widget elementor-widget-heading\" data-id=\"bb891c7\" data-element_type=\"widget\" data-e-type=\"widget\" data-widget_type=\"heading.default\">\n\t\t\t\t\t<h2 class=\"elementor-heading-title elementor-size-default\">M\u00e9todos de pesquisa<\/h2>\t\t\t\t<\/div>\n\t\t\t\t<div class=\"elementor-element elementor-element-993ba8b elementor-widget elementor-widget-text-editor\" data-id=\"993ba8b\" data-element_type=\"widget\" data-e-type=\"widget\" data-widget_type=\"text-editor.default\">\n\t\t\t\t\t\t\t\t\t<ol><li>Tipos de estudos e o m\u00e9todo cient\u00edfico.<\/li><li>Estrutura do artigo cient\u00edfico.<\/li><li>M\u00e9todos e p\u0155atica da pesquisa reproduz\u00edvel.<\/li><li>Introdu\u00e7\u00e3o \u00e0s t\u00e9cnicas de apresenta\u00e7\u00e3o e reda\u00e7\u00e3o cient\u00edfica.<\/li><li>T\u00e9cnicas e ferramentas para elabora\u00e7\u00e3o de relat\u00f3rios din\u00e2micos.<\/li><\/ol>\t\t\t\t\t\t\t\t<\/div>\n\t\t\t\t<\/div>\n\t\t<div class=\"elementor-element elementor-element-e1ba2f2 e-con-full e-flex e-con e-child\" data-id=\"e1ba2f2\" data-element_type=\"container\" data-e-type=\"container\">\n\t\t\t\t<div class=\"elementor-element elementor-element-57c6448 elementor-widget elementor-widget-heading\" data-id=\"57c6448\" data-element_type=\"widget\" data-e-type=\"widget\" data-widget_type=\"heading.default\">\n\t\t\t\t\t<h2 class=\"elementor-heading-title elementor-size-default\">Formato do curso<\/h2>\t\t\t\t<\/div>\n\t\t\t\t<div class=\"elementor-element elementor-element-9217374 elementor-widget elementor-widget-text-editor\" data-id=\"9217374\" data-element_type=\"widget\" data-e-type=\"widget\" data-widget_type=\"text-editor.default\">\n\t\t\t\t\t\t\t\t\t<p>O curso de especializa\u00e7\u00e3o em Data Science e Big Data ocorrer\u00e1 \u00e0s sextas-feiras (19:00\u201323:00) e aos s\u00e1bados (08:00\u201312:00). Ser\u00e3o dois m\u00f3dulos de 4 horas por final de semana, tendo 15 semanas de dura\u00e7\u00e3o por semestre.<\/p>\t\t\t\t\t\t\t\t<\/div>\n\t\t\t\t<\/div>\n\t\t\t\t\t<\/div>\n\t\t\t\t<\/div>\n\t\t\t\t<\/div>\n\t\t","protected":false},"excerpt":{"rendered":"<p>M\u00f3dulos Vis\u00e3o geral A imagem abaixo fornece uma vis\u00e3o geral e integrada do conte\u00fado visto no Curso de Especializa\u00e7\u00e3o em [&hellip;]<\/p>\n","protected":false},"author":109,"featured_media":0,"parent":0,"menu_order":0,"comment_status":"closed","ping_status":"closed","template":"elementor_header_footer","meta":{"site-sidebar-layout":"no-sidebar","site-content-layout":"","ast-site-content-layout":"full-width-container","site-content-style":"default","site-sidebar-style":"default","ast-global-header-display":"","ast-banner-title-visibility":"","ast-main-header-display":"","ast-hfb-above-header-display":"","ast-hfb-below-header-display":"","ast-hfb-mobile-header-display":"","site-post-title":"","ast-breadcrumbs-content":"","ast-featured-img":"disabled","footer-sml-layout":"","ast-disable-related-posts":"","theme-transparent-header-meta":"","adv-header-id-meta":"","stick-header-meta":"","header-above-stick-meta":"","header-main-stick-meta":"","header-below-stick-meta":"","astra-migrate-meta-layouts":"default","ast-page-background-enabled":"default","ast-page-background-meta":{"desktop":{"background-color":"var(--ast-global-color-5)","background-image":"","background-repeat":"repeat","background-position":"center center","background-size":"auto","background-attachment":"scroll","background-type":"","background-media":"","overlay-type":"","overlay-color":"","overlay-opacity":"","overlay-gradient":""},"tablet":{"background-color":"","background-image":"","background-repeat":"repeat","background-position":"center center","background-size":"auto","background-attachment":"scroll","background-type":"","background-media":"","overlay-type":"","overlay-color":"","overlay-opacity":"","overlay-gradient":""},"mobile":{"background-color":"","background-image":"","background-repeat":"repeat","background-position":"center center","background-size":"auto","background-attachment":"scroll","background-type":"","background-media":"","overlay-type":"","overlay-color":"","overlay-opacity":"","overlay-gradient":""}},"ast-content-background-meta":{"desktop":{"background-color":"var(--ast-global-color-4)","background-image":"","background-repeat":"repeat","background-position":"center center","background-size":"auto","background-attachment":"scroll","background-type":"","background-media":"","overlay-type":"","overlay-color":"","overlay-opacity":"","overlay-gradient":""},"tablet":{"background-color":"var(--ast-global-color-4)","background-image":"","background-repeat":"repeat","background-position":"center center","background-size":"auto","background-attachment":"scroll","background-type":"","background-media":"","overlay-type":"","overlay-color":"","overlay-opacity":"","overlay-gradient":""},"mobile":{"background-color":"var(--ast-global-color-4)","background-image":"","background-repeat":"repeat","background-position":"center center","background-size":"auto","background-attachment":"scroll","background-type":"","background-media":"","overlay-type":"","overlay-color":"","overlay-opacity":"","overlay-gradient":""}},"footnotes":""},"class_list":["post-75","page","type-page","status-publish","hentry"],"_links":{"self":[{"href":"https:\/\/web.inf.ufpr.br\/mba-dsbd\/wp-json\/wp\/v2\/pages\/75","targetHints":{"allow":["GET"]}}],"collection":[{"href":"https:\/\/web.inf.ufpr.br\/mba-dsbd\/wp-json\/wp\/v2\/pages"}],"about":[{"href":"https:\/\/web.inf.ufpr.br\/mba-dsbd\/wp-json\/wp\/v2\/types\/page"}],"author":[{"embeddable":true,"href":"https:\/\/web.inf.ufpr.br\/mba-dsbd\/wp-json\/wp\/v2\/users\/109"}],"replies":[{"embeddable":true,"href":"https:\/\/web.inf.ufpr.br\/mba-dsbd\/wp-json\/wp\/v2\/comments?post=75"}],"version-history":[{"count":4,"href":"https:\/\/web.inf.ufpr.br\/mba-dsbd\/wp-json\/wp\/v2\/pages\/75\/revisions"}],"predecessor-version":[{"id":80,"href":"https:\/\/web.inf.ufpr.br\/mba-dsbd\/wp-json\/wp\/v2\/pages\/75\/revisions\/80"}],"wp:attachment":[{"href":"https:\/\/web.inf.ufpr.br\/mba-dsbd\/wp-json\/wp\/v2\/media?parent=75"}],"curies":[{"name":"wp","href":"https:\/\/api.w.org\/{rel}","templated":true}]}}