{"id":7,"date":"2025-11-02T21:47:19","date_gmt":"2025-11-03T00:47:19","guid":{"rendered":"https:\/\/web.inf.ufpr.br\/mba-dsbd\/?page_id=7"},"modified":"2025-11-02T22:16:05","modified_gmt":"2025-11-03T01:16:05","slug":"faq","status":"publish","type":"page","link":"https:\/\/web.inf.ufpr.br\/mba-dsbd\/faq\/","title":{"rendered":"FAQ"},"content":{"rendered":"\t\t<div data-elementor-type=\"wp-page\" data-elementor-id=\"7\" class=\"elementor elementor-7\">\n\t\t\t\t<div class=\"elementor-element elementor-element-6ba404d e-flex e-con-boxed e-con e-parent\" data-id=\"6ba404d\" data-element_type=\"container\" data-e-type=\"container\" data-settings=\"{&quot;background_background&quot;:&quot;classic&quot;}\">\n\t\t\t\t\t<div class=\"e-con-inner\">\n\t\t\t\t<div class=\"elementor-element elementor-element-c160486 elementor-widget elementor-widget-heading\" data-id=\"c160486\" data-element_type=\"widget\" data-e-type=\"widget\" data-widget_type=\"heading.default\">\n\t\t\t\t\t<h2 class=\"elementor-heading-title elementor-size-default\">\nPerguntas frequentes\n<\/h2>\t\t\t\t<\/div>\n\t\t\t\t\t<\/div>\n\t\t\t\t<\/div>\n\t\t<div class=\"elementor-element elementor-element-960e4de e-flex e-con-boxed e-con e-parent\" data-id=\"960e4de\" data-element_type=\"container\" data-e-type=\"container\">\n\t\t\t\t\t<div class=\"e-con-inner\">\n\t\t<div class=\"elementor-element elementor-element-0df65fd e-con-full e-flex e-con e-child\" data-id=\"0df65fd\" data-element_type=\"container\" data-e-type=\"container\">\n\t\t\t\t<div class=\"elementor-element elementor-element-7bd578c elementor-widget elementor-widget-heading\" data-id=\"7bd578c\" data-element_type=\"widget\" data-e-type=\"widget\" data-widget_type=\"heading.default\">\n\t\t\t\t\t<h2 class=\"elementor-heading-title elementor-size-default\">N\u00e3o sou Estat\u00edstico e nem Cientista da Computa\u00e7\u00e3o. Consigo acompanhar o curso?<\/h2>\t\t\t\t<\/div>\n\t\t\t\t<div class=\"elementor-element elementor-element-a446e1f elementor-widget elementor-widget-text-editor\" data-id=\"a446e1f\" data-element_type=\"widget\" data-e-type=\"widget\" data-widget_type=\"text-editor.default\">\n\t\t\t\t\t\t\t\t\t<p>O curso foi planejado para ser acess\u00edvel aos profissionais com perfil anal\u00edtico e familiaridade com linguagens de programa\u00e7\u00e3o. Tal perfil \u00e9 encontrado em diversos cursos de gradua\u00e7\u00e3o tais como: economia, administra\u00e7\u00e3o, gest\u00e3o da informa\u00e7\u00e3o entre outros. \u00c9 importante salientar que a \u00eanfase deste curso \u00e9 pr\u00e1tica, baseada em aplica\u00e7\u00f5es reais. Sendo assim, os detalhes matem\u00e1ticos, tais como demonstra\u00e7\u00f5es de teoremas ser\u00e3o reduzidos ao m\u00ednimo e\/ou substitu\u00eddos por ilustra\u00e7\u00f5es computacionais.<\/p>\t\t\t\t\t\t\t\t<\/div>\n\t\t\t\t<\/div>\n\t\t<div class=\"elementor-element elementor-element-05f0fbf e-con-full e-flex e-con e-child\" data-id=\"05f0fbf\" data-element_type=\"container\" data-e-type=\"container\">\n\t\t\t\t<div class=\"elementor-element elementor-element-7ff1952 elementor-widget elementor-widget-heading\" data-id=\"7ff1952\" data-element_type=\"widget\" data-e-type=\"widget\" data-widget_type=\"heading.default\">\n\t\t\t\t\t<h2 class=\"elementor-heading-title elementor-size-default\">\u00c9 necess\u00e1rio apresentar hist\u00f3rico de gradua\u00e7\u00e3o ou mestrado?<\/h2>\t\t\t\t<\/div>\n\t\t\t\t<div class=\"elementor-element elementor-element-807170a elementor-widget elementor-widget-text-editor\" data-id=\"807170a\" data-element_type=\"widget\" data-e-type=\"widget\" data-widget_type=\"text-editor.default\">\n\t\t\t\t\t\t\t\t\t<p>O aluno dever\u00e1 comprovar que possui um diploma de gradua\u00e7\u00e3o obtido em institui\u00e7\u00f5es devidamente reconhecidas no ato da matr\u00edcula. Tal comprova\u00e7\u00e3o poder\u00e1 ser feita com a apresenta\u00e7\u00e3o do diploma ou declara\u00e7\u00e3o de conclus\u00e3o de curso.<\/p>\t\t\t\t\t\t\t\t<\/div>\n\t\t\t\t<\/div>\n\t\t<div class=\"elementor-element elementor-element-42b84df e-con-full e-flex e-con e-child\" data-id=\"42b84df\" data-element_type=\"container\" data-e-type=\"container\">\n\t\t\t\t<div class=\"elementor-element elementor-element-739846d elementor-widget elementor-widget-heading\" data-id=\"739846d\" data-element_type=\"widget\" data-e-type=\"widget\" data-widget_type=\"heading.default\">\n\t\t\t\t\t<h2 class=\"elementor-heading-title elementor-size-default\">Tenho desconto se pagar pelo Curso todo de uma vez?<\/h2>\t\t\t\t<\/div>\n\t\t\t\t<div class=\"elementor-element elementor-element-2ff60a3 elementor-widget elementor-widget-text-editor\" data-id=\"2ff60a3\" data-element_type=\"widget\" data-e-type=\"widget\" data-widget_type=\"text-editor.default\">\n\t\t\t\t\t\t\t\t\t<p>O pagamento deve ser feito em 18 parcelas de R$ 690,00. Grupos de alunos de uma mesma empresa (&gt;= 10) devem consultar op\u00e7\u00f5es com o coordenador.<\/p>\t\t\t\t\t\t\t\t<\/div>\n\t\t\t\t<\/div>\n\t\t<div class=\"elementor-element elementor-element-6535147 e-con-full e-flex e-con e-child\" data-id=\"6535147\" data-element_type=\"container\" data-e-type=\"container\">\n\t\t\t\t<div class=\"elementor-element elementor-element-e403aa9 elementor-widget elementor-widget-heading\" data-id=\"e403aa9\" data-element_type=\"widget\" data-e-type=\"widget\" data-widget_type=\"heading.default\">\n\t\t\t\t\t<h2 class=\"elementor-heading-title elementor-size-default\">Posso resolver um problema do meu trabalho na monografia?<\/h2>\t\t\t\t<\/div>\n\t\t\t\t<div class=\"elementor-element elementor-element-8a54fb1 elementor-widget elementor-widget-text-editor\" data-id=\"8a54fb1\" data-element_type=\"widget\" data-e-type=\"widget\" data-widget_type=\"text-editor.default\">\n\t\t\t\t\t\t\t\t\t<p>Sim e ser\u00e1 encorajado a faz\u00ea-lo. Nosso interesse \u00e9 desenvolver solu\u00e7\u00f5es para problemas reais. Dessa forma, a sua contribui\u00e7\u00e3o com problemas do seu contexto \u00e9 muito bem vinda.<\/p>\t\t\t\t\t\t\t\t<\/div>\n\t\t\t\t<\/div>\n\t\t<div class=\"elementor-element elementor-element-635ac11 e-con-full e-flex e-con e-child\" data-id=\"635ac11\" data-element_type=\"container\" data-e-type=\"container\">\n\t\t\t\t<div class=\"elementor-element elementor-element-b67a0c6 elementor-widget elementor-widget-heading\" data-id=\"b67a0c6\" data-element_type=\"widget\" data-e-type=\"widget\" data-widget_type=\"heading.default\">\n\t\t\t\t\t<h2 class=\"elementor-heading-title elementor-size-default\">O que escrevo na carta de inten\u00e7\u00f5es?<\/h2>\t\t\t\t<\/div>\n\t\t\t\t<div class=\"elementor-element elementor-element-e74f2c5 elementor-widget elementor-widget-text-editor\" data-id=\"e74f2c5\" data-element_type=\"widget\" data-e-type=\"widget\" data-widget_type=\"text-editor.default\">\n\t\t\t\t\t\t\t\t\t<ol><li>Relate sua trajet\u00f3ria acad\u00eamica e profissional.<\/li><li>Mencione suas expectativas de aprendizagem para o Curso.<\/li><li>Responda a pergunta: Por que quero fazer este Curso?<\/li><\/ol>\t\t\t\t\t\t\t\t<\/div>\n\t\t\t\t<\/div>\n\t\t<div class=\"elementor-element elementor-element-f5fcfd0 e-con-full e-flex e-con e-child\" data-id=\"f5fcfd0\" data-element_type=\"container\" data-e-type=\"container\">\n\t\t\t\t<div class=\"elementor-element elementor-element-9fa5af7 elementor-widget elementor-widget-heading\" data-id=\"9fa5af7\" data-element_type=\"widget\" data-e-type=\"widget\" data-widget_type=\"heading.default\">\n\t\t\t\t\t<h2 class=\"elementor-heading-title elementor-size-default\">Como ser\u00e1 a entrevista do processo seletivo?<\/h2>\t\t\t\t<\/div>\n\t\t\t\t<div class=\"elementor-element elementor-element-21b9c56 elementor-widget elementor-widget-text-editor\" data-id=\"21b9c56\" data-element_type=\"widget\" data-e-type=\"widget\" data-widget_type=\"text-editor.default\">\n\t\t\t\t\t\t\t\t\t<p>A entrevista ser\u00e1 para conhecer os candidatos e esclarecer eventuais d\u00favidas decorrentes da carta de inten\u00e7\u00f5es. Ser\u00e1 estabelecida uma banca formada por at\u00e9 dois professores do Curso que ir\u00e3o conversar com os candidatos.<\/p>\t\t\t\t\t\t\t\t<\/div>\n\t\t\t\t<\/div>\n\t\t<div class=\"elementor-element elementor-element-d703aa9 e-con-full e-flex e-con e-child\" data-id=\"d703aa9\" data-element_type=\"container\" data-e-type=\"container\">\n\t\t\t\t<div class=\"elementor-element elementor-element-bd5bcc5 elementor-widget elementor-widget-heading\" data-id=\"bd5bcc5\" data-element_type=\"widget\" data-e-type=\"widget\" data-widget_type=\"heading.default\">\n\t\t\t\t\t<h2 class=\"elementor-heading-title elementor-size-default\">Como devo montar o meu curr\u00edculo?<\/h2>\t\t\t\t<\/div>\n\t\t\t\t<div class=\"elementor-element elementor-element-8c3b3fc elementor-widget elementor-widget-text-editor\" data-id=\"8c3b3fc\" data-element_type=\"widget\" data-e-type=\"widget\" data-widget_type=\"text-editor.default\">\n\t\t\t\t\t\t\t\t\t<p>O curr\u00edculo pode ser extra\u00eddo da plataforma Lattes, caso tenha, do LinkedIn ou qualquer outro formato comercial (curriculum vitae). Procure enviar um curr\u00edculo enxuto com informa\u00e7\u00f5es sobre os \u00faltimos 3 anos da sua carreira\/forma\u00e7\u00e3o, preferencialmente n\u00e3o excedendo 3 p\u00e1ginas. <\/p>\t\t\t\t\t\t\t\t<\/div>\n\t\t\t\t<\/div>\n\t\t<div class=\"elementor-element elementor-element-0a201fd e-con-full e-flex e-con e-child\" data-id=\"0a201fd\" data-element_type=\"container\" data-e-type=\"container\">\n\t\t\t\t<div class=\"elementor-element elementor-element-577c7ee elementor-widget elementor-widget-heading\" data-id=\"577c7ee\" data-element_type=\"widget\" data-e-type=\"widget\" data-widget_type=\"heading.default\">\n\t\t\t\t\t<h2 class=\"elementor-heading-title elementor-size-default\">Quando e como eu posso definir um orientador?<\/h2>\t\t\t\t<\/div>\n\t\t\t\t<div class=\"elementor-element elementor-element-3b46017 elementor-widget elementor-widget-text-editor\" data-id=\"3b46017\" data-element_type=\"widget\" data-e-type=\"widget\" data-widget_type=\"text-editor.default\">\n\t\t\t\t\t\t\t\t\t<p>Voc\u00ea poder\u00e1 aproximar-se dos professores do seu interesse a qualquer momento e ir desenvolvendo uma proposta de tema para a monografia. No entanto, a formaliza\u00e7\u00e3o das orienta\u00e7\u00f5es dever\u00e1 ser feita, antes do encerramento do segundo semestre, ap\u00f3s a turma ter contato com todos os professores.<\/p>\t\t\t\t\t\t\t\t<\/div>\n\t\t\t\t<\/div>\n\t\t<div class=\"elementor-element elementor-element-da8937c e-con-full e-flex e-con e-child\" data-id=\"da8937c\" data-element_type=\"container\" data-e-type=\"container\">\n\t\t\t\t<div class=\"elementor-element elementor-element-a17abd1 elementor-widget elementor-widget-heading\" data-id=\"a17abd1\" data-element_type=\"widget\" data-e-type=\"widget\" data-widget_type=\"heading.default\">\n\t\t\t\t\t<h2 class=\"elementor-heading-title elementor-size-default\">Quais as linhas de pesquisa do Curso?<\/h2>\t\t\t\t<\/div>\n\t\t\t\t<div class=\"elementor-element elementor-element-1c20f1c elementor-widget elementor-widget-text-editor\" data-id=\"1c20f1c\" data-element_type=\"widget\" data-e-type=\"widget\" data-widget_type=\"text-editor.default\">\n\t\t\t\t\t\t\t\t\t<p>O curso tem tr\u00eas \u00e1reas de concentra\u00e7\u00e3o:<\/p><ol><li>M\u00e9todos estat\u00edsticos.<\/li><li>Intelig\u00eancia computacional.<\/li><li>Sistemas de computa\u00e7\u00e3o.<\/li><\/ol><p>Voc\u00ea pode explorar na <a href=\"https:\/\/web.inf.ufpr.br\/mba-dsbd\/professores\/\">p\u00e1gina dos professores<\/a> as \u00e1reas de interesse de cada um para melhor definir o orientador.<\/p>\t\t\t\t\t\t\t\t<\/div>\n\t\t\t\t<\/div>\n\t\t<div class=\"elementor-element elementor-element-fb0432d e-con-full e-flex e-con e-child\" data-id=\"fb0432d\" data-element_type=\"container\" data-e-type=\"container\">\n\t\t\t\t<div class=\"elementor-element elementor-element-2c73933 elementor-widget elementor-widget-heading\" data-id=\"2c73933\" data-element_type=\"widget\" data-e-type=\"widget\" data-widget_type=\"heading.default\">\n\t\t\t\t\t<h2 class=\"elementor-heading-title elementor-size-default\">A fase de monografia \u00e9 presencial?<\/h2>\t\t\t\t<\/div>\n\t\t\t\t<div class=\"elementor-element elementor-element-abc187d elementor-widget elementor-widget-text-editor\" data-id=\"abc187d\" data-element_type=\"widget\" data-e-type=\"widget\" data-widget_type=\"text-editor.default\">\n\t\t\t\t\t\t\t\t\t<p>As reuni\u00f5es semanais com seu orientador podem ser feitas de forma remota desde que acordado previamente com o orientador.<\/p>\t\t\t\t\t\t\t\t<\/div>\n\t\t\t\t<\/div>\n\t\t<div class=\"elementor-element elementor-element-7b09344 e-con-full e-flex e-con e-child\" data-id=\"7b09344\" data-element_type=\"container\" data-e-type=\"container\">\n\t\t\t\t<div class=\"elementor-element elementor-element-bf2e414 elementor-widget elementor-widget-heading\" data-id=\"bf2e414\" data-element_type=\"widget\" data-e-type=\"widget\" data-widget_type=\"heading.default\">\n\t\t\t\t\t<h2 class=\"elementor-heading-title elementor-size-default\">Haver\u00e1 reposi\u00e7\u00e3o de aula em caso de falta justificada?<\/h2>\t\t\t\t<\/div>\n\t\t\t\t<div class=\"elementor-element elementor-element-9f1cea6 elementor-widget elementor-widget-text-editor\" data-id=\"9f1cea6\" data-element_type=\"widget\" data-e-type=\"widget\" data-widget_type=\"text-editor.default\">\n\t\t\t\t\t\t\t\t\t<p> O curso trabalha em m\u00f3dulos semanais de 4 horas de cada disciplina. Desta forma, n\u00e3o h\u00e1 tempo para a reposi\u00e7\u00e3o de m\u00f3dulos. Por\u00e9m, todo o material ficar\u00e1 a disposi\u00e7\u00e3o do aluno que ter\u00e1, via ambiente virtual de aprendizado, apoio dos monitores e demais participantes. Al\u00e9m disso, as eventuais d\u00favidas poder\u00e3o ser sanadas com os colegas ou com o professor da disciplina nas aulas presenciais. <\/p>\t\t\t\t\t\t\t\t<\/div>\n\t\t\t\t<\/div>\n\t\t\t\t\t<\/div>\n\t\t\t\t<\/div>\n\t\t\t\t<\/div>\n\t\t","protected":false},"excerpt":{"rendered":"<p>Perguntas frequentes N\u00e3o sou Estat\u00edstico e nem Cientista da Computa\u00e7\u00e3o. Consigo acompanhar o curso? O curso foi planejado para ser [&hellip;]<\/p>\n","protected":false},"author":109,"featured_media":0,"parent":0,"menu_order":0,"comment_status":"closed","ping_status":"closed","template":"elementor_header_footer","meta":{"site-sidebar-layout":"no-sidebar","site-content-layout":"","ast-site-content-layout":"full-width-container","site-content-style":"default","site-sidebar-style":"default","ast-global-header-display":"","ast-banner-title-visibility":"","ast-main-header-display":"","ast-hfb-above-header-display":"","ast-hfb-below-header-display":"","ast-hfb-mobile-header-display":"","site-post-title":"","ast-breadcrumbs-content":"","ast-featured-img":"disabled","footer-sml-layout":"","ast-disable-related-posts":"","theme-transparent-header-meta":"","adv-header-id-meta":"","stick-header-meta":"","header-above-stick-meta":"","header-main-stick-meta":"","header-below-stick-meta":"","astra-migrate-meta-layouts":"default","ast-page-background-enabled":"default","ast-page-background-meta":{"desktop":{"background-color":"var(--ast-global-color-5)","background-image":"","background-repeat":"repeat","background-position":"center center","background-size":"auto","background-attachment":"scroll","background-type":"","background-media":"","overlay-type":"","overlay-color":"","overlay-opacity":"","overlay-gradient":""},"tablet":{"background-color":"","background-image":"","background-repeat":"repeat","background-position":"center center","background-size":"auto","background-attachment":"scroll","background-type":"","background-media":"","overlay-type":"","overlay-color":"","overlay-opacity":"","overlay-gradient":""},"mobile":{"background-color":"","background-image":"","background-repeat":"repeat","background-position":"center center","background-size":"auto","background-attachment":"scroll","background-type":"","background-media":"","overlay-type":"","overlay-color":"","overlay-opacity":"","overlay-gradient":""}},"ast-content-background-meta":{"desktop":{"background-color":"var(--ast-global-color-4)","background-image":"","background-repeat":"repeat","background-position":"center center","background-size":"auto","background-attachment":"scroll","background-type":"","background-media":"","overlay-type":"","overlay-color":"","overlay-opacity":"","overlay-gradient":""},"tablet":{"background-color":"var(--ast-global-color-4)","background-image":"","background-repeat":"repeat","background-position":"center center","background-size":"auto","background-attachment":"scroll","background-type":"","background-media":"","overlay-type":"","overlay-color":"","overlay-opacity":"","overlay-gradient":""},"mobile":{"background-color":"var(--ast-global-color-4)","background-image":"","background-repeat":"repeat","background-position":"center center","background-size":"auto","background-attachment":"scroll","background-type":"","background-media":"","overlay-type":"","overlay-color":"","overlay-opacity":"","overlay-gradient":""}},"footnotes":""},"class_list":["post-7","page","type-page","status-publish","hentry"],"_links":{"self":[{"href":"https:\/\/web.inf.ufpr.br\/mba-dsbd\/wp-json\/wp\/v2\/pages\/7","targetHints":{"allow":["GET"]}}],"collection":[{"href":"https:\/\/web.inf.ufpr.br\/mba-dsbd\/wp-json\/wp\/v2\/pages"}],"about":[{"href":"https:\/\/web.inf.ufpr.br\/mba-dsbd\/wp-json\/wp\/v2\/types\/page"}],"author":[{"embeddable":true,"href":"https:\/\/web.inf.ufpr.br\/mba-dsbd\/wp-json\/wp\/v2\/users\/109"}],"replies":[{"embeddable":true,"href":"https:\/\/web.inf.ufpr.br\/mba-dsbd\/wp-json\/wp\/v2\/comments?post=7"}],"version-history":[{"count":13,"href":"https:\/\/web.inf.ufpr.br\/mba-dsbd\/wp-json\/wp\/v2\/pages\/7\/revisions"}],"predecessor-version":[{"id":151,"href":"https:\/\/web.inf.ufpr.br\/mba-dsbd\/wp-json\/wp\/v2\/pages\/7\/revisions\/151"}],"wp:attachment":[{"href":"https:\/\/web.inf.ufpr.br\/mba-dsbd\/wp-json\/wp\/v2\/media?parent=7"}],"curies":[{"name":"wp","href":"https:\/\/api.w.org\/{rel}","templated":true}]}}