{"id":20,"date":"2025-11-02T21:47:41","date_gmt":"2025-11-03T00:47:41","guid":{"rendered":"https:\/\/web.inf.ufpr.br\/mba-dsbd\/?page_id=20"},"modified":"2026-01-19T09:07:22","modified_gmt":"2026-01-19T12:07:22","slug":"inscricoes","status":"publish","type":"page","link":"https:\/\/web.inf.ufpr.br\/mba-dsbd\/inscricoes\/","title":{"rendered":"Inscri\u00e7\u00f5es"},"content":{"rendered":"\t\t<div data-elementor-type=\"wp-page\" data-elementor-id=\"20\" class=\"elementor elementor-20\">\n\t\t\t\t<div class=\"elementor-element elementor-element-5c285f8 e-flex e-con-boxed e-con e-parent\" data-id=\"5c285f8\" data-element_type=\"container\" data-e-type=\"container\" data-settings=\"{&quot;background_background&quot;:&quot;classic&quot;}\">\n\t\t\t\t\t<div class=\"e-con-inner\">\n\t\t\t\t<div class=\"elementor-element elementor-element-7618ba8 elementor-widget elementor-widget-heading\" data-id=\"7618ba8\" data-element_type=\"widget\" data-e-type=\"widget\" data-widget_type=\"heading.default\">\n\t\t\t\t\t<h2 class=\"elementor-heading-title elementor-size-default\">Inscri\u00e7\u00f5es<\/h2>\t\t\t\t<\/div>\n\t\t\t\t\t<\/div>\n\t\t\t\t<\/div>\n\t\t<div class=\"elementor-element elementor-element-0f3e3b1 e-flex e-con-boxed e-con e-parent\" data-id=\"0f3e3b1\" data-element_type=\"container\" data-e-type=\"container\">\n\t\t\t\t\t<div class=\"e-con-inner\">\n\t\t<div class=\"elementor-element elementor-element-54dbb9d e-con-full e-flex e-con e-child\" data-id=\"54dbb9d\" data-element_type=\"container\" data-e-type=\"container\">\n\t\t\t\t<div class=\"elementor-element elementor-element-f09b065 elementor-widget elementor-widget-heading\" data-id=\"f09b065\" data-element_type=\"widget\" data-e-type=\"widget\" data-widget_type=\"heading.default\">\n\t\t\t\t\t<h2 class=\"elementor-heading-title elementor-size-default\">Edital de inscri\u00e7\u00e3o e sele\u00e7\u00e3o<\/h2>\t\t\t\t<\/div>\n\t\t\t\t<div class=\"elementor-element elementor-element-eb2ddaf elementor-widget elementor-widget-text-editor\" data-id=\"eb2ddaf\" data-element_type=\"widget\" data-e-type=\"widget\" data-widget_type=\"text-editor.default\">\n\t\t\t\t\t\t\t\t\t<p><strong>INSCRI\u00c7\u00d5ES PARA O PROCESSO SELETIVO TURMA 2026 DE 03\/11\/2025 A 27\/02\/2026.<\/strong><\/p><p>O <strong>processo seletivo<\/strong> do Curso de Especializa\u00e7\u00e3o em Data Science &amp; Big Data \u00e9 baseado em 3 etapas:<\/p><ol><li>Curriculum.<\/li><li>Entrevista.<\/li><\/ol><p>Nas se\u00e7\u00f5es a seguir s\u00e3o dadas orienta\u00e7\u00f5es sobre cada uma delas.<\/p>\t\t\t\t\t\t\t\t<\/div>\n\t\t\t\t<\/div>\n\t\t<div class=\"elementor-element elementor-element-875cd72 e-con-full e-flex e-con e-child\" data-id=\"875cd72\" data-element_type=\"container\" data-e-type=\"container\">\n\t\t\t\t<div class=\"elementor-element elementor-element-80acf53 elementor-widget elementor-widget-heading\" data-id=\"80acf53\" data-element_type=\"widget\" data-e-type=\"widget\" data-widget_type=\"heading.default\">\n\t\t\t\t\t<h2 class=\"elementor-heading-title elementor-size-default\">Editais de sele\u00e7\u00e3o<\/h2>\t\t\t\t<\/div>\n\t\t\t\t<div class=\"elementor-element elementor-element-6068b2d elementor-widget elementor-widget-text-editor\" data-id=\"6068b2d\" data-element_type=\"widget\" data-e-type=\"widget\" data-widget_type=\"text-editor.default\">\n\t\t\t\t\t\t\t\t\t<p>Os editais de <strong>inscri\u00e7\u00e3o e sele\u00e7\u00e3o<\/strong> e <strong>inscri\u00e7\u00e3o e sele\u00e7\u00e3o para bolsas integrais<\/strong>, quando dispon\u00edveis, s\u00e3o acessados pelos hyperlinks a seguir.<\/p><p><a href=\"http:\/\/leg.ufpr.br\/~wagner\/Edital\/Edital2026.pdf\" target=\"_blank\" rel=\"noopener\"><strong>EDITAL N\u00ba 01\/2026\u00a0<\/strong><\/a><a href=\"http:\/\/leg.ufpr.br\/~wagner\/Edital\/Edital2026.pdf\" target=\"_blank\" rel=\"noopener\"><strong> &#8211; INSCRI\u00c7\u00c3O E SELE\u00c7\u00c3O<\/strong>.<\/a><\/p><p><a href=\"http:\/\/leg.ufpr.br\/~wagner\/Edital\/EditalBolsas.pdf\" target=\"_blank\" rel=\"noopener\"><strong>EDITAL N\u00ba 02\/2026 &#8211; INSCRI\u00c7\u00c3O E SELE\u00c7\u00c3O DE BOLSAS INTEGRAIS<\/strong>.<\/a><\/p><p>EDITAL DE BOLSAS ENCERRADO EM 19\/01\/2026 DEVIDO AO GRANDE N\u00daMERO DE SOLICITA\u00c7\u00d5ES.<br \/><br \/>Para concorrer as vagas de bolsas integrais, o aluno deve seguir os dois editais.<\/p>\t\t\t\t\t\t\t\t<\/div>\n\t\t\t\t<\/div>\n\t\t<div class=\"elementor-element elementor-element-44c56a3 e-con-full e-flex e-con e-child\" data-id=\"44c56a3\" data-element_type=\"container\" data-e-type=\"container\">\n\t\t\t\t<div class=\"elementor-element elementor-element-46e3ce4 elementor-widget elementor-widget-heading\" data-id=\"46e3ce4\" data-element_type=\"widget\" data-e-type=\"widget\" data-widget_type=\"heading.default\">\n\t\t\t\t\t<h2 class=\"elementor-heading-title elementor-size-default\">Orienta\u00e7\u00f5es sobre o Curriculum Vitae<\/h2>\t\t\t\t<\/div>\n\t\t\t\t<div class=\"elementor-element elementor-element-d8e2f01 elementor-widget elementor-widget-text-editor\" data-id=\"d8e2f01\" data-element_type=\"widget\" data-e-type=\"widget\" data-widget_type=\"text-editor.default\">\n\t\t\t\t\t\t\t\t\t<p>O curr\u00edculo pode ser extra\u00eddo da plataforma <strong>Lattes<\/strong>, caso tenha, do <strong>LinkedIn<\/strong> ou qualquer outro formato de uso comercial (<em>curriculum vitae<\/em>). Envie um curr\u00edculo enxuto com informa\u00e7\u00f5es sobre os \u00faltimos 3 anos da sua carreira, experi\u00eancia, forma\u00e7\u00e3o profissional, qualifica\u00e7\u00f5es e habilidades, idiomas, etc. Preferencialmente n\u00e3o exceda 3 p\u00e1ginas. Algumas das informa\u00e7\u00f5es curriculares tamb\u00e9m ser\u00e3o solicitadas durante o preenchimento do formul\u00e1rio online.<\/p>\t\t\t\t\t\t\t\t<\/div>\n\t\t\t\t<\/div>\n\t\t<div class=\"elementor-element elementor-element-20bb621 e-con-full e-flex e-con e-child\" data-id=\"20bb621\" data-element_type=\"container\" data-e-type=\"container\">\n\t\t\t\t<div class=\"elementor-element elementor-element-5b70cfb elementor-widget elementor-widget-heading\" data-id=\"5b70cfb\" data-element_type=\"widget\" data-e-type=\"widget\" data-widget_type=\"heading.default\">\n\t\t\t\t\t<h2 class=\"elementor-heading-title elementor-size-default\">Orienta\u00e7\u00f5es sobre a entrevista<\/h2>\t\t\t\t<\/div>\n\t\t\t\t<div class=\"elementor-element elementor-element-e7b11ac elementor-widget elementor-widget-text-editor\" data-id=\"e7b11ac\" data-element_type=\"widget\" data-e-type=\"widget\" data-widget_type=\"text-editor.default\">\n\t\t\t\t\t\t\t\t\t<p>Os candidatos ser\u00e3o comunicados por email e\/ou whatsapp para agendamento da entrevista. <strong>Caso seja necess\u00e1rio.<\/strong><\/p><p>A entrevista ser\u00e1 para conhecer os candidatos e esclarecer eventuais d\u00favidas decorrentes da carta de inten\u00e7\u00f5es. Ser\u00e1 estabelecida uma banca, conforme descrito em edital, que ir\u00e1 entrevistar cada candidato.<\/p>\t\t\t\t\t\t\t\t<\/div>\n\t\t\t\t<\/div>\n\t\t<div class=\"elementor-element elementor-element-e271cc9 e-con-full e-flex e-con e-child\" data-id=\"e271cc9\" data-element_type=\"container\" data-e-type=\"container\">\n\t\t\t\t<div class=\"elementor-element elementor-element-16f04e9 elementor-widget elementor-widget-heading\" data-id=\"16f04e9\" data-element_type=\"widget\" data-e-type=\"widget\" data-widget_type=\"heading.default\">\n\t\t\t\t\t<h2 class=\"elementor-heading-title elementor-size-default\">Formul\u00e1rio de inscri\u00e7\u00e3o online<\/h2>\t\t\t\t<\/div>\n\t\t\t\t<div class=\"elementor-element elementor-element-81e25a6 elementor-widget elementor-widget-text-editor\" data-id=\"81e25a6\" data-element_type=\"widget\" data-e-type=\"widget\" data-widget_type=\"text-editor.default\">\n\t\t\t\t\t\t\t\t\t<p>O formul\u00e1rio para <strong>inscri\u00e7\u00e3o<\/strong>, quando dispon\u00edvel, \u00e9 acessado pelo hyperlink a seguir.<\/p><p><a href=\"https:\/\/siga.ufpr.br\/siga\/visitante\/processoseletivo\/index.jsp?sequencial=5080\" target=\"_blank\" rel=\"noopener\">\u00bb \u00bb <strong>FORMUL\u00c1RIO PARA INSCRI\u00c7\u00c3O NO PROCESSO SELETIVO 2026 PRIMEIRO SEMESTRE<\/strong> \u00ab \u00ab<\/a><\/p><p>Nesse formul\u00e1rio s\u00e3o preenchidas informa\u00e7\u00f5es cadastrais (nome, email, endere\u00e7o, etc) e algumas das informa\u00e7\u00f5es curriculares tamb\u00e9m s\u00e3o solicitadas (forma\u00e7\u00e3o, profiss\u00e3o, cargo, etc). Embora elas estejam no curr\u00edculo, servem para an\u00e1lise do perfil coletivo dos inscritos e outras m\u00e9tricas de caracteriza\u00e7\u00e3o.<\/p>\t\t\t\t\t\t\t\t<\/div>\n\t\t\t\t<\/div>\n\t\t\t\t\t<\/div>\n\t\t\t\t<\/div>\n\t\t\t\t<\/div>\n\t\t","protected":false},"excerpt":{"rendered":"<p>Inscri\u00e7\u00f5es Edital de inscri\u00e7\u00e3o e sele\u00e7\u00e3o INSCRI\u00c7\u00d5ES PARA O PROCESSO SELETIVO TURMA 2026 DE 03\/11\/2025 A 27\/02\/2026. O processo seletivo [&hellip;]<\/p>\n","protected":false},"author":109,"featured_media":0,"parent":0,"menu_order":0,"comment_status":"closed","ping_status":"closed","template":"elementor_header_footer","meta":{"site-sidebar-layout":"no-sidebar","site-content-layout":"","ast-site-content-layout":"full-width-container","site-content-style":"default","site-sidebar-style":"default","ast-global-header-display":"","ast-banner-title-visibility":"","ast-main-header-display":"","ast-hfb-above-header-display":"","ast-hfb-below-header-display":"","ast-hfb-mobile-header-display":"","site-post-title":"","ast-breadcrumbs-content":"","ast-featured-img":"disabled","footer-sml-layout":"","ast-disable-related-posts":"","theme-transparent-header-meta":"","adv-header-id-meta":"","stick-header-meta":"","header-above-stick-meta":"","header-main-stick-meta":"","header-below-stick-meta":"","astra-migrate-meta-layouts":"default","ast-page-background-enabled":"default","ast-page-background-meta":{"desktop":{"background-color":"var(--ast-global-color-5)","background-image":"","background-repeat":"repeat","background-position":"center center","background-size":"auto","background-attachment":"scroll","background-type":"","background-media":"","overlay-type":"","overlay-color":"","overlay-opacity":"","overlay-gradient":""},"tablet":{"background-color":"","background-image":"","background-repeat":"repeat","background-position":"center center","background-size":"auto","background-attachment":"scroll","background-type":"","background-media":"","overlay-type":"","overlay-color":"","overlay-opacity":"","overlay-gradient":""},"mobile":{"background-color":"","background-image":"","background-repeat":"repeat","background-position":"center center","background-size":"auto","background-attachment":"scroll","background-type":"","background-media":"","overlay-type":"","overlay-color":"","overlay-opacity":"","overlay-gradient":""}},"ast-content-background-meta":{"desktop":{"background-color":"var(--ast-global-color-4)","background-image":"","background-repeat":"repeat","background-position":"center center","background-size":"auto","background-attachment":"scroll","background-type":"","background-media":"","overlay-type":"","overlay-color":"","overlay-opacity":"","overlay-gradient":""},"tablet":{"background-color":"var(--ast-global-color-4)","background-image":"","background-repeat":"repeat","background-position":"center center","background-size":"auto","background-attachment":"scroll","background-type":"","background-media":"","overlay-type":"","overlay-color":"","overlay-opacity":"","overlay-gradient":""},"mobile":{"background-color":"var(--ast-global-color-4)","background-image":"","background-repeat":"repeat","background-position":"center center","background-size":"auto","background-attachment":"scroll","background-type":"","background-media":"","overlay-type":"","overlay-color":"","overlay-opacity":"","overlay-gradient":""}},"footnotes":""},"class_list":["post-20","page","type-page","status-publish","hentry"],"_links":{"self":[{"href":"https:\/\/web.inf.ufpr.br\/mba-dsbd\/wp-json\/wp\/v2\/pages\/20","targetHints":{"allow":["GET"]}}],"collection":[{"href":"https:\/\/web.inf.ufpr.br\/mba-dsbd\/wp-json\/wp\/v2\/pages"}],"about":[{"href":"https:\/\/web.inf.ufpr.br\/mba-dsbd\/wp-json\/wp\/v2\/types\/page"}],"author":[{"embeddable":true,"href":"https:\/\/web.inf.ufpr.br\/mba-dsbd\/wp-json\/wp\/v2\/users\/109"}],"replies":[{"embeddable":true,"href":"https:\/\/web.inf.ufpr.br\/mba-dsbd\/wp-json\/wp\/v2\/comments?post=20"}],"version-history":[{"count":25,"href":"https:\/\/web.inf.ufpr.br\/mba-dsbd\/wp-json\/wp\/v2\/pages\/20\/revisions"}],"predecessor-version":[{"id":182,"href":"https:\/\/web.inf.ufpr.br\/mba-dsbd\/wp-json\/wp\/v2\/pages\/20\/revisions\/182"}],"wp:attachment":[{"href":"https:\/\/web.inf.ufpr.br\/mba-dsbd\/wp-json\/wp\/v2\/media?parent=20"}],"curies":[{"name":"wp","href":"https:\/\/api.w.org\/{rel}","templated":true}]}}