{"id":615,"date":"2021-03-31T10:24:10","date_gmt":"2021-03-31T13:24:10","guid":{"rendered":"http:\/\/web.inf.ufpr.br\/mazalves\/?page_id=615"},"modified":"2021-03-31T10:36:39","modified_gmt":"2021-03-31T13:36:39","slug":"dis-topicos-em-arquiteturas","status":"publish","type":"page","link":"https:\/\/web.inf.ufpr.br\/mazalves\/dis-topicos-em-arquiteturas\/","title":{"rendered":"Disciplina de T\u00f3picos em Arquiteturas"},"content":{"rendered":"\t\t<div data-elementor-type=\"wp-page\" data-elementor-id=\"615\" class=\"elementor elementor-615\">\n\t\t\t\t\t\t<section class=\"elementor-section elementor-top-section elementor-element elementor-element-14afbdfc elementor-section-boxed elementor-section-height-default elementor-section-height-default\" data-id=\"14afbdfc\" data-element_type=\"section\" data-e-type=\"section\">\n\t\t\t\t\t\t<div class=\"elementor-container elementor-column-gap-default\">\n\t\t\t\t\t<div class=\"elementor-column elementor-col-100 elementor-top-column elementor-element elementor-element-79b1c433\" data-id=\"79b1c433\" data-element_type=\"column\" data-e-type=\"column\">\n\t\t\t<div class=\"elementor-widget-wrap elementor-element-populated\">\n\t\t\t\t\t\t<div class=\"elementor-element elementor-element-7423fdbf elementor-widget elementor-widget-heading\" data-id=\"7423fdbf\" data-element_type=\"widget\" data-e-type=\"widget\" data-widget_type=\"heading.default\">\n\t\t\t\t<div class=\"elementor-widget-container\">\n\t\t\t\t\t<h2 class=\"elementor-heading-title elementor-size-default\">Conte\u00fado Sugerido para <br>Disciplina de t\u00f3picos em Arquiteturas:<br>Arquiteturas Avan\u00e7adas<\/h2>\t\t\t\t<\/div>\n\t\t\t\t<\/div>\n\t\t\t\t<div class=\"elementor-element elementor-element-1d191218 elementor-widget elementor-widget-text-editor\" data-id=\"1d191218\" data-element_type=\"widget\" data-e-type=\"widget\" data-widget_type=\"text-editor.default\">\n\t\t\t\t<div class=\"elementor-widget-container\">\n\t\t\t\t\t\t\t\t\t<ul><li>Revis\u00e3o MIPS: Pipeline <\/li><li>Revis\u00e3o MIPS: Depend\u00eancias Dados e Controle <\/li><li>Fetch stage: (block size, fetch buffer, trace cache)<\/li><li>Decode stage: (uops, decode buffer, decoded cache)<\/li><li>Branch prediction Pt.1: (Predication, Address<\/li><li>Prediction &#8211; Branch Target Buffer, Call\/Return Stack)<\/li><li>Branch prediction Pt.2: (Direction Prediction: Static, 1 Bit, 2 Bit, Two Level, Global\/Local Signtures)<\/li><li>Precise exceptions and interruptions: (Reorder buffer, History buffer, Future register file, Checkpointing)<\/li><li>Rename, Dispatch, Execute, Commit stages: (Scoreboard, Tomasulo, Centralized\/Distributed Reservation stations)<\/li><li>Caches Pt.1 \u2013 Associativity, Line Size, Hierarchy<\/li><li>Caches Pt.2 \u2013 Replacement policy, Parallel\/Sequential Lookup<\/li><li>Caches Pt.3 \u2013 Multi-ports, Multi-banked, Non-blocking caches<\/li><li>Prefetching 1 \u2013 Software<\/li><li>Prefetching 2 \u2013 Hardware<\/li><li>Multithreading + Multi-Core<\/li><li>Networks-on-Chip (NoC) (Topologies + Routing)<\/li><li>Memory Management Unit (MMU) (Translation Lookaside Buffer)<\/li><li>Memory Management Unit (MMU) (Paging and Caches)<\/li><li>Memory Controller + Double Data Rate Memories (DDR)<\/li><li>Hybrid Memory Cubes (HMC) and High Bandwidth Memories (HBM)<\/li><\/ul>\t\t\t\t\t\t\t\t<\/div>\n\t\t\t\t<\/div>\n\t\t\t\t\t<\/div>\n\t\t<\/div>\n\t\t\t\t\t<\/div>\n\t\t<\/section>\n\t\t\t\t<\/div>\n\t\t","protected":false},"excerpt":{"rendered":"<p>Conte\u00fado Sugerido para Disciplina de t\u00f3picos em Arquiteturas:Arquiteturas Avan\u00e7adas Revis\u00e3o MIPS: Pipeline Revis\u00e3o MIPS: Depend\u00eancias Dados e Controle Fetch stage: (block size, fetch buffer, trace cache) Decode stage: (uops, decode buffer, decoded cache) Branch prediction Pt.1: (Predication, Address Prediction &#8211; Branch Target Buffer, Call\/Return Stack) Branch prediction Pt.2: (Direction Prediction: Static, 1 Bit, 2 Bit,&hellip;<\/p>\n","protected":false},"author":13,"featured_media":0,"parent":0,"menu_order":0,"comment_status":"closed","ping_status":"closed","template":"","meta":{"footnotes":""},"class_list":["post-615","page","type-page","status-publish","hentry"],"_links":{"self":[{"href":"https:\/\/web.inf.ufpr.br\/mazalves\/wp-json\/wp\/v2\/pages\/615","targetHints":{"allow":["GET"]}}],"collection":[{"href":"https:\/\/web.inf.ufpr.br\/mazalves\/wp-json\/wp\/v2\/pages"}],"about":[{"href":"https:\/\/web.inf.ufpr.br\/mazalves\/wp-json\/wp\/v2\/types\/page"}],"author":[{"embeddable":true,"href":"https:\/\/web.inf.ufpr.br\/mazalves\/wp-json\/wp\/v2\/users\/13"}],"replies":[{"embeddable":true,"href":"https:\/\/web.inf.ufpr.br\/mazalves\/wp-json\/wp\/v2\/comments?post=615"}],"version-history":[{"count":3,"href":"https:\/\/web.inf.ufpr.br\/mazalves\/wp-json\/wp\/v2\/pages\/615\/revisions"}],"predecessor-version":[{"id":618,"href":"https:\/\/web.inf.ufpr.br\/mazalves\/wp-json\/wp\/v2\/pages\/615\/revisions\/618"}],"wp:attachment":[{"href":"https:\/\/web.inf.ufpr.br\/mazalves\/wp-json\/wp\/v2\/media?parent=615"}],"curies":[{"name":"wp","href":"https:\/\/api.w.org\/{rel}","templated":true}]}}