{"id":610,"date":"2021-03-31T10:18:01","date_gmt":"2021-03-31T13:18:01","guid":{"rendered":"http:\/\/web.inf.ufpr.br\/mazalves\/?page_id=610"},"modified":"2021-03-31T10:35:26","modified_gmt":"2021-03-31T13:35:26","slug":"dis-circuitos-digitais","status":"publish","type":"page","link":"https:\/\/web.inf.ufpr.br\/mazalves\/dis-circuitos-digitais\/","title":{"rendered":"Disciplina de Circuitos Digitais"},"content":{"rendered":"\t\t<div data-elementor-type=\"wp-page\" data-elementor-id=\"610\" class=\"elementor elementor-610\">\n\t\t\t\t\t\t<section class=\"elementor-section elementor-top-section elementor-element elementor-element-e22d17a elementor-section-boxed elementor-section-height-default elementor-section-height-default\" data-id=\"e22d17a\" data-element_type=\"section\" data-e-type=\"section\">\n\t\t\t\t\t\t<div class=\"elementor-container elementor-column-gap-default\">\n\t\t\t\t\t<div class=\"elementor-column elementor-col-100 elementor-top-column elementor-element elementor-element-641e44de\" data-id=\"641e44de\" data-element_type=\"column\" data-e-type=\"column\">\n\t\t\t<div class=\"elementor-widget-wrap elementor-element-populated\">\n\t\t\t\t\t\t<div class=\"elementor-element elementor-element-318f4c9e elementor-widget elementor-widget-heading\" data-id=\"318f4c9e\" data-element_type=\"widget\" data-e-type=\"widget\" data-widget_type=\"heading.default\">\n\t\t\t\t<div class=\"elementor-widget-container\">\n\t\t\t\t\t<h2 class=\"elementor-heading-title elementor-size-default\">Conte\u00fado Sugerido para <br>Disciplina de circuitos digitais<\/h2>\t\t\t\t<\/div>\n\t\t\t\t<\/div>\n\t\t\t\t<div class=\"elementor-element elementor-element-3168652 elementor-widget elementor-widget-text-editor\" data-id=\"3168652\" data-element_type=\"widget\" data-e-type=\"widget\" data-widget_type=\"text-editor.default\">\n\t\t\t\t<div class=\"elementor-widget-container\">\n\t\t\t\t\t\t\t\t\t<ul><li>Apresenta\u00e7\u00e3o da disciplina, sinais digitais, discretiza\u00e7\u00e3o de sinais<\/li><li>Sistema de numera\u00e7\u00e3o, sistema de bases, convers\u00e3o entre bases<\/li><li>Aritm\u00e9tica bin\u00e1ria b\u00e1sica, soma e subtra\u00e7\u00e3o<br \/>Aritm\u00e9tica bin\u00e1ria, multiplica\u00e7\u00e3o<\/li><li>\u00c1lgebra booleana, tabelas verdade e propriedades alg\u00e9bricas<\/li><li>Fatora\u00e7\u00e3o l\u00f3gica e formas can\u00f4nicas<\/li><li>Portas l\u00f3gicas e convers\u00e3o de fun\u00e7\u00f5es para circuitos<\/li><li>Estudo de forma de onda &amp; Apresenta\u00e7\u00e3o do Logisim<\/li><li>Mapas de Karnaugh e Bits don\u2019t care<\/li><li>Blocos combinacionais b\u00e1sicos (somador e subtrator)<\/li><li>Blocos combinacionais (decodificador e multiplexador)<\/li><li>Blocos combinacionais (multiplicador, shifter, comparadores)<\/li><li>Blocos combinacionais (fun\u00e7\u00f5es c\/ mux, full-adder c\/ half-adder,&#8230;)<\/li><li>Circuitos sequ\u00eanciais (Latches: SR, RS, D)<\/li><li>Circuitos sequ\u00eanciais (Flip-Flops: SR, D)<\/li><li>Circuitos sequ\u00eanciais (Flip-Flops: JK)<\/li><li>M\u00e1quina de estados finito (Moore e Mealy)<\/li><li>Projetos com m\u00e1quinas de estado finito<\/li><li>Projetos de circuitos combinacionais e sequ\u00eanciais<\/li><li>Projetos de circuitos combinacionais e sequ\u00eanciais<\/li><\/ul>\t\t\t\t\t\t\t\t<\/div>\n\t\t\t\t<\/div>\n\t\t\t\t<div class=\"elementor-element elementor-element-4cdd05f9 elementor-widget elementor-widget-video\" data-id=\"4cdd05f9\" data-element_type=\"widget\" data-e-type=\"widget\" data-settings=\"{&quot;youtube_url&quot;:&quot;https:\\\/\\\/www.youtube.com\\\/watch?v=mHRgEsr67CA&amp;list=PL_9px37PNj6r23bVWzt08qWkxHxzFaEkb&quot;,&quot;autoplay&quot;:&quot;yes&quot;,&quot;mute&quot;:&quot;yes&quot;,&quot;video_type&quot;:&quot;youtube&quot;,&quot;controls&quot;:&quot;yes&quot;}\" data-widget_type=\"video.default\">\n\t\t\t\t<div class=\"elementor-widget-container\">\n\t\t\t\t\t\t\t<div class=\"elementor-wrapper elementor-open-inline\">\n\t\t\t<div class=\"elementor-video\"><\/div>\t\t<\/div>\n\t\t\t\t\t\t<\/div>\n\t\t\t\t<\/div>\n\t\t\t\t\t<\/div>\n\t\t<\/div>\n\t\t\t\t\t<\/div>\n\t\t<\/section>\n\t\t\t\t<\/div>\n\t\t","protected":false},"excerpt":{"rendered":"<p>Conte\u00fado Sugerido para Disciplina de circuitos digitais Apresenta\u00e7\u00e3o da disciplina, sinais digitais, discretiza\u00e7\u00e3o de sinais Sistema de numera\u00e7\u00e3o, sistema de bases, convers\u00e3o entre bases Aritm\u00e9tica bin\u00e1ria b\u00e1sica, soma e subtra\u00e7\u00e3oAritm\u00e9tica bin\u00e1ria, multiplica\u00e7\u00e3o \u00c1lgebra booleana, tabelas verdade e propriedades alg\u00e9bricas Fatora\u00e7\u00e3o l\u00f3gica e formas can\u00f4nicas Portas l\u00f3gicas e convers\u00e3o de fun\u00e7\u00f5es para circuitos Estudo de forma&hellip;<\/p>\n","protected":false},"author":13,"featured_media":0,"parent":0,"menu_order":0,"comment_status":"closed","ping_status":"closed","template":"","meta":{"footnotes":""},"class_list":["post-610","page","type-page","status-publish","hentry"],"_links":{"self":[{"href":"https:\/\/web.inf.ufpr.br\/mazalves\/wp-json\/wp\/v2\/pages\/610","targetHints":{"allow":["GET"]}}],"collection":[{"href":"https:\/\/web.inf.ufpr.br\/mazalves\/wp-json\/wp\/v2\/pages"}],"about":[{"href":"https:\/\/web.inf.ufpr.br\/mazalves\/wp-json\/wp\/v2\/types\/page"}],"author":[{"embeddable":true,"href":"https:\/\/web.inf.ufpr.br\/mazalves\/wp-json\/wp\/v2\/users\/13"}],"replies":[{"embeddable":true,"href":"https:\/\/web.inf.ufpr.br\/mazalves\/wp-json\/wp\/v2\/comments?post=610"}],"version-history":[{"count":4,"href":"https:\/\/web.inf.ufpr.br\/mazalves\/wp-json\/wp\/v2\/pages\/610\/revisions"}],"predecessor-version":[{"id":614,"href":"https:\/\/web.inf.ufpr.br\/mazalves\/wp-json\/wp\/v2\/pages\/610\/revisions\/614"}],"wp:attachment":[{"href":"https:\/\/web.inf.ufpr.br\/mazalves\/wp-json\/wp\/v2\/media?parent=610"}],"curies":[{"name":"wp","href":"https:\/\/api.w.org\/{rel}","templated":true}]}}