{"id":584,"date":"2021-03-31T09:28:53","date_gmt":"2021-03-31T12:28:53","guid":{"rendered":"http:\/\/web.inf.ufpr.br\/mazalves\/?page_id=584"},"modified":"2021-04-06T14:42:23","modified_gmt":"2021-04-06T17:42:23","slug":"ensino","status":"publish","type":"page","link":"https:\/\/web.inf.ufpr.br\/mazalves\/ensino\/","title":{"rendered":"Ensino"},"content":{"rendered":"\t\t<div data-elementor-type=\"wp-page\" data-elementor-id=\"584\" class=\"elementor elementor-584\">\n\t\t\t\t\t\t<section class=\"elementor-section elementor-top-section elementor-element elementor-element-a95d851 elementor-section-boxed elementor-section-height-default elementor-section-height-default\" data-id=\"a95d851\" data-element_type=\"section\" data-e-type=\"section\">\n\t\t\t\t\t\t<div class=\"elementor-container elementor-column-gap-default\">\n\t\t\t\t\t<div class=\"elementor-column elementor-col-100 elementor-top-column elementor-element elementor-element-74557f5\" data-id=\"74557f5\" data-element_type=\"column\" data-e-type=\"column\">\n\t\t\t<div class=\"elementor-widget-wrap elementor-element-populated\">\n\t\t\t\t\t\t<div class=\"elementor-element elementor-element-8004e55 elementor-widget elementor-widget-heading\" data-id=\"8004e55\" data-element_type=\"widget\" data-e-type=\"widget\" data-widget_type=\"heading.default\">\n\t\t\t\t<div class=\"elementor-widget-container\">\n\t\t\t\t\t<h2 class=\"elementor-heading-title elementor-size-default\">UFPR - Departamento de Inform\u00e1tica<\/h2>\t\t\t\t<\/div>\n\t\t\t\t<\/div>\n\t\t\t\t\t<\/div>\n\t\t<\/div>\n\t\t\t\t\t<\/div>\n\t\t<\/section>\n\t\t\t\t<section class=\"elementor-section elementor-top-section elementor-element elementor-element-0c52bc3 elementor-section-boxed elementor-section-height-default elementor-section-height-default\" data-id=\"0c52bc3\" data-element_type=\"section\" data-e-type=\"section\">\n\t\t\t\t\t\t<div class=\"elementor-container elementor-column-gap-default\">\n\t\t\t\t\t<div class=\"elementor-column elementor-col-100 elementor-top-column elementor-element elementor-element-1686559\" data-id=\"1686559\" data-element_type=\"column\" data-e-type=\"column\">\n\t\t\t<div class=\"elementor-widget-wrap elementor-element-populated\">\n\t\t\t\t\t\t<div class=\"elementor-element elementor-element-7d2618c elementor-widget elementor-widget-heading\" data-id=\"7d2618c\" data-element_type=\"widget\" data-e-type=\"widget\" data-widget_type=\"heading.default\">\n\t\t\t\t<div class=\"elementor-widget-container\">\n\t\t\t\t\t<h2 class=\"elementor-heading-title elementor-size-default\">2021<\/h2>\t\t\t\t<\/div>\n\t\t\t\t<\/div>\n\t\t\t\t<div class=\"elementor-element elementor-element-b854b3a elementor-widget elementor-widget-text-editor\" data-id=\"b854b3a\" data-element_type=\"widget\" data-e-type=\"widget\" data-widget_type=\"text-editor.default\">\n\t\t\t\t<div class=\"elementor-widget-container\">\n\t\t\t\t\t\t\t\t\t<p>N\u00e3o definido<\/p>\t\t\t\t\t\t\t\t<\/div>\n\t\t\t\t<\/div>\n\t\t\t\t\t<\/div>\n\t\t<\/div>\n\t\t\t\t\t<\/div>\n\t\t<\/section>\n\t\t\t\t<section class=\"elementor-section elementor-top-section elementor-element elementor-element-75a7d76 elementor-section-boxed elementor-section-height-default elementor-section-height-default\" data-id=\"75a7d76\" data-element_type=\"section\" data-e-type=\"section\">\n\t\t\t\t\t\t<div class=\"elementor-container elementor-column-gap-default\">\n\t\t\t\t\t<div class=\"elementor-column elementor-col-100 elementor-top-column elementor-element elementor-element-2ef825c\" data-id=\"2ef825c\" data-element_type=\"column\" data-e-type=\"column\">\n\t\t\t<div class=\"elementor-widget-wrap elementor-element-populated\">\n\t\t\t\t\t\t<div class=\"elementor-element elementor-element-4642623 elementor-widget elementor-widget-heading\" data-id=\"4642623\" data-element_type=\"widget\" data-e-type=\"widget\" data-widget_type=\"heading.default\">\n\t\t\t\t<div class=\"elementor-widget-container\">\n\t\t\t\t\t<h2 class=\"elementor-heading-title elementor-size-default\">2020<\/h2>\t\t\t\t<\/div>\n\t\t\t\t<\/div>\n\t\t\t\t<div class=\"elementor-element elementor-element-ed60890 elementor-widget elementor-widget-text-editor\" data-id=\"ed60890\" data-element_type=\"widget\" data-e-type=\"widget\" data-widget_type=\"text-editor.default\">\n\t\t\t\t<div class=\"elementor-widget-container\">\n\t\t\t\t\t\t\t\t\t<p>1\u00ba Semestre &#8211; <a href=\"http:\/\/web.inf.ufpr.br\/mazalves\/dis-arquitetura-de-computadores\/\">CI1212 &#8211; Arquitetura de Computadores<\/a> (Descontinuada)<\/p><p>1\u00ba Semestre &#8211; <a href=\"http:\/\/web.inf.ufpr.br\/mazalves\/dis-programacao-paralela\/\">CI1316 &#8211; Programa\u00e7\u00e3o Paralela<\/a> (Descontinuada)<\/p><div><p>ERE1 &#8211; <a href=\"http:\/\/web.inf.ufpr.br\/mazalves\/dis-programacao-paralela\/\">CI1316 &#8211; Programa\u00e7\u00e3o Paralela<\/a><\/p><p>ERE2 &#8211; <a href=\"http:\/\/web.inf.ufpr.br\/mazalves\/dis-circuitos-digitais\/\">CI1068 &#8211; Circuitos L\u00f3gicos<\/a><\/p><p>ERE2 &#8211; <a href=\"http:\/\/web.inf.ufpr.br\/mazalves\/dis-arquitetura-de-computadores\/\">CI1212 &#8211; Arquitetura de Computadores<\/a>\u00a0<\/p><\/div>\t\t\t\t\t\t\t\t<\/div>\n\t\t\t\t<\/div>\n\t\t\t\t\t<\/div>\n\t\t<\/div>\n\t\t\t\t\t<\/div>\n\t\t<\/section>\n\t\t\t\t<section class=\"elementor-section elementor-top-section elementor-element elementor-element-c6128ed elementor-section-boxed elementor-section-height-default elementor-section-height-default\" data-id=\"c6128ed\" data-element_type=\"section\" data-e-type=\"section\">\n\t\t\t\t\t\t<div class=\"elementor-container elementor-column-gap-default\">\n\t\t\t\t\t<div class=\"elementor-column elementor-col-100 elementor-top-column elementor-element elementor-element-bc175f2\" data-id=\"bc175f2\" data-element_type=\"column\" data-e-type=\"column\">\n\t\t\t<div class=\"elementor-widget-wrap elementor-element-populated\">\n\t\t\t\t\t\t<div class=\"elementor-element elementor-element-54504c5 elementor-widget elementor-widget-heading\" data-id=\"54504c5\" data-element_type=\"widget\" data-e-type=\"widget\" data-widget_type=\"heading.default\">\n\t\t\t\t<div class=\"elementor-widget-container\">\n\t\t\t\t\t<h2 class=\"elementor-heading-title elementor-size-default\">2019<\/h2>\t\t\t\t<\/div>\n\t\t\t\t<\/div>\n\t\t\t\t<div class=\"elementor-element elementor-element-ee13d20 elementor-widget elementor-widget-text-editor\" data-id=\"ee13d20\" data-element_type=\"widget\" data-e-type=\"widget\" data-widget_type=\"text-editor.default\">\n\t\t\t\t<div class=\"elementor-widget-container\">\n\t\t\t\t\t\t\t\t\t<p>1\u00ba Semestre &#8211; <a href=\"http:\/\/web.inf.ufpr.br\/mazalves\/dis-arquitetura-de-computadores\/\">CI1212 &#8211; Arquitetura de Computadores\u00a0<\/a><\/p><p>1\u00ba Semestre &#8211; <a href=\"http:\/\/web.inf.ufpr.br\/mazalves\/dis-programacao-paralela\/\">CI1316 &#8211; Programa\u00e7\u00e3o Paralela<\/a><\/p><p>2\u00ba Semestre &#8211; <a href=\"http:\/\/web.inf.ufpr.br\/mazalves\/dis-fundamentos-de-projeto-e-arquitetura-de-computadores\/\">CI1243 &#8211; Fundamento de Projeto e Arquitetura de Computadores<\/a>\u00a0<\/p><p>2\u00ba Semestre &#8211; <a href=\"http:\/\/web.inf.ufpr.br\/mazalves\/dis-topicos-em-arquiteturas\/\">CI1086 &#8211; T\u00f3picos em Arquitetura de Computadores: Arquiteturas Avan\u00e7adas<\/a><\/p>\t\t\t\t\t\t\t\t<\/div>\n\t\t\t\t<\/div>\n\t\t\t\t\t<\/div>\n\t\t<\/div>\n\t\t\t\t\t<\/div>\n\t\t<\/section>\n\t\t\t\t<section class=\"elementor-section elementor-top-section elementor-element elementor-element-959b3e5 elementor-section-boxed elementor-section-height-default elementor-section-height-default\" data-id=\"959b3e5\" data-element_type=\"section\" data-e-type=\"section\">\n\t\t\t\t\t\t<div class=\"elementor-container elementor-column-gap-default\">\n\t\t\t\t\t<div class=\"elementor-column elementor-col-100 elementor-top-column elementor-element elementor-element-2b7492a\" data-id=\"2b7492a\" data-element_type=\"column\" data-e-type=\"column\">\n\t\t\t<div class=\"elementor-widget-wrap elementor-element-populated\">\n\t\t\t\t\t\t<div class=\"elementor-element elementor-element-3be9ff0 elementor-widget elementor-widget-heading\" data-id=\"3be9ff0\" data-element_type=\"widget\" data-e-type=\"widget\" data-widget_type=\"heading.default\">\n\t\t\t\t<div class=\"elementor-widget-container\">\n\t\t\t\t\t<h2 class=\"elementor-heading-title elementor-size-default\">2018<\/h2>\t\t\t\t<\/div>\n\t\t\t\t<\/div>\n\t\t\t\t<div class=\"elementor-element elementor-element-4d87b8e elementor-widget elementor-widget-text-editor\" data-id=\"4d87b8e\" data-element_type=\"widget\" data-e-type=\"widget\" data-widget_type=\"text-editor.default\">\n\t\t\t\t<div class=\"elementor-widget-container\">\n\t\t\t\t\t\t\t\t\t<p>1\u00ba Semestre &#8211; <a href=\"http:\/\/web.inf.ufpr.br\/mazalves\/dis-arquitetura-de-computadores\/\">CI212 &#8211; Organiza\u00e7\u00e3o e Arquitetura de Computadores\u00a0<\/a><\/p><p>1\u00ba Semestre &#8211; <a href=\"http:\/\/web.inf.ufpr.br\/mazalves\/dis-arquitetura-de-computadores\/\">CI316 &#8211; Programa\u00e7\u00e3o Paralela<\/a><\/p><div><p>2\u00ba Semestre &#8211; <a href=\"http:\/\/web.inf.ufpr.br\/mazalves\/dis-arquitetura-de-computadores\/\">CI212 &#8211; Organiza\u00e7\u00e3o e Arquitetura de Computadores\u00a0<\/a><\/p><p>2\u00ba Semestre &#8211; <a href=\"http:\/\/web.inf.ufpr.br\/mazalves\/dis-topicos-em-arquiteturas\/\">CI1086 &#8211; T\u00f3picos em Arquitetura de Computadores: Arquiteturas Avan\u00e7adas<\/a><\/p><\/div>\t\t\t\t\t\t\t\t<\/div>\n\t\t\t\t<\/div>\n\t\t\t\t\t<\/div>\n\t\t<\/div>\n\t\t\t\t\t<\/div>\n\t\t<\/section>\n\t\t\t\t<section class=\"elementor-section elementor-top-section elementor-element elementor-element-af26ef7 elementor-section-boxed elementor-section-height-default elementor-section-height-default\" data-id=\"af26ef7\" data-element_type=\"section\" data-e-type=\"section\">\n\t\t\t\t\t\t<div class=\"elementor-container elementor-column-gap-default\">\n\t\t\t\t\t<div class=\"elementor-column elementor-col-100 elementor-top-column elementor-element elementor-element-5297cf8\" data-id=\"5297cf8\" data-element_type=\"column\" data-e-type=\"column\">\n\t\t\t<div class=\"elementor-widget-wrap elementor-element-populated\">\n\t\t\t\t\t\t<div class=\"elementor-element elementor-element-73b4b71 elementor-widget elementor-widget-heading\" data-id=\"73b4b71\" data-element_type=\"widget\" data-e-type=\"widget\" data-widget_type=\"heading.default\">\n\t\t\t\t<div class=\"elementor-widget-container\">\n\t\t\t\t\t<h2 class=\"elementor-heading-title elementor-size-default\">2017<\/h2>\t\t\t\t<\/div>\n\t\t\t\t<\/div>\n\t\t\t\t<div class=\"elementor-element elementor-element-685d1b1 elementor-widget elementor-widget-text-editor\" data-id=\"685d1b1\" data-element_type=\"widget\" data-e-type=\"widget\" data-widget_type=\"text-editor.default\">\n\t\t\t\t<div class=\"elementor-widget-container\">\n\t\t\t\t\t\t\t\t\t<p>1\u00ba Semestre &#8211; <a href=\"http:\/\/web.inf.ufpr.br\/mazalves\/dis-circuitos-digitais\/\">CI068 &#8211; Circuitos L\u00f3gicos<\/a><\/p><p>1\u00ba Semestre &#8211; <a href=\"http:\/\/web.inf.ufpr.br\/mazalves\/dis-programacao-paralela\/\">CI316 &#8211; Programa\u00e7\u00e3o Paralela<\/a><\/p><p>2\u00ba Semestre &#8211; <a href=\"http:\/\/web.inf.ufpr.br\/mazalves\/dis-arquitetura-de-computadores\/\">CI212 &#8211; Organiza\u00e7\u00e3o e Arquitetura de Computadores\u00a0<\/a><\/p><p>2\u00ba Semestre &#8211; <a href=\"http:\/\/web.inf.ufpr.br\/mazalves\/dis-topicos-em-arquiteturas\/\">CI086 &#8211; T\u00f3picos em Arquitetura de Computadores: Arquiteturas Avan\u00e7adas<\/a><\/p>\t\t\t\t\t\t\t\t<\/div>\n\t\t\t\t<\/div>\n\t\t\t\t\t<\/div>\n\t\t<\/div>\n\t\t\t\t\t<\/div>\n\t\t<\/section>\n\t\t\t\t<section class=\"elementor-section elementor-top-section elementor-element elementor-element-e1ef487 elementor-section-boxed elementor-section-height-default elementor-section-height-default\" data-id=\"e1ef487\" data-element_type=\"section\" data-e-type=\"section\">\n\t\t\t\t\t\t<div class=\"elementor-container elementor-column-gap-default\">\n\t\t\t\t\t<div class=\"elementor-column elementor-col-100 elementor-top-column elementor-element elementor-element-557dc06\" data-id=\"557dc06\" data-element_type=\"column\" data-e-type=\"column\">\n\t\t\t<div class=\"elementor-widget-wrap elementor-element-populated\">\n\t\t\t\t\t\t<div class=\"elementor-element elementor-element-8ead647 elementor-widget elementor-widget-heading\" data-id=\"8ead647\" data-element_type=\"widget\" data-e-type=\"widget\" data-widget_type=\"heading.default\">\n\t\t\t\t<div class=\"elementor-widget-container\">\n\t\t\t\t\t<h2 class=\"elementor-heading-title elementor-size-default\">2016<\/h2>\t\t\t\t<\/div>\n\t\t\t\t<\/div>\n\t\t\t\t<div class=\"elementor-element elementor-element-0a526c5 elementor-widget elementor-widget-text-editor\" data-id=\"0a526c5\" data-element_type=\"widget\" data-e-type=\"widget\" data-widget_type=\"text-editor.default\">\n\t\t\t\t<div class=\"elementor-widget-container\">\n\t\t\t\t\t\t\t\t\t<p>1\u00ba Semestre &#8211; <a href=\"http:\/\/web.inf.ufpr.br\/mazalves\/dis-circuitos-digitais\/\">CI068 &#8211; Circuitos L\u00f3gicos<\/a><\/p><p>1\u00ba Semestre &#8211; <a href=\"http:\/\/web.inf.ufpr.br\/mazalves\/dis-programacao-paralela\/\">CI316 &#8211; Programa\u00e7\u00e3o Paralela<\/a><\/p><p>2\u00ba Semestre &#8211; <a href=\"http:\/\/web.inf.ufpr.br\/mazalves\/dis-proj-digitais-e-microprocessadores\/\">CI210 &#8211; Projetos Digitais e Microprocessadores<\/a><\/p><p>2\u00ba Semestre &#8211; <a href=\"http:\/\/web.inf.ufpr.br\/mazalves\/dis-topicos-em-arquiteturas\/\">CI086 &#8211; T\u00f3picos em Arquitetura de Computadores: Arquiteturas Avan\u00e7adas<\/a><\/p>\t\t\t\t\t\t\t\t<\/div>\n\t\t\t\t<\/div>\n\t\t\t\t\t<\/div>\n\t\t<\/div>\n\t\t\t\t\t<\/div>\n\t\t<\/section>\n\t\t\t\t<section class=\"elementor-section elementor-top-section elementor-element elementor-element-7a29fb4 elementor-section-boxed elementor-section-height-default elementor-section-height-default\" data-id=\"7a29fb4\" data-element_type=\"section\" data-e-type=\"section\">\n\t\t\t\t\t\t<div class=\"elementor-container elementor-column-gap-default\">\n\t\t\t\t\t<div class=\"elementor-column elementor-col-100 elementor-top-column elementor-element elementor-element-c884847\" data-id=\"c884847\" data-element_type=\"column\" data-e-type=\"column\">\n\t\t\t<div class=\"elementor-widget-wrap elementor-element-populated\">\n\t\t\t\t\t\t<div class=\"elementor-element elementor-element-8522b37 elementor-widget elementor-widget-spacer\" data-id=\"8522b37\" data-element_type=\"widget\" data-e-type=\"widget\" data-widget_type=\"spacer.default\">\n\t\t\t\t<div class=\"elementor-widget-container\">\n\t\t\t\t\t\t\t<div class=\"elementor-spacer\">\n\t\t\t<div class=\"elementor-spacer-inner\"><\/div>\n\t\t<\/div>\n\t\t\t\t\t\t<\/div>\n\t\t\t\t<\/div>\n\t\t\t\t<div class=\"elementor-element elementor-element-f195f28 elementor-widget elementor-widget-heading\" data-id=\"f195f28\" data-element_type=\"widget\" data-e-type=\"widget\" data-widget_type=\"heading.default\">\n\t\t\t\t<div class=\"elementor-widget-container\">\n\t\t\t\t\t<h2 class=\"elementor-heading-title elementor-size-default\">UFRGS - Instituto de Inform\u00e1tica<\/h2>\t\t\t\t<\/div>\n\t\t\t\t<\/div>\n\t\t\t\t\t<\/div>\n\t\t<\/div>\n\t\t\t\t\t<\/div>\n\t\t<\/section>\n\t\t\t\t<section class=\"elementor-section elementor-top-section elementor-element elementor-element-0f4a491 elementor-section-boxed elementor-section-height-default elementor-section-height-default\" data-id=\"0f4a491\" data-element_type=\"section\" data-e-type=\"section\">\n\t\t\t\t\t\t<div class=\"elementor-container elementor-column-gap-default\">\n\t\t\t\t\t<div class=\"elementor-column elementor-col-100 elementor-top-column elementor-element elementor-element-b2503fc\" data-id=\"b2503fc\" data-element_type=\"column\" data-e-type=\"column\">\n\t\t\t<div class=\"elementor-widget-wrap elementor-element-populated\">\n\t\t\t\t\t\t<div class=\"elementor-element elementor-element-543219d elementor-widget elementor-widget-heading\" data-id=\"543219d\" data-element_type=\"widget\" data-e-type=\"widget\" data-widget_type=\"heading.default\">\n\t\t\t\t<div class=\"elementor-widget-container\">\n\t\t\t\t\t<h2 class=\"elementor-heading-title elementor-size-default\">2014<\/h2>\t\t\t\t<\/div>\n\t\t\t\t<\/div>\n\t\t\t\t<div class=\"elementor-element elementor-element-734f2e9 elementor-widget elementor-widget-text-editor\" data-id=\"734f2e9\" data-element_type=\"widget\" data-e-type=\"widget\" data-widget_type=\"text-editor.default\">\n\t\t\t\t<div class=\"elementor-widget-container\">\n\t\t\t\t\t\t\t\t\t<p>1\u00ba Semestre &#8211; INF1113 &#8211; Organiza\u00e7\u00e3o de Computadores B<\/p><p>1\u00ba Semestre &#8211; INF1040 &#8211; Introdu\u00e7\u00e3o a Programa\u00e7\u00e3o<\/p><p>2\u00ba Semestre &#8211;\u00a0<span style=\"color: var( --e-global-color-text ); font-family: var( --e-global-typography-text-font-family ), Sans-serif; font-weight: var( --e-global-typography-text-font-weight );\">INF1113 &#8211;<\/span><span style=\"color: var( --e-global-color-text ); font-family: var( --e-global-typography-text-font-family ), Sans-serif; font-weight: var( --e-global-typography-text-font-weight );\">\u00a0<\/span><span style=\"color: var( --e-global-color-text ); font-family: var( --e-global-typography-text-font-family ), Sans-serif; font-weight: var( --e-global-typography-text-font-weight );\">Organiza\u00e7\u00e3o de Computadores B<\/span><\/p><p>2\u00ba Semestre &#8211; INF1040 &#8211; Introdu\u00e7\u00e3o a Programa\u00e7\u00e3o<\/p>\t\t\t\t\t\t\t\t<\/div>\n\t\t\t\t<\/div>\n\t\t\t\t\t<\/div>\n\t\t<\/div>\n\t\t\t\t\t<\/div>\n\t\t<\/section>\n\t\t\t\t<section class=\"elementor-section elementor-top-section elementor-element elementor-element-6cb83b5 elementor-section-boxed elementor-section-height-default elementor-section-height-default\" data-id=\"6cb83b5\" data-element_type=\"section\" data-e-type=\"section\">\n\t\t\t\t\t\t<div class=\"elementor-container elementor-column-gap-default\">\n\t\t\t\t\t<div class=\"elementor-column elementor-col-100 elementor-top-column elementor-element elementor-element-a10ade3\" data-id=\"a10ade3\" data-element_type=\"column\" data-e-type=\"column\">\n\t\t\t<div class=\"elementor-widget-wrap elementor-element-populated\">\n\t\t\t\t\t\t<div class=\"elementor-element elementor-element-f7028a7 elementor-widget elementor-widget-heading\" data-id=\"f7028a7\" data-element_type=\"widget\" data-e-type=\"widget\" data-widget_type=\"heading.default\">\n\t\t\t\t<div class=\"elementor-widget-container\">\n\t\t\t\t\t<h2 class=\"elementor-heading-title elementor-size-default\">2013<\/h2>\t\t\t\t<\/div>\n\t\t\t\t<\/div>\n\t\t\t\t<div class=\"elementor-element elementor-element-fd020bb elementor-widget elementor-widget-text-editor\" data-id=\"fd020bb\" data-element_type=\"widget\" data-e-type=\"widget\" data-widget_type=\"text-editor.default\">\n\t\t\t\t<div class=\"elementor-widget-container\">\n\t\t\t\t\t\t\t\t\t<p>1\u00ba Semestre &#8211; INF1126 &#8211; Estrutura de Dados<\/p><p>1\u00ba Semestre &#8211; INF1040 &#8211; Introdu\u00e7\u00e3o a Programa\u00e7\u00e3o<\/p><p>2\u00ba Semestre &#8211;\u00a0<span style=\"color: var( --e-global-color-text ); font-family: var( --e-global-typography-text-font-family ), Sans-serif; font-weight: var( --e-global-typography-text-font-weight );\">INF1113 &#8211;<\/span><span style=\"color: var( --e-global-color-text ); font-family: var( --e-global-typography-text-font-family ), Sans-serif; font-weight: var( --e-global-typography-text-font-weight );\">\u00a0<\/span><span style=\"color: var( --e-global-color-text ); font-family: var( --e-global-typography-text-font-family ), Sans-serif; font-weight: var( --e-global-typography-text-font-weight );\">Organiza\u00e7\u00e3o de Computadores B<\/span><\/p><p>2\u00ba Semestre &#8211; INF1040 &#8211; Introdu\u00e7\u00e3o a Programa\u00e7\u00e3o<\/p>\t\t\t\t\t\t\t\t<\/div>\n\t\t\t\t<\/div>\n\t\t\t\t\t<\/div>\n\t\t<\/div>\n\t\t\t\t\t<\/div>\n\t\t<\/section>\n\t\t\t\t<\/div>\n\t\t","protected":false},"excerpt":{"rendered":"<p>UFPR &#8211; Departamento de Inform\u00e1tica 2021 N\u00e3o definido 2020 1\u00ba Semestre &#8211; CI1212 &#8211; Arquitetura de Computadores (Descontinuada) 1\u00ba Semestre &#8211; CI1316 &#8211; Programa\u00e7\u00e3o Paralela (Descontinuada) ERE1 &#8211; CI1316 &#8211; Programa\u00e7\u00e3o Paralela ERE2 &#8211; CI1068 &#8211; Circuitos L\u00f3gicos ERE2 &#8211; CI1212 &#8211; Arquitetura de Computadores\u00a0 2019 1\u00ba Semestre &#8211; CI1212 &#8211; Arquitetura de Computadores\u00a0 1\u00ba&hellip;<\/p>\n","protected":false},"author":13,"featured_media":0,"parent":0,"menu_order":0,"comment_status":"closed","ping_status":"closed","template":"","meta":{"footnotes":""},"class_list":["post-584","page","type-page","status-publish","hentry"],"_links":{"self":[{"href":"https:\/\/web.inf.ufpr.br\/mazalves\/wp-json\/wp\/v2\/pages\/584","targetHints":{"allow":["GET"]}}],"collection":[{"href":"https:\/\/web.inf.ufpr.br\/mazalves\/wp-json\/wp\/v2\/pages"}],"about":[{"href":"https:\/\/web.inf.ufpr.br\/mazalves\/wp-json\/wp\/v2\/types\/page"}],"author":[{"embeddable":true,"href":"https:\/\/web.inf.ufpr.br\/mazalves\/wp-json\/wp\/v2\/users\/13"}],"replies":[{"embeddable":true,"href":"https:\/\/web.inf.ufpr.br\/mazalves\/wp-json\/wp\/v2\/comments?post=584"}],"version-history":[{"count":49,"href":"https:\/\/web.inf.ufpr.br\/mazalves\/wp-json\/wp\/v2\/pages\/584\/revisions"}],"predecessor-version":[{"id":673,"href":"https:\/\/web.inf.ufpr.br\/mazalves\/wp-json\/wp\/v2\/pages\/584\/revisions\/673"}],"wp:attachment":[{"href":"https:\/\/web.inf.ufpr.br\/mazalves\/wp-json\/wp\/v2\/media?parent=584"}],"curies":[{"name":"wp","href":"https:\/\/api.w.org\/{rel}","templated":true}]}}