{"id":477,"date":"2021-03-25T19:16:58","date_gmt":"2021-03-25T22:16:58","guid":{"rendered":"http:\/\/web.inf.ufpr.br\/mazalves\/?page_id=477"},"modified":"2021-03-31T08:53:35","modified_gmt":"2021-03-31T11:53:35","slug":"novos-alunos","status":"publish","type":"page","link":"https:\/\/web.inf.ufpr.br\/mazalves\/novos-alunos\/","title":{"rendered":"Novos Pesquisadores"},"content":{"rendered":"\t\t<div data-elementor-type=\"wp-page\" data-elementor-id=\"477\" class=\"elementor elementor-477\">\n\t\t\t\t\t\t<section class=\"elementor-section elementor-top-section elementor-element elementor-element-fb6b9e0 elementor-section-boxed elementor-section-height-default elementor-section-height-default\" data-id=\"fb6b9e0\" data-element_type=\"section\" data-e-type=\"section\">\n\t\t\t\t\t\t<div class=\"elementor-container elementor-column-gap-default\">\n\t\t\t\t\t<div class=\"elementor-column elementor-col-100 elementor-top-column elementor-element elementor-element-e0ba92c\" data-id=\"e0ba92c\" data-element_type=\"column\" data-e-type=\"column\">\n\t\t\t<div class=\"elementor-widget-wrap elementor-element-populated\">\n\t\t\t\t\t\t<div class=\"elementor-element elementor-element-0d13862 elementor-widget elementor-widget-text-editor\" data-id=\"0d13862\" data-element_type=\"widget\" data-e-type=\"widget\" data-widget_type=\"text-editor.default\">\n\t\t\t\t<div class=\"elementor-widget-container\">\n\t\t\t\t\t\t\t\t\t<p><span style=\"font-size: 12pt;\">Basicamente, os candidatos podem assumir que estou sempre aceitando novos candidatos a mestrado ou doutorado, que sejam inteligentes e automotivados. Em geral, voc\u00ea pode escolher qualquer t\u00f3pico relacionado \u00e0 arquitetura de computadores, embora eu tamb\u00e9m possa sugerir um dos meus t\u00f3picos de interesse. Se voc\u00ea n\u00e3o est\u00e1 convencido de que os arquitetos de computador ainda t\u00eam problemas para resolver, leia isto (<a href=\"http:\/\/web.inf.ufpr.br\/mazalves\/wp-content\/uploads\/sites\/13\/2018\/09\/David-Patterson-Says-It%E2%80%99s-Time-for-New-Computer-Architectures-and-Software-Languages-IEEE-Spectrum.pdf\" target=\"_blank\" rel=\"noopener\">David Patterson Says It\u2019s Time for New Computer Architectures and Software Languages \u2013 IEEE Spectrum<\/a>).<\/span><\/p>\t\t\t\t\t\t\t\t<\/div>\n\t\t\t\t<\/div>\n\t\t\t\t\t<\/div>\n\t\t<\/div>\n\t\t\t\t\t<\/div>\n\t\t<\/section>\n\t\t\t\t<section class=\"elementor-section elementor-top-section elementor-element elementor-element-c0c12ec elementor-section-boxed elementor-section-height-default elementor-section-height-default\" data-id=\"c0c12ec\" data-element_type=\"section\" data-e-type=\"section\">\n\t\t\t\t\t\t<div class=\"elementor-container elementor-column-gap-default\">\n\t\t\t\t\t<div class=\"elementor-column elementor-col-100 elementor-top-column elementor-element elementor-element-9769ee8\" data-id=\"9769ee8\" data-element_type=\"column\" data-e-type=\"column\">\n\t\t\t<div class=\"elementor-widget-wrap elementor-element-populated\">\n\t\t\t\t\t\t<div class=\"elementor-element elementor-element-edbea77 elementor-widget elementor-widget-heading\" data-id=\"edbea77\" data-element_type=\"widget\" data-e-type=\"widget\" data-widget_type=\"heading.default\">\n\t\t\t\t<div class=\"elementor-widget-container\">\n\t\t\t\t\t<h2 class=\"elementor-heading-title elementor-size-default\">mestrado<\/h2>\t\t\t\t<\/div>\n\t\t\t\t<\/div>\n\t\t\t\t<div class=\"elementor-element elementor-element-b49638b elementor-widget elementor-widget-text-editor\" data-id=\"b49638b\" data-element_type=\"widget\" data-e-type=\"widget\" data-widget_type=\"text-editor.default\">\n\t\t\t\t<div class=\"elementor-widget-container\">\n\t\t\t\t\t\t\t\t\t<p><span style=\"font-size: 16px\">Se voc\u00ea busca mestrado em arquitetura de computadores ou processamento de alto desempenho, sugiro que visite a p\u00e1gina do Departamento de Ci\u00eancia da Computa\u00e7\u00e3o para ver o prazo para o pr\u00f3ximo processo de admiss\u00e3o. Observe que o exame POSCOMP \u00e9 praticamente obrigat\u00f3rio se voc\u00ea pretende se inscrever para uma bolsa de estudos.<\/span><\/p>\t\t\t\t\t\t\t\t<\/div>\n\t\t\t\t<\/div>\n\t\t\t\t\t<\/div>\n\t\t<\/div>\n\t\t\t\t\t<\/div>\n\t\t<\/section>\n\t\t\t\t<section class=\"elementor-section elementor-top-section elementor-element elementor-element-889ccde elementor-section-boxed elementor-section-height-default elementor-section-height-default\" data-id=\"889ccde\" data-element_type=\"section\" data-e-type=\"section\">\n\t\t\t\t\t\t<div class=\"elementor-container elementor-column-gap-default\">\n\t\t\t\t\t<div class=\"elementor-column elementor-col-100 elementor-top-column elementor-element elementor-element-1cc4fcf\" data-id=\"1cc4fcf\" data-element_type=\"column\" data-e-type=\"column\">\n\t\t\t<div class=\"elementor-widget-wrap elementor-element-populated\">\n\t\t\t\t\t\t<div class=\"elementor-element elementor-element-8244b62 elementor-widget elementor-widget-heading\" data-id=\"8244b62\" data-element_type=\"widget\" data-e-type=\"widget\" data-widget_type=\"heading.default\">\n\t\t\t\t<div class=\"elementor-widget-container\">\n\t\t\t\t\t<h2 class=\"elementor-heading-title elementor-size-default\">doutorado<\/h2>\t\t\t\t<\/div>\n\t\t\t\t<\/div>\n\t\t\t\t<div class=\"elementor-element elementor-element-9a863be elementor-widget elementor-widget-text-editor\" data-id=\"9a863be\" data-element_type=\"widget\" data-e-type=\"widget\" data-widget_type=\"text-editor.default\">\n\t\t\t\t<div class=\"elementor-widget-container\">\n\t\t\t\t\t\t\t\t\t<p><span style=\"font-size: 16px\">Tenho interesse em diferentes \u00e1reas e t\u00f3picos onde possamos desenvolver um verdadeiro avan\u00e7o na \u00e1rea. Se voc\u00ea deseja investigar t\u00f3picos relacionados \u00e0 arquitetura de computadores, entre em contato comigo e podemos compartilhar algumas id\u00e9ias. As recomenda\u00e7\u00f5es na p\u00e1gina do nosso Departamento de Ci\u00eancia da Computa\u00e7\u00e3o s\u00e3o \u00fateis para os\u00a0<\/span><span style=\"font-size: 16px\">candidatos a<\/span><span style=\"font-size: 16px\">\u00a0doutorado tamb\u00e9m.<\/span><\/p>\t\t\t\t\t\t\t\t<\/div>\n\t\t\t\t<\/div>\n\t\t\t\t\t<\/div>\n\t\t<\/div>\n\t\t\t\t\t<\/div>\n\t\t<\/section>\n\t\t\t\t<section class=\"elementor-section elementor-top-section elementor-element elementor-element-52afa37 elementor-section-boxed elementor-section-height-default elementor-section-height-default\" data-id=\"52afa37\" data-element_type=\"section\" data-e-type=\"section\">\n\t\t\t\t\t\t<div class=\"elementor-container elementor-column-gap-default\">\n\t\t\t\t\t<div class=\"elementor-column elementor-col-100 elementor-top-column elementor-element elementor-element-3c91dec\" data-id=\"3c91dec\" data-element_type=\"column\" data-e-type=\"column\">\n\t\t\t<div class=\"elementor-widget-wrap elementor-element-populated\">\n\t\t\t\t\t\t<div class=\"elementor-element elementor-element-539fce7 elementor-widget elementor-widget-heading\" data-id=\"539fce7\" data-element_type=\"widget\" data-e-type=\"widget\" data-widget_type=\"heading.default\">\n\t\t\t\t<div class=\"elementor-widget-container\">\n\t\t\t\t\t<h2 class=\"elementor-heading-title elementor-size-default\">T\u00f3picos de interesse atuais<\/h2>\t\t\t\t<\/div>\n\t\t\t\t<\/div>\n\t\t\t\t<div class=\"elementor-element elementor-element-d223809 elementor-widget elementor-widget-text-editor\" data-id=\"d223809\" data-element_type=\"widget\" data-e-type=\"widget\" data-widget_type=\"text-editor.default\">\n\t\t\t\t<div class=\"elementor-widget-container\">\n\t\t\t\t\t\t\t\t\t<p><span style=\"font-size: 12pt\">&#8211; Arquitetura do computador (processadores, subsistemas de mem\u00f3ria, interconex\u00f5es)<\/span><\/p><p><span style=\"font-size: 16px\">&#8211; Computa\u00e7\u00e3o de alto desempenho (afinidade de dados e threads, sistemas paralelos, computa\u00e7\u00e3o em nuvem)<\/span><\/p><p><span style=\"font-size: 12pt\">&#8211; Sistemas de mem\u00f3ria (mem\u00f3rias cache, controladores de mem\u00f3ria, DRAM e mem\u00f3rias NVM)<\/span><\/p><p><span style=\"font-size: 12pt\">&#8211; Simula\u00e7\u00e3o de microarquitetura (simuladores de ciclo preciso, simula\u00e7\u00e3o r\u00e1pida e precisa)<\/span><\/p><p><span style=\"font-size: 12pt\">&#8211; Processamento na mem\u00f3ria (mem\u00f3rias inteligentes capazes de realizar c\u00e1lculos)<\/span><\/p><p><span style=\"font-size: 16px\">Sugiro que voc\u00ea verifique os meus \u00faltimos artigos p\u00fablicados para que voc\u00ea se familiarize com a \u00e1rea de pesquisa que costumo trabalhar, isso costuma ajudar na escolha de um orientador.<\/span><\/p>\t\t\t\t\t\t\t\t<\/div>\n\t\t\t\t<\/div>\n\t\t\t\t<div class=\"elementor-element elementor-element-504e72d elementor-widget elementor-widget-spacer\" data-id=\"504e72d\" data-element_type=\"widget\" data-e-type=\"widget\" data-widget_type=\"spacer.default\">\n\t\t\t\t<div class=\"elementor-widget-container\">\n\t\t\t\t\t\t\t<div class=\"elementor-spacer\">\n\t\t\t<div class=\"elementor-spacer-inner\"><\/div>\n\t\t<\/div>\n\t\t\t\t\t\t<\/div>\n\t\t\t\t<\/div>\n\t\t\t\t\t<\/div>\n\t\t<\/div>\n\t\t\t\t\t<\/div>\n\t\t<\/section>\n\t\t\t\t<section class=\"elementor-section elementor-top-section elementor-element elementor-element-6f73f3d elementor-section-boxed elementor-section-height-default elementor-section-height-default\" data-id=\"6f73f3d\" data-element_type=\"section\" data-e-type=\"section\">\n\t\t\t\t\t\t<div class=\"elementor-container elementor-column-gap-default\">\n\t\t\t\t\t<div class=\"elementor-column elementor-col-50 elementor-top-column elementor-element elementor-element-b020081\" data-id=\"b020081\" data-element_type=\"column\" data-e-type=\"column\">\n\t\t\t<div class=\"elementor-widget-wrap elementor-element-populated\">\n\t\t\t\t\t\t<div class=\"elementor-element elementor-element-b0e8e60 elementor-widget elementor-widget-image\" data-id=\"b0e8e60\" data-element_type=\"widget\" data-e-type=\"widget\" data-widget_type=\"image.default\">\n\t\t\t\t<div class=\"elementor-widget-container\">\n\t\t\t\t\t\t\t\t\t\t\t\t\t\t\t<img fetchpriority=\"high\" decoding=\"async\" width=\"640\" height=\"427\" src=\"https:\/\/web.inf.ufpr.br\/mazalves\/wp-content\/uploads\/sites\/13\/2021\/03\/BWdiversity-1024x683.jpg\" class=\"attachment-large size-large wp-image-561\" alt=\"\" srcset=\"https:\/\/web.inf.ufpr.br\/mazalves\/wp-content\/uploads\/sites\/13\/2021\/03\/BWdiversity-1024x683.jpg 1024w, https:\/\/web.inf.ufpr.br\/mazalves\/wp-content\/uploads\/sites\/13\/2021\/03\/BWdiversity-300x200.jpg 300w, https:\/\/web.inf.ufpr.br\/mazalves\/wp-content\/uploads\/sites\/13\/2021\/03\/BWdiversity-768x512.jpg 768w, https:\/\/web.inf.ufpr.br\/mazalves\/wp-content\/uploads\/sites\/13\/2021\/03\/BWdiversity.jpg 1200w\" sizes=\"(max-width: 640px) 100vw, 640px\" \/>\t\t\t\t\t\t\t\t\t\t\t\t\t\t\t<\/div>\n\t\t\t\t<\/div>\n\t\t\t\t\t<\/div>\n\t\t<\/div>\n\t\t\t\t<div class=\"elementor-column elementor-col-50 elementor-top-column elementor-element elementor-element-73c5d67\" data-id=\"73c5d67\" data-element_type=\"column\" data-e-type=\"column\">\n\t\t\t<div class=\"elementor-widget-wrap elementor-element-populated\">\n\t\t\t\t\t\t<div class=\"elementor-element elementor-element-ef00f74 elementor-widget elementor-widget-heading\" data-id=\"ef00f74\" data-element_type=\"widget\" data-e-type=\"widget\" data-widget_type=\"heading.default\">\n\t\t\t\t<div class=\"elementor-widget-container\">\n\t\t\t\t\t<h2 class=\"elementor-heading-title elementor-size-default\">Seja bem vindo e bem vinda!<\/h2>\t\t\t\t<\/div>\n\t\t\t\t<\/div>\n\t\t\t\t<div class=\"elementor-element elementor-element-1279639 elementor-widget elementor-widget-text-editor\" data-id=\"1279639\" data-element_type=\"widget\" data-e-type=\"widget\" data-widget_type=\"text-editor.default\">\n\t\t\t\t<div class=\"elementor-widget-container\">\n\t\t\t\t\t\t\t\t\t<p><span style=\"font-size: 12pt\">Nosso laborat\u00f3rio preza pela diversidade, e s\u00e3o bem vindos e bem vindas, quem<\/span><span style=\"font-size: 12pt\"> gosta de investigar novos problemas em tecnologia (design, implementa\u00e7\u00e3o, uso, avalia\u00e7\u00e3o, ado\u00e7\u00e3o, impacto) e que desejam mudar o mundo para melhor por meio da computa\u00e7\u00e3o. Se isso o motivar, podemos fazer um bom trabalho juntos!<\/span><\/p>\t\t\t\t\t\t\t\t<\/div>\n\t\t\t\t<\/div>\n\t\t\t\t\t<\/div>\n\t\t<\/div>\n\t\t\t\t\t<\/div>\n\t\t<\/section>\n\t\t\t\t<\/div>\n\t\t","protected":false},"excerpt":{"rendered":"<p>Basicamente, os candidatos podem assumir que estou sempre aceitando novos candidatos a mestrado ou doutorado, que sejam inteligentes e automotivados. Em geral, voc\u00ea pode escolher qualquer t\u00f3pico relacionado \u00e0 arquitetura de computadores, embora eu tamb\u00e9m possa sugerir um dos meus t\u00f3picos de interesse. Se voc\u00ea n\u00e3o est\u00e1 convencido de que os arquitetos de computador ainda&hellip;<\/p>\n","protected":false},"author":13,"featured_media":0,"parent":0,"menu_order":0,"comment_status":"closed","ping_status":"closed","template":"","meta":{"footnotes":""},"class_list":["post-477","page","type-page","status-publish","hentry"],"_links":{"self":[{"href":"https:\/\/web.inf.ufpr.br\/mazalves\/wp-json\/wp\/v2\/pages\/477","targetHints":{"allow":["GET"]}}],"collection":[{"href":"https:\/\/web.inf.ufpr.br\/mazalves\/wp-json\/wp\/v2\/pages"}],"about":[{"href":"https:\/\/web.inf.ufpr.br\/mazalves\/wp-json\/wp\/v2\/types\/page"}],"author":[{"embeddable":true,"href":"https:\/\/web.inf.ufpr.br\/mazalves\/wp-json\/wp\/v2\/users\/13"}],"replies":[{"embeddable":true,"href":"https:\/\/web.inf.ufpr.br\/mazalves\/wp-json\/wp\/v2\/comments?post=477"}],"version-history":[{"count":20,"href":"https:\/\/web.inf.ufpr.br\/mazalves\/wp-json\/wp\/v2\/pages\/477\/revisions"}],"predecessor-version":[{"id":583,"href":"https:\/\/web.inf.ufpr.br\/mazalves\/wp-json\/wp\/v2\/pages\/477\/revisions\/583"}],"wp:attachment":[{"href":"https:\/\/web.inf.ufpr.br\/mazalves\/wp-json\/wp\/v2\/media?parent=477"}],"curies":[{"name":"wp","href":"https:\/\/api.w.org\/{rel}","templated":true}]}}