{"id":339,"date":"2021-03-24T18:14:30","date_gmt":"2021-03-24T21:14:30","guid":{"rendered":"http:\/\/web.inf.ufpr.br\/mazalves\/home-portugues\/"},"modified":"2021-07-29T18:01:27","modified_gmt":"2021-07-29T21:01:27","slug":"home-portugues","status":"publish","type":"page","link":"https:\/\/web.inf.ufpr.br\/mazalves\/home-portugues\/","title":{"rendered":"In\u00edcio"},"content":{"rendered":"\t\t<div data-elementor-type=\"wp-page\" data-elementor-id=\"339\" class=\"elementor elementor-339\">\n\t\t\t\t\t\t<section class=\"elementor-section elementor-top-section elementor-element elementor-element-389a4c78 elementor-section-boxed elementor-section-height-default elementor-section-height-default\" data-id=\"389a4c78\" data-element_type=\"section\" data-e-type=\"section\">\n\t\t\t\t\t\t<div class=\"elementor-container elementor-column-gap-default\">\n\t\t\t\t\t<div class=\"elementor-column elementor-col-50 elementor-top-column elementor-element elementor-element-4469d690\" data-id=\"4469d690\" data-element_type=\"column\" data-e-type=\"column\">\n\t\t\t<div class=\"elementor-widget-wrap elementor-element-populated\">\n\t\t\t\t\t\t<div class=\"elementor-element elementor-element-59918516 elementor-widget elementor-widget-image\" data-id=\"59918516\" data-element_type=\"widget\" data-e-type=\"widget\" data-widget_type=\"image.default\">\n\t\t\t\t<div class=\"elementor-widget-container\">\n\t\t\t\t\t\t\t\t\t\t\t\t\t\t\t<img fetchpriority=\"high\" decoding=\"async\" width=\"640\" height=\"960\" src=\"https:\/\/web.inf.ufpr.br\/mazalves\/wp-content\/uploads\/sites\/13\/2018\/09\/IMG_2128-e1571673396306-683x1024.jpg\" class=\"attachment-large size-large wp-image-44\" alt=\"\" srcset=\"https:\/\/web.inf.ufpr.br\/mazalves\/wp-content\/uploads\/sites\/13\/2018\/09\/IMG_2128-e1571673396306-683x1024.jpg 683w, https:\/\/web.inf.ufpr.br\/mazalves\/wp-content\/uploads\/sites\/13\/2018\/09\/IMG_2128-e1571673396306-200x300.jpg 200w, https:\/\/web.inf.ufpr.br\/mazalves\/wp-content\/uploads\/sites\/13\/2018\/09\/IMG_2128-e1571673396306-768x1152.jpg 768w\" sizes=\"(max-width: 640px) 100vw, 640px\" \/>\t\t\t\t\t\t\t\t\t\t\t\t\t\t\t<\/div>\n\t\t\t\t<\/div>\n\t\t\t\t\t<\/div>\n\t\t<\/div>\n\t\t\t\t<div class=\"elementor-column elementor-col-50 elementor-top-column elementor-element elementor-element-14c12ab3\" data-id=\"14c12ab3\" data-element_type=\"column\" data-e-type=\"column\">\n\t\t\t<div class=\"elementor-widget-wrap elementor-element-populated\">\n\t\t\t\t\t\t<div class=\"elementor-element elementor-element-79d3801e elementor-widget elementor-widget-heading\" data-id=\"79d3801e\" data-element_type=\"widget\" data-e-type=\"widget\" data-widget_type=\"heading.default\">\n\t\t\t\t<div class=\"elementor-widget-container\">\n\t\t\t\t\t<h2 class=\"elementor-heading-title elementor-size-default\">Professor Adjunto e Pesquisador<br>Departamento de Inform\u00e1tica<br>Universidade Federal do Paran\u00e1 (UFPR)<br>Curitiba, Brazil (desde 2016).<\/h2>\t\t\t\t<\/div>\n\t\t\t\t<\/div>\n\t\t\t\t<div class=\"elementor-element elementor-element-1906766a elementor-widget elementor-widget-text-editor\" data-id=\"1906766a\" data-element_type=\"widget\" data-e-type=\"widget\" data-widget_type=\"text-editor.default\">\n\t\t\t\t<div class=\"elementor-widget-container\">\n\t\t\t\t\t\t\t\t\t<p>&#8211; Vice-coordenador do <a href=\"http:\/\/bcc.ufpr.br\/\" target=\"_blank\" rel=\"noopener noreferrer\">Curso de Bacharelado em<br \/>Ci\u00eancia da Computa\u00e7\u00e3o<\/a><br \/>Universidade Federal do Paran\u00e1 (UFPR) <span lang=\"en\">\u00a0<br \/>Curitiba, Brasil (2017~2020).<\/span>\u00a0<\/p><p>&#8211; P\u00f3s-doutorado no Instituto de Inform\u00e1tica<br \/>Universidade Federal do Rio Grande do Sul (UFRGS)<br \/>Porto Alegre, Brasil. (2014~2015)<\/p><p>&#8211; Professor Tempor\u00e1rio no Instituto de Inform\u00e1tica<br \/>Universidade Federal do Rio Grande do Sul (UFRGS)<br \/>Porto Alegre, Brasil. (2014~2015)<\/p><p>&#8211; Doutorado no Instituto de Inform\u00e1tica<br \/>Universidade Federal do Rio Grande do Sul (UFRGS)<br \/>Porto Alegre, Brasil. (2009~2014)<\/p><p>&#8211; Doutorado Sanduiche na The University of Texas at Austin (UT-Austin)<br \/>sob orienta\u00e7\u00e3o do professor Yale N. Patt<br \/>Texas, Estados Unidos. (2011)\u00a0<\/p><p>&#8211; Mestrado no Instituto de Inform\u00e1tica<br \/>Universidade Federal do Rio Grande do Sul (UFRGS)<br \/>Porto Alegre, Brasil. (2007~2009)<\/p><p>&#8211; Bacharel em Ci\u00eancia da Computa\u00e7\u00e3o<br \/>Universidade Estadual de S\u00e3o Paulo (UNESP)<br \/>Presidente Prudente, Brasil. (2002~2006)<\/p>\t\t\t\t\t\t\t\t<\/div>\n\t\t\t\t<\/div>\n\t\t\t\t\t<\/div>\n\t\t<\/div>\n\t\t\t\t\t<\/div>\n\t\t<\/section>\n\t\t\t\t<section class=\"elementor-section elementor-top-section elementor-element elementor-element-9c80759 elementor-section-boxed elementor-section-height-default elementor-section-height-default\" data-id=\"9c80759\" data-element_type=\"section\" data-e-type=\"section\">\n\t\t\t\t\t\t<div class=\"elementor-container elementor-column-gap-default\">\n\t\t\t\t\t<div class=\"elementor-column elementor-col-100 elementor-top-column elementor-element elementor-element-4830ff5b\" data-id=\"4830ff5b\" data-element_type=\"column\" data-e-type=\"column\">\n\t\t\t<div class=\"elementor-widget-wrap elementor-element-populated\">\n\t\t\t\t\t\t<div class=\"elementor-element elementor-element-763b2ecc elementor-widget elementor-widget-spacer\" data-id=\"763b2ecc\" data-element_type=\"widget\" data-e-type=\"widget\" data-widget_type=\"spacer.default\">\n\t\t\t\t<div class=\"elementor-widget-container\">\n\t\t\t\t\t\t\t<div class=\"elementor-spacer\">\n\t\t\t<div class=\"elementor-spacer-inner\"><\/div>\n\t\t<\/div>\n\t\t\t\t\t\t<\/div>\n\t\t\t\t<\/div>\n\t\t\t\t<div class=\"elementor-element elementor-element-275ca81e elementor-widget elementor-widget-image\" data-id=\"275ca81e\" data-element_type=\"widget\" data-e-type=\"widget\" data-widget_type=\"image.default\">\n\t\t\t\t<div class=\"elementor-widget-container\">\n\t\t\t\t\t\t\t\t\t\t\t\t\t\t\t<img decoding=\"async\" width=\"640\" height=\"284\" src=\"https:\/\/web.inf.ufpr.br\/mazalves\/wp-content\/uploads\/sites\/13\/2019\/06\/IMG_20190528_111410356BW-1024x455.jpg\" class=\"attachment-large size-large wp-image-150\" alt=\"Research Group\" srcset=\"https:\/\/web.inf.ufpr.br\/mazalves\/wp-content\/uploads\/sites\/13\/2019\/06\/IMG_20190528_111410356BW-1024x455.jpg 1024w, https:\/\/web.inf.ufpr.br\/mazalves\/wp-content\/uploads\/sites\/13\/2019\/06\/IMG_20190528_111410356BW-300x133.jpg 300w, https:\/\/web.inf.ufpr.br\/mazalves\/wp-content\/uploads\/sites\/13\/2019\/06\/IMG_20190528_111410356BW-768x341.jpg 768w\" sizes=\"(max-width: 640px) 100vw, 640px\" \/>\t\t\t\t\t\t\t\t\t\t\t\t\t\t\t<\/div>\n\t\t\t\t<\/div>\n\t\t\t\t<div class=\"elementor-element elementor-element-40a74e94 elementor-widget elementor-widget-spacer\" data-id=\"40a74e94\" data-element_type=\"widget\" data-e-type=\"widget\" data-widget_type=\"spacer.default\">\n\t\t\t\t<div class=\"elementor-widget-container\">\n\t\t\t\t\t\t\t<div class=\"elementor-spacer\">\n\t\t\t<div class=\"elementor-spacer-inner\"><\/div>\n\t\t<\/div>\n\t\t\t\t\t\t<\/div>\n\t\t\t\t<\/div>\n\t\t\t\t<div class=\"elementor-element elementor-element-474ce6fd elementor-widget elementor-widget-heading\" data-id=\"474ce6fd\" data-element_type=\"widget\" data-e-type=\"widget\" data-widget_type=\"heading.default\">\n\t\t\t\t<div class=\"elementor-widget-container\">\n\t\t\t\t\t<h2 class=\"elementor-heading-title elementor-size-default\">Principais \u00c1reas de Pesquisa<\/h2>\t\t\t\t<\/div>\n\t\t\t\t<\/div>\n\t\t\t\t<div class=\"elementor-element elementor-element-7e6cd1ab elementor-widget elementor-widget-text-editor\" data-id=\"7e6cd1ab\" data-element_type=\"widget\" data-e-type=\"widget\" data-widget_type=\"text-editor.default\">\n\t\t\t\t<div class=\"elementor-widget-container\">\n\t\t\t\t\t\t\t\t\t<p>&#8211; Arquitetura de Computadores (processadores, sub-sistemas de memoria, interconex\u00f5es)<\/p><p>&#8211; Computa\u00e7\u00e3o de alto desempenho (afinidade de dados e threads, sistemas paralelos, computa\u00e7\u00e3o em nuvem)<\/p><p>&#8211; Sistemas de Mem\u00f3ria (Mem\u00f3rias cache, Controladores de Mem\u00f3ria, Mem\u00f3rias DRAM e NVM)<\/p><p>&#8211; Simula\u00e7\u00e3o Microarquitetural (simuladores de precis\u00e3o de ciclo,\u00a0 simula\u00e7\u00e3o r\u00e1pida e precisa)<\/p><p>&#8211; Processamento em Mem\u00f3ria (mem\u00f3rias inteligentes capazes de efetuar c\u00e1lculos) (Quente)<\/p>\t\t\t\t\t\t\t\t<\/div>\n\t\t\t\t<\/div>\n\t\t\t\t\t<\/div>\n\t\t<\/div>\n\t\t\t\t\t<\/div>\n\t\t<\/section>\n\t\t\t\t<section class=\"elementor-section elementor-top-section elementor-element elementor-element-5334eeb5 elementor-section-boxed elementor-section-height-default elementor-section-height-default\" data-id=\"5334eeb5\" data-element_type=\"section\" data-e-type=\"section\">\n\t\t\t\t\t\t<div class=\"elementor-container elementor-column-gap-default\">\n\t\t\t\t\t<div class=\"elementor-column elementor-col-100 elementor-top-column elementor-element elementor-element-2e1750c1\" data-id=\"2e1750c1\" data-element_type=\"column\" data-e-type=\"column\">\n\t\t\t<div class=\"elementor-widget-wrap elementor-element-populated\">\n\t\t\t\t\t\t<div class=\"elementor-element elementor-element-1d06d2ac elementor-widget elementor-widget-spacer\" data-id=\"1d06d2ac\" data-element_type=\"widget\" data-e-type=\"widget\" data-widget_type=\"spacer.default\">\n\t\t\t\t<div class=\"elementor-widget-container\">\n\t\t\t\t\t\t\t<div class=\"elementor-spacer\">\n\t\t\t<div class=\"elementor-spacer-inner\"><\/div>\n\t\t<\/div>\n\t\t\t\t\t\t<\/div>\n\t\t\t\t<\/div>\n\t\t\t\t<div class=\"elementor-element elementor-element-1c881209 elementor-widget elementor-widget-heading\" data-id=\"1c881209\" data-element_type=\"widget\" data-e-type=\"widget\" data-widget_type=\"heading.default\">\n\t\t\t\t<div class=\"elementor-widget-container\">\n\t\t\t\t\t<h2 class=\"elementor-heading-title elementor-size-default\">Membro dos Grupos de Pesquisa<\/h2>\t\t\t\t<\/div>\n\t\t\t\t<\/div>\n\t\t\t\t\t<\/div>\n\t\t<\/div>\n\t\t\t\t\t<\/div>\n\t\t<\/section>\n\t\t\t\t<section class=\"elementor-section elementor-top-section elementor-element elementor-element-1983d621 elementor-section-boxed elementor-section-height-default elementor-section-height-default\" data-id=\"1983d621\" data-element_type=\"section\" data-e-type=\"section\">\n\t\t\t\t\t\t<div class=\"elementor-container elementor-column-gap-default\">\n\t\t\t\t\t<div class=\"elementor-column elementor-col-50 elementor-top-column elementor-element elementor-element-1e037d6f\" data-id=\"1e037d6f\" data-element_type=\"column\" data-e-type=\"column\">\n\t\t\t<div class=\"elementor-widget-wrap elementor-element-populated\">\n\t\t\t\t\t\t<div class=\"elementor-element elementor-element-78abfa6b elementor-widget elementor-widget-image\" data-id=\"78abfa6b\" data-element_type=\"widget\" data-e-type=\"widget\" data-widget_type=\"image.default\">\n\t\t\t\t<div class=\"elementor-widget-container\">\n\t\t\t\t\t\t\t\t\t\t\t\t\t\t\t\t<a href=\"https:\/\/web.inf.ufpr.br\/hipes\/\">\n\t\t\t\t\t\t\t<img decoding=\"async\" width=\"300\" height=\"100\" src=\"https:\/\/web.inf.ufpr.br\/mazalves\/wp-content\/uploads\/sites\/13\/2019\/06\/hipes-e1561119807335-300x100.png\" class=\"attachment-medium size-medium wp-image-190\" alt=\"Hipes\" srcset=\"https:\/\/web.inf.ufpr.br\/mazalves\/wp-content\/uploads\/sites\/13\/2019\/06\/hipes-e1561119807335-300x100.png 300w, https:\/\/web.inf.ufpr.br\/mazalves\/wp-content\/uploads\/sites\/13\/2019\/06\/hipes-e1561119807335.png 722w\" sizes=\"(max-width: 300px) 100vw, 300px\" \/>\t\t\t\t\t\t\t\t<\/a>\n\t\t\t\t\t\t\t\t\t\t\t\t\t\t\t<\/div>\n\t\t\t\t<\/div>\n\t\t\t\t\t<\/div>\n\t\t<\/div>\n\t\t\t\t<div class=\"elementor-column elementor-col-50 elementor-top-column elementor-element elementor-element-648ab23c\" data-id=\"648ab23c\" data-element_type=\"column\" data-e-type=\"column\">\n\t\t\t<div class=\"elementor-widget-wrap elementor-element-populated\">\n\t\t\t\t\t\t<div class=\"elementor-element elementor-element-76cf3262 elementor-widget elementor-widget-image\" data-id=\"76cf3262\" data-element_type=\"widget\" data-e-type=\"widget\" data-widget_type=\"image.default\">\n\t\t\t\t<div class=\"elementor-widget-container\">\n\t\t\t\t\t\t\t\t\t\t\t\t\t\t\t\t<a href=\"https:\/\/web.inf.ufpr.br\/dsbd\/\">\n\t\t\t\t\t\t\t<img loading=\"lazy\" decoding=\"async\" width=\"300\" height=\"100\" src=\"https:\/\/web.inf.ufpr.br\/mazalves\/wp-content\/uploads\/sites\/13\/2019\/06\/DSBD_logo-small-300x100.png\" class=\"attachment-medium size-medium wp-image-192\" alt=\"DSBD\" srcset=\"https:\/\/web.inf.ufpr.br\/mazalves\/wp-content\/uploads\/sites\/13\/2019\/06\/DSBD_logo-small-300x100.png 300w, https:\/\/web.inf.ufpr.br\/mazalves\/wp-content\/uploads\/sites\/13\/2019\/06\/DSBD_logo-small-768x256.png 768w, https:\/\/web.inf.ufpr.br\/mazalves\/wp-content\/uploads\/sites\/13\/2019\/06\/DSBD_logo-small.png 800w\" sizes=\"(max-width: 300px) 100vw, 300px\" \/>\t\t\t\t\t\t\t\t<\/a>\n\t\t\t\t\t\t\t\t\t\t\t\t\t\t\t<\/div>\n\t\t\t\t<\/div>\n\t\t\t\t\t<\/div>\n\t\t<\/div>\n\t\t\t\t\t<\/div>\n\t\t<\/section>\n\t\t\t\t<section class=\"elementor-section elementor-top-section elementor-element elementor-element-6c561238 elementor-section-boxed elementor-section-height-default elementor-section-height-default\" data-id=\"6c561238\" data-element_type=\"section\" data-e-type=\"section\">\n\t\t\t\t\t\t<div class=\"elementor-container elementor-column-gap-default\">\n\t\t\t\t\t<div class=\"elementor-column elementor-col-100 elementor-top-column elementor-element elementor-element-5dda236a\" data-id=\"5dda236a\" data-element_type=\"column\" data-e-type=\"column\">\n\t\t\t<div class=\"elementor-widget-wrap elementor-element-populated\">\n\t\t\t\t\t\t<div class=\"elementor-element elementor-element-7db4a79 elementor-widget elementor-widget-spacer\" data-id=\"7db4a79\" data-element_type=\"widget\" data-e-type=\"widget\" data-widget_type=\"spacer.default\">\n\t\t\t\t<div class=\"elementor-widget-container\">\n\t\t\t\t\t\t\t<div class=\"elementor-spacer\">\n\t\t\t<div class=\"elementor-spacer-inner\"><\/div>\n\t\t<\/div>\n\t\t\t\t\t\t<\/div>\n\t\t\t\t<\/div>\n\t\t\t\t<div class=\"elementor-element elementor-element-3d419c88 elementor-widget elementor-widget-heading\" data-id=\"3d419c88\" data-element_type=\"widget\" data-e-type=\"widget\" data-widget_type=\"heading.default\">\n\t\t\t\t<div class=\"elementor-widget-container\">\n\t\t\t\t\t<h2 class=\"elementor-heading-title elementor-size-default\">contato<\/h2>\t\t\t\t<\/div>\n\t\t\t\t<\/div>\n\t\t\t\t<div class=\"elementor-element elementor-element-695fc7db elementor-widget elementor-widget-text-editor\" data-id=\"695fc7db\" data-element_type=\"widget\" data-e-type=\"widget\" data-widget_type=\"text-editor.default\">\n\t\t\t\t<div class=\"elementor-widget-container\">\n\t\t\t\t\t\t\t\t\t<p><span style=\"font-size: 12pt\"><b>Email:<\/b>\u00a0<img loading=\"lazy\" decoding=\"async\" src=\"http:\/\/web.inf.ufpr.br\/mazalves\/wp-content\/uploads\/sites\/13\/2018\/09\/email.png\" alt=\"\" width=\"172\" height=\"21\" \/><\/span><\/p>\n<p><span style=\"font-size: 12pt\"><b>ORCID:<\/b>\u00a0<a style=\"background-color: #ffffff\" href=\"https:\/\/orcid.org\/0000-0003-2440-2664\">0000-0003-2440-2664<\/a><\/span><\/p>\n<p><span style=\"font-size: 12pt\"><b>Lattes:<\/b>\u00a0<a style=\"background-color: #ffffff\" href=\"http:\/\/lattes.cnpq.br\/7011183305034415\" target=\"_blank\" rel=\"noopener\">7011183305034415<\/a><br \/><\/span><\/p>\n<p><span style=\"font-size: 12pt\"><b>Research Gate:\u00a0<\/b><a style=\"background-color: #ffffff\" href=\"https:\/\/www.researchgate.net\/profile\/Marco-Alves-5\" target=\"_blank\" rel=\"noopener\">Marco-Alves-5<\/a><\/span><\/p>\n<p><span style=\"font-size: 12pt\"><b>Endere\u00e7o:<\/b><\/span><\/p>\n<p><span style=\"font-size: 12pt\">Rua Cel. Francisco H. dos Santos, 100 Centro Polit\u00e9cnico, CEP: 81531-980 Curitiba, Paran\u00e1, Brasil<\/span><\/p>\n<p><span style=\"font-size: 12pt\">Departamento de Inform\u00e1tica, Gabinete 86. Fone: +55 41 3361 3684<\/span><\/p>\t\t\t\t\t\t\t\t<\/div>\n\t\t\t\t<\/div>\n\t\t\t\t\t<\/div>\n\t\t<\/div>\n\t\t\t\t\t<\/div>\n\t\t<\/section>\n\t\t\t\t<\/div>\n\t\t","protected":false},"excerpt":{"rendered":"<p>Professor Adjunto e PesquisadorDepartamento de Inform\u00e1ticaUniversidade Federal do Paran\u00e1 (UFPR)Curitiba, Brazil (desde 2016). &#8211; Vice-coordenador do Curso de Bacharelado emCi\u00eancia da Computa\u00e7\u00e3oUniversidade Federal do Paran\u00e1 (UFPR) \u00a0Curitiba, Brasil (2017~2020).\u00a0 &#8211; P\u00f3s-doutorado no Instituto de Inform\u00e1ticaUniversidade Federal do Rio Grande do Sul (UFRGS)Porto Alegre, Brasil. (2014~2015) &#8211; Professor Tempor\u00e1rio no Instituto de Inform\u00e1ticaUniversidade Federal do Rio&hellip;<\/p>\n","protected":false},"author":13,"featured_media":0,"parent":0,"menu_order":0,"comment_status":"closed","ping_status":"closed","template":"","meta":{"footnotes":""},"class_list":["post-339","page","type-page","status-publish","hentry"],"_links":{"self":[{"href":"https:\/\/web.inf.ufpr.br\/mazalves\/wp-json\/wp\/v2\/pages\/339","targetHints":{"allow":["GET"]}}],"collection":[{"href":"https:\/\/web.inf.ufpr.br\/mazalves\/wp-json\/wp\/v2\/pages"}],"about":[{"href":"https:\/\/web.inf.ufpr.br\/mazalves\/wp-json\/wp\/v2\/types\/page"}],"author":[{"embeddable":true,"href":"https:\/\/web.inf.ufpr.br\/mazalves\/wp-json\/wp\/v2\/users\/13"}],"replies":[{"embeddable":true,"href":"https:\/\/web.inf.ufpr.br\/mazalves\/wp-json\/wp\/v2\/comments?post=339"}],"version-history":[{"count":23,"href":"https:\/\/web.inf.ufpr.br\/mazalves\/wp-json\/wp\/v2\/pages\/339\/revisions"}],"predecessor-version":[{"id":834,"href":"https:\/\/web.inf.ufpr.br\/mazalves\/wp-json\/wp\/v2\/pages\/339\/revisions\/834"}],"wp:attachment":[{"href":"https:\/\/web.inf.ufpr.br\/mazalves\/wp-json\/wp\/v2\/media?parent=339"}],"curies":[{"name":"wp","href":"https:\/\/api.w.org\/{rel}","templated":true}]}}