{"id":99,"date":"2017-06-23T16:53:18","date_gmt":"2017-06-23T19:53:18","guid":{"rendered":"http:\/\/web.inf.ufpr.br\/lferrari2\/?page_id=99"},"modified":"2020-03-11T13:48:16","modified_gmt":"2020-03-11T16:48:16","slug":"ci172-processamento-de-imagens-biomedicas","status":"publish","type":"page","link":"https:\/\/web.inf.ufpr.br\/lferrari\/teaching\/ci172-processamento-de-imagens-biomedicas\/","title":{"rendered":"CI172 &#8211; Processamento de Imagens Biom\u00e9dicas &#8211; 2020\/1"},"content":{"rendered":"<h2>Hor\u00e1rio e Local<\/h2>\n<table class=\"plain\" style=\"width: 671px\">\n<tbody>\n<tr>\n<th style=\"width: 263px\">Processamento de Imagens Biom\u00e9dicas<\/th>\n<th style=\"width: 123px\">TER 13:30 &#8211; 15:30<\/p>\n<p>QUI 13:30 &#8211; 15:30<\/th>\n<th style=\"width: 41px\">\n<div>\n<p style=\"text-align: center\">EQ04<\/p>\n<p style=\"text-align: center\">CT05<\/p>\n<\/div>\n<\/th>\n<th style=\"width: 218px\">Inform\u00e1tica Biom\u00e9dica<\/th>\n<\/tr>\n<\/tbody>\n<\/table>\n<h2>Material de Processamento de Imagens (<a href=\"https:\/\/moodle.c3sl.ufpr.br\/course\/view.php?id=325\">link corrigido<\/a>)<\/h2>\n<h2>Plano de Aula<\/h2>\n<ul>\n<li style=\"list-style-type: none\">\n<ul>\n<li>03\/03: Aula 1 : Apresenta\u00e7\u00e3o da Disciplina<\/li>\n<li>05\/03: Aula 2: Revis\u00e3o Processamento de Imagens<\/li>\n<li>10\/03: Aula 3: Revis\u00e3o Processamento de Imagens<\/li>\n<li>12\/03: aula 4: Processamento de Imagens M\u00e9dicas<\/li>\n<li>17\/03: aula 5: Imagens M\u00e9dicas e DICOM<\/li>\n<li>19\/03: aula 6: Mevislab<\/li>\n<li>14\/03: aula 7: Raios-X<\/li>\n<li>19\/03: Aula 8:\u00a0 Tomografia Computadorizada<\/li>\n<li>24\/03: Aula 9: Medicina Nuclear<\/li>\n<li>26\/03: Aula 10: Ultrassom<\/li>\n<li>31\/03: Aula 11:\u00a0\u00a0Resson\u00e2ncia Magn\u00e9tica<\/li>\n<li>02\/04: Aula 12: Mevislab<\/li>\n<li>07\/04: Aula 13: Pr\u00e1tica ITK<\/li>\n<li>09\/04: Aula 14: Pr\u00e1tica ITK<\/li>\n<li>14\/04: Aula 15:\u00a0Alinhamento de Imagens<\/li>\n<li>16\/04: Aula 16: <strong>Primeira prova\u00a0<\/strong><\/li>\n<li>18\/04: Aula 17: Reconstru\u00e7\u00e3o 3D<\/li>\n<li>21\/03: Feriado Tiradentes<\/li>\n<li>23\/04: Aula 18:<\/li>\n<li>28\/04: Aula 19:<\/li>\n<li>30\/04: Aula 20:<\/li>\n<li>05\/05: Aula 21:<\/li>\n<li>07\/05: Aula 22:<\/li>\n<li>09\/05: Aula 23:<\/li>\n<li>12\/05: Aula 24:<\/li>\n<li>14\/05: Aula 25:<\/li>\n<li>19\/05: Aula 26:<\/li>\n<li>21\/05: Aula 27:<\/li>\n<li>26\/05: Semana Acad\u00eamica (<strong>SABER<\/strong>)<\/li>\n<li>28\/05:\u00a0Semana Acad\u00eamica (<strong>SABER<\/strong>)<\/li>\n<li>02\/06: Aula 28:<\/li>\n<li>04\/06: Aula 29:<\/li>\n<li>11\/06: Feriado Corpus Christi<\/li>\n<li>16\/06:\u00a0Aula 30: <strong>Segunda prova<\/strong><\/li>\n<li>18\/06: <strong>Reservado para Reposi\u00e7\u00e3o<\/strong><\/li>\n<li>23\/06: <strong>Reservado para Reposi\u00e7\u00e3o<\/strong><\/li>\n<li>25\/06: <strong>Reservado para Reposi\u00e7\u00e3o<\/strong><\/li>\n<li>07\/07 &#8211; <strong>Exame Final<\/strong><\/li>\n<\/ul>\n<\/li>\n<\/ul>\n<h2>Bibliografia<\/h2>\n<p>BIRKFELLNER, Wolfgang.<b>\u00a0Applied medical image processing:<\/b>\u00a0a basic course. 2. ed Boca Raton: CRC, c2014. xxxi, 423 p., il. + + 01 DVD-ROM. Inclui refer\u00eancias e \u00edndice. ISBN 9781466555570 (enc.).<\/p>\n<p><b>HANDBOOK of medical imaging.\u00a0<\/b>Bellingham, Wash.: SPIE Press, c2000. 3 v., il. Inclui referencias bibliograficas e \u00edndice. ISBN 0819436232 (v. 3).<\/p>\n<p>YOO, Terry S.<b>\u00a0Insight into images:<\/b>\u00a0principles and practice for segmentation, registration, and image analysis. Wellesley, Mass.: A K Peters, c2004. xv, 393 p., il. (algumas color.). Inclui referencias bibliograficas e \u00edndice. ISBN 1568812175 (enc.).<\/p>\n<p>PIANYKH, Oleg S.<b>\u00a0Digital imaging and communications in medicine (DICOM):<\/b>\u00a0a practical introduction and survival guide. Berlin: Springer, c2008. xx, 383 p., il. (algumas color.)., 24 cm. Inclui bibliograficas e indice. ISBN 9783540745709.<\/p>\n","protected":false},"excerpt":{"rendered":"<p>Hor\u00e1rio e Local Processamento de Imagens Biom\u00e9dicas TER 13:30 &#8211; 15:30 QUI 13:30 &#8211; 15:30 EQ04 CT05 Inform\u00e1tica Biom\u00e9dica Material de Processamento de Imagens (link corrigido) Plano de Aula 03\/03: Aula 1 : Apresenta\u00e7\u00e3o da Disciplina 05\/03: Aula 2: Revis\u00e3o <a href=\"https:\/\/web.inf.ufpr.br\/lferrari\/teaching\/ci172-processamento-de-imagens-biomedicas\/\" class=\"read-more\">Read More &#8230;<\/a><\/p>\n","protected":false},"author":11,"featured_media":0,"parent":59,"menu_order":0,"comment_status":"closed","ping_status":"closed","template":"","meta":{"footnotes":""},"class_list":["post-99","page","type-page","status-publish","hentry"],"_links":{"self":[{"href":"https:\/\/web.inf.ufpr.br\/lferrari\/wp-json\/wp\/v2\/pages\/99","targetHints":{"allow":["GET"]}}],"collection":[{"href":"https:\/\/web.inf.ufpr.br\/lferrari\/wp-json\/wp\/v2\/pages"}],"about":[{"href":"https:\/\/web.inf.ufpr.br\/lferrari\/wp-json\/wp\/v2\/types\/page"}],"author":[{"embeddable":true,"href":"https:\/\/web.inf.ufpr.br\/lferrari\/wp-json\/wp\/v2\/users\/11"}],"replies":[{"embeddable":true,"href":"https:\/\/web.inf.ufpr.br\/lferrari\/wp-json\/wp\/v2\/comments?post=99"}],"version-history":[{"count":43,"href":"https:\/\/web.inf.ufpr.br\/lferrari\/wp-json\/wp\/v2\/pages\/99\/revisions"}],"predecessor-version":[{"id":330,"href":"https:\/\/web.inf.ufpr.br\/lferrari\/wp-json\/wp\/v2\/pages\/99\/revisions\/330"}],"up":[{"embeddable":true,"href":"https:\/\/web.inf.ufpr.br\/lferrari\/wp-json\/wp\/v2\/pages\/59"}],"wp:attachment":[{"href":"https:\/\/web.inf.ufpr.br\/lferrari\/wp-json\/wp\/v2\/media?parent=99"}],"curies":[{"name":"wp","href":"https:\/\/api.w.org\/{rel}","templated":true}]}}