{"id":2,"date":"2017-06-21T10:20:46","date_gmt":"2017-06-21T13:20:46","guid":{"rendered":"http:\/\/web.inf.ufpr.br\/lferrari\/?page_id=2"},"modified":"2021-03-19T14:33:31","modified_gmt":"2021-03-19T17:33:31","slug":"home","status":"publish","type":"page","link":"https:\/\/web.inf.ufpr.br\/lferrari\/","title":{"rendered":"Home"},"content":{"rendered":"<table>\n<tbody>\n<tr>\n<td><img decoding=\"async\" class=\"alignnone wp-image-336 size-full\" src=\"http:\/\/web.inf.ufpr.br\/lferrari\/wp-content\/uploads\/sites\/9\/2021\/02\/Foto.png\" alt=\"\" width=\"204\" height=\"203\" srcset=\"https:\/\/web.inf.ufpr.br\/lferrari\/wp-content\/uploads\/sites\/9\/2021\/02\/Foto.png 204w, https:\/\/web.inf.ufpr.br\/lferrari\/wp-content\/uploads\/sites\/9\/2021\/02\/Foto-150x150.png 150w\" sizes=\"(max-width: 204px) 100vw, 204px\" \/><\/td>\n<td>\n<h3>Lucas Ferrari de Oliveira, Ph.D.<\/h3>\n<p>Associate Professor<\/p>\n<p><span class=\"link-external\"><a href=\"http:\/\/www.inf.ufpr.br\/\">Informatic Department<\/a><\/span><\/p>\n<p><span class=\"link-external\"><a href=\"http:\/\/www.ufpr.br\/\">Universidade Federal do Paran\u00e1<\/a><\/span><\/p>\n<p><span class=\"link-external\"><a class=\"external-link\" href=\"http:\/\/buscatextual.cnpq.br\/buscatextual\/visualizacv.do?id=K4771203Y9\">Curr\u00edculo Lattes<\/a><\/span><\/td>\n<\/tr>\n<tr>\n<td style=\"text-align: left\">\n<p style=\"text-align: left\"><strong>Contact Information:<\/strong><\/p>\n<address>Rua Cel. Francisco Her\u00e1clito dos Santos, 100<\/address>\n<address>Centro Polit\u00e9cnico &#8211; Jardim das Am\u00e9ricas<\/address>\n<address>81531-990 &#8211; Curitiba, PR, Brasil<\/address>\n<address>Voice: +55 41 3361-3205<\/address>\n<address>lferrari AT inf.ufpr.br<\/address>\n<\/td>\n<td><\/td>\n<\/tr>\n<\/tbody>\n<\/table>\n","protected":false},"excerpt":{"rendered":"<p>Lucas Ferrari de Oliveira, Ph.D. Associate Professor Informatic Department Universidade Federal do Paran\u00e1 Curr\u00edculo Lattes Contact Information: Rua Cel. Francisco Her\u00e1clito dos Santos, 100 Centro Polit\u00e9cnico &#8211; Jardim das Am\u00e9ricas 81531-990 &#8211; Curitiba, PR, Brasil Voice: +55 41 3361-3205 lferrari <a href=\"https:\/\/web.inf.ufpr.br\/lferrari\/\" class=\"read-more\">Read More &#8230;<\/a><\/p>\n","protected":false},"author":11,"featured_media":0,"parent":0,"menu_order":0,"comment_status":"closed","ping_status":"open","template":"","meta":{"footnotes":""},"class_list":["post-2","page","type-page","status-publish","hentry"],"_links":{"self":[{"href":"https:\/\/web.inf.ufpr.br\/lferrari\/wp-json\/wp\/v2\/pages\/2","targetHints":{"allow":["GET"]}}],"collection":[{"href":"https:\/\/web.inf.ufpr.br\/lferrari\/wp-json\/wp\/v2\/pages"}],"about":[{"href":"https:\/\/web.inf.ufpr.br\/lferrari\/wp-json\/wp\/v2\/types\/page"}],"author":[{"embeddable":true,"href":"https:\/\/web.inf.ufpr.br\/lferrari\/wp-json\/wp\/v2\/users\/11"}],"replies":[{"embeddable":true,"href":"https:\/\/web.inf.ufpr.br\/lferrari\/wp-json\/wp\/v2\/comments?post=2"}],"version-history":[{"count":36,"href":"https:\/\/web.inf.ufpr.br\/lferrari\/wp-json\/wp\/v2\/pages\/2\/revisions"}],"predecessor-version":[{"id":358,"href":"https:\/\/web.inf.ufpr.br\/lferrari\/wp-json\/wp\/v2\/pages\/2\/revisions\/358"}],"wp:attachment":[{"href":"https:\/\/web.inf.ufpr.br\/lferrari\/wp-json\/wp\/v2\/media?parent=2"}],"curies":[{"name":"wp","href":"https:\/\/api.w.org\/{rel}","templated":true}]}}