{"id":83,"date":"2017-08-29T18:06:56","date_gmt":"2017-08-29T21:06:56","guid":{"rendered":"http:\/\/web.inf.ufpr.br\/infobiomedica\/?page_id=83"},"modified":"2022-05-02T09:11:10","modified_gmt":"2022-05-02T12:11:10","slug":"documentos","status":"publish","type":"page","link":"https:\/\/web.inf.ufpr.br\/infobiomedica\/documentos\/","title":{"rendered":"Documentos"},"content":{"rendered":"<div class=\"entry-content\">\n<p><strong><span style=\"color: #000000\"><span style=\"font-family: Georgia,serif\"><span style=\"font-size: large\"><span lang=\"zxx\"><u>Formul\u00e1rios Externos<\/u><\/span><\/span><\/span><\/span><\/strong><\/p>\n<ul>\n<li><a href=\"http:\/\/www.prograd.ufpr.br\/portal\/copap\/formularios\/\" target=\"blank\" rel=\"noopener\"><span style=\"color: #000000\"><span style=\"font-family: Georgia,serif\"><span style=\"font-size: medium\"><span lang=\"zxx\"><u>PROGRAD \u2013 Formul\u00e1rios<\/u><\/span><\/span><\/span><\/span><\/a><\/li>\n<li><a href=\"http:\/\/200.17.193.102\/tela_estagio_formularios\/\" target=\"_blank\" rel=\"noopener\"><span style=\"color: #000000\"><span style=\"font-family: Georgia,serif\"><span style=\"font-size: medium\"><span lang=\"zxx\"><u>COE (Coordena\u00e7\u00e3o Geral de Est\u00e1gios) \u2013 Formul\u00e1rios <\/u><\/span><\/span><\/span><\/span><\/a><\/li>\n<li><a href=\"http:\/\/www.prograd.ufpr.br\/portal\/coafe\/ue\/convenios\/\" target=\"_blank\" rel=\"noopener\"><span style=\"color: #000000\"><span style=\"font-family: Georgia,serif\"><span style=\"font-size: medium\"><span lang=\"zxx\"><u>COE (Coordena\u00e7\u00e3o Geral de Est\u00e1gios) \u2013 Conv\u00eanios<\/u><\/span><\/span><\/span><\/span><\/a><u> <\/u><\/li>\n<\/ul>\n<p><strong><span style=\"color: #000000\"><span style=\"font-family: Georgia,serif\"><span style=\"font-size: large\"><span lang=\"zxx\"><u>Formul\u00e1rios Internos<\/u><\/span><\/span><\/span><\/span><\/strong><\/p>\n<ul>\n<li><span style=\"color: #008000\"><strong><span style=\"font-family: Georgia,serif\"><span style=\"font-size: medium\"><span lang=\"zxx\"><u><a style=\"color: #008000\" href=\"http:\/\/web.inf.ufpr.br\/infobiomedica\/wp-content\/uploads\/sites\/3\/2022\/05\/formulario-provavel-formando.pdf\">Ficha de Prov\u00e1vel Formando<\/a> <\/u><\/span><\/span><\/span><\/strong><\/span><\/li>\n<li><strong><span style=\"color: #000000\"><span style=\"font-family: Georgia,serif\"><span style=\"font-size: medium\"><span lang=\"zxx\"><u><a href=\"http:\/\/web.inf.ufpr.br\/bcc\/wp-content\/uploads\/sites\/4\/2017\/08\/quebra-barreira-requisito1.pdf\"><span style=\"color: #008000\">Quebra Barreira Requ\u00edsito<\/span><\/a> <\/u><\/span><\/span><\/span><\/span><\/strong><\/li>\n<li><a href=\"http:\/\/web.inf.ufpr.br\/infobiomedica\/wp-content\/uploads\/sites\/3\/2017\/08\/2016-Formulario_Solicitacao_Orientacao_TCC.pdf\"><span style=\"color: #008000\"><span style=\"font-family: Georgia,serif\"><span style=\"font-size: medium\"><span lang=\"zxx\"><u><strong>Formul\u00e1rio de Solicita\u00e7\u00e3o de Orienta\u00e7\u00e3o de TCC <\/strong><\/u><\/span><\/span><\/span><\/span><\/a><\/li>\n<li><u><\/u><span style=\"font-size: medium\"><a href=\"http:\/\/web.inf.ufpr.br\/infobiomedica\/wp-content\/uploads\/sites\/3\/2017\/08\/Formulario_Avaliacao_TCC.pdf\"><span style=\"color: #008000\"><span style=\"font-family: Georgia,serif\"><span lang=\"zxx\"><u><strong>Formul\u00e1rio Avalia\u00e7\u00e3o TCC<\/strong><\/u><\/span><\/span><\/span><\/a><\/span><\/li>\n<\/ul>\n<\/div>\n","protected":false},"excerpt":{"rendered":"<p>Formul\u00e1rios Externos PROGRAD \u2013 Formul\u00e1rios COE (Coordena\u00e7\u00e3o Geral de Est\u00e1gios) \u2013 Formul\u00e1rios COE (Coordena\u00e7\u00e3o Geral de Est\u00e1gios) \u2013 Conv\u00eanios Formul\u00e1rios Internos Ficha de Prov\u00e1vel Formando Quebra Barreira Requ\u00edsito Formul\u00e1rio de Solicita\u00e7\u00e3o de Orienta\u00e7\u00e3o de TCC Formul\u00e1rio Avalia\u00e7\u00e3o TCC<\/p>\n","protected":false},"author":7,"featured_media":0,"parent":0,"menu_order":0,"comment_status":"closed","ping_status":"closed","template":"","meta":{"footnotes":""},"class_list":["post-83","page","type-page","status-publish","hentry"],"_links":{"self":[{"href":"https:\/\/web.inf.ufpr.br\/infobiomedica\/wp-json\/wp\/v2\/pages\/83","targetHints":{"allow":["GET"]}}],"collection":[{"href":"https:\/\/web.inf.ufpr.br\/infobiomedica\/wp-json\/wp\/v2\/pages"}],"about":[{"href":"https:\/\/web.inf.ufpr.br\/infobiomedica\/wp-json\/wp\/v2\/types\/page"}],"author":[{"embeddable":true,"href":"https:\/\/web.inf.ufpr.br\/infobiomedica\/wp-json\/wp\/v2\/users\/7"}],"replies":[{"embeddable":true,"href":"https:\/\/web.inf.ufpr.br\/infobiomedica\/wp-json\/wp\/v2\/comments?post=83"}],"version-history":[{"count":17,"href":"https:\/\/web.inf.ufpr.br\/infobiomedica\/wp-json\/wp\/v2\/pages\/83\/revisions"}],"predecessor-version":[{"id":360,"href":"https:\/\/web.inf.ufpr.br\/infobiomedica\/wp-json\/wp\/v2\/pages\/83\/revisions\/360"}],"wp:attachment":[{"href":"https:\/\/web.inf.ufpr.br\/infobiomedica\/wp-json\/wp\/v2\/media?parent=83"}],"curies":[{"name":"wp","href":"https:\/\/api.w.org\/{rel}","templated":true}]}}