{"id":72,"date":"2017-08-29T17:52:27","date_gmt":"2017-08-29T20:52:27","guid":{"rendered":"http:\/\/web.inf.ufpr.br\/infobiomedica\/?page_id=72"},"modified":"2023-02-23T20:20:31","modified_gmt":"2023-02-23T23:20:31","slug":"grade-curricular-2023","status":"publish","type":"page","link":"https:\/\/web.inf.ufpr.br\/infobiomedica\/grade-curricular-2023\/","title":{"rendered":"Grade Curricular 2023"},"content":{"rendered":"\n<p><span style=\"color: #000000\"><span style=\"font-family: Georgia, serif\"><span style=\"font-size: medium\">Grade curricular para os alunos <strong>ingressantes a partir de 2023<\/strong>. H\u00e1 bastante mudan\u00e7as em rela\u00e7\u00e3o \u00e0 grade de 2011, a mais significativa sendo a inclus\u00e3o de carga hor\u00e1ria extensionista nos TCCs, bem como sua divis\u00e3o em dois semestres, redu\u00e7\u00e3o de horas formativas, inclus\u00e3o de Est\u00e1gio Obrigat\u00f3rio e outras especificidades para atender a legisla\u00e7\u00e3o federal que alterou o n\u00famero de carga hor\u00e1ria total de 3000 horas para 3200 horas e resolu\u00e7\u00f5es da UFPR.<\/span><\/span><\/span><\/p>\n\n\n\n<h4 class=\"wp-block-heading\"><span style=\"color: #000000\"><span style=\"font-family: Georgia, serif\"><span style=\"font-size: medium\"> GRADE CURRICULAR<\/span><\/span><\/span><\/h4>\n\n\n\n<div data-wp-interactive=\"core\/file\" class=\"wp-block-file\"><object data-wp-bind--hidden=\"!state.hasPdfPreview\" hidden class=\"wp-block-file__embed\" data=\"https:\/\/web.inf.ufpr.br\/infobiomedica\/wp-content\/uploads\/sites\/3\/2023\/02\/Grade-Nova-IBM-J-1-1.pdf\" type=\"application\/pdf\" style=\"width:100%;height:600px\" aria-label=\"Incorporado de Grade-Nova-IBM-J-1-1.\"><\/object><a id=\"wp-block-file--media-bb085c36-e345-4811-b729-c5fa855b17a3\" href=\"https:\/\/web.inf.ufpr.br\/infobiomedica\/wp-content\/uploads\/sites\/3\/2023\/02\/Grade-Nova-IBM-J-1-1.pdf\">Grade-Nova-IBM-J-1-1<\/a><a href=\"https:\/\/web.inf.ufpr.br\/infobiomedica\/wp-content\/uploads\/sites\/3\/2023\/02\/Grade-Nova-IBM-J-1-1.pdf\" class=\"wp-block-file__button wp-element-button\" download aria-describedby=\"wp-block-file--media-bb085c36-e345-4811-b729-c5fa855b17a3\">Baixar<\/a><\/div>\n","protected":false},"excerpt":{"rendered":"<p>Grade curricular para os alunos ingressantes a partir de 2023. H\u00e1 bastante mudan\u00e7as em rela\u00e7\u00e3o \u00e0 grade de 2011, a mais significativa sendo a inclus\u00e3o de carga hor\u00e1ria extensionista nos TCCs, bem como sua divis\u00e3o em dois semestres, redu\u00e7\u00e3o de horas formativas, inclus\u00e3o de Est\u00e1gio Obrigat\u00f3rio e outras especificidades para atender a legisla\u00e7\u00e3o federal que&hellip;<\/p>\n","protected":false},"author":7,"featured_media":0,"parent":0,"menu_order":0,"comment_status":"closed","ping_status":"closed","template":"","meta":{"footnotes":""},"class_list":["post-72","page","type-page","status-publish","hentry"],"_links":{"self":[{"href":"https:\/\/web.inf.ufpr.br\/infobiomedica\/wp-json\/wp\/v2\/pages\/72","targetHints":{"allow":["GET"]}}],"collection":[{"href":"https:\/\/web.inf.ufpr.br\/infobiomedica\/wp-json\/wp\/v2\/pages"}],"about":[{"href":"https:\/\/web.inf.ufpr.br\/infobiomedica\/wp-json\/wp\/v2\/types\/page"}],"author":[{"embeddable":true,"href":"https:\/\/web.inf.ufpr.br\/infobiomedica\/wp-json\/wp\/v2\/users\/7"}],"replies":[{"embeddable":true,"href":"https:\/\/web.inf.ufpr.br\/infobiomedica\/wp-json\/wp\/v2\/comments?post=72"}],"version-history":[{"count":5,"href":"https:\/\/web.inf.ufpr.br\/infobiomedica\/wp-json\/wp\/v2\/pages\/72\/revisions"}],"predecessor-version":[{"id":518,"href":"https:\/\/web.inf.ufpr.br\/infobiomedica\/wp-json\/wp\/v2\/pages\/72\/revisions\/518"}],"wp:attachment":[{"href":"https:\/\/web.inf.ufpr.br\/infobiomedica\/wp-json\/wp\/v2\/media?parent=72"}],"curies":[{"name":"wp","href":"https:\/\/api.w.org\/{rel}","templated":true}]}}