{"id":397,"date":"2022-11-17T15:58:55","date_gmt":"2022-11-17T18:58:55","guid":{"rendered":"https:\/\/web.inf.ufpr.br\/infobiomedica\/?page_id=397"},"modified":"2022-11-17T16:37:21","modified_gmt":"2022-11-17T19:37:21","slug":"trabalhos-de-conclusao-de-curso","status":"publish","type":"page","link":"https:\/\/web.inf.ufpr.br\/infobiomedica\/trabalhos-de-conclusao-de-curso\/","title":{"rendered":"Trabalhos de Conclus\u00e3o de Curso"},"content":{"rendered":"\n<p><span style=\"color: #000000\"><a style=\"color: #000000\" href=\"http:\/\/web.inf.ufpr.br\/infobiomedica\/wp-content\/uploads\/sites\/3\/2022\/11\/Uma-Analise-Experimental-de-Algoritmos-de-Agrupamento-por-Densidade-em-Dados-de-Expressao-Genica.pdf\">UMA AN\u00c1LISE EXPERIMENTAL DE ALGORITMOS DE AGRUPAMENTO POR DENSIDADE EM DADOS DE EXPRESS\u00c3O G\u00caNICA<\/a><\/span><\/p>\n<p><span style=\"color: #339966\">Professor Orientador: Eduardo Jaques Spinosa.<\/span><br \/><span style=\"color: #339966\">Alunos: Rodrigo Gama Baptista e Walter Jos\u00e9 Horning Junior<\/span><\/p>\n<p><span style=\"color: #000000\"><a style=\"color: #000000\" href=\"http:\/\/web.inf.ufpr.br\/infobiomedica\/wp-content\/uploads\/sites\/3\/2022\/11\/PROPOSTA-DE-APLICATIVO-MOBILE-COM-APLICABILIDADE-NO-PROJETO-SOBRAPAR-SOBRAPETAPP.pdf\">PROPOSTA DE APLICATIVO MOBILE COM APLICABILIDADE NO PROJETO SOBRAPAR: SOBRAPETAPP<\/a><\/span><\/p>\n<p><span style=\"color: #339966\">Professor Orientador: Roberto Pereira.<\/span><br \/><span style=\"color: #339966\">Alunas: <\/span><span style=\"color: #339966\">Katarine Maria Menezes Leal e Mayara Ligia Rasini<\/span><\/p>\n<p><span style=\"color: #000000\"><a style=\"color: #000000\" href=\"http:\/\/web.inf.ufpr.br\/infobiomedica\/wp-content\/uploads\/sites\/3\/2022\/11\/IDENTIFICACAO-DE-ALTERACOES-DE-VIAS-METABOLICAS-COM-BASE-NAS-CONSEQUENCIAS-FUNCIONAIS-DE-VARIANTES-GENETICAS.pdf\">IDENTIFICA\u00c7\u00c3O DE ALTERA\u00c7\u00d5ES DE VIAS METAB\u00d3LICAS COM BASE NAS CONSEQU\u00caNCIAS FUNCIONAIS DE VARIANTES GEN\u00c9TICAS<\/a><\/span><\/p>\n<p><span style=\"color: #339966\">Professor Orientador: <\/span><span style=\"color: #339966\">Eduardo Jaques Spinosa<\/span><span style=\"color: #339966\">.<\/span><br \/><span style=\"color: #339966\">Alun<\/span><span style=\"color: #339966\">a<\/span><span style=\"color: #339966\">: <\/span><span style=\"color: #339966\">Ana Beatriz Oliveira Villela Silva<\/span><\/p>\n<p><a href=\"http:\/\/web.inf.ufpr.br\/infobiomedica\/wp-content\/uploads\/sites\/3\/2022\/11\/ESTUDO-DO-ALGORITMO-DE-APRENDIZADO-DE-MAQUINA-NCHC-APLICACOES-EM-CLASSIFICACAO-DE-EXPRESSAO-GENICA.pdf\"><span style=\"color: #000000\">ESTUDO DO ALGORITMO DE APRENDIZADO DE M\u00c1QUINA NCHC: APLICA\u00c7\u00d5ES EM CLASSIFICA\u00c7\u00c3O DE EXPRESS\u00c3O G\u00caNICA<\/span><\/a><\/p>\n<p><span style=\"color: #339966\">Professor Orientador: <\/span><span style=\"color: #339966\">Andr\u00e9 Luiz Pires Guedes<\/span><span style=\"color: #339966\">.<\/span><br \/><span style=\"color: #339966\">Alun<\/span><span style=\"color: #339966\">o<\/span><span style=\"color: #339966\">: <\/span><span style=\"color: #339966\">Bruno Henrique Meyer<\/span><\/p>\n<p><span style=\"color: #000000\"><a style=\"color: #000000\" href=\"http:\/\/web.inf.ufpr.br\/infobiomedica\/wp-content\/uploads\/sites\/3\/2022\/11\/AUTOMATIC-DETECTION-OF-TEST-SAMPLE-ON-IMMUNO-HISTOCHEMICAL-IMAGES-USING-DEEP-LEARNING-TECHNIQUES.pdf\">AUTOMATIC DETECTION OF TEST SAMPLE ON IMMUNO HISTOCHEMICAL IMAGES USING DEEP LEARNING TECHNIQUES<\/a><\/span><\/p>\n<p><span style=\"color: #339966\">Professor Orientador: <\/span><span style=\"color: #339966\">David Menotti<\/span><span style=\"color: #339966\">.<\/span><br \/><span style=\"color: #339966\">Aluna<\/span><span style=\"color: #339966\">: Julia Beatriz Yip<\/span><\/p>\n<p><a href=\"http:\/\/web.inf.ufpr.br\/infobiomedica\/wp-content\/uploads\/sites\/3\/2022\/11\/APLICACAO-DE-TECNICAS-DE-ALTO-DESEMPENHO-PARA-A-IDENTIFICACAO-E-QUANTIFICACAO-TRANSCRIPTOMICA-DE-SPLICING-ALTERNATIVO.pdf\"><span style=\"color: #000000\">APLICA\u00c7\u00c3O DE T\u00c9CNICAS DE ALTO DESEMPENHO PARA A IDENTIFICA\u00c7\u00c3O E QUANTIFICA\u00c7\u00c3O TRANSCRIPT\u00d4MICA DE SPLICING ALTERNATIVO<\/span><\/a><\/p>\n<p><span style=\"color: #339966\">Professor Orientador: <\/span><span style=\"color: #339966\">Marco Antonio Zanata Alves<\/span><span style=\"color: #339966\">.<\/span><br \/><span style=\"color: #339966\">Aluna<\/span><span style=\"color: #339966\">: Mariana Carmin<\/span><\/p>\n<p><span style=\"color: #000000\"><a style=\"color: #000000\" href=\"http:\/\/web.inf.ufpr.br\/infobiomedica\/wp-content\/uploads\/sites\/3\/2022\/11\/DEFININDO-UM-WORKFLOW-PARA-ANALISE-DE-DADOS-ABERTOS-EM-SAUDE-ATRAVES-DE-INTEGRACAO-DE-FRAMEWORKS-DE-EXTRACAO-DE-DADOS.pdf\">DEFININDO UM WORKFLOW PARA AN\u00c1LISE DE DADOS ABERTOS EM S\u00c1UDE ATRAV\u00c9S DE INTEGRA\u00c7\u00c3O DE FRAMEWORKS DE EXTRA\u00c7\u00c3O DE DADOS<\/a><\/span><\/p>\n<p><span style=\"color: #339966\">Professor Orientador: <\/span><span style=\"color: #339966\">Marcos Didonet del Fabro<\/span><span style=\"color: #339966\">.<\/span><br \/><span style=\"color: #339966\">Aluno<\/span><span style=\"color: #339966\">: Daniel D. Rufasto<\/span><\/p>\n<p><span style=\"color: #000000\"><a style=\"color: #000000\" href=\"http:\/\/web.inf.ufpr.br\/infobiomedica\/wp-content\/uploads\/sites\/3\/2022\/11\/CLASSIFICACAO-DE-DADOS-DE-MICROARRAY-DE-EXPRESSAO-GENICA-USANDO-ALGORITMOS-DE-MACHINE-LEARNING-E-DEEP-LEARNING.pdf\">CLASSIFICA\u00c7\u00c3O DE DADOS DE MICROARRAY DE EXPRESS\u00c3O G\u00caNICA USANDO ALGORITMOS DE MACHINE LEARNING E DEEP LEARNING<\/a><\/span><\/p>\n<p><span style=\"color: #339966\">Professor Orientador: <\/span><span style=\"color: #339966\">Eduardo Jaques Spinosa<\/span><span style=\"color: #339966\">.<\/span><br \/><span style=\"color: #339966\">Aluna<\/span><span style=\"color: #339966\">: Gissely de Souza<\/span><\/p>\n<p><span style=\"color: #000000\"><a style=\"color: #000000\" href=\"http:\/\/web.inf.ufpr.br\/infobiomedica\/wp-content\/uploads\/sites\/3\/2022\/11\/CLASSIFICACAO-DE-EPITOPOS-UMA-ABORDAGEM-DE-COMPARACAO-DE-CARACTERISTICAS-ENTRE-DATASETS.pdf\">CLASSIFICA\u00c7\u00c3O DE EP\u00cdTOPOS: UMA ABORDAGEM DE COMPARA\u00c7\u00c3O DE CARACTER\u00cdSTICAS ENTRE DATASETS<\/a><\/span><\/p>\n<p><span style=\"color: #339966\">Professor Orientador: <\/span><span style=\"color: #339966\">Eduardo Jaques Spinosa<\/span><span style=\"color: #339966\">.<\/span><br \/><span style=\"color: #339966\">Alunos<\/span><span style=\"color: #339966\">: Annelyse Schatzmann e Eduardo Zimermam Pereira<\/span><\/p>\n<p><a href=\"http:\/\/web.inf.ufpr.br\/infobiomedica\/wp-content\/uploads\/sites\/3\/2022\/11\/TECNOLOGIAS-PARA-A-AVALIACAO-DE-EXPERIENCIA-DO-USUARIO-EM-CHATBOTS-UM-MAPEAMENTO-SISTEMATICO-DA-LITERATURA.pdf\"><span style=\"color: #000000\">TECNOLOGIAS PARA A AVALIA\u00c7\u00c3O DE EXPERI\u00caNCIA DO USU\u00c1RIO EM CHATBOTS: UM MAPEAMENTO SISTEM\u00c1TICO DA LITERATURA<\/span><\/a><\/p>\n<p><span style=\"color: #339966\">Professora Orientadora: Natasha Malveira C. Valentim<\/span><br \/><span style=\"color: #339966\">Aluna<\/span><span style=\"color: #339966\">: Ana Carolina Rossi de Souza<\/span><\/p>\n<p><span style=\"color: #000000\"><a style=\"color: #000000\" href=\"http:\/\/web.inf.ufpr.br\/infobiomedica\/wp-content\/uploads\/sites\/3\/2022\/11\/DEEP-LEARNING-E-DATA-AUGMENTATION-PARA-A-AUXILIO-AO-DIAGNOSTICO-DO-EXAME-HER2.pdf\">DEEP LEARNING E DATA AUGMENTATION PARA A AUX\u00cdLIO AO DIAGN\u00d3STICO DO EXAME HER2<\/a><\/span><\/p>\n<p><span style=\"color: #339966\">Professor Orientador: David Menotti.<\/span><br \/><span style=\"color: #339966\">Aluna<\/span><span style=\"color: #339966\">: Eloiza Rosseto dos Santos<\/span><\/p>\n<p><span style=\"color: #000000\"><a style=\"color: #000000\" href=\"http:\/\/web.inf.ufpr.br\/infobiomedica\/wp-content\/uploads\/sites\/3\/2022\/11\/DESAFIOS-NA-CORRECAO-DE-SEQUENCIAIS-GENOMICAS.pdf\">DESAFIOS NA CORRE\u00c7AO DE SEQUENCIAIS GENOMICAS<\/a><\/span><\/p>\n<p><span style=\"color: #339966\">Professor Orientador: Andr\u00e9 Ricardo Abed Gr\u00e9gio.<\/span><br \/><span style=\"color: #339966\">Aluno<\/span><span style=\"color: #339966\">: Cla\u00fadio Torres J\u00fanior<\/span><\/p>\n<p><span style=\"color: #000000\"><a style=\"color: #000000\" href=\"http:\/\/web.inf.ufpr.br\/infobiomedica\/wp-content\/uploads\/sites\/3\/2022\/11\/AVALIACAO-DE-QUALIDADE-DE-USO-DO-APLICATIVO-DA-REDE-PUBLICA-DE-SAUDE-22SAUDEJA22-CURITIBA.pdf\">AVALIA\u00c7\u00c3O DE QUALIDADE DE USO DO APLICATIVO DA REDE P\u00daBLICA DE SA\u00daDE SA\u00daDEJ\u00c1 &#8211; CURITIBA<\/a><\/span><\/p>\n<p><span style=\"color: #339966\">Professor Orientador: Roberto Pereira.<\/span><br \/><span style=\"color: #339966\">Aluno<\/span><span style=\"color: #339966\">: Giovani Gurkevicz Marciniak<\/span><\/p>\n<p><a href=\"http:\/\/web.inf.ufpr.br\/infobiomedica\/wp-content\/uploads\/sites\/3\/2022\/11\/MODELANDO-A-ADMISSAO-DE-PACIENTES-A-LEITOS-HOSPITALARES.pdf\"><span style=\"color: #000000\">MODELANDO A ADMISS\u00c3O DE PACIENTES \u00c0 LEITOS HOSPITALARES<\/span><\/a><\/p>\n<p><span style=\"color: #339966\">Professor Orientador: Andr\u00e9 Ricardo Abed Gr\u00e9gio.<\/span><br \/><span style=\"color: #339966\">Aluna:<\/span><span style=\"color: #339966\"> Eduarda Moresco Farias<\/span><\/p>\n<p><a href=\"http:\/\/web.inf.ufpr.br\/infobiomedica\/wp-content\/uploads\/sites\/3\/2022\/11\/PREDICAO-DE-EPITOPOS-LINEARES-DE-CELULAS-B-UMA-ABORDAGEM-POR-ENSEMBLES.pdf\"><span style=\"color: #000000\">PREDI\u00c7\u00c3O DE EP\u00cdTOPOS LINEARES DE C\u00c9LULAS B: UMA ABORDAGEM POR ENSEMBLES<\/span><\/a><\/p>\n<p><span style=\"color: #339966\">Professor Orientador: Eduardo Jaques Spinosa.<\/span><br \/><span style=\"color: #339966\">Aluno:<\/span><span style=\"color: #339966\"> Lucas Eduardo Schoenfelder<\/span><\/p>\n","protected":false},"excerpt":{"rendered":"","protected":false},"author":7,"featured_media":0,"parent":0,"menu_order":0,"comment_status":"closed","ping_status":"closed","template":"","meta":{"footnotes":""},"class_list":["post-397","page","type-page","status-publish","hentry"],"_links":{"self":[{"href":"https:\/\/web.inf.ufpr.br\/infobiomedica\/wp-json\/wp\/v2\/pages\/397","targetHints":{"allow":["GET"]}}],"collection":[{"href":"https:\/\/web.inf.ufpr.br\/infobiomedica\/wp-json\/wp\/v2\/pages"}],"about":[{"href":"https:\/\/web.inf.ufpr.br\/infobiomedica\/wp-json\/wp\/v2\/types\/page"}],"author":[{"embeddable":true,"href":"https:\/\/web.inf.ufpr.br\/infobiomedica\/wp-json\/wp\/v2\/users\/7"}],"replies":[{"embeddable":true,"href":"https:\/\/web.inf.ufpr.br\/infobiomedica\/wp-json\/wp\/v2\/comments?post=397"}],"version-history":[{"count":13,"href":"https:\/\/web.inf.ufpr.br\/infobiomedica\/wp-json\/wp\/v2\/pages\/397\/revisions"}],"predecessor-version":[{"id":437,"href":"https:\/\/web.inf.ufpr.br\/infobiomedica\/wp-json\/wp\/v2\/pages\/397\/revisions\/437"}],"wp:attachment":[{"href":"https:\/\/web.inf.ufpr.br\/infobiomedica\/wp-json\/wp\/v2\/media?parent=397"}],"curies":[{"name":"wp","href":"https:\/\/api.w.org\/{rel}","templated":true}]}}