{"id":361,"date":"2022-05-03T14:38:40","date_gmt":"2022-05-03T17:38:40","guid":{"rendered":"https:\/\/web.inf.ufpr.br\/infobiomedica\/?page_id=361"},"modified":"2023-02-18T16:48:03","modified_gmt":"2023-02-18T19:48:03","slug":"projeto-pedagogico-do-curso","status":"publish","type":"page","link":"https:\/\/web.inf.ufpr.br\/infobiomedica\/projeto-pedagogico-do-curso\/","title":{"rendered":"Projeto Pedag\u00f3gico do Curso"},"content":{"rendered":"\n<p><span style=\"color: #000000\">O curso pode ser observado, em sua concep\u00e7\u00e3o, atribui\u00e7\u00f5es e limites,\u00a0 pelo PPC &#8211; Projeto Pedag\u00f3gico do Curso. Sumariamente, nele est\u00e1 contido a raz\u00e3o de existir e a forma de operacionaliza\u00e7\u00e3o do curso.\n\n\n\n<div class=\"wp-block-columns is-layout-flex wp-container-core-columns-is-layout-9d6595d7 wp-block-columns-is-layout-flex\">\n<div class=\"wp-block-column is-layout-flow wp-block-column-is-layout-flow\">\n<h2 class=\"has-text-align-center wp-block-heading\">PPC &#8211; 2011<\/h2>\n<\/div>\n\n\n\n<div class=\"wp-block-column is-layout-flow wp-block-column-is-layout-flow\">\n<h2 class=\"has-text-align-center wp-block-heading\">PPC &#8211; 2023<\/h2>\n<\/div>\n<\/div>\n\n\n\n<div class=\"wp-block-columns is-layout-flex wp-container-core-columns-is-layout-9d6595d7 wp-block-columns-is-layout-flex\">\n<div class=\"wp-block-column is-layout-flow wp-block-column-is-layout-flow\">\n<div data-wp-interactive=\"core\/file\" class=\"wp-block-file\"><object data-wp-bind--hidden=\"!state.hasPdfPreview\" hidden class=\"wp-block-file__embed\" data=\"https:\/\/web.inf.ufpr.br\/infobiomedica\/wp-content\/uploads\/sites\/3\/2023\/02\/ppc-bib-1.pdf\" type=\"application\/pdf\" style=\"width:100%;height:600px\" aria-label=\"Incorporado de ppc-bib-1.\"><\/object><a id=\"wp-block-file--media-ac3843b8-f562-4fd1-a535-3bcc070ff1f0\" href=\"https:\/\/web.inf.ufpr.br\/infobiomedica\/wp-content\/uploads\/sites\/3\/2023\/02\/ppc-bib-1.pdf\">ppc-bib-1<\/a><a href=\"https:\/\/web.inf.ufpr.br\/infobiomedica\/wp-content\/uploads\/sites\/3\/2023\/02\/ppc-bib-1.pdf\" class=\"wp-block-file__button wp-element-button\" download aria-describedby=\"wp-block-file--media-ac3843b8-f562-4fd1-a535-3bcc070ff1f0\">Baixar<\/a><\/div>\n<\/div>\n\n\n\n<div class=\"wp-block-column is-layout-flow wp-block-column-is-layout-flow\">\n<div data-wp-interactive=\"core\/file\" class=\"wp-block-file\"><object data-wp-bind--hidden=\"!state.hasPdfPreview\" hidden class=\"wp-block-file__embed\" data=\"https:\/\/web.inf.ufpr.br\/infobiomedica\/wp-content\/uploads\/sites\/3\/2023\/02\/PPC-2.pdf\" type=\"application\/pdf\" style=\"width:100%;height:600px\" aria-label=\"Incorporado de PPC-2.\"><\/object><a id=\"wp-block-file--media-29ab4e87-ebc0-483a-aef4-da7af815381b\" href=\"https:\/\/web.inf.ufpr.br\/infobiomedica\/wp-content\/uploads\/sites\/3\/2023\/02\/PPC-2.pdf\">PPC-2<\/a><a href=\"https:\/\/web.inf.ufpr.br\/infobiomedica\/wp-content\/uploads\/sites\/3\/2023\/02\/PPC-2.pdf\" class=\"wp-block-file__button wp-element-button\" download aria-describedby=\"wp-block-file--media-29ab4e87-ebc0-483a-aef4-da7af815381b\">Baixar<\/a><\/div>\n<\/div>\n<\/div>\n","protected":false},"excerpt":{"rendered":"<p>O curso pode ser observado, em sua concep\u00e7\u00e3o, atribui\u00e7\u00f5es e limites,\u00a0 pelo PPC &#8211; Projeto Pedag\u00f3gico do Curso. Sumariamente, nele est\u00e1 contido a raz\u00e3o de existir e a forma de operacionaliza\u00e7\u00e3o do curso. PPC &#8211; 2011 PPC &#8211; 2023<\/p>\n","protected":false},"author":7,"featured_media":0,"parent":0,"menu_order":0,"comment_status":"closed","ping_status":"closed","template":"","meta":{"footnotes":""},"class_list":["post-361","page","type-page","status-publish","hentry"],"_links":{"self":[{"href":"https:\/\/web.inf.ufpr.br\/infobiomedica\/wp-json\/wp\/v2\/pages\/361","targetHints":{"allow":["GET"]}}],"collection":[{"href":"https:\/\/web.inf.ufpr.br\/infobiomedica\/wp-json\/wp\/v2\/pages"}],"about":[{"href":"https:\/\/web.inf.ufpr.br\/infobiomedica\/wp-json\/wp\/v2\/types\/page"}],"author":[{"embeddable":true,"href":"https:\/\/web.inf.ufpr.br\/infobiomedica\/wp-json\/wp\/v2\/users\/7"}],"replies":[{"embeddable":true,"href":"https:\/\/web.inf.ufpr.br\/infobiomedica\/wp-json\/wp\/v2\/comments?post=361"}],"version-history":[{"count":4,"href":"https:\/\/web.inf.ufpr.br\/infobiomedica\/wp-json\/wp\/v2\/pages\/361\/revisions"}],"predecessor-version":[{"id":477,"href":"https:\/\/web.inf.ufpr.br\/infobiomedica\/wp-json\/wp\/v2\/pages\/361\/revisions\/477"}],"wp:attachment":[{"href":"https:\/\/web.inf.ufpr.br\/infobiomedica\/wp-json\/wp\/v2\/media?parent=361"}],"curies":[{"name":"wp","href":"https:\/\/api.w.org\/{rel}","templated":true}]}}