{"id":34,"date":"2017-08-16T18:04:57","date_gmt":"2017-08-16T21:04:57","guid":{"rendered":"http:\/\/web.inf.ufpr.br\/infobiomedica\/?page_id=34"},"modified":"2023-02-18T14:51:07","modified_gmt":"2023-02-18T17:51:07","slug":"perfil-do-egresso","status":"publish","type":"page","link":"https:\/\/web.inf.ufpr.br\/infobiomedica\/perfil-do-egresso\/","title":{"rendered":"Perfil do Egresso"},"content":{"rendered":"<div class=\"txt\">\n<p><span style=\"font-size: medium;font-family: Georgia, serif;color: #000000\">O curso capacita profissionais para contribuir com a evolu\u00e7\u00e3o do conhecimento do ponto de vista cient\u00edfico e tecnol\u00f3gico, e utiliza esse conhecimento na avalia\u00e7\u00e3o, especifica\u00e7\u00e3o e desenvolvimento de ferramentas, m\u00e9todos e sistemas computacionais que auxiliem no gerenciamento de informa\u00e7\u00f5es cl\u00ednicas, diagn\u00f3stico cl\u00ednico e bioinform\u00e1tica. <\/span><\/p>\n<p><span style=\"font-size: medium;font-family: Georgia, serif;color: #000000\">As atividades desses profissionais englobam: <\/span><\/p>\n<ul>\n<li><span style=\"font-size: medium;font-family: Georgia, serif;color: #000000\">a investiga\u00e7\u00e3o e desenvolvimento de conhecimentos te\u00f3ricos e pr\u00e1ticos na \u00e1rea de Inform\u00e1tica Biom\u00e9dica; <\/span><\/li>\n<li><span style=\"font-size: medium;font-family: Georgia, serif;color: #000000\">\u00a0a an\u00e1lise e modelagem de problemas do ponto de vista computacional; e<\/span><\/li>\n<li><span style=\"font-size: medium;font-family: Georgia, serif;color: #000000\">o projeto e implementa\u00e7\u00e3o de sistemas computacionais aplicados.<\/span><\/li>\n<\/ul>\n<p><span style=\"font-size: medium;font-family: Georgia, serif;color: #000000\">O curso enfatiza a pesquisa em diversas <\/span><a style=\"font-size: medium;font-family: Georgia, serif\" href=\"https:\/\/web.inf.ufpr.br\/infobiomedica\/atividades-formativas\/\" rel=\"noopener\"><span style=\"color: #339966\"><span style=\"color: #008000\">atividades<\/span> <span style=\"color: #008000\">extracurriculares<\/span><\/span><\/a><span style=\"font-size: medium;font-family: Georgia, serif;color: #000000\"> em que o aluno tem a oportunidade de interagir com pesquisadores de diversos programas de p\u00f3s-gradua\u00e7\u00e3o da UFPR, permitindo que o estudante entre em contato com o estado da arte em diversas \u00e1reas de pesquisa, o que, al\u00e9m de enriquecer sua forma\u00e7\u00e3o, proporciona condi\u00e7\u00f5es para a continuidade de seus estudos de gradua\u00e7\u00e3o, o que \u00e9 especialmente importante considerando a constante evolu\u00e7\u00e3o da \u00e1rea.<\/span><\/p>\n<p><span style=\"font-size: medium;font-family: Georgia, serif;color: #000000\">Por fim, espera-se que os egressos possam ser capazes de implementar sistemas que visem melhorar as condi\u00e7\u00f5es de trabalho dos usu\u00e1rios, sem causar danos ao meio ambiente; facilitar o acesso e a dissemina\u00e7\u00e3o do conhecimento na \u00e1rea de Inform\u00e1tica Biom\u00e9dica; e ter uma vis\u00e3o human\u00edstica cr\u00edtica e consistente sobre o impacto de sua atua\u00e7\u00e3o profissional na sociedade.<\/span><\/p>\n<\/div>\n","protected":false},"excerpt":{"rendered":"<p>O curso capacita profissionais para contribuir com a evolu\u00e7\u00e3o do conhecimento do ponto de vista cient\u00edfico e tecnol\u00f3gico, e utiliza esse conhecimento na avalia\u00e7\u00e3o, especifica\u00e7\u00e3o e desenvolvimento de ferramentas, m\u00e9todos e sistemas computacionais que auxiliem no gerenciamento de informa\u00e7\u00f5es cl\u00ednicas, diagn\u00f3stico cl\u00ednico e bioinform\u00e1tica. As atividades desses profissionais englobam: a investiga\u00e7\u00e3o e desenvolvimento de conhecimentos&hellip;<\/p>\n","protected":false},"author":7,"featured_media":0,"parent":0,"menu_order":0,"comment_status":"closed","ping_status":"closed","template":"","meta":{"footnotes":""},"class_list":["post-34","page","type-page","status-publish","hentry"],"_links":{"self":[{"href":"https:\/\/web.inf.ufpr.br\/infobiomedica\/wp-json\/wp\/v2\/pages\/34","targetHints":{"allow":["GET"]}}],"collection":[{"href":"https:\/\/web.inf.ufpr.br\/infobiomedica\/wp-json\/wp\/v2\/pages"}],"about":[{"href":"https:\/\/web.inf.ufpr.br\/infobiomedica\/wp-json\/wp\/v2\/types\/page"}],"author":[{"embeddable":true,"href":"https:\/\/web.inf.ufpr.br\/infobiomedica\/wp-json\/wp\/v2\/users\/7"}],"replies":[{"embeddable":true,"href":"https:\/\/web.inf.ufpr.br\/infobiomedica\/wp-json\/wp\/v2\/comments?post=34"}],"version-history":[{"count":5,"href":"https:\/\/web.inf.ufpr.br\/infobiomedica\/wp-json\/wp\/v2\/pages\/34\/revisions"}],"predecessor-version":[{"id":465,"href":"https:\/\/web.inf.ufpr.br\/infobiomedica\/wp-json\/wp\/v2\/pages\/34\/revisions\/465"}],"wp:attachment":[{"href":"https:\/\/web.inf.ufpr.br\/infobiomedica\/wp-json\/wp\/v2\/media?parent=34"}],"curies":[{"name":"wp","href":"https:\/\/api.w.org\/{rel}","templated":true}]}}