{"id":31,"date":"2017-08-16T18:03:45","date_gmt":"2017-08-16T21:03:45","guid":{"rendered":"http:\/\/web.inf.ufpr.br\/infobiomedica\/?page_id=31"},"modified":"2023-02-18T11:44:33","modified_gmt":"2023-02-18T14:44:33","slug":"perfil-profissional","status":"publish","type":"page","link":"https:\/\/web.inf.ufpr.br\/infobiomedica\/perfil-profissional\/","title":{"rendered":"O Profissional e o Mercado de Trabalho"},"content":{"rendered":"<div class=\"txt\">\n<p><span style=\"color: #000000\"><span style=\"font-family: Georgia,serif\"><span style=\"font-size: medium\">O profissional de Inform\u00e1tica Biom\u00e9dica atua em uma \u00e1rea interdisciplinar que engloba a Ci\u00eancia da Computa\u00e7\u00e3o, as Ci\u00eancias Biol\u00f3gicas e as Ci\u00eancias da Sa\u00fade na qual o esfor\u00e7o coordenado de profissionais de diferentes \u00e1reas depende de uma forma\u00e7\u00e3o ao mesmo tempo s\u00f3lida e diversa.<\/span><\/span><\/span><\/p>\n<p><span style=\"color: #000000\"><span style=\"font-family: Georgia,serif\"><span style=\"font-size: medium\">Por se tratar de uma \u00e1rea nova e em constante evolu\u00e7\u00e3o, o profissional de Inform\u00e1tica Biom\u00e9dica atua essencialmente em pesquisa e desenvolvimento de novos algoritmos, t\u00e9cnicas computacionais e sistemas de informa\u00e7\u00e3o para solucionar problemas que surgem com o avan\u00e7o do conhecimento nas Bioci\u00eancias.<\/span><\/span><\/span><\/p>\n<p><span style=\"color: #000000\"><span style=\"font-family: Georgia,serif\"><span style=\"font-size: medium\">A vontade de explorar novas tecnologias e de estar constantemente em contato com o estado da arte em pesquisa s\u00e3o caracter\u00edsticas fundamentais desenvolvidas pelo aluno no curso de Inform\u00e1tica Biom\u00e9dica do Departamento de Inform\u00e1tica da UFPR. O curso apresenta uma curr\u00edculo moderno e preparado para os desafios atuais e futuros da Computa\u00e7\u00e3o e das Bioci\u00eancias.<\/span><\/span><\/span><\/p>\n<\/div>\n","protected":false},"excerpt":{"rendered":"<p>O profissional de Inform\u00e1tica Biom\u00e9dica atua em uma \u00e1rea interdisciplinar que engloba a Ci\u00eancia da Computa\u00e7\u00e3o, as Ci\u00eancias Biol\u00f3gicas e as Ci\u00eancias da Sa\u00fade na qual o esfor\u00e7o coordenado de profissionais de diferentes \u00e1reas depende de uma forma\u00e7\u00e3o ao mesmo tempo s\u00f3lida e diversa. Por se tratar de uma \u00e1rea nova e em constante evolu\u00e7\u00e3o,&hellip;<\/p>\n","protected":false},"author":7,"featured_media":0,"parent":0,"menu_order":0,"comment_status":"closed","ping_status":"closed","template":"","meta":{"footnotes":""},"class_list":["post-31","page","type-page","status-publish","hentry"],"_links":{"self":[{"href":"https:\/\/web.inf.ufpr.br\/infobiomedica\/wp-json\/wp\/v2\/pages\/31","targetHints":{"allow":["GET"]}}],"collection":[{"href":"https:\/\/web.inf.ufpr.br\/infobiomedica\/wp-json\/wp\/v2\/pages"}],"about":[{"href":"https:\/\/web.inf.ufpr.br\/infobiomedica\/wp-json\/wp\/v2\/types\/page"}],"author":[{"embeddable":true,"href":"https:\/\/web.inf.ufpr.br\/infobiomedica\/wp-json\/wp\/v2\/users\/7"}],"replies":[{"embeddable":true,"href":"https:\/\/web.inf.ufpr.br\/infobiomedica\/wp-json\/wp\/v2\/comments?post=31"}],"version-history":[{"count":5,"href":"https:\/\/web.inf.ufpr.br\/infobiomedica\/wp-json\/wp\/v2\/pages\/31\/revisions"}],"predecessor-version":[{"id":451,"href":"https:\/\/web.inf.ufpr.br\/infobiomedica\/wp-json\/wp\/v2\/pages\/31\/revisions\/451"}],"wp:attachment":[{"href":"https:\/\/web.inf.ufpr.br\/infobiomedica\/wp-json\/wp\/v2\/media?parent=31"}],"curies":[{"name":"wp","href":"https:\/\/api.w.org\/{rel}","templated":true}]}}