{"id":29,"date":"2017-08-16T18:03:10","date_gmt":"2017-08-16T21:03:10","guid":{"rendered":"http:\/\/web.inf.ufpr.br\/infobiomedica\/?page_id=29"},"modified":"2023-02-22T18:35:27","modified_gmt":"2023-02-22T21:35:27","slug":"atividades-formativas","status":"publish","type":"page","link":"https:\/\/web.inf.ufpr.br\/infobiomedica\/atividades-formativas\/","title":{"rendered":"Atividades Formativas"},"content":{"rendered":"<p><span style=\"color: #000000\"><span style=\"font-family: Georgia, serif\"><span style=\"font-size: medium\">As Atividades Formativas s\u00e3o atividades complementares em rela\u00e7\u00e3o ao eixo fundamental do curr\u00edculo, objetivando sua flexibiliza\u00e7\u00e3o. Elas fazem parte da flexibiliza\u00e7\u00e3o dos curr\u00edculos, devendo estar contempladas nos Projetos Pedag\u00f3gicos de cada Curso de Gradua\u00e7\u00e3o e de ensino profissionalizante, visando o enriquecimento da forma\u00e7\u00e3o acad\u00eamico-profissional dos alunos.<\/span><\/span><\/span><\/p>\n<p><span style=\"color: #000000\"><span style=\"font-family: Georgia,serif\"><span style=\"font-size: medium\">O aluno do curso de Inform\u00e1tica Biom\u00e9dica tem a sua escolha um amplo e diverso conjunto de atividades que o permitem adquirir experi\u00eancia e desenvolver novas habilidades em contato com o mercado de trabalho ou desenvolvendo atividade de pesquisa na pr\u00f3pria UFPR. Essas atividades comp\u00f5em 480 horas para o curr\u00edculo de 2011 e 80 horas para o curr\u00edculo de 2023. Entre outras, s\u00e3o exemplos de atividades formativas:<\/span><\/span><\/span><\/p>\n<ul>\n<li><span style=\"color: #000000\"><span style=\"font-family: Georgia,serif\"><span style=\"font-size: medium\">Inicia\u00e7\u00e3o Cient\u00edfica;<\/span><\/span><\/span><\/li>\n<li><span style=\"color: #000000\"><span style=\"font-family: Georgia,serif\"><span style=\"font-size: medium\">Est\u00e1gios; <\/span><\/span><\/span><\/li>\n<li><span style=\"color: #000000\"><span style=\"font-family: Georgia,serif\"><span style=\"font-size: medium\">PET; <\/span><\/span><\/span><\/li>\n<li><span style=\"color: #000000\"><span style=\"font-family: Georgia,serif\"><span style=\"font-size: medium\">Empresa Junior; <\/span><\/span><\/span><\/li>\n<li><span style=\"color: #000000\"><span style=\"font-family: Georgia,serif\"><span style=\"font-size: medium\">Representa\u00e7\u00e3o Acad\u00eamica; <\/span><\/span><\/span><\/li>\n<li><span style=\"color: #000000\"><span style=\"font-family: Georgia,serif\"><span style=\"font-size: medium\">Atividades Culturais; <\/span><\/span><\/span><\/li>\n<li><span style=\"color: #000000\"><span style=\"font-family: Georgia,serif\"><span style=\"font-size: medium\">Voluntariado; <\/span><\/span><\/span><\/li>\n<li><span style=\"color: #000000\"><span style=\"font-family: Georgia,serif\"><span style=\"font-size: medium\">Organiza\u00e7\u00e3o e Participa\u00e7\u00e3o em Eventos;<\/span><\/span><\/span><\/li>\n<li><span style=\"color: #000000\"><span style=\"font-family: Georgia,serif\"><span style=\"font-size: medium\">Interc\u00e2mbios com outras IFES ou no Exterior;<\/span><\/span><\/span><\/li>\n<li><span style=\"color: #000000\"><span style=\"font-family: Georgia,serif\"><span style=\"font-size: medium\">Atividade de Monitoria, Tutoria ou Educa\u00e7\u00e3o \u00e0 Dist\u00e2ncia;<\/span><\/span><\/span><\/li>\n<li><span style=\"color: #000000\"><span style=\"font-family: Georgia,serif\"><span style=\"font-size: medium\">Bolsas Institucionais;<\/span><\/span><\/span><\/li>\n<li><span style=\"color: #000000\"><span style=\"font-family: Georgia,serif\"><span style=\"font-size: medium\">Atividades de Extens\u00e3o Universit\u00e1ria (somente o Curr\u00edculo de 2011);<\/span><\/span><\/span><\/li>\n<li><span style=\"color: #000000\"><span style=\"font-family: Georgia,serif\"><span style=\"font-size: medium\">Disciplinas Eletivas e Isoladas.<\/span><\/span><\/span><\/li>\n<\/ul>\n","protected":false},"excerpt":{"rendered":"<p>As Atividades Formativas s\u00e3o atividades complementares em rela\u00e7\u00e3o ao eixo fundamental do curr\u00edculo, objetivando sua flexibiliza\u00e7\u00e3o. Elas fazem parte da flexibiliza\u00e7\u00e3o dos curr\u00edculos, devendo estar contempladas nos Projetos Pedag\u00f3gicos de cada Curso de Gradua\u00e7\u00e3o e de ensino profissionalizante, visando o enriquecimento da forma\u00e7\u00e3o acad\u00eamico-profissional dos alunos. O aluno do curso de Inform\u00e1tica Biom\u00e9dica tem a&hellip;<\/p>\n","protected":false},"author":7,"featured_media":0,"parent":0,"menu_order":0,"comment_status":"closed","ping_status":"closed","template":"","meta":{"footnotes":""},"class_list":["post-29","page","type-page","status-publish","hentry"],"_links":{"self":[{"href":"https:\/\/web.inf.ufpr.br\/infobiomedica\/wp-json\/wp\/v2\/pages\/29","targetHints":{"allow":["GET"]}}],"collection":[{"href":"https:\/\/web.inf.ufpr.br\/infobiomedica\/wp-json\/wp\/v2\/pages"}],"about":[{"href":"https:\/\/web.inf.ufpr.br\/infobiomedica\/wp-json\/wp\/v2\/types\/page"}],"author":[{"embeddable":true,"href":"https:\/\/web.inf.ufpr.br\/infobiomedica\/wp-json\/wp\/v2\/users\/7"}],"replies":[{"embeddable":true,"href":"https:\/\/web.inf.ufpr.br\/infobiomedica\/wp-json\/wp\/v2\/comments?post=29"}],"version-history":[{"count":5,"href":"https:\/\/web.inf.ufpr.br\/infobiomedica\/wp-json\/wp\/v2\/pages\/29\/revisions"}],"predecessor-version":[{"id":499,"href":"https:\/\/web.inf.ufpr.br\/infobiomedica\/wp-json\/wp\/v2\/pages\/29\/revisions\/499"}],"wp:attachment":[{"href":"https:\/\/web.inf.ufpr.br\/infobiomedica\/wp-json\/wp\/v2\/media?parent=29"}],"curies":[{"name":"wp","href":"https:\/\/api.w.org\/{rel}","templated":true}]}}