{"id":207,"date":"2017-12-18T15:31:12","date_gmt":"2017-12-18T17:31:12","guid":{"rendered":"http:\/\/web.inf.ufpr.br\/infobiomedica\/?page_id=207"},"modified":"2026-02-10T12:47:04","modified_gmt":"2026-02-10T15:47:04","slug":"grade-horaria","status":"publish","type":"page","link":"https:\/\/web.inf.ufpr.br\/infobiomedica\/grade-horaria\/","title":{"rendered":"Grade Semestral 2026\/1"},"content":{"rendered":"<p align=\"justify\"><span style=\"color: #000000\"><span style=\"font-family: Georgia, serif\"><span style=\"font-size: medium\">As disciplinas do curso s\u00e3o ministradas por docentes dos Departamentos de Inform\u00e1tica, Matem\u00e1tica, Estat\u00edstica, Anatomia, Bioqu\u00edmica e Biologia Molecular, Biologia Celular e Enfermagem. O docente espec\u00edfico de cada disciplina \u00e9 designado por seu respectivo departamento e pode variar a cada semestre, em fun\u00e7\u00e3o das disciplinas oferecidas e da carga hor\u00e1ria e demais atribui\u00e7\u00f5es dos docentes (aulas de p\u00f3s-gradua\u00e7\u00e3o, afastamentos, cargos administrativos, etc).<\/span><\/span><\/span><\/p>\n<p align=\"justify\"><span style=\"color: #000000\"><span style=\"font-family: Georgia, serif\"><span style=\"font-size: medium\">Veja a rela\u00e7\u00e3o de disciplinas:<\/span><\/span><\/span><\/p>\n<p align=\"justify\"><span style=\"color: #339966\"><span style=\"font-family: Georgia, serif\"><span style=\"font-size: x-large\"><span style=\"font-size: medium\">\u00a0<\/span><\/span><\/span><\/span><\/p>\n\n\n<div data-wp-interactive=\"core\/file\" class=\"wp-block-file\"><object data-wp-bind--hidden=\"!state.hasPdfPreview\" hidden class=\"wp-block-file__embed\" data=\"https:\/\/web.inf.ufpr.br\/infobiomedica\/wp-content\/uploads\/sites\/3\/2026\/02\/IBM_2026_1.pdf\" type=\"application\/pdf\" style=\"width:100%;height:600px\" aria-label=\"Incorporado de IBM_2026_1.\"><\/object><a id=\"wp-block-file--media-7fb428e3-25bf-4382-99b1-1a2dee99c286\" href=\"https:\/\/web.inf.ufpr.br\/infobiomedica\/wp-content\/uploads\/sites\/3\/2026\/02\/IBM_2026_1.pdf\">IBM_2026_1<\/a><a href=\"https:\/\/web.inf.ufpr.br\/infobiomedica\/wp-content\/uploads\/sites\/3\/2026\/02\/IBM_2026_1.pdf\" class=\"wp-block-file__button wp-element-button\" download aria-describedby=\"wp-block-file--media-7fb428e3-25bf-4382-99b1-1a2dee99c286\">Baixar<\/a><\/div>\n","protected":false},"excerpt":{"rendered":"<p>As disciplinas do curso s\u00e3o ministradas por docentes dos Departamentos de Inform\u00e1tica, Matem\u00e1tica, Estat\u00edstica, Anatomia, Bioqu\u00edmica e Biologia Molecular, Biologia Celular e Enfermagem. O docente espec\u00edfico de cada disciplina \u00e9 designado por seu respectivo departamento e pode variar a cada semestre, em fun\u00e7\u00e3o das disciplinas oferecidas e da carga hor\u00e1ria e demais atribui\u00e7\u00f5es dos docentes&hellip;<\/p>\n","protected":false},"author":7,"featured_media":0,"parent":0,"menu_order":0,"comment_status":"closed","ping_status":"closed","template":"","meta":{"footnotes":""},"class_list":["post-207","page","type-page","status-publish","hentry"],"_links":{"self":[{"href":"https:\/\/web.inf.ufpr.br\/infobiomedica\/wp-json\/wp\/v2\/pages\/207","targetHints":{"allow":["GET"]}}],"collection":[{"href":"https:\/\/web.inf.ufpr.br\/infobiomedica\/wp-json\/wp\/v2\/pages"}],"about":[{"href":"https:\/\/web.inf.ufpr.br\/infobiomedica\/wp-json\/wp\/v2\/types\/page"}],"author":[{"embeddable":true,"href":"https:\/\/web.inf.ufpr.br\/infobiomedica\/wp-json\/wp\/v2\/users\/7"}],"replies":[{"embeddable":true,"href":"https:\/\/web.inf.ufpr.br\/infobiomedica\/wp-json\/wp\/v2\/comments?post=207"}],"version-history":[{"count":17,"href":"https:\/\/web.inf.ufpr.br\/infobiomedica\/wp-json\/wp\/v2\/pages\/207\/revisions"}],"predecessor-version":[{"id":577,"href":"https:\/\/web.inf.ufpr.br\/infobiomedica\/wp-json\/wp\/v2\/pages\/207\/revisions\/577"}],"wp:attachment":[{"href":"https:\/\/web.inf.ufpr.br\/infobiomedica\/wp-json\/wp\/v2\/media?parent=207"}],"curies":[{"name":"wp","href":"https:\/\/api.w.org\/{rel}","templated":true}]}}