{"id":2,"date":"2017-05-17T16:09:26","date_gmt":"2017-05-17T19:09:26","guid":{"rendered":"http:\/\/web.inf.ufpr.br\/infobiomedica\/?page_id=2"},"modified":"2022-04-05T20:18:29","modified_gmt":"2022-04-05T23:18:29","slug":"pagina-exemplo","status":"publish","type":"page","link":"https:\/\/web.inf.ufpr.br\/infobiomedica\/pagina-exemplo\/","title":{"rendered":"Docentes"},"content":{"rendered":"\n<p>\u00a0<\/p>\n<p align=\"justify\"><span style=\"color: #000000\"><span style=\"font-family: Georgia, serif\"><span style=\"font-size: large\">As disciplinas do curso s\u00e3o ministradas por docentes dos Departamentos de Inform\u00e1tica, Matem\u00e1tica, Estat\u00edstica, Anatomia, Bioqu\u00edmica e Biologia Molecular, Biologia Celular e Enfermagem. O docente espec\u00edfico de cada disciplina \u00e9 designado por seu respectivo departamento e pode variar a cada semestre, em fun\u00e7\u00e3o das disciplinas oferecidas e da carga hor\u00e1ria e demais atribui\u00e7\u00f5es dos docentes (aulas de p\u00f3s-gradua\u00e7\u00e3o, afastamentos, cargos administrativos, etc).<\/span><\/span><\/span><\/p>\n<p align=\"justify\"><span style=\"color: #000000\"><span style=\"font-family: Georgia, serif\"><span style=\"font-size: large\">A rela\u00e7\u00e3o de docentes dos respectivos departamentos pode ser encontrada aqui:<\/span><\/span><\/span><\/p>\n<ul type=\"disc\">\n<li>\n<p align=\"justify\"><span style=\"color: #339966\"><a style=\"color: #339966\" href=\"https:\/\/web.inf.ufpr.br\/dinf\/docentes\/\"><span style=\"font-family: Georgia, serif\"><span style=\"font-size: large\">Docentes do Departamento de Inform\u00e1tica<\/span><\/span><\/a><\/span><\/p>\n<\/li>\n<li>\n<p align=\"justify\"><span style=\"color: #339966\"><a style=\"color: #339966\" href=\"http:\/\/www.mat.ufpr.br\/departamento\/Docentes.html\"><span style=\"font-family: Georgia, serif\"><span style=\"font-size: large\">Docentes do Departamento de Matem\u00e1tica<\/span><\/span><\/a><\/span><\/p>\n<\/li>\n<li>\n<p align=\"justify\"><span style=\"color: #339966\"><a style=\"color: #339966\" href=\"http:\/\/www.est.ufpr.br\/docentes.html\"><span style=\"font-family: Georgia, serif\"><span style=\"font-size: large\">Docentes do Departamento de Estat\u00edstica<\/span><\/span><\/a><\/span><\/p>\n<\/li>\n<li>\n<p align=\"justify\"><span style=\"color: #339966\"><a style=\"color: #339966\" href=\"http:\/\/www.bio.ufpr.br\/portal\/anatomia\/docentes\/#Docentes\"><span style=\"font-family: Georgia, serif\"><span style=\"font-size: large\">Docentes do Departamento de Anatomia<\/span><\/span><\/a><\/span><\/p>\n<\/li>\n<li>\n<p align=\"justify\"><span style=\"color: #339966\"><a style=\"color: #339966\" href=\"http:\/\/www.bio.ufpr.br\/portal\/bioquimica\/docentes\/\"><span style=\"font-family: Georgia, serif\"><span style=\"font-size: large\">Docentes do Departamento de Bioqu\u00edmica e Biologia Molecular<\/span><\/span><\/a><\/span><\/p>\n<\/li>\n<li>\n<p align=\"justify\"><span style=\"color: #339966\"><a style=\"color: #339966\" href=\"http:\/\/www.bio.ufpr.br\/portal\/biologiacelular\/docentes_e_tecnicos\/\"><span style=\"font-family: Georgia, serif\"><span style=\"font-size: large\">Docentes do Departamento de Biologia Celular<\/span><\/span><\/a><\/span><\/p>\n<\/li>\n<li>\n<p align=\"justify\"><span style=\"color: #339966\"><a style=\"color: #339966\" href=\"http:\/\/www.saude.ufpr.br\/portal\/enfermagem\/pesquisa-professores\/\"><span style=\"font-family: Georgia, serif\"><span style=\"font-size: large\">Docentes do Departamento de Enfermagem<\/span><\/span><\/a><\/span><\/p>\n<\/li>\n<li>\n<p align=\"justify\"><span style=\"color: #339966\"><a style=\"color: #339966\" href=\"http:\/\/www.bio.ufpr.br\/portal\/fisiologia\/docentes\/\"><span style=\"font-family: Georgia, serif\"><span style=\"font-size: large\">Docentes do Departamento de Fisiologia<\/span><\/span><\/a><\/span><\/p>\n<\/li>\n<li>\n<p align=\"justify\"><span style=\"color: #339966\"><a style=\"color: #339966\" href=\"http:\/\/www.bio.ufpr.br\/portal\/genetica\/docentes\/\"><span style=\"font-family: Georgia, serif\"><span style=\"font-size: large\">Docentes do Departamento de Gen\u00e9tica<\/span><\/span><\/a><\/span><\/p>\n<\/li>\n<\/ul>\n<p align=\"justify\"><span style=\"color: #000000\"><span style=\"font-family: Georgia, serif\"><span style=\"font-size: large\">A defini\u00e7\u00e3o do docente espec\u00edfico de cada disciplina do curso a cada per\u00edodo letivo est\u00e1 dispon\u00edvel aos alunos no sistema acad\u00eamico\u00a0<\/span><\/span><\/span><a href=\"http:\/\/www.prppg.ufpr.br\/siga\/\"><span style=\"color: #000000\"><span style=\"font-family: Georgia, serif\"><span style=\"font-size: large\"><u>SIGA<\/u><\/span><\/span><\/span><\/a><span style=\"color: #000000\"><span style=\"font-family: Georgia, serif\"><span style=\"font-size: large\">\u00a0durante a fase de matr\u00edculas ou em <\/span><\/span><\/span><a href=\"https:\/\/web.inf.ufpr.br\/infobiomedica\/disciplinas-20181\/\"><span style=\"color: #000000\"><span style=\"font-family: Georgia, serif\"><span style=\"font-size: large\"><u>Grade Semestral<\/u><\/span><\/span><\/span><\/a><span style=\"color: #000000\"><span style=\"font-family: Georgia, serif\"><span style=\"font-size: large\"> &#8211; arquivo em PDF.<\/span><\/span><\/span><\/p>\n","protected":false},"excerpt":{"rendered":"","protected":false},"author":3,"featured_media":0,"parent":0,"menu_order":0,"comment_status":"closed","ping_status":"open","template":"","meta":{"footnotes":""},"class_list":["post-2","page","type-page","status-publish","hentry"],"_links":{"self":[{"href":"https:\/\/web.inf.ufpr.br\/infobiomedica\/wp-json\/wp\/v2\/pages\/2","targetHints":{"allow":["GET"]}}],"collection":[{"href":"https:\/\/web.inf.ufpr.br\/infobiomedica\/wp-json\/wp\/v2\/pages"}],"about":[{"href":"https:\/\/web.inf.ufpr.br\/infobiomedica\/wp-json\/wp\/v2\/types\/page"}],"author":[{"embeddable":true,"href":"https:\/\/web.inf.ufpr.br\/infobiomedica\/wp-json\/wp\/v2\/users\/3"}],"replies":[{"embeddable":true,"href":"https:\/\/web.inf.ufpr.br\/infobiomedica\/wp-json\/wp\/v2\/comments?post=2"}],"version-history":[{"count":10,"href":"https:\/\/web.inf.ufpr.br\/infobiomedica\/wp-json\/wp\/v2\/pages\/2\/revisions"}],"predecessor-version":[{"id":341,"href":"https:\/\/web.inf.ufpr.br\/infobiomedica\/wp-json\/wp\/v2\/pages\/2\/revisions\/341"}],"wp:attachment":[{"href":"https:\/\/web.inf.ufpr.br\/infobiomedica\/wp-json\/wp\/v2\/media?parent=2"}],"curies":[{"name":"wp","href":"https:\/\/api.w.org\/{rel}","templated":true}]}}