{"id":155,"date":"2017-09-19T15:49:50","date_gmt":"2017-09-19T18:49:50","guid":{"rendered":"http:\/\/web.inf.ufpr.br\/infobiomedica\/?page_id=155"},"modified":"2023-02-18T15:45:42","modified_gmt":"2023-02-18T18:45:42","slug":"informacoes-gerais-sobre-o-curso","status":"publish","type":"page","link":"https:\/\/web.inf.ufpr.br\/infobiomedica\/informacoes-gerais-sobre-o-curso\/","title":{"rendered":"Informa\u00e7\u00f5es Gerais sobre o Curso"},"content":{"rendered":"\n<p><span style=\"color: #000000\"><span style=\"font-family: Georgia, serif\"><span style=\"font-size: large\"><b><strong>Curr\u00edculo 2011<\/strong><\/b><\/span><\/span><\/span><\/p>\n\n\n\n<p><span style=\"color: #3366ff\"><span style=\"font-family: Poppins, sans-serif\"><span style=\"font-size: small\"><strong><span style=\"font-family: Georgia, serif\"><span style=\"font-size: medium\"><span lang=\"zxx\"><u><a style=\"color: #3366ff\" href=\"http:\/\/web.inf.ufpr.br\/infobiomedica\/wp-content\/uploads\/sites\/3\/2017\/09\/Res19_10_COUN.pdf\">Resolu\u00e7\u00e3o COUN N. 19\/10 &#8211; <\/a><a style=\"color: #3366ff\" href=\"http:\/\/web.inf.ufpr.br\/infobiomedica\/wp-content\/uploads\/sites\/3\/2017\/09\/Res19_10_COUN.pdf\" target=\"_blank\" rel=\"noopener\">Aprova\u00e7\u00e3o da cria\u00e7\u00e3o do curso de bacharel em Inform\u00e1tica Biom\u00e9dica.<\/a><\/u><\/span><\/span><\/span><\/strong><\/span><\/span><\/span><\/p>\n\n\n\n<p><span style=\"color: #3366ff\"><span style=\"font-family: Georgia, serif\"><span style=\"font-size: large\"><b><strong><a style=\"color: #3366ff\" href=\"http:\/\/web.inf.ufpr.br\/infobiomedica\/wp-content\/uploads\/sites\/3\/2017\/09\/ppc-bib.pdf\" target=\"_blank\" rel=\"noopener\"><span style=\"font-size: medium\"><span lang=\"zxx\"><u>Projeto Pedag\u00f3gico do Curso de Inform\u00e1tica Biom\u00e9dica<\/u><\/span><\/span><\/a><\/strong><\/b><\/span><\/span><\/span><\/p>\n\n\n\n<p><span style=\"color: #000000\"><span style=\"font-family: Georgia, serif\"><span style=\"font-size: large\"><b><strong><a href=\"http:\/\/web.inf.ufpr.br\/infobiomedica\/wp-content\/uploads\/sites\/3\/2017\/09\/CEPE_Resolucao_34_2010.pdf\" target=\"_blank\" rel=\"noopener\"><span style=\"color: #99cc00\"><span style=\"font-size: medium\"><span lang=\"zxx\"><u><span style=\"color: #3366ff\">Resolu\u00e7\u00e3o N. 34\/2010 &#8211; CEPE &#8211; Estabelece o Curr\u00edculo Pleno do Curso de Bacharelado em Inform\u00e1tica Biom\u00e9dica<\/span><\/u><\/span><\/span><\/span><\/a><\/strong><\/b><\/span><\/span><\/span><\/p>\n\n\n\n<p><span style=\"color: #000000\"><span style=\"font-family: Georgia, serif\"><span style=\"font-size: large\"><b><strong>Curr\u00edculo 2023<\/strong><\/b><\/span><\/span><\/span><\/p>\n\n\n\n<p><span style=\"color: #339966\"><a style=\"color: #339966\" href=\"http:\/\/web.inf.ufpr.br\/infobiomedica\/wp-content\/uploads\/sites\/3\/2023\/02\/Resolucao-75-22-CEPE.pdf\" target=\"_blank\" rel=\"noopener\"><strong>Resolu\u00e7\u00e3o CEPE N. 75\/10 &#8211; Estabelece o Curr\u00edculo de 2023 para o Curso de Bacharelado em Inform\u00e1tica Biom\u00e9dica.<\/strong><\/a><\/span><\/p>\n\n\n\n<p><strong><span style=\"color: #339966\"><a style=\"color: #339966\" rel=\"noopener\" href=\"http:\/\/web.inf.ufpr.br\/infobiomedica\/wp-content\/uploads\/sites\/3\/2023\/02\/PPC.pdf\" target=\"_blank\">Projeto Pedag\u00f3gico do Curso de Inform\u00e1tica Biom\u00e9dica *2023<\/a><\/span><\/strong><\/p>\n\n\n\n<p><span style=\"color: #000000\"><span style=\"font-family: Georgia, serif\"><span style=\"font-size: large\"><b><strong>Videos e Apresenta\u00e7\u00f5es<\/strong><\/b><\/span><\/span><\/span><\/p>\n\n\n\n<div class=\"wp-block-group\"><div class=\"wp-block-group__inner-container is-layout-constrained wp-block-group-is-layout-constrained\">\n<p><a href=\"https:\/\/youtu.be\/z845NQPiqEk\"><code>https:\/\/youtu.be\/z845NQPiqEk<\/code><\/a><\/p>\n\n\n\n<p><a href=\"https:\/\/youtube.com\/shorts\/aYxj92isSD4?feature=share\"><code>https:\/\/youtube.com\/shorts\/aYxj92isSD4?feature=share<\/code><\/a><\/p>\n<\/div><\/div>\n","protected":false},"excerpt":{"rendered":"<p>Curr\u00edculo 2011 Resolu\u00e7\u00e3o COUN N. 19\/10 &#8211; Aprova\u00e7\u00e3o da cria\u00e7\u00e3o do curso de bacharel em Inform\u00e1tica Biom\u00e9dica. Projeto Pedag\u00f3gico do Curso de Inform\u00e1tica Biom\u00e9dica Resolu\u00e7\u00e3o N. 34\/2010 &#8211; CEPE &#8211; Estabelece o Curr\u00edculo Pleno do Curso de Bacharelado em Inform\u00e1tica Biom\u00e9dica Curr\u00edculo 2023 Resolu\u00e7\u00e3o CEPE N. 75\/10 &#8211; Estabelece o Curr\u00edculo de 2023 para o&hellip;<\/p>\n","protected":false},"author":7,"featured_media":0,"parent":0,"menu_order":0,"comment_status":"closed","ping_status":"closed","template":"","meta":{"footnotes":""},"class_list":["post-155","page","type-page","status-publish","hentry"],"_links":{"self":[{"href":"https:\/\/web.inf.ufpr.br\/infobiomedica\/wp-json\/wp\/v2\/pages\/155","targetHints":{"allow":["GET"]}}],"collection":[{"href":"https:\/\/web.inf.ufpr.br\/infobiomedica\/wp-json\/wp\/v2\/pages"}],"about":[{"href":"https:\/\/web.inf.ufpr.br\/infobiomedica\/wp-json\/wp\/v2\/types\/page"}],"author":[{"embeddable":true,"href":"https:\/\/web.inf.ufpr.br\/infobiomedica\/wp-json\/wp\/v2\/users\/7"}],"replies":[{"embeddable":true,"href":"https:\/\/web.inf.ufpr.br\/infobiomedica\/wp-json\/wp\/v2\/comments?post=155"}],"version-history":[{"count":5,"href":"https:\/\/web.inf.ufpr.br\/infobiomedica\/wp-json\/wp\/v2\/pages\/155\/revisions"}],"predecessor-version":[{"id":472,"href":"https:\/\/web.inf.ufpr.br\/infobiomedica\/wp-json\/wp\/v2\/pages\/155\/revisions\/472"}],"wp:attachment":[{"href":"https:\/\/web.inf.ufpr.br\/infobiomedica\/wp-json\/wp\/v2\/media?parent=155"}],"curies":[{"name":"wp","href":"https:\/\/api.w.org\/{rel}","templated":true}]}}