{"id":121,"date":"2017-08-30T18:48:29","date_gmt":"2017-08-30T21:48:29","guid":{"rendered":"http:\/\/web.inf.ufpr.br\/infobiomedica\/?page_id=121"},"modified":"2023-03-02T18:50:10","modified_gmt":"2023-03-02T21:50:10","slug":"perguntas-frequentes-2","status":"publish","type":"page","link":"https:\/\/web.inf.ufpr.br\/infobiomedica\/perguntas-frequentes-2\/","title":{"rendered":"Perguntas Frequentes"},"content":{"rendered":"<p><span style=\"color: #000000\"><span style=\"font-family: Georgia,serif\"><span style=\"font-size: medium\">Segue abaixo a compila\u00e7\u00e3o das perguntas mais frequentes sobre as atividades formativas (AF):<\/span><\/span><\/span><\/p>\n<p align=\"justify\"><strong><span style=\"color: #000000\"><span style=\"font-family: Georgia, serif\"><span style=\"font-size: medium\">1 \u2192<\/span><\/span><\/span><span style=\"color: #000000\"><span style=\"font-family: Georgia,serif\"><span style=\"font-size: medium\">Quais as normas gerais de atividades formativas (AFs)? <\/span><\/span><\/span><\/strong><\/p>\n<ul>\n<li style=\"list-style-type: none\">\n<ul>\n<li><span style=\"color: #000000\"><span style=\"font-family: Georgia,serif\"><span style=\"font-size: medium\">Para o curr\u00edculo 2011, o(a) estudante dever\u00e1 totalizar 480 horas obtidas em pelo menos 3 tipos distintos de atividade. As normas est\u00e3o dispon\u00edveis online, <a href=\"http:\/\/web.inf.ufpr.br\/infobiomedica\/wp-content\/uploads\/sites\/3\/2017\/08\/AtividadesFormativas_formulario-IBM.odt\"><span style=\"color: #008000\">Aqui.<\/span><\/a><\/span><\/span><\/span><\/li>\n<li><span style=\"color: #000000\"><span style=\"font-family: Georgia,serif\"><span style=\"font-size: medium\">Para o curr\u00edculo 2023, o(a) estudante dever\u00e1 totalizar 80 horas obtidas em pelo menos 3 tipos distintos de atividade. As normas est\u00e3o dispon\u00edveis online, <a href=\"http:\/\/web.inf.ufpr.br\/infobiomedica\/wp-content\/uploads\/sites\/3\/2017\/08\/AtividadesFormativas_formulario-IBM.odt\"><span style=\"color: #008000\">Aqui.<\/span><\/a><\/span><\/span><\/span><\/li>\n<\/ul>\n<\/li>\n<\/ul>\n<p align=\"justify\"><strong><span style=\"color: #000000\"><span style=\"font-family: Georgia, serif\"><span style=\"font-size: medium\">2 \u2192<\/span><\/span><\/span><span style=\"color: #000000\"><span style=\"font-family: Georgia, serif\"><span style=\"font-size: medium\">Como solicito o registro de minhas horas formativas?<\/span><\/span><\/span><\/strong><\/p>\n<ul>\n<li style=\"list-style-type: none\">\n<ul>\n<li>\n<p align=\"justify\"><span style=\"color: #000000\"><span style=\"font-family: Open Sans, serif\"><span style=\"font-size: medium\"><span style=\"font-family: Georgia, serif\">Ao final de cada per\u00edodo letivo, a comiss\u00e3o de Atividades Formativas do IBM (CAF) abre uma sala no <span style=\"color: #339966\"><a style=\"color: #339966\" href=\"http:\/\/moodle.c3sl.ufpr.br\/\">Moodle do C3SL<\/a><\/span> para receber as solicita\u00e7\u00f5es de registro de Atividades Formativas, com seus respectivos comprovantes.<\/span><\/span><\/span><\/span><\/p>\n<\/li>\n<\/ul>\n<\/li>\n<\/ul>\n<p align=\"justify\"><strong><span style=\"color: #000000\"><span style=\"font-family: Georgia, serif\"><span style=\"font-size: medium\">3 \u2192<\/span><\/span><\/span><span style=\"color: #000000\"><span style=\"font-family: Georgia,serif\"><span style=\"font-size: medium\">Quando as AFs aparecem<\/span><\/span><\/span><span style=\"color: #000000\"><span style=\"font-family: Georgia,serif\"><span style=\"font-size: medium\"> no SIGA?<\/span><\/span><\/span><\/strong><\/p>\n<ul>\n<li style=\"list-style-type: none\">\n<ul>\n<li><span style=\"color: #000000\"><span style=\"font-family: Georgia,serif\"><span style=\"font-size: medium\">Ap\u00f3s a solicita\u00e7\u00e3o de horas de atividades formativas ser enviado pelo(a) aluno(a) \u00e0 comiss\u00e3o de atividades formativas via moodle; realizar-se a delibera\u00e7\u00e3o do pedido pela Comiss\u00e3o, assim, repassada a secret\u00e1ria o resultado, esta ter\u00e1 a incumb\u00eancia de lan\u00e7ar as horas no SIGA. Todas as etapas devem ser realizadas at\u00e9 o \u00faltimo dia de lan\u00e7amento de atividades formativas segundo o calend\u00e1rio acad\u00eamico da UFPR.<\/span><\/span><\/span><\/li>\n<\/ul>\n<\/li>\n<\/ul>\n<p align=\"justify\"><strong><span style=\"color: #000000\"><span style=\"font-family: Georgia, serif\"><span style=\"font-size: medium\">4 \u2192<\/span><\/span><\/span><span style=\"color: #000000\"><span style=\"font-family: Georgia,serif\"><span style=\"font-size: medium\">Se n\u00e3o tive retorno do meu pedido, quer dizer que terei as horas aprovadas? <\/span><\/span><\/span><\/strong><\/p>\n<ul>\n<li style=\"list-style-type: none\">\n<ul>\n<li><span style=\"color: #000000\"><span style=\"font-family: Georgia,serif\"><span style=\"font-size: medium\">N\u00e3o, todo pedido deve ser aprovado pela comiss\u00e3o de AFs e devolvido \u00e0 secret\u00e1ria do curso, que lan\u00e7ar\u00e1 as AFs no SIGA e informar\u00e1 os estudantes.<\/span><\/span><\/span><\/li>\n<\/ul>\n<\/li>\n<\/ul>\n<p align=\"justify\"><strong><span style=\"color: #000000\"><span style=\"font-family: Georgia, serif\"><span style=\"font-size: medium\">5 \u2192<\/span><\/span><\/span><span style=\"color: #000000\"><span style=\"font-family: Georgia,serif\"><span style=\"font-size: medium\">Como incluir os est\u00e1gios? <\/span><\/span><\/span><\/strong><\/p>\n<ul>\n<li style=\"list-style-type: none\">\n<ul>\n<li><span style=\"color: #000000\"><span style=\"font-family: Georgia,serif\"><span style=\"font-size: medium\">Voc\u00ea dever\u00e1 anexar o certificado emitido pela Coordena\u00e7\u00e3o de Atividades Formativas e Est\u00e1gios (COAFE) da UFPR, ou uma declara\u00e7\u00e3o (constando in\u00edcio e fim) assinada pela empresa onde voc\u00ea fez o est\u00e1gio. Mais informa\u00e7\u00f5es sobre a emiss\u00e3o de certificados em<span style=\"color: #339966\"><a style=\"color: #339966\" href=\"http:\/\/www.prograd.ufpr.br\/portal\/coafe\/ue\/certificados\/\"> COAFE &#8211; Unidade de Est\u00e1gio.<\/a><\/span>\u00a0<\/span><\/span><\/span><\/li>\n<\/ul>\n<\/li>\n<\/ul>\n<p align=\"justify\"><strong><span style=\"color: #000000\"><span style=\"font-family: Georgia, serif\"><span style=\"font-size: medium\">6 \u2192<\/span><\/span><\/span><span style=\"color: #000000\"><span style=\"font-family: Georgia,serif\"><span style=\"font-size: medium\">Como devo lan\u00e7ar minha participa\u00e7\u00e3o no C3SL? <\/span><\/span><\/span><\/strong><\/p>\n<ul>\n<li style=\"list-style-type: none\">\n<ul>\n<li><span style=\"color: #000000\"><span style=\"font-family: Georgia,serif\"><span style=\"font-size: medium\">Pode-se pontuar como est\u00e1gio ou inicia\u00e7\u00e3o cient\u00edfica, dependendo de como seu orientador entende sua participa\u00e7\u00e3o no projeto, por\u00e9m nenhuma atividade poder\u00e1 ser pontuada mais de uma vez.<\/span><\/span><\/span><\/li>\n<\/ul>\n<\/li>\n<\/ul>\n<p align=\"justify\"><strong><span style=\"color: #000000\"><span style=\"font-family: Georgia, serif\"><span style=\"font-size: medium\">7 \u2192<\/span><\/span><\/span><span style=\"color: #000000\"><span style=\"font-family: Georgia,serif\"><span style=\"font-size: medium\">Como incluir cursos de l\u00ednguas? <\/span><\/span><\/span><\/strong><\/p>\n<ul>\n<li style=\"list-style-type: none\">\n<ul>\n<li><span style=\"color: #000000\"><span style=\"font-family: Georgia,serif\"><span style=\"font-size: medium\">Basta apresentar um comprovantes contando a carga hor\u00e1ria do curso. Lembrando que os anos de curso devem coincidir com os anos de gradua\u00e7\u00e3o. Cursos anteriores n\u00e3o ser\u00e3o aceitos.<\/span><\/span><\/span><\/li>\n<\/ul>\n<\/li>\n<\/ul>\n<p align=\"justify\"><strong><span style=\"color: #000000\"><span style=\"font-family: Georgia, serif\"><span style=\"font-size: medium\">8 \u2192<\/span><\/span><\/span><span style=\"color: #000000\"><span style=\"font-family: Georgia,serif\"><span style=\"font-size: medium\">Tenho cursos e atividades feitas antes de ingressar no curso, posso us\u00e1-las como AFs?<\/span><\/span><\/span><\/strong><\/p>\n<ul>\n<li style=\"list-style-type: none\">\n<ul>\n<li><span style=\"color: #000000\"><span style=\"font-family: Georgia,serif\"><span style=\"font-size: medium\">N\u00e3o pode. A resolu\u00e7\u00e3o 70\/04 CEPE\/UFPR define as AFs e diz, no artigo 6\u00ba: \u201c<em>as atividades formativas ser\u00e3o realizadas\u00a0<strong>no decorrer dos cursos de gradua\u00e7\u00e3o<\/strong>\u00a0ou dos cursos de ensino profissionalizante, mediante acompanhamento definido pelos colegiados de curso e far\u00e3o parte do hist\u00f3rico escolar do aluno<\/em>\u201c.<\/span><\/span><\/span><\/li>\n<\/ul>\n<\/li>\n<\/ul>\n<p align=\"justify\"><strong><span style=\"color: #000000\"><span style=\"font-family: Georgia, serif\"><span style=\"font-size: medium\">9 \u2192<\/span><\/span><\/span><span style=\"color: #000000\"><span style=\"font-family: Georgia,serif\"><span style=\"font-size: medium\">Quantas horas de AFs v\u00e3o constar em meu hist\u00f3rico? <\/span><\/span><\/span><\/strong><\/p>\n<ul>\n<li style=\"list-style-type: none\">\n<ul>\n<li><span style=\"color: #000000\"><span style=\"font-family: Georgia,serif\"><span style=\"font-size: medium\">Curr\u00edculo 2011: Ir\u00e1 constar apenas &#8220;Atividades Formativas: 480 horas, aprovado&#8221;.<\/span><\/span><\/span><\/li>\n<li><span style=\"color: #000000\"><span style=\"font-family: Georgia,serif\"><span style=\"font-size: medium\">Curr\u00edculo 2023: Ir\u00e1 constar apenas &#8220;Atividades Formativas: 80 horas, aprovado&#8221;.<\/span><\/span><\/span><\/li>\n<\/ul>\n<\/li>\n<\/ul>\n<p align=\"justify\"><strong><span style=\"color: #000000\"><span style=\"font-family: Georgia, serif\"><span style=\"font-size: medium\">10 \u2192<\/span><\/span><\/span><span style=\"color: #000000\"><span style=\"font-family: Georgia,serif\"><span style=\"font-size: medium\">Dono de empresa ou Emprego formal com carteira assinada ser\u00e1 considerado como AF? <\/span><\/span><\/span><\/strong><\/p>\n<ul>\n<li style=\"list-style-type: none\">\n<ul>\n<li><span style=\"color: #000000\"><span style=\"font-family: Georgia,serif\"><span style=\"font-size: medium\">S\u00f3 ser\u00e3o considerados os est\u00e1gios validados pela Central Geral de Est\u00e1gios (CGE).<\/span><\/span><\/span><\/li>\n<\/ul>\n<\/li>\n<\/ul>\n<p><span style=\"color: #000000\"><span style=\"font-family: Georgia,serif\"><span style=\"font-size: medium\"><b>11<\/b><\/span><\/span><\/span><span style=\"color: #000000\"><span style=\"font-family: Georgia, serif\"><span style=\"font-size: medium\">\u2192<\/span><\/span><\/span><span style=\"color: #000000\"><span style=\"font-family: Georgia,serif\"><span style=\"font-size: medium\"><b>Disciplinas optativas<\/b> podem ser computada como AFs? <\/span><\/span><\/span><\/p>\n<ul>\n<li style=\"list-style-type: none\">\n<ul>\n<li><span style=\"color: #000000\"><span style=\"font-family: Georgia,serif\"><span style=\"font-size: medium\">N\u00e3o. Apenas as disciplinas que n\u00e3o constam da grade oficial do seu curso, mas que s\u00e3o ofertadas pela UFPR (<b>eletiva<\/b>), ou outra institui\u00e7\u00e3o de ensino superior (<b>isolada<\/b>). Para comprova\u00e7\u00e3o em eletivas ou isoladas, o hist\u00f3rico escolar basta.<\/span><\/span><\/span><\/li>\n<\/ul>\n<\/li>\n<\/ul>\n<p align=\"justify\"><strong><span style=\"color: #000000\"><span style=\"font-family: Georgia, serif\"><span style=\"font-size: medium\">12 \u2192<\/span><\/span><\/span><span style=\"color: #000000\"><span style=\"font-family: Georgia,serif\"><span style=\"font-size: medium\">Cursos feitos na semana acad\u00eamica, forum, workshops, certifica\u00e7\u00f5es e participa\u00e7\u00f5es em eventos valem? <\/span><\/span><\/span><\/strong><\/p>\n<ul>\n<li style=\"list-style-type: none\">\n<ul>\n<li><span style=\"color: #000000\"><span style=\"font-family: Georgia,serif\"><span style=\"font-size: medium\">Sim, desde que beneficiem a forma\u00e7\u00e3o acad\u00eamica do(a) estudante e comprovados com carga hor\u00e1ria descrita em certificado.<\/span><\/span><\/span><\/li>\n<\/ul>\n<\/li>\n<\/ul>\n<p align=\"justify\"><strong><span style=\"color: #000000\"><span style=\"font-family: Georgia, serif\"><span style=\"font-size: medium\">13 \u2192<\/span><\/span><\/span><\/strong><span style=\"color: #000000\"><span style=\"font-family: Georgia,serif\"><span style=\"font-size: medium\"><strong>A participa\u00e7\u00e3o em eventos n\u00e3o diretamente ligados a inform\u00e1tica podem ser usados (ex. I Bienal da M\u00fasica)?<\/strong> <\/span><\/span><\/span><\/p>\n<ul>\n<li style=\"list-style-type: none\">\n<ul>\n<li><span style=\"color: #000000\"><span style=\"font-family: Georgia,serif\"><span style=\"font-size: medium\">Curr\u00edculo 2011: Sim, como extens\u00e3o.<\/span><\/span><\/span><\/li>\n<li><span style=\"color: #000000\"><span style=\"font-family: Georgia,serif\"><span style=\"font-size: medium\">Curr\u00edculo 2023: Sim, como &#8220;Atividades Culturais&#8221; ou &#8220;Participa\u00e7\u00e3o em Semin\u00e1rios&#8221;.<\/span><\/span><\/span><\/li>\n<\/ul>\n<\/li>\n<\/ul>\n<p align=\"justify\"><strong><span style=\"color: #000000\"><span style=\"font-family: Georgia, serif\"><span style=\"font-size: medium\">14 \u2192<\/span><\/span><\/span><\/strong><span style=\"color: #000000\"><span style=\"font-family: Georgia,serif\"><span style=\"font-size: medium\"><strong>Como devo lan\u00e7ar as horas em atividades n\u00e3o previstas?<\/strong> <\/span><\/span><\/span><\/p>\n<ul>\n<li style=\"list-style-type: none\">\n<ul>\n<li><span style=\"color: #000000\"><span style=\"font-family: Georgia,serif\"><span style=\"font-size: medium\">Basta utilizar o campo &#8220;Outros&#8221; do formul\u00e1rio para tal.<\/span><\/span><\/span><\/li>\n<\/ul>\n<\/li>\n<\/ul>\n<p align=\"justify\"><strong><span style=\"color: #000000\"><span style=\"font-family: Georgia, serif\"><span style=\"font-size: medium\">15 \u2192<\/span><\/span><\/span><\/strong><span style=\"color: #000000\"><span style=\"font-family: Georgia,serif\"><span style=\"font-size: medium\"><strong>Como provar a participa\u00e7\u00e3o em DCE ou Centro Acad\u00eamico?<\/strong> <\/span><\/span><\/span><\/p>\n<ul>\n<li style=\"list-style-type: none\">\n<ul>\n<li><span style=\"color: #000000\"><span style=\"font-family: Georgia,serif\"><span style=\"font-size: medium\">Pode ser atrav\u00e9s da ata oficial de nomea\u00e7\u00e3o das chapas. Mas a comiss\u00e3o prefere que seja utilizado um atestado onde conste os semestres atuantes.<\/span><\/span><\/span><\/li>\n<\/ul>\n<\/li>\n<\/ul>\n<p align=\"justify\"><strong><span style=\"color: #000000\"><span style=\"font-family: Georgia, serif\"><span style=\"font-size: medium\">16 \u2192<\/span><\/span><\/span><\/strong><span style=\"color: #000000\"><span style=\"font-family: Georgia,serif\"><span style=\"font-size: medium\"><strong>Posso enviar pedido parcial das horas e completar as demais em outro momento? N\u00e3o.<\/strong> <\/span><\/span><\/span><\/p>\n<ul>\n<li style=\"list-style-type: none\">\n<ul>\n<li><span style=\"color: #000000\"><span style=\"font-family: Georgia,serif\"><span style=\"font-size: medium\">Ser\u00e3o avaliadas apenas os pedidos que cumprem as normas (480h) para 2011 e (80h) para 2023.<\/span><\/span><\/span><\/li>\n<\/ul>\n<\/li>\n<\/ul>\n<p align=\"justify\"><strong><span style=\"color: #000000\"><span style=\"font-family: Georgia, serif\"><span style=\"font-size: medium\">17 \u2192<\/span><\/span><\/span><\/strong><span style=\"color: #000000\"><span style=\"font-family: Georgia,serif\"><span style=\"font-size: medium\"><strong>Posso enviar o pedido por e-mail?<\/strong> <\/span><\/span><\/span><\/p>\n<ul>\n<li style=\"list-style-type: none\">\n<ul>\n<li><span style=\"color: #000000\"><span style=\"font-family: Georgia,serif\"><span style=\"font-size: medium\">N\u00e3o ser\u00e3o aceitos pedidos ou comprovantes por e-mail. Todos documentos devem ser entregues pelos meios informados pela comiss\u00e3o de AFs (impressos na secretaria do curso ou pelo Moodle).<\/span><\/span><\/span><\/li>\n<\/ul>\n<\/li>\n<\/ul>\n<p align=\"justify\"><strong><span style=\"color: #000000\"><span style=\"font-family: Georgia, serif\"><span style=\"font-size: medium\">18 \u2192<\/span><\/span><\/span><\/strong><span style=\"color: #000000\"><span style=\"font-family: Georgia,serif\"><span style=\"font-size: medium\"><strong>Posso me formar sem aprova\u00e7\u00e3o das AFs?<\/strong> <\/span><\/span><\/span><\/p>\n<ul>\n<li style=\"list-style-type: none\">\n<ul>\n<li><span style=\"color: #000000\"><span style=\"font-family: Georgia,serif\"><span style=\"font-size: medium\">N\u00e3o existe tal possibilidade.<\/span><\/span><\/span><\/li>\n<\/ul>\n<\/li>\n<\/ul>\n<p align=\"justify\"><strong><span style=\"color: #000000\"><span style=\"font-family: Georgia, serif\"><span style=\"font-size: medium\">19 \u2192<\/span><\/span><\/span><\/strong><span style=\"color: #000000\"><span style=\"font-family: Georgia,serif\"><span style=\"font-size: medium\"><strong>Como obter mais horas de atividade formativas?<\/strong> <\/span><\/span><\/span><\/p>\n<ul>\n<li style=\"list-style-type: none\">\n<ul>\n<li><span style=\"color: #000000\"><span style=\"font-family: Georgia,serif\"><span style=\"font-size: medium\">Veja a lista de atividades formativas presente no formul\u00e1rio\/normas ou converse com algum membro da comiss\u00e3o de AFs.<\/span><\/span><\/span><\/li>\n<\/ul>\n<\/li>\n<\/ul>\n<p align=\"justify\"><strong><span style=\"color: #000000\"><span style=\"font-family: Georgia, serif\"><span style=\"font-size: medium\">20 \u2192<\/span><\/span><\/span><\/strong><span style=\"color: #000000\"><span style=\"font-family: Georgia,serif\"><span style=\"font-size: medium\"><strong>Qual o e-mail para demais d\u00favidas?<\/strong> <\/span><\/span><\/span><\/p>\n<ul>\n<li style=\"list-style-type: none\">\n<ul>\n<li><span style=\"color: #339966\"><span style=\"font-family: Georgia,serif\"><span style=\"font-size: medium\"><b>ibm-caf@inf.ufpr.br<\/b><\/span><\/span><\/span><\/li>\n<\/ul>\n<\/li>\n<\/ul>\n","protected":false},"excerpt":{"rendered":"<p>Segue abaixo a compila\u00e7\u00e3o das perguntas mais frequentes sobre as atividades formativas (AF): 1 \u2192Quais as normas gerais de atividades formativas (AFs)? Para o curr\u00edculo 2011, o(a) estudante dever\u00e1 totalizar 480 horas obtidas em pelo menos 3 tipos distintos de atividade. As normas est\u00e3o dispon\u00edveis online, Aqui. Para o curr\u00edculo 2023, o(a) estudante dever\u00e1 totalizar&hellip;<\/p>\n","protected":false},"author":7,"featured_media":0,"parent":0,"menu_order":0,"comment_status":"closed","ping_status":"closed","template":"","meta":{"footnotes":""},"class_list":["post-121","page","type-page","status-publish","hentry"],"_links":{"self":[{"href":"https:\/\/web.inf.ufpr.br\/infobiomedica\/wp-json\/wp\/v2\/pages\/121","targetHints":{"allow":["GET"]}}],"collection":[{"href":"https:\/\/web.inf.ufpr.br\/infobiomedica\/wp-json\/wp\/v2\/pages"}],"about":[{"href":"https:\/\/web.inf.ufpr.br\/infobiomedica\/wp-json\/wp\/v2\/types\/page"}],"author":[{"embeddable":true,"href":"https:\/\/web.inf.ufpr.br\/infobiomedica\/wp-json\/wp\/v2\/users\/7"}],"replies":[{"embeddable":true,"href":"https:\/\/web.inf.ufpr.br\/infobiomedica\/wp-json\/wp\/v2\/comments?post=121"}],"version-history":[{"count":8,"href":"https:\/\/web.inf.ufpr.br\/infobiomedica\/wp-json\/wp\/v2\/pages\/121\/revisions"}],"predecessor-version":[{"id":542,"href":"https:\/\/web.inf.ufpr.br\/infobiomedica\/wp-json\/wp\/v2\/pages\/121\/revisions\/542"}],"wp:attachment":[{"href":"https:\/\/web.inf.ufpr.br\/infobiomedica\/wp-json\/wp\/v2\/media?parent=121"}],"curies":[{"name":"wp","href":"https:\/\/api.w.org\/{rel}","templated":true}]}}