{"id":118,"date":"2017-08-30T18:45:41","date_gmt":"2017-08-30T21:45:41","guid":{"rendered":"http:\/\/web.inf.ufpr.br\/infobiomedica\/?page_id=118"},"modified":"2023-03-02T18:44:21","modified_gmt":"2023-03-02T21:44:21","slug":"fluxo-para-solicitacoes","status":"publish","type":"page","link":"https:\/\/web.inf.ufpr.br\/infobiomedica\/fluxo-para-solicitacoes\/","title":{"rendered":"Passo a Passo"},"content":{"rendered":"<h1 class=\"western\"><span style=\"color: #000000\"><span style=\"font-family: Georgia,serif\"><span style=\"font-size: medium\">Resumo:<\/span><\/span><\/span><\/h1>\n<p><span style=\"color: #000000\"><span style=\"font-family: Georgia, serif\"><span style=\"font-size: medium\">Ao longo do curso, o(a) estudante deve realizar atividades formativas previstas nas <span style=\"color: #339966\"><a style=\"color: #339966\" href=\"https:\/\/web.inf.ufpr.br\/infobiomedica\/wp-content\/uploads\/sites\/3\/2017\/08\/2011-AtividadesFormativas.pdf\">regras de AFs<\/a><\/span>, lembrando sempre de guardar os comprovantes das mesmas, com descri\u00e7\u00e3o de cada atividade realizada e sua carga hor\u00e1ria total.<\/span><\/span><\/span><\/p>\n<p align=\"justify\"><span style=\"color: #000000\"><span style=\"font-family: Georgia, serif\"><span style=\"font-size: medium\">1 \u2192 No \u00faltimo per\u00edodo do curso, o(a) estudante deve solicitar o registro de suas atividades formativas.<\/span><\/span><\/span><\/p>\n<p align=\"justify\"><span style=\"color: #000000\"><span style=\"font-family: Georgia, serif\"><span style=\"font-size: medium\">2 <\/span><\/span><\/span><span style=\"color: #000000\"><span style=\"font-family: Georgia, serif\"><span style=\"font-size: medium\">\u2192 <\/span><\/span><\/span><span style=\"color: #000000\"><span style=\"font-family: Georgia, serif\"><span style=\"font-size: medium\">Perto do final de cada per\u00edodo letivo, a Comiss\u00e3o de Atividades Formativas do curso (CAF) abre uma sala no <\/span><\/span><\/span><span style=\"color: #339966\"><span style=\"font-family: Georgia, serif\"><span style=\"font-size: medium\"><a style=\"color: #339966\" href=\"http:\/\/moodle.c3sl.ufpr.br\/\">Moodle do C3SL<\/a> <\/span><\/span><\/span><span style=\"color: #000000\"><span style=\"font-family: Georgia, serif\"><span style=\"font-size: medium\">para receber as solicita\u00e7\u00f5es de registro de Atividades Formativas, com seus respectivos comprovantes.<\/span><\/span><\/span><\/p>\n<p align=\"justify\"><span style=\"font-family: Georgia, serif\"><span style=\"color: #000000\"><span style=\"font-size: medium\">3 <\/span><\/span><span style=\"color: #000000\"><span style=\"font-size: medium\">\u2192 <\/span><\/span><span style=\"color: #000000\"><span style=\"font-size: medium\">Em seguida, a comiss\u00e3o se re\u00fane para avaliar as solicita\u00e7\u00f5es e informar o resultado \u00e0 secretaria do curso.<\/span><\/span><\/span><\/p>\n<p align=\"justify\"><span style=\"font-family: Georgia, serif\"><span style=\"color: #000000\"><span style=\"font-size: medium\">4 <\/span><\/span><span style=\"color: #000000\"><span style=\"font-size: medium\">\u2192<\/span><\/span><span style=\"color: #000000\"><span style=\"font-size: medium\"> A secretaria do curso lan\u00e7a as horas de AFs no sistema acad\u00eamico e informa os(as) estudantes por e-mail.<\/span><\/span><\/span><\/p>\n<p align=\"justify\"><span style=\"color: #000000\"><span style=\"font-family: Georgia, serif\"><span style=\"font-size: medium\">5 <\/span><\/span><\/span><span style=\"color: #000000\"><span style=\"font-family: Georgia, serif\"><span style=\"font-size: medium\">\u2192 <\/span><\/span><\/span><span style=\"color: #000000\"><span style=\"font-family: Georgia, serif\"><span style=\"font-size: medium\">Eventuais contesta\u00e7\u00f5es sobre a avalia\u00e7\u00e3o da comiss\u00e3o podem ser feitas pelos(as) estudantes por meio de recurso \u00e0 CAF, por e-mail \u00e0 secretaria (<\/span><\/span><\/span><span style=\"color: #000000\"><span style=\"font-family: Georgia, serif\"><span style=\"font-size: medium\">ibm<\/span><\/span><\/span><span style=\"color: #000000\"><span style=\"font-family: Georgia, serif\"><span style=\"font-size: medium\">@inf.ufpr.br<\/span><\/span><\/span><span style=\"color: #000000\"><span style=\"font-family: Georgia, serif\"><span style=\"font-size: medium\">)<\/span><\/span><\/span><\/p>\n","protected":false},"excerpt":{"rendered":"<p>Resumo: Ao longo do curso, o(a) estudante deve realizar atividades formativas previstas nas regras de AFs, lembrando sempre de guardar os comprovantes das mesmas, com descri\u00e7\u00e3o de cada atividade realizada e sua carga hor\u00e1ria total. 1 \u2192 No \u00faltimo per\u00edodo do curso, o(a) estudante deve solicitar o registro de suas atividades formativas. 2 \u2192 Perto&hellip;<\/p>\n","protected":false},"author":7,"featured_media":0,"parent":0,"menu_order":0,"comment_status":"closed","ping_status":"closed","template":"","meta":{"footnotes":""},"class_list":["post-118","page","type-page","status-publish","hentry"],"_links":{"self":[{"href":"https:\/\/web.inf.ufpr.br\/infobiomedica\/wp-json\/wp\/v2\/pages\/118","targetHints":{"allow":["GET"]}}],"collection":[{"href":"https:\/\/web.inf.ufpr.br\/infobiomedica\/wp-json\/wp\/v2\/pages"}],"about":[{"href":"https:\/\/web.inf.ufpr.br\/infobiomedica\/wp-json\/wp\/v2\/types\/page"}],"author":[{"embeddable":true,"href":"https:\/\/web.inf.ufpr.br\/infobiomedica\/wp-json\/wp\/v2\/users\/7"}],"replies":[{"embeddable":true,"href":"https:\/\/web.inf.ufpr.br\/infobiomedica\/wp-json\/wp\/v2\/comments?post=118"}],"version-history":[{"count":7,"href":"https:\/\/web.inf.ufpr.br\/infobiomedica\/wp-json\/wp\/v2\/pages\/118\/revisions"}],"predecessor-version":[{"id":544,"href":"https:\/\/web.inf.ufpr.br\/infobiomedica\/wp-json\/wp\/v2\/pages\/118\/revisions\/544"}],"wp:attachment":[{"href":"https:\/\/web.inf.ufpr.br\/infobiomedica\/wp-json\/wp\/v2\/media?parent=118"}],"curies":[{"name":"wp","href":"https:\/\/api.w.org\/{rel}","templated":true}]}}