{"id":115,"date":"2017-08-30T18:44:30","date_gmt":"2017-08-30T21:44:30","guid":{"rendered":"http:\/\/web.inf.ufpr.br\/infobiomedica\/?page_id=115"},"modified":"2023-03-02T18:32:05","modified_gmt":"2023-03-02T21:32:05","slug":"fomularios-e-normas","status":"publish","type":"page","link":"https:\/\/web.inf.ufpr.br\/infobiomedica\/fomularios-e-normas\/","title":{"rendered":"Fomul\u00e1rios e Normas"},"content":{"rendered":"<p><span style=\"color: #000000\"><span style=\"font-family: Georgia,serif\"><span style=\"font-size: medium\">As normas que regulamentam a valida\u00e7\u00e3o das Atividades Formativas encontra-se <a href=\"http:\/\/web.inf.ufpr.br\/infobiomedica\/wp-content\/uploads\/sites\/3\/2017\/08\/2011-AtividadesFormativas.pdf\" target=\"_blank\" rel=\"noopener\"><span style=\"color: #008000\">aqui<\/span><\/a> para o curr\u00edculo de 2011. Encontra-se <span style=\"color: #008000\"><a style=\"color: #008000\" href=\"http:\/\/web.inf.ufpr.br\/infobiomedica\/wp-content\/uploads\/sites\/3\/2023\/03\/Atividades-Formativas.pdf\" target=\"_blank\" rel=\"noopener\">aqui<\/a><\/span> para o curr\u00edculo de 2023.<\/span><\/span><\/span><\/p>\n<p><span style=\"color: #000000\"><span style=\"font-family: Georgia, serif\"><span style=\"font-size: medium\">Em nosso curso, as atividades formativas s\u00e3o avaliadas por uma Comiss\u00e3o de Atividades Formativas (CAF) no final de cada per\u00edodo letivo. A CAF informa periodicamente as alunas e os alunos sobre a forma e prazo de entrega da documenta\u00e7\u00e3o comprobat\u00f3ria das atividades formativas. Atualmente a comiss\u00e3o de atividades formativas do IBM \u00e9 formada pelos seguintes membros:<\/span><\/span><\/span><\/p>\n<ul>\n<li><span style=\"color: #000000\"><span style=\"font-family: Georgia, serif\"><span style=\"font-size: medium\">Prof. Marco Antonio Zanata Alves<\/span><\/span><\/span><\/li>\n<li><span style=\"color: #000000\"><span style=\"font-family: Georgia, serif\"><span style=\"font-size: medium\">Prof. David Menotti<\/span><\/span><\/span><\/li>\n<li><span style=\"color: #000000\"><span style=\"font-family: Georgia, serif\"><span style=\"font-size: medium\">Prof. Bruno Muller Junior<\/span><\/span><\/span><\/li>\n<li><span style=\"color: #000000\"><span style=\"font-family: Georgia, serif\"><span style=\"font-size: medium\">Prof. Andrey Pimentel<\/span><\/span><\/span><\/li>\n<li><span style=\"color: #000000\"><span style=\"font-family: Georgia, serif\"><span style=\"font-size: medium\">Prof. Guilherme Alex Derenievicz<\/span><\/span><\/span><\/li>\n<li><span style=\"color: #000000\"><span style=\"font-family: Georgia, serif\"><span style=\"font-size: medium\">Prof. Paulo Ricardo Lisboa de Almeida<\/span><\/span><\/span><\/li>\n<\/ul>\n<p><span style=\"color: #000000\"><span style=\"font-family: Georgia, serif\"><span style=\"font-size: medium\">D\u00favidas sobre atividades formativas podem ser encaminhadas para a CAF no e-mail <span style=\"color: #339966\"><a style=\"color: #339966\" href=\"mailto:bcc-caf@inf.ufpr.br\">ibm-caf@inf.ufpr.br<\/a><\/span>.<\/span><\/span><\/span><\/p>\n","protected":false},"excerpt":{"rendered":"<p>As normas que regulamentam a valida\u00e7\u00e3o das Atividades Formativas encontra-se aqui para o curr\u00edculo de 2011. Encontra-se aqui para o curr\u00edculo de 2023. Em nosso curso, as atividades formativas s\u00e3o avaliadas por uma Comiss\u00e3o de Atividades Formativas (CAF) no final de cada per\u00edodo letivo. A CAF informa periodicamente as alunas e os alunos sobre a&hellip;<\/p>\n","protected":false},"author":7,"featured_media":0,"parent":0,"menu_order":0,"comment_status":"closed","ping_status":"closed","template":"","meta":{"footnotes":""},"class_list":["post-115","page","type-page","status-publish","hentry"],"_links":{"self":[{"href":"https:\/\/web.inf.ufpr.br\/infobiomedica\/wp-json\/wp\/v2\/pages\/115","targetHints":{"allow":["GET"]}}],"collection":[{"href":"https:\/\/web.inf.ufpr.br\/infobiomedica\/wp-json\/wp\/v2\/pages"}],"about":[{"href":"https:\/\/web.inf.ufpr.br\/infobiomedica\/wp-json\/wp\/v2\/types\/page"}],"author":[{"embeddable":true,"href":"https:\/\/web.inf.ufpr.br\/infobiomedica\/wp-json\/wp\/v2\/users\/7"}],"replies":[{"embeddable":true,"href":"https:\/\/web.inf.ufpr.br\/infobiomedica\/wp-json\/wp\/v2\/comments?post=115"}],"version-history":[{"count":8,"href":"https:\/\/web.inf.ufpr.br\/infobiomedica\/wp-json\/wp\/v2\/pages\/115\/revisions"}],"predecessor-version":[{"id":535,"href":"https:\/\/web.inf.ufpr.br\/infobiomedica\/wp-json\/wp\/v2\/pages\/115\/revisions\/535"}],"wp:attachment":[{"href":"https:\/\/web.inf.ufpr.br\/infobiomedica\/wp-json\/wp\/v2\/media?parent=115"}],"curies":[{"name":"wp","href":"https:\/\/api.w.org\/{rel}","templated":true}]}}