{"id":109,"date":"2017-08-30T18:36:56","date_gmt":"2017-08-30T21:36:56","guid":{"rendered":"http:\/\/web.inf.ufpr.br\/infobiomedica\/?page_id=109"},"modified":"2018-05-17T13:51:32","modified_gmt":"2018-05-17T16:51:32","slug":"perguntas-frequentes","status":"publish","type":"page","link":"https:\/\/web.inf.ufpr.br\/infobiomedica\/perguntas-frequentes\/","title":{"rendered":"Perguntas Frequentes"},"content":{"rendered":"<p><span style=\"color: #000000\"><span style=\"font-family: Georgia,serif\"><span style=\"font-size: medium\">Abaixo encontram-se compiladas as respostas para as principais d\u00favidas referentes ao est\u00e1gio n\u00e3o-obrigat\u00f3rio. As normas aprovadas no colegiado de IBM, encontram-se online,<a href=\"http:\/\/web.inf.ufpr.br\/infobiomedica\/wp-content\/uploads\/sites\/3\/2017\/08\/NormasCOE_20172.pdf\"><span style=\"color: #008000\">Aqui.<\/span><\/a><\/span><\/span><\/span><\/p>\n<ul>\n<li><span style=\"color: #000000\"><span style=\"font-family: Georgia,serif\"><span style=\"font-size: medium\">Junto ao\u00a0<u>contrato de est\u00e1gio<\/u>\u00a0\/\u00a0<u>relat\u00f3rio parcial ou final<\/u>\u00a0\/\u00a0<u>termos aditivos<\/u>, o aluno dever\u00e1 anexar\u00a0<b>uma c\u00f3pia<\/b>\u00a0atualizada (menos de 30 dias) de seu\u00a0<b>Hist\u00f3rico Escolar com IRA<\/b>. Esse hist\u00f3rico deve ser\u00a0<b>impresso diretamente do portal do aluno<\/b>\u00a0(sem necessidade da assinatura da coordena\u00e7\u00e3o).<\/span><\/span><\/span><\/li>\n<li><span style=\"color: #000000\"><span style=\"font-family: Georgia,serif\"><span style=\"font-size: medium\">Os contratos de est\u00e1gio que precisem de\u00a0<b>assinatura da\u00a0COE<\/b>\u00a0<b>e Coordena\u00e7\u00e3o do Curso\u00a0<\/b>devem ser deixados na secretaria (<b>j\u00e1 assinados pelo aluno e pelo orientador<\/b>). Os contratos poder\u00e3o ser retirados ap\u00f3s\u00a0<b>72 horas<\/b>\u00a0com a assinatura da\u00a0COE\u00a0e da coordena\u00e7\u00e3o.<\/span><\/span><\/span><\/li>\n<li><span style=\"color: #000000\"><span style=\"font-family: Georgia,serif\"><span style=\"font-size: medium\">Os est\u00e1gios devem estar em\u00a0<b>conformidade com o CGE<\/b>\u00a0(Central Geral de Est\u00e1gios) para que os mesmos possam ser utilizados em\u00a0<b>Atividades Formativas<\/b>\u00a0(atrav\u00e9s de atestado fornecido pelo CGE).<\/span><\/span><\/span><\/li>\n<li><span style=\"color: #000000\"><span style=\"font-family: Georgia,serif\"><span style=\"font-size: medium\">Segundo regulamento de IBM, o\u00a0est\u00e1gio n\u00e3o-obrigat\u00f3rio do Curso de IBM poder\u00e1 ser solicitado ap\u00f3s a\u00a0<b>conclus\u00e3o de todas disciplinas\u00a0dos\u00a0<\/b><u><b>tr\u00eas primeiros<\/b><\/u>\u00a0<b>semestres<\/b>\u00a0da periodiza\u00e7\u00e3o recomendada.<\/span><\/span><\/span><\/li>\n<li><span style=\"color: #000000\"><span style=\"font-family: Georgia,serif\"><span style=\"font-size: medium\">A Coordena\u00e7\u00e3o firmar\u00e1 contratos de est\u00e1gio apenas se o aluno obter\u00a0<b>aprova\u00e7\u00e3o em no m\u00ednimo 50% das\u00a0disciplinas cursadas no semestre anterior<\/b>.\u00a0Caso seja constatado preju\u00edzo ao\u00a0<b>desempenho acad\u00eamico do aluno<\/b>, a Coordena\u00e7\u00e3o poder\u00e1\u00a0solicitar \u00e0 unidade cedente a interrup\u00e7\u00e3o do est\u00e1gio.<\/span><\/span><\/span><\/li>\n<li><span style=\"color: #000000\"><span style=\"font-family: Georgia,serif\"><span style=\"font-size: medium\">A empresa\u00a0(local do est\u00e1gio) designar\u00e1 um\u00a0<b>supervisor<\/b>\u00a0de est\u00e1gios, da\u00a0<b>mesma \u00e1rea de forma\u00e7\u00e3o do\u00a0aluno ou \u00e1rea afim<\/b>. Al\u00e9m disso, as\u00a0<b>atividades a serem desenvolvidas<\/b>\u00a0no est\u00e1gio devem se enquadrar nas qualifica\u00e7\u00f5es do aluno.<\/span><\/span><\/span><\/li>\n<li><span style=\"color: #000000\"><span style=\"font-family: Georgia,serif\"><span style=\"font-size: medium\">Os alunos devem estar\u00a0<b>regularmente matriculados<\/b>\u00a0no curso para que os contratos possam ser firmados.<\/span><\/span><\/span><\/li>\n<li><span style=\"color: #000000\"><span style=\"font-family: Georgia,serif\"><span style=\"font-size: medium\">O\u00a0<\/span><\/span><\/span><span style=\"color: #000000\"><span style=\"font-family: Georgia,serif\"><span style=\"font-size: medium\"><b>valor da bolsa de auxilio<\/b><\/span><\/span><\/span><span style=\"color: #000000\"><span style=\"font-family: Georgia,serif\"><span style=\"font-size: medium\">\u00a0n\u00e3o poder\u00e1 ser menor que o valor vigente para as bolsas de auxilio da universidade (atualmente\u00a0<a href=\"http:\/\/www.prae.ufpr.br\/\" target=\"_blank\" rel=\"noopener\"><span style=\"color: #ff6600\">R$400,00<\/span><\/a>\u00a0em Jul. de 2017).<\/span><\/span><\/span><\/li>\n<\/ul>\n","protected":false},"excerpt":{"rendered":"<p>Abaixo encontram-se compiladas as respostas para as principais d\u00favidas referentes ao est\u00e1gio n\u00e3o-obrigat\u00f3rio. As normas aprovadas no colegiado de IBM, encontram-se online,Aqui. Junto ao\u00a0contrato de est\u00e1gio\u00a0\/\u00a0relat\u00f3rio parcial ou final\u00a0\/\u00a0termos aditivos, o aluno dever\u00e1 anexar\u00a0uma c\u00f3pia\u00a0atualizada (menos de 30 dias) de seu\u00a0Hist\u00f3rico Escolar com IRA. Esse hist\u00f3rico deve ser\u00a0impresso diretamente do portal do aluno\u00a0(sem necessidade da&hellip;<\/p>\n","protected":false},"author":7,"featured_media":0,"parent":0,"menu_order":0,"comment_status":"closed","ping_status":"closed","template":"","meta":{"footnotes":""},"class_list":["post-109","page","type-page","status-publish","hentry"],"_links":{"self":[{"href":"https:\/\/web.inf.ufpr.br\/infobiomedica\/wp-json\/wp\/v2\/pages\/109","targetHints":{"allow":["GET"]}}],"collection":[{"href":"https:\/\/web.inf.ufpr.br\/infobiomedica\/wp-json\/wp\/v2\/pages"}],"about":[{"href":"https:\/\/web.inf.ufpr.br\/infobiomedica\/wp-json\/wp\/v2\/types\/page"}],"author":[{"embeddable":true,"href":"https:\/\/web.inf.ufpr.br\/infobiomedica\/wp-json\/wp\/v2\/users\/7"}],"replies":[{"embeddable":true,"href":"https:\/\/web.inf.ufpr.br\/infobiomedica\/wp-json\/wp\/v2\/comments?post=109"}],"version-history":[{"count":4,"href":"https:\/\/web.inf.ufpr.br\/infobiomedica\/wp-json\/wp\/v2\/pages\/109\/revisions"}],"predecessor-version":[{"id":260,"href":"https:\/\/web.inf.ufpr.br\/infobiomedica\/wp-json\/wp\/v2\/pages\/109\/revisions\/260"}],"wp:attachment":[{"href":"https:\/\/web.inf.ufpr.br\/infobiomedica\/wp-json\/wp\/v2\/media?parent=109"}],"curies":[{"name":"wp","href":"https:\/\/api.w.org\/{rel}","templated":true}]}}