{"id":103,"date":"2017-08-30T18:33:41","date_gmt":"2017-08-30T21:33:41","guid":{"rendered":"http:\/\/web.inf.ufpr.br\/infobiomedica\/?page_id=103"},"modified":"2023-03-02T18:55:09","modified_gmt":"2023-03-02T21:55:09","slug":"formularios-e-normas","status":"publish","type":"page","link":"https:\/\/web.inf.ufpr.br\/infobiomedica\/formularios-e-normas\/","title":{"rendered":"Regras de Est\u00e1gio"},"content":{"rendered":"<p align=\"justify\"><span style=\"color: #000000\"><span style=\"font-family: Georgia, serif\"><span style=\"font-size: medium\">Est\u00e1gio \u00e9 uma atividade desenvolvida por um estudante em uma empresa ou outra institui\u00e7\u00e3o, na \u00e1rea do curso, visando proporcionar ao(\u00e0) estudante a oportunidade de <\/span><\/span><\/span><span style=\"color: #000000\"><span style=\"font-family: Georgia, serif\"><span style=\"font-size: medium\"><strong>colocar em pr\u00e1tica os conhecimentos adquiridos no curso<\/strong><\/span><\/span><\/span><span style=\"color: #000000\"><span style=\"font-family: Georgia, serif\"><span style=\"font-size: medium\">. Um est\u00e1gio pode ter at\u00e9 6 horas di\u00e1rias, at\u00e9 30 horas semanais e at\u00e9 24 meses na mesma empresa.<\/span><\/span><\/span><\/p>\n<p><span style=\"color: #000000\"><span style=\"font-family: Georgia, serif\"><span style=\"font-size: medium\">\u00a0Todo est\u00e1gio deve ser <\/span><\/span><\/span><span style=\"color: #000000\"><span style=\"font-family: Georgia, serif\"><span style=\"font-size: medium\"><strong>previamente autorizado <\/strong><\/span><\/span><\/span><span style=\"color: #000000\"><span style=\"font-family: Georgia, serif\"><span style=\"font-size: medium\">pelo curso e pela universidade. Sem essa autoriza\u00e7\u00e3o pr\u00e9via, seu est\u00e1gio n\u00e3o existe oficialmente e seu trabalho nele \u00e9 <\/span><\/span><\/span><span style=\"color: #000000\"><span style=\"font-family: Georgia, serif\"><span style=\"font-size: medium\"><strong>ilegal<\/strong><\/span><\/span><\/span><span style=\"color: #000000\"><span style=\"font-family: Georgia, serif\"><span style=\"font-size: medium\">.<\/span><\/span><\/span><\/p>\n<p><span style=\"color: #000000\"><span style=\"font-family: Georgia,serif\"><span style=\"font-size: medium\">No <span style=\"font-family: Georgia, serif\">curso de IBM os est\u00e1gios s\u00e3o regulados pela<span style=\"color: #339966\"> <a style=\"color: #339966\" href=\"http:\/\/www.planalto.gov.br\/ccivil_03\/_ato2007-2010\/2008\/lei\/l11788.htm\">Lei Federal 11.788\/2008<\/a><\/span>;<span style=\"color: #339966\">\u00a0<\/span><\/span><\/span><\/span><\/span><span style=\"color: #339966\"><span style=\"font-family: Georgia, serif\"><span style=\"font-size: medium\"><a style=\"color: #339966\" href=\"http:\/\/www.prograd.ufpr.br\/portal\/coafe\/wp-content\/uploads\/sites\/15\/2019\/08\/Manual-de-Est%C3%A1gios-Vers%C3%A3o-Final.pdf\">Manual de est\u00e1gios da COAFE\/UFPR. <\/a><\/span><\/span><\/span><span style=\"color: #000000\"><span style=\"font-family: Georgia,serif\"><span style=\"font-size: medium\"><span style=\"font-family: Georgia, serif\">e as <span style=\"color: #339966\"><a style=\"color: #339966\" href=\"http:\/\/web.inf.ufpr.br\/infobiomedica\/wp-content\/uploads\/sites\/3\/2023\/03\/NormasCOE_20172-1.pdf\">Normas<\/a> <\/span><\/span>definidas pelo colegiado, da qual disp\u00f5e principalmente que:\u00a0<\/span><\/span><\/span><\/p>\n<ul>\n<li><span style=\"color: #000000\"><span style=\"font-family: Georgia,serif\"><span style=\"font-size: medium\"><strong>Estudantes que n\u00e3o passaram da barreira n\u00e3o possuem autoriza\u00e7\u00e3o para estagiar.<\/strong> No entanto, o(a) estudante tem direito \u00e0 requisitar autoriza\u00e7\u00e3o mediante solicita\u00e7\u00e3o fundamentada \u00e0 COE; posteriormente, em caso de recusa, pode endere\u00e7ar ao colegiado do Curso, na qual deve abordar sobre os motivos que julgue pertinente \u00e0 concess\u00e3o de autoriza\u00e7\u00e3o para estagiar, excepcionando \u00e0 regra da barreira.<\/span><\/span><\/span><\/li>\n<li><span style=\"color: #000000\"><span style=\"font-family: Georgia,serif\"><span style=\"font-size: medium\"><strong>Ap\u00f3s superar as disciplinas da barreira<\/strong>, o(a) estudante deve ter sido aprovado(a) <strong>no m\u00ednimo em 50% das disciplinas cursados no semestre anterior.<\/strong><\/span><\/span><\/span><\/li>\n<\/ul>\n<p><span style=\"color: #000000\"><span style=\"font-family: Georgia, serif\"><span style=\"font-size: medium\">Formul\u00e1rios\u00a0<\/span><\/span><\/span><span style=\"color: #000000\">\u2192<\/span><span style=\"color: #339966\"><span style=\"font-family: Georgia, serif\"><span style=\"font-size: medium\"><a style=\"color: #339966\" href=\"http:\/\/www.prograd.ufpr.br\/portal\/coafe\/ue\">P\u00e1gina da COAFE\/PROGRAD<\/a> <\/span><\/span><\/span><\/p>\n<p align=\"justify\"><span style=\"color: #000000\"><span style=\"font-family: Georgia, serif\"><span style=\"font-size: medium\">A p\u00e1gina da COAFE \u2013 Unidade de Est\u00e1gio \u2013 disp\u00f5e de formul\u00e1rios \u00fateis para a contrata\u00e7\u00e3o, regulariza\u00e7\u00e3o e encerramento dos est\u00e1gio na UFPR. Ressaltamos que outras empresas integradoras (ex. CIEE, CETEFE, NUBE, IEL) possuem seus pr\u00f3prios modelos de formul\u00e1rios. Todos s\u00e3o aceitos para fins de est\u00e1gio.\u00a0<\/span><\/span><\/span><\/p>\n<p align=\"justify\"><span style=\"font-family: 'Open Sans', serif;color: #000000\"><span style=\"font-size: medium\"><span style=\"font-family: Georgia, serif\">Um est\u00e1gio compreende diversas entidades:<\/span><\/span><\/span><\/p>\n<ul type=\"square\">\n<li><span style=\"color: #000000\"><span style=\"font-family: Georgia, serif\"><span style=\"font-size: medium\"><strong>Estagi\u00e1rio(a): <\/strong>estudante regularmente matriculado no curso<strong>.<\/strong><\/span><\/span><\/span><\/li>\n<li><span style=\"color: #000000\"><span style=\"font-family: Georgia, serif\"><span style=\"font-size: medium\"><strong>Empresa: <\/strong>local onde ser\u00e1 feito o est\u00e1gio.<\/span><\/span><\/span><\/li>\n<li><span style=\"color: #000000\"><span style=\"font-family: Georgia, serif\"><span style=\"font-size: medium\"><strong>Supervisor(a): <\/strong>profissional da empresa que ir\u00e1 acompanhar o est\u00e1gio (deve ser da \u00e1rea).<\/span><\/span><\/span><\/li>\n<li><span style=\"color: #000000\"><span style=\"font-family: Georgia, serif\"><span style=\"font-size: medium\"><strong>Orientador(a): <\/strong>professor(a) do curso, escolhido pelo(a) estudante, que ir\u00e1 acompanhar o est\u00e1gio.<\/span><\/span><\/span><\/li>\n<li><span style=\"color: #000000\"><span style=\"font-family: Georgia, serif\"><span style=\"font-size: medium\"><strong>Coordenador(a): <\/strong>avalia\/autoriza\/nega pedidos de est\u00e1gio<strong>.<\/strong><\/span><\/span><\/span><\/li>\n<li><span style=\"color: #000000\"><span style=\"font-family: Georgia, serif\"><span style=\"font-size: medium\"><strong>COE: <\/strong>comiss\u00e3o local do curso que avalia\/autoriza\/nega pedidos de est\u00e1gio.<\/span><\/span><\/span><\/li>\n<li><span style=\"color: #000000\"><span style=\"font-family: Georgia, serif\"><span style=\"font-size: medium\"><strong>COAFE: <\/strong>coordena\u00e7\u00e3o geral da UFPR que avalia\/autoriza\/nega pedidos de est\u00e1gio.<\/span><\/span><\/span><\/li>\n<li><span style=\"color: #000000\"><span style=\"font-family: Georgia, serif\"><span style=\"font-size: medium\"><strong>Secretaria: <\/strong>realiza os tr\u00e2mites administrativos do est\u00e1gio na UFPR.<\/span><\/span><\/span><\/li>\n<\/ul>\n<p><span style=\"color: #000000\"><span style=\"font-family: Georgia, serif\"><span style=\"font-size: medium\">\u00c9 sempre indicado verificar quem \u00e9 o respons\u00e1vel para determinada atribui\u00e7\u00e3o no processo de est\u00e1gio.<\/span><\/span><\/span><\/p>\n<p><strong><span style=\"color: #339966\">COE &#8211; Comiss\u00e3o Orientadora de Est\u00e1gios<\/span><\/strong><\/p>\n<p><span style=\"color: #000000\"><span style=\"font-family: Georgia,serif\"><span style=\"font-size: medium\">Atualmente a Comiss\u00e3o Orientadora de Est\u00e1gios (COE) \u00e9 formada pelos seguintes membros:<\/span><\/span><\/span><\/p>\n<ul>\n<li><span style=\"color: #339966\">Prof. David Menotti<\/span><\/li>\n<li><span style=\"color: #339966\">Prof. Eduardo Jaques Spinosa<\/span><\/li>\n<li><span style=\"color: #339966\">Prof. Eduardo Todt<\/span><\/li>\n<li><span style=\"color: #339966\">Prof. Lucas Ferrari Oliveira<\/span><\/li>\n<li><span style=\"color: #339966\">Prof. Marco Antonio Zanata Alves<\/span><\/li>\n<\/ul>\n<p><span style=\"color: #000000\"><span style=\"font-family: Georgia,serif\"><span style=\"font-size: medium\">Lembre-se, assinatura de documentos pela COE acontecer\u00e1 ap\u00f3s a <\/span><\/span><\/span><strong><span style=\"color: #000000\"><span style=\"font-family: Georgia,serif\"><span style=\"font-size: medium\">entrega dos documentos por e-mail (ibm@inf.ufpr.br) para secretaria do curso<\/span><\/span><\/span><\/strong><span style=\"color: #000000\"><span style=\"font-family: Georgia,serif\"><span style=\"font-size: medium\">, seguindo o prazo m\u00e9dio de 72 horas para algum dos membros assinar.<\/span><\/span><\/span><\/p>\n","protected":false},"excerpt":{"rendered":"<p>Est\u00e1gio \u00e9 uma atividade desenvolvida por um estudante em uma empresa ou outra institui\u00e7\u00e3o, na \u00e1rea do curso, visando proporcionar ao(\u00e0) estudante a oportunidade de colocar em pr\u00e1tica os conhecimentos adquiridos no curso. Um est\u00e1gio pode ter at\u00e9 6 horas di\u00e1rias, at\u00e9 30 horas semanais e at\u00e9 24 meses na mesma empresa. \u00a0Todo est\u00e1gio deve&hellip;<\/p>\n","protected":false},"author":7,"featured_media":0,"parent":0,"menu_order":0,"comment_status":"closed","ping_status":"closed","template":"","meta":{"footnotes":""},"class_list":["post-103","page","type-page","status-publish","hentry"],"_links":{"self":[{"href":"https:\/\/web.inf.ufpr.br\/infobiomedica\/wp-json\/wp\/v2\/pages\/103","targetHints":{"allow":["GET"]}}],"collection":[{"href":"https:\/\/web.inf.ufpr.br\/infobiomedica\/wp-json\/wp\/v2\/pages"}],"about":[{"href":"https:\/\/web.inf.ufpr.br\/infobiomedica\/wp-json\/wp\/v2\/types\/page"}],"author":[{"embeddable":true,"href":"https:\/\/web.inf.ufpr.br\/infobiomedica\/wp-json\/wp\/v2\/users\/7"}],"replies":[{"embeddable":true,"href":"https:\/\/web.inf.ufpr.br\/infobiomedica\/wp-json\/wp\/v2\/comments?post=103"}],"version-history":[{"count":11,"href":"https:\/\/web.inf.ufpr.br\/infobiomedica\/wp-json\/wp\/v2\/pages\/103\/revisions"}],"predecessor-version":[{"id":540,"href":"https:\/\/web.inf.ufpr.br\/infobiomedica\/wp-json\/wp\/v2\/pages\/103\/revisions\/540"}],"wp:attachment":[{"href":"https:\/\/web.inf.ufpr.br\/infobiomedica\/wp-json\/wp\/v2\/media?parent=103"}],"curies":[{"name":"wp","href":"https:\/\/api.w.org\/{rel}","templated":true}]}}